{"id":1466,"date":"2023-08-28T15:00:41","date_gmt":"2023-08-28T15:00:41","guid":{"rendered":"https:\/\/www.metalschemicalsgroup.com\/?page_id=1466"},"modified":"2025-02-13T14:18:02","modified_gmt":"2025-02-13T13:18:02","slug":"bleipaste","status":"publish","type":"page","link":"https:\/\/www.metalschemicalsgroup.com\/de\/products\/lead-paste\/","title":{"rendered":"Bleipaste"},"content":{"rendered":"<div id='av_section_1'  class='avia-section av-24gl5-d24183ed9fcfbb921d9547743fdb076d main_color avia-section-large avia-no-border-styling  avia-builder-el-0  el_before_av_section  avia-builder-el-first  avia-bg-style-scroll container_wrap fullsize'  ><div class='container av-section-cont-open' ><main  role=\"main\" itemprop=\"mainContentOfPage\"  class='template-page content  av-content-full alpha units'><div class='post-entry post-entry-type-page post-entry-1466'><div class='entry-content-wrapper clearfix'>\n\n<style type=\"text\/css\" data-created_by=\"avia_inline_auto\" id=\"style-css-av-kysp3mf8-f64afa02dc884ea4df276acc389d6cde\">\n.flex_column.av-kysp3mf8-f64afa02dc884ea4df276acc389d6cde{\npadding:0 80px 0 0;\n}\n<\/style>\n<div  id=\"content-blok\"  class='flex_column av-kysp3mf8-f64afa02dc884ea4df276acc389d6cde av_two_third  avia-builder-el-1  el_before_av_one_third  avia-builder-el-first  first no_margin flex_column_div'     ><p>\n<style type=\"text\/css\" data-created_by=\"avia_inline_auto\" id=\"style-css-av-4oi61-6e3abf6569cedd4f790b2a57a1c5f3f4\">\n#top .av-special-heading.av-4oi61-6e3abf6569cedd4f790b2a57a1c5f3f4{\npadding-bottom:10px;\n}\nbody .av-special-heading.av-4oi61-6e3abf6569cedd4f790b2a57a1c5f3f4 .av-special-heading-tag .heading-char{\nfont-size:25px;\n}\n.av-special-heading.av-4oi61-6e3abf6569cedd4f790b2a57a1c5f3f4 .av-subheading{\nfont-size:15px;\n}\n<\/style>\n<div  class='av-special-heading av-4oi61-6e3abf6569cedd4f790b2a57a1c5f3f4 av-special-heading-h2 blockquote modern-quote  avia-builder-el-2  el_before_av_textblock  avia-builder-el-first'><div class='av-subheading av-subheading_above'><p>Gro\u00dfartig in<\/p>\n<\/div><h2 class='av-special-heading-tag'  itemprop=\"headline\"  >Bleipaste<\/h2><div class=\"special-heading-border\"><div class=\"special-heading-inner-border\"><\/div><\/div><\/div><br \/>\n<section  class='av_textblock_section av-3o5oh-36c37cee78ade81d116541e986e7f524'   itemscope=\"itemscope\" itemtype=\"https:\/\/schema.org\/CreativeWork\" ><div class='avia_textblock'  itemprop=\"text\" ><h3>MCM: Ihr nachhaltiger Partner im Bleirecycling<\/h3>\n<p>MCM ist seit 1993 f\u00fchrend in den Bereichen Recycling, Handel und Verarbeitung von Zink- und Bleir\u00fcckst\u00e4nden. Unser Engagement f\u00fcr Nachhaltigkeit begann mit der klaren Vision, einen positiven Beitrag zur Umwelt zu leisten, und seither arbeiten wir aktiv an diesem Ziel, indem wir recyceln und anbieten <a href=\"https:\/\/www.metalschemicalsgroup.com\/de\/produkte\/blei\/\">Bleir\u00fcckst\u00e4nde<\/a> f\u00fcr unsere Kunden.<\/p>\n<p>Wir sind auf den Umgang mit verschiedenen Bleir\u00fcckst\u00e4nden, insbesondere Bleipaste, spezialisiert. Bleipaste ist eine wichtige, aber oft \u00fcbersehene Komponente in modernen Industrien, in denen Innovation der Schl\u00fcssel ist. Von der Energiespeicherung bis zur Elektronikherstellung spielt Bleipaste eine wesentliche Rolle bei der Nutzung von Energie und Technologie. Dank unserer langj\u00e4hrigen Erfahrung haben wir ein weltweites Netz von Lieferanten und Kunden aufgebaut und handeln und\/oder behandeln j\u00e4hrlich mehr als 100.000 Tonnen Zink- und Bleir\u00fcckst\u00e4nde.<\/p>\n<h3>Was ist Bleipaste?<\/h3>\n<p>Bleipaste ist ein Sekund\u00e4rprodukt, das beim Recycling von Blei-S\u00e4ure-Batterien anf\u00e4llt. Diese Batterien werden h\u00e4ufig in Autos mit konventionellem Kraftstoff und in Elektrofahrzeugen (EVs) verwendet und spielen eine wichtige Rolle in der heutigen Automobillandschaft. Dieses Nebenprodukt wird wegen seines Bleigehalts extrahiert und besteht haupts\u00e4chlich aus Bleioxid, Bleisulfat, Schwefels\u00e4ure und verschiedenen Zusatzstoffen, was es zu einem idealen Material f\u00fcr verschiedene Anwendungen macht. Aufgrund seiner Eigenschaften eignet es sich f\u00fcr eine breite Palette von Anwendungen, insbesondere f\u00fcr die Herstellung von Blei-S\u00e4ure-Batterien. Eines der wichtigsten Merkmale sind seine elektrochemischen Eigenschaften, die es zu einem wesentlichen Bestandteil von Blei-S\u00e4ure-Batterien machen. Es erleichtert die Umwandlung von chemischer Energie in elektrische Energie und erm\u00f6glicht so die Speicherung und anschlie\u00dfende Abgabe von Energie. Dies macht Bleipaste zu einem wichtigen Bestandteil im Bereich der Energiespeicherung.<\/p>\n<h3>R\u00fcckgewinnung und Recycling von Bleipasten<\/h3>\n<p>Wir bei MCM wissen, wie wichtig die R\u00fcckgewinnung dieser R\u00fcckst\u00e4nde ist, um den Bedarf an abgebautem Blei zu verringern. Wir recyceln Bleipaste, damit andere Unternehmen der Branche Blei durch das pyrometallurgische Recyclingverfahren zur\u00fcckgewinnen k\u00f6nnen. Bei diesem Verfahren wird die Bleipaste hohen Temperaturen ausgesetzt, um das Blei aufgrund seines niedrigeren Schmelzpunkts von anderen Komponenten zu trennen. Dieses Verfahren erm\u00f6glicht es uns, wertvolle Materialien zur\u00fcckzugewinnen und ihre Lebensdauer in verschiedenen Anwendungen zu verl\u00e4ngern.<\/p>\n<p>Bleipaste ist aufgrund ihres Bleigehalts hochgiftig und wird als gef\u00e4hrlicher Stoff eingestuft. Wenn Sie beabsichtigen, gef\u00e4hrliche Abf\u00e4lle in einen EU-Mitgliedstaat zu exportieren oder zu importieren, m\u00fcssen Sie die Europ\u00e4ische Abfallverbringungsverordnung (EWSR, oder EVOA auf Niederl\u00e4ndisch) befolgen. Diese Verordnung erfordert einen Vertrag mit dem Empf\u00e4nger der Abf\u00e4lle und die Genehmigung der Transitl\u00e4nder, bevor der Transport erfolgen kann. Wir bei MCM sind bestens ger\u00fcstet, um den Transport gef\u00e4hrlicher Abf\u00e4lle unter Einhaltung aller geltenden Gesetze und Vorschriften durchzuf\u00fchren.<\/p>\n<p>Wir unterst\u00fctzen unsere Gesch\u00e4ftspartner bei der Einhaltung der Recyclingvorschriften. Dank unserer guten Kontakte zu den Beh\u00f6rden k\u00f6nnen wir sie bei den Melde- und Notifizierungsverfahren unterst\u00fctzen. Bei Bedarf bieten wir die notwendige Unterst\u00fctzung, um einen reibungslosen Betrieb zu gew\u00e4hrleisten.<\/p>\n<h3>Ein Beitrag zu einer gr\u00fcneren Zukunft<\/h3>\n<p>Bei MCM, <a href=\"https:\/\/www.metalschemicalsgroup.com\/de\/uber-uns\/missionsvision\/\">unsere Vision<\/a> geht \u00fcber den gesch\u00e4ftlichen Erfolg hinaus. Wir wissen, wie wichtig es ist, den Planeten zu sch\u00fctzen und die Umweltauswirkungen der Industrie zu verringern. Durch das Recycling von Bleir\u00fcckst\u00e4nden, einschlie\u00dflich Bleipaste, tragen wir zu einer nachhaltigeren Zukunft bei. Unser Ziel ist es, eine Welt zu schaffen, in der verantwortungsvolles Recycling eine zentrale Rolle bei der Schonung von Ressourcen und dem Schutz der Umwelt spielt.<\/p>\n<\/div><\/section><br \/>\n\n<style type=\"text\/css\" data-created_by=\"avia_inline_auto\" id=\"style-css-av-35za5-fa134435a2156a768af248b6b273b12f\">\n#top .hr.hr-invisible.av-35za5-fa134435a2156a768af248b6b273b12f{\nheight:30px;\n}\n<\/style>\n<div  class='hr av-35za5-fa134435a2156a768af248b6b273b12f hr-invisible  avia-builder-el-4  el_after_av_textblock  avia-builder-el-last'><span class='hr-inner'><span class=\"hr-inner-style\"><\/span><\/span><\/div><\/p><\/div><div  class='flex_column av-yjel-e6681b510749e9931205b252c54b5626 av_one_third  avia-builder-el-5  el_after_av_two_third  avia-builder-el-last  no_margin flex_column_div'     ><div  class='avia-builder-widget-area clearfix  avia-builder-el-6  avia-builder-el-no-sibling'><section id=\"text-6\" class=\"widget clearfix widget_text\"><h3 class=\"widgettitle\">Kontakt<\/h3>\t\t\t<div class=\"textwidget\"><a class=\"mail\" href=\"mailto:info@metalschemicalsgroup.com\">info@metalschemicalsgroup.com<\/a>\r\n<a class=\"tel\" href=\"tel:+31(0)43 362 6500\">+31(0)43 362 6500<\/a><\/div>\n\t\t<span class=\"seperator extralight-border\"><\/span><\/section><\/div><\/div><\/div><\/div><\/main><!-- close content main element --><\/div><\/div>\n<style type=\"text\/css\" data-created_by=\"avia_inline_auto\" id=\"style-css-av-5ge3p-b376b9efa53a205ceaf71312e277bd9c\">\n.avia-section.av-5ge3p-b376b9efa53a205ceaf71312e277bd9c{\nmargin-top:-160px;\nmargin-bottom:0px;\n}\n<\/style>\n<div id='av_section_2'  class='avia-section av-5ge3p-b376b9efa53a205ceaf71312e277bd9c alternate_color avia-section-large avia-no-border-styling  avia-builder-el-7  el_after_av_section  avia-builder-el-last  avia-bg-style-scroll container_wrap fullsize'  ><div class='container av-section-cont-open' ><div class='template-page content  av-content-full alpha units'><div class='post-entry post-entry-type-page post-entry-1466'><div class='entry-content-wrapper clearfix'>\n\n<style type=\"text\/css\" data-created_by=\"avia_inline_auto\" id=\"style-css-av-1vxx-f3ebf9433468321563a377b7ac1234be\">\n#top .hr.hr-invisible.av-1vxx-f3ebf9433468321563a377b7ac1234be{\nheight:50px;\n}\n<\/style>\n<div  class='hr av-1vxx-f3ebf9433468321563a377b7ac1234be hr-invisible  avia-builder-el-8  el_before_av_textblock  avia-builder-el-first'><span class='hr-inner'><span class=\"hr-inner-style\"><\/span><\/span><\/div>\n<section  class='av_textblock_section av-4de61-d2dd1f1388e70c12d89b0a4a22ffae15'   itemscope=\"itemscope\" itemtype=\"https:\/\/schema.org\/CreativeWork\" ><div class='avia_textblock'  itemprop=\"text\" ><h2>Unsere Produkte<\/h2>\n<\/div><\/section>\n<div class='flex_column_table av-3uacx-7d94fd024b7a8aeaa9fb8570e6a93e06 sc-av_one_third av-equal-height-column-flextable'>\n<style type=\"text\/css\" data-created_by=\"avia_inline_auto\" id=\"style-css-av-3uacx-7d94fd024b7a8aeaa9fb8570e6a93e06\">\n.flex_column.av-3uacx-7d94fd024b7a8aeaa9fb8570e6a93e06{\nwidth:33%;\nmargin-left:0;\nborder-radius:0px 0px 0px 0px;\npadding:240px 40px 60px 40px;\nbackground:url(https:\/\/www.metalschemicalsgroup.com\/wp-content\/uploads\/2022\/02\/2015.148181-scaled.jpg) 50% 50% no-repeat scroll ;\n}\n#top .flex_column_table.av-equal-height-column-flextable.av-3uacx-7d94fd024b7a8aeaa9fb8570e6a93e06 .av-flex-placeholder{\nwidth:0.5%;\n}\n<\/style>\n<div  class='flex_column av-3uacx-7d94fd024b7a8aeaa9fb8570e6a93e06 av_one_third  avia-builder-el-10  el_after_av_textblock  el_before_av_one_third  first flex_column_table_cell av-equal-height-column av-align-top avia-full-stretch avia-link-column av-column-link avia-link-column-hover  column-top-margin'    data-link-column-url=\"https:\/\/www.metalschemicalsgroup.com\/de\/products\/zinc\/\"   ><a class=\"av-screen-reader-only\" href=\"https:\/\/www.metalschemicalsgroup.com\/de\/products\/zinc\/\" >Link zu: Zink-R\u00fcckst\u00e4nde<\/a><style type=\"text\/css\" data-created_by=\"avia_inline_auto\" id=\"style-css-av-cec5-b82bbc141197b311d2131146bf74b427\">\n#top .av_textblock_section.av-cec5-b82bbc141197b311d2131146bf74b427 .avia_textblock{\ncolor:#ffffff;\n}\n<\/style>\n<section  class='av_textblock_section av-cec5-b82bbc141197b311d2131146bf74b427'   itemscope=\"itemscope\" itemtype=\"https:\/\/schema.org\/CreativeWork\" ><div class='avia_textblock categorie-blokken av_inherit_color'  itemprop=\"text\" ><h2>Zink-R\u00fcckst\u00e4nde<\/h2>\n<\/div><\/section><\/div><div class='av-flex-placeholder'><\/div>\n<style type=\"text\/css\" data-created_by=\"avia_inline_auto\" id=\"style-css-av-2wtt1-d2db53cc1fea5fed2d77d80e75ff9ce5\">\n.flex_column.av-2wtt1-d2db53cc1fea5fed2d77d80e75ff9ce5{\nwidth:33%;\nmargin-left:0;\nborder-radius:0px 0px 0px 0px;\npadding:240px 40px 60px 40px;\nbackground:url(https:\/\/www.metalschemicalsgroup.com\/wp-content\/uploads\/2022\/02\/Furnace-scaled.jpg) 50% 50% no-repeat scroll ;\n}\n#top .flex_column_table.av-equal-height-column-flextable.av-2wtt1-d2db53cc1fea5fed2d77d80e75ff9ce5 .av-flex-placeholder{\nwidth:0.5%;\n}\n<\/style>\n<div  class='flex_column av-2wtt1-d2db53cc1fea5fed2d77d80e75ff9ce5 av_one_third  avia-builder-el-12  el_after_av_one_third  el_before_av_one_third  flex_column_table_cell av-equal-height-column av-align-top avia-full-stretch avia-link-column av-column-link avia-link-column-hover  column-top-margin'    data-link-column-url=\"https:\/\/www.metalschemicalsgroup.com\/de\/products\/lead-residues\/\"   ><a class=\"av-screen-reader-only\" href=\"https:\/\/www.metalschemicalsgroup.com\/de\/products\/lead-residues\/\" >Link zu: Blei-R\u00fcckst\u00e4nde<\/a><style type=\"text\/css\" data-created_by=\"avia_inline_auto\" id=\"style-css-av-1vo2p-febcfdcd7ffde1e568c4368b9c58721d\">\n#top .av_textblock_section.av-1vo2p-febcfdcd7ffde1e568c4368b9c58721d .avia_textblock{\ncolor:#ffffff;\n}\n<\/style>\n<section  class='av_textblock_section av-1vo2p-febcfdcd7ffde1e568c4368b9c58721d'   itemscope=\"itemscope\" itemtype=\"https:\/\/schema.org\/CreativeWork\" ><div class='avia_textblock categorie-blokken av_inherit_color'  itemprop=\"text\" ><h2>Blei-R\u00fcckst\u00e4nde<\/h2>\n<\/div><\/section><\/div><div class='av-flex-placeholder'><\/div>\n<style type=\"text\/css\" data-created_by=\"avia_inline_auto\" id=\"style-css-av-1lgy1-176ba9393538f9fe5bd23aaf2c1f5981\">\n.flex_column.av-1lgy1-176ba9393538f9fe5bd23aaf2c1f5981{\nwidth:33%;\nmargin-left:0;\nborder-radius:0px 0px 0px 0px;\npadding:240px 40px 60px 40px;\nbackground:url(https:\/\/www.metalschemicalsgroup.com\/wp-content\/uploads\/2022\/12\/Gold-ingot-scaled.jpg) 50% 50% no-repeat scroll ;\n}\n#top .flex_column_table.av-equal-height-column-flextable.av-1lgy1-176ba9393538f9fe5bd23aaf2c1f5981 .av-flex-placeholder{\nwidth:0.5%;\n}\n<\/style>\n<div  class='flex_column av-1lgy1-176ba9393538f9fe5bd23aaf2c1f5981 av_one_third  avia-builder-el-14  el_after_av_one_third  avia-builder-el-last  categorie-blokken flex_column_table_cell av-equal-height-column av-align-top avia-full-stretch avia-link-column av-column-link avia-link-column-hover  column-top-margin'    data-link-column-url=\"https:\/\/www.metalschemicalsgroup.com\/de\/products\/mining-chemicals\/\"   ><a class=\"av-screen-reader-only\" href=\"https:\/\/www.metalschemicalsgroup.com\/de\/products\/mining-chemicals\/\" >Link zu: Bergbau-Chemikalien<\/a><style type=\"text\/css\" data-created_by=\"avia_inline_auto\" id=\"style-css-av-ymyd-395e60348be8ab78ac0e10ea53774cf7\">\n#top .av_textblock_section.av-ymyd-395e60348be8ab78ac0e10ea53774cf7 .avia_textblock{\ncolor:#ffffff;\n}\n<\/style>\n<section  class='av_textblock_section av-ymyd-395e60348be8ab78ac0e10ea53774cf7'   itemscope=\"itemscope\" itemtype=\"https:\/\/schema.org\/CreativeWork\" ><div class='avia_textblock av_inherit_color'  itemprop=\"text\" ><h2>Chemikalien f\u00fcr den Bergbau<\/h2>\n<\/div><\/section><\/div><\/div><!--close column table wrapper. Autoclose: 1 -->\n<\/p>","protected":false},"excerpt":{"rendered":"","protected":false},"author":1,"featured_media":0,"parent":51,"menu_order":0,"comment_status":"closed","ping_status":"closed","template":"","meta":{"_monsterinsights_skip_tracking":false,"_monsterinsights_sitenote_active":false,"_monsterinsights_sitenote_note":"","_monsterinsights_sitenote_category":0,"footnotes":""},"class_list":["post-1466","page","type-page","status-publish","hentry"],"yoast_head":"<!-- This site is optimized with the Yoast SEO plugin v27.2 - https:\/\/yoast.com\/product\/yoast-seo-wordpress\/ -->\n<title>Lead Paste - Metals Chemicals Maastricht<\/title>\n<meta name=\"description\" content=\"MCM specializes in sustainable lead paste recycling, reducing environmental impact and contributing to a greener future.\" \/>\n<meta name=\"robots\" content=\"index, follow, max-snippet:-1, max-image-preview:large, max-video-preview:-1\" \/>\n<link rel=\"canonical\" href=\"https:\/\/www.metalschemicalsgroup.com\/de\/produkte\/bleipaste\/\" \/>\n<meta property=\"og:locale\" content=\"de_DE\" \/>\n<meta property=\"og:type\" content=\"article\" \/>\n<meta property=\"og:title\" content=\"Lead Paste - Metals Chemicals Maastricht\" \/>\n<meta property=\"og:description\" content=\"MCM specializes in sustainable lead paste recycling, reducing environmental impact and contributing to a greener future.\" \/>\n<meta property=\"og:url\" content=\"https:\/\/www.metalschemicalsgroup.com\/de\/produkte\/bleipaste\/\" \/>\n<meta property=\"og:site_name\" content=\"Metals Chemicals Maastricht\" \/>\n<meta property=\"article:modified_time\" content=\"2025-02-13T13:18:02+00:00\" \/>\n<meta name=\"twitter:card\" content=\"summary_large_image\" \/>\n<meta name=\"twitter:label1\" content=\"Gesch\u00e4tzte Lesezeit\" \/>\n\t<meta name=\"twitter:data1\" content=\"3\u00a0Minuten\" \/>\n<script type=\"application\/ld+json\" class=\"yoast-schema-graph\">{\"@context\":\"https:\/\/schema.org\",\"@graph\":[{\"@type\":\"WebPage\",\"@id\":\"https:\/\/www.metalschemicalsgroup.com\/products\/lead-paste\/\",\"url\":\"https:\/\/www.metalschemicalsgroup.com\/products\/lead-paste\/\",\"name\":\"Lead Paste - Metals Chemicals Maastricht\",\"isPartOf\":{\"@id\":\"https:\/\/www.metalschemicalsgroup.com\/#website\"},\"datePublished\":\"2023-08-28T15:00:41+00:00\",\"dateModified\":\"2025-02-13T13:18:02+00:00\",\"description\":\"MCM specializes in sustainable lead paste recycling, reducing environmental impact and contributing to a greener future.\",\"breadcrumb\":{\"@id\":\"https:\/\/www.metalschemicalsgroup.com\/products\/lead-paste\/#breadcrumb\"},\"inLanguage\":\"de\",\"potentialAction\":[{\"@type\":\"ReadAction\",\"target\":[\"https:\/\/www.metalschemicalsgroup.com\/products\/lead-paste\/\"]}]},{\"@type\":\"BreadcrumbList\",\"@id\":\"https:\/\/www.metalschemicalsgroup.com\/products\/lead-paste\/#breadcrumb\",\"itemListElement\":[{\"@type\":\"ListItem\",\"position\":1,\"name\":\"Home\",\"item\":\"https:\/\/www.metalschemicalsgroup.com\/partner-in-zinc-lead-mining-chemicals\/\"},{\"@type\":\"ListItem\",\"position\":2,\"name\":\"Products\",\"item\":\"https:\/\/www.metalschemicalsgroup.com\/products\/\"},{\"@type\":\"ListItem\",\"position\":3,\"name\":\"Lead Paste\"}]},{\"@type\":\"WebSite\",\"@id\":\"https:\/\/www.metalschemicalsgroup.com\/#website\",\"url\":\"https:\/\/www.metalschemicalsgroup.com\/\",\"name\":\"Metals Chemicals Maastricht\",\"description\":\"Strong in Zinc\",\"potentialAction\":[{\"@type\":\"SearchAction\",\"target\":{\"@type\":\"EntryPoint\",\"urlTemplate\":\"https:\/\/www.metalschemicalsgroup.com\/?s={search_term_string}\"},\"query-input\":{\"@type\":\"PropertyValueSpecification\",\"valueRequired\":true,\"valueName\":\"search_term_string\"}}],\"inLanguage\":\"de\"}]}<\/script>\n<!-- \/ Yoast SEO plugin. -->","yoast_head_json":{"title":"Bleipaste - Metalle Chemikalien Maastricht","description":"MCM hat sich auf das nachhaltige Recycling von Bleipasten spezialisiert, um die Umweltbelastung zu verringern und einen Beitrag zu einer gr\u00fcneren Zukunft zu leisten.","robots":{"index":"index","follow":"follow","max-snippet":"max-snippet:-1","max-image-preview":"max-image-preview:large","max-video-preview":"max-video-preview:-1"},"canonical":"https:\/\/www.metalschemicalsgroup.com\/de\/produkte\/bleipaste\/","og_locale":"de_DE","og_type":"article","og_title":"Lead Paste - Metals Chemicals Maastricht","og_description":"MCM specializes in sustainable lead paste recycling, reducing environmental impact and contributing to a greener future.","og_url":"https:\/\/www.metalschemicalsgroup.com\/de\/produkte\/bleipaste\/","og_site_name":"Metals Chemicals Maastricht","article_modified_time":"2025-02-13T13:18:02+00:00","twitter_card":"summary_large_image","twitter_misc":{"Gesch\u00e4tzte Lesezeit":"3\u00a0Minuten"},"schema":{"@context":"https:\/\/schema.org","@graph":[{"@type":"WebPage","@id":"https:\/\/www.metalschemicalsgroup.com\/products\/lead-paste\/","url":"https:\/\/www.metalschemicalsgroup.com\/products\/lead-paste\/","name":"Bleipaste - Metalle Chemikalien Maastricht","isPartOf":{"@id":"https:\/\/www.metalschemicalsgroup.com\/#website"},"datePublished":"2023-08-28T15:00:41+00:00","dateModified":"2025-02-13T13:18:02+00:00","description":"MCM hat sich auf das nachhaltige Recycling von Bleipasten spezialisiert, um die Umweltbelastung zu verringern und einen Beitrag zu einer gr\u00fcneren Zukunft zu leisten.","breadcrumb":{"@id":"https:\/\/www.metalschemicalsgroup.com\/products\/lead-paste\/#breadcrumb"},"inLanguage":"de","potentialAction":[{"@type":"ReadAction","target":["https:\/\/www.metalschemicalsgroup.com\/products\/lead-paste\/"]}]},{"@type":"BreadcrumbList","@id":"https:\/\/www.metalschemicalsgroup.com\/products\/lead-paste\/#breadcrumb","itemListElement":[{"@type":"ListItem","position":1,"name":"Home","item":"https:\/\/www.metalschemicalsgroup.com\/partner-in-zinc-lead-mining-chemicals\/"},{"@type":"ListItem","position":2,"name":"Products","item":"https:\/\/www.metalschemicalsgroup.com\/products\/"},{"@type":"ListItem","position":3,"name":"Lead Paste"}]},{"@type":"WebSite","@id":"https:\/\/www.metalschemicalsgroup.com\/#website","url":"https:\/\/www.metalschemicalsgroup.com\/","name":"Metals Chemicals Maastricht","description":"Stark in Zink","potentialAction":[{"@type":"SearchAction","target":{"@type":"EntryPoint","urlTemplate":"https:\/\/www.metalschemicalsgroup.com\/?s={search_term_string}"},"query-input":{"@type":"PropertyValueSpecification","valueRequired":true,"valueName":"search_term_string"}}],"inLanguage":"de"}]}},"_links":{"self":[{"href":"https:\/\/www.metalschemicalsgroup.com\/de\/wp-json\/wp\/v2\/pages\/1466","targetHints":{"allow":["GET"]}}],"collection":[{"href":"https:\/\/www.metalschemicalsgroup.com\/de\/wp-json\/wp\/v2\/pages"}],"about":[{"href":"https:\/\/www.metalschemicalsgroup.com\/de\/wp-json\/wp\/v2\/types\/page"}],"author":[{"embeddable":true,"href":"https:\/\/www.metalschemicalsgroup.com\/de\/wp-json\/wp\/v2\/users\/1"}],"replies":[{"embeddable":true,"href":"https:\/\/www.metalschemicalsgroup.com\/de\/wp-json\/wp\/v2\/comments?post=1466"}],"version-history":[{"count":13,"href":"https:\/\/www.metalschemicalsgroup.com\/de\/wp-json\/wp\/v2\/pages\/1466\/revisions"}],"predecessor-version":[{"id":1624,"href":"https:\/\/www.metalschemicalsgroup.com\/de\/wp-json\/wp\/v2\/pages\/1466\/revisions\/1624"}],"up":[{"embeddable":true,"href":"https:\/\/www.metalschemicalsgroup.com\/de\/wp-json\/wp\/v2\/pages\/51"}],"wp:attachment":[{"href":"https:\/\/www.metalschemicalsgroup.com\/de\/wp-json\/wp\/v2\/media?parent=1466"}],"curies":[{"name":"wp","href":"https:\/\/api.w.org\/{rel}","templated":true}]}}