{"id":1474,"date":"2023-08-28T15:10:12","date_gmt":"2023-08-28T15:10:12","guid":{"rendered":"https:\/\/www.metalschemicalsgroup.com\/?page_id=1474"},"modified":"2025-02-13T15:12:29","modified_gmt":"2025-02-13T14:12:29","slug":"zamak","status":"publish","type":"page","link":"https:\/\/www.metalschemicalsgroup.com\/de\/products\/zamak\/","title":{"rendered":"Zamak"},"content":{"rendered":"<style type=\"text\/css\" data-created_by=\"avia_inline_auto\" id=\"style-css-av-kyskoffo-baf9e3923d95a7d2d0cee0ed449d8617\">\n.avia-section.av-kyskoffo-baf9e3923d95a7d2d0cee0ed449d8617{\nbackground-repeat:no-repeat;\nbackground-image:url(https:\/\/www.metalschemicalsgroup.com\/wp-content\/uploads\/2023\/08\/zamak.jpg);\nbackground-position:50% 50%;\nbackground-attachment:scroll;\n}\n.avia-section.av-kyskoffo-baf9e3923d95a7d2d0cee0ed449d8617 .av-section-color-overlay{\nopacity:0.1;\nbackground-color:#000000;\n}\n<\/style>\n<div id='av_section_1'  class='avia-section av-kyskoffo-baf9e3923d95a7d2d0cee0ed449d8617 main_color avia-section-default avia-no-border-styling  avia-builder-el-0  el_before_av_section  avia-builder-el-first  avia-full-stretch avia-bg-style-scroll av-section-color-overlay-active av-minimum-height av-minimum-height-custom av-height-custom  container_wrap fullsize'  data-section-bg-repeat='stretch' data-av_minimum_height_px='580'><div class=\"av-section-color-overlay-wrap\"><div class=\"av-section-color-overlay\"><\/div><div class='container av-section-cont-open' style='height:580px'><main  role=\"main\" itemprop=\"mainContentOfPage\"  class='template-page content  av-content-full alpha units'><div class='post-entry post-entry-type-page post-entry-1474'><div class='entry-content-wrapper clearfix'>\n<div  class='flex_column av-1987d-2676d4e0325681cd7c2502aaf330ff5e av_two_fifth  avia-builder-el-1  el_before_av_one_third  avia-builder-el-first  first flex_column_div'     ><style type=\"text\/css\" data-created_by=\"avia_inline_auto\" id=\"style-css-av-kyskpsqo-542704b3df364376586ddbd1580c6e16\">\n#top .av_textblock_section.av-kyskpsqo-542704b3df364376586ddbd1580c6e16 .avia_textblock{\nfont-size:20px;\ncolor:#ffffff;\n}\n<\/style>\n<section  class='av_textblock_section av-kyskpsqo-542704b3df364376586ddbd1580c6e16'   itemscope=\"itemscope\" itemtype=\"https:\/\/schema.org\/CreativeWork\" ><div class='avia_textblock heading-content-intro av_inherit_color'  itemprop=\"text\" ><h1>Zamak<\/h1>\n<\/div><\/section><\/div><div  class='flex_column av-zsb9-016a8d25fbf13ea0faa4cbceca88048f av_one_third  avia-builder-el-3  el_after_av_two_fifth  avia-builder-el-last  flex_column_div'     ><\/div>\n\n<\/div><\/div><\/main><!-- close content main element --><\/div><\/div><\/div><div id='av_section_2'  class='avia-section av-24gl5-d24183ed9fcfbb921d9547743fdb076d main_color avia-section-large avia-no-border-styling  avia-builder-el-4  el_after_av_section  el_before_av_section  avia-bg-style-scroll container_wrap fullsize'  ><div class='container av-section-cont-open' ><div class='template-page content  av-content-full alpha units'><div class='post-entry post-entry-type-page post-entry-1474'><div class='entry-content-wrapper clearfix'>\n\n<style type=\"text\/css\" data-created_by=\"avia_inline_auto\" id=\"style-css-av-kysp3mf8-f64afa02dc884ea4df276acc389d6cde\">\n.flex_column.av-kysp3mf8-f64afa02dc884ea4df276acc389d6cde{\npadding:0 80px 0 0;\n}\n<\/style>\n<div  id=\"content-blok\"  class='flex_column av-kysp3mf8-f64afa02dc884ea4df276acc389d6cde av_two_third  avia-builder-el-5  el_before_av_one_third  avia-builder-el-first  first no_margin flex_column_div'     ><p>\n<style type=\"text\/css\" data-created_by=\"avia_inline_auto\" id=\"style-css-av-4oi61-83e055c2ddb54b9aa6b9d17682d03dd1\">\n#top .av-special-heading.av-4oi61-83e055c2ddb54b9aa6b9d17682d03dd1{\npadding-bottom:10px;\n}\nbody .av-special-heading.av-4oi61-83e055c2ddb54b9aa6b9d17682d03dd1 .av-special-heading-tag .heading-char{\nfont-size:25px;\n}\n.av-special-heading.av-4oi61-83e055c2ddb54b9aa6b9d17682d03dd1 .av-subheading{\nfont-size:15px;\n}\n<\/style>\n<div  class='av-special-heading av-4oi61-83e055c2ddb54b9aa6b9d17682d03dd1 av-special-heading-h2 blockquote modern-quote  avia-builder-el-6  el_before_av_textblock  avia-builder-el-first'><div class='av-subheading av-subheading_above'><p>Gro\u00dfartig in<\/p>\n<\/div><h2 class='av-special-heading-tag'  itemprop=\"headline\"  >Zamak<\/h2><div class=\"special-heading-border\"><div class=\"special-heading-inner-border\"><\/div><\/div><\/div><br \/>\n<section  class='av_textblock_section av-3o5oh-36c37cee78ade81d116541e986e7f524'   itemscope=\"itemscope\" itemtype=\"https:\/\/schema.org\/CreativeWork\" ><div class='avia_textblock'  itemprop=\"text\" ><h3>Willkommen bei MCM - Ihrem Partner f\u00fcr nachhaltiges Recycling<\/h3>\n<p>MCM ist stolz darauf, Ihr zuverl\u00e4ssiger Partner f\u00fcr das Recycling von Zink und Blei zu sein. Einer unserer wichtigsten Kompetenzbereiche ist das Recycling von Zinklegierungen. Insbesondere sind wir auf den Handel, die Verarbeitung und das Recycling von ZAMAK-Metallabf\u00e4llen spezialisiert, die dann als Rohmaterial f\u00fcr die Zinkindustrie verwendet werden. Unsere Aufgabe ist es, unseren Gesch\u00e4ftspartnern Expertenwissen und ma\u00dfgeschneiderte L\u00f6sungen zu bieten, um eine optimale Verwertung von R\u00fcckst\u00e4nden aus verschiedenen industriellen Prozessen zu gew\u00e4hrleisten. Wir bei MCM glauben, dass Abfall kein Endpunkt ist, sondern der Beginn eines neuen Lebenszyklus.<\/p>\n<h3>Was ist ZAMAK?<\/h3>\n<p>ZAMAK-Legierungen sind eine Familie von Werkstoffen auf Zinkbasis, die weithin f\u00fcr ihre Festigkeit, Haltbarkeit und einfache Verarbeitung bekannt sind. Die Zusammensetzung der ZAMAK-Legierungen umfasst wesentliche Elemente wie Z (Zink), A (Aluminium), MA (Magnesium) und K (Kupfer). Zus\u00e4tzlich zu ihren praktischen Vorteilen sind diese Werkstoffe aufgrund ihrer hohen Recyclingf\u00e4higkeit auch eine umweltfreundliche Wahl. Das Recyclingpotenzial von ZAMAK ist betr\u00e4chtlich, was dazu beitr\u00e4gt, die Umweltauswirkungen der Verwendung dieser Materialien zu verringern. Dar\u00fcber hinaus sorgt die lange Lebensdauer von ZAMAK daf\u00fcr, dass der h\u00e4ufige Austausch auf ein Minimum reduziert wird, was zu einer nachhaltigeren industriellen Praxis beitr\u00e4gt.<\/p>\n<p>Bei MCM ist es unser oberstes Ziel, Abf\u00e4lle zu reduzieren und Ressourcen zu schonen. Durch die Verarbeitung von ZAMAK-Abf\u00e4llen tragen wir zur Kreislaufwirtschaft bei, indem wir Abf\u00e4lle als wertvolle Rohstoffe wiederverwenden. Dieser Prozess reduziert den Bedarf an Prim\u00e4rrohstoffen erheblich. Dadurch werden der Energieverbrauch und die Auswirkungen des Bergbaus gesenkt und der Kohlenstoff-Fu\u00dfabdruck verkleinert. Dar\u00fcber hinaus bietet unser recyceltes ZAMAK-Abfallmaterial eine kosteng\u00fcnstige Alternative zu Prim\u00e4rrohstoffen. So werden Sekund\u00e4rmaterialien zu einer wirtschaftlich strategischen Wahl, da die Qualit\u00e4t nahezu identisch ist, w\u00e4hrend die Preise g\u00fcnstiger sind.<\/p>\n<h3>Verkaufen Sie Ihre ZAMAK-Abf\u00e4lle an MCM<\/h3>\n<p>Unsere Hauptaufgabe besteht darin, Metallabf\u00e4lle von unseren gesch\u00e4tzten Partnern zu kaufen und so zu einer nachhaltigeren Industrielandschaft beizutragen. Indem Sie Ihre ZAMAK-Abf\u00e4lle an MCM verkaufen, k\u00f6nnen Sie Ihre Abfallentsorgungsprozesse rationalisieren und zu einer saubereren Umwelt beitragen, w\u00e4hrend Sie gleichzeitig eine verantwortungsvolle Ressourcennutzung f\u00f6rdern. Wenn Sie \u00fcbersch\u00fcssige ZAMAK-Abf\u00e4lle haben, empfehlen wir Ihnen, diese nicht zu entsorgen, sondern sie an MCM zu verkaufen. Auf diese Weise wird Ihr Material weiterhin einem n\u00fctzlichen Zweck zugef\u00fchrt und verhindert, dass es zu einer Belastung f\u00fcr die Umwelt wird. Gleichzeitig stellen Sie wertvolle Materialien f\u00fcr die Industrie zur Verf\u00fcgung.<\/p>\n<p>Wenden Sie sich einfach an uns und teilen Sie uns Einzelheiten \u00fcber Ihre ZAMAK-Abf\u00e4lle mit. Unsere Experten werden das Material bewerten und einen wettbewerbsf\u00e4higen Preis auf der Grundlage von Qualit\u00e4t und Menge anbieten. Auf diese Weise k\u00f6nnen Sie das, was als Abfall betrachtet werden k\u00f6nnte, in eine wertvolle Einnahmequelle f\u00fcr Ihr Unternehmen verwandeln. Seien Sie versichert, dass unsere wettbewerbsf\u00e4higen Preise sicherstellen, dass Ihre ZAMAK-Abf\u00e4lle einen erheblichen Wert haben.<\/p>\n<h3>Unser Bekenntnis zur Nachhaltigkeit<\/h3>\n<p>Bei MCM geht unsere Vision \u00fcber den gesch\u00e4ftlichen Erfolg hinaus. Wir engagieren uns sehr f\u00fcr den Erhalt unseres Planeten und die Verringerung der Umweltauswirkungen industrieller Aktivit\u00e4ten. Indem Sie uns als Recyclingpartner w\u00e4hlen, tragen Sie aktiv zu einer gr\u00fcneren und nachhaltigeren Zukunft bei.<\/p>\n<\/div><\/section><br \/>\n\n<style type=\"text\/css\" data-created_by=\"avia_inline_auto\" id=\"style-css-av-35za5-fa134435a2156a768af248b6b273b12f\">\n#top .hr.hr-invisible.av-35za5-fa134435a2156a768af248b6b273b12f{\nheight:30px;\n}\n<\/style>\n<div  class='hr av-35za5-fa134435a2156a768af248b6b273b12f hr-invisible  avia-builder-el-8  el_after_av_textblock  el_before_av_slideshow'><span class='hr-inner'><span class=\"hr-inner-style\"><\/span><\/span><\/div><br \/>\n<div  class='avia-slideshow av-2ba9l-e24e4f4f7ae926bb87ee2e06eb8d3eb9 avia-slideshow-no scaling av_slideshow avia-slide-slider  avia-builder-el-9  el_after_av_hr  avia-builder-el-last  av-slideshow-ui av-control-default av-slideshow-autoplay av-loop-endless av-loop-manual-endless av-default-height-applied avia-slideshow-1' data-slideshow-options=\"{&quot;animation&quot;:&quot;slide&quot;,&quot;autoplay&quot;:true,&quot;loop_autoplay&quot;:&quot;endless&quot;,&quot;interval&quot;:5,&quot;loop_manual&quot;:&quot;manual-endless&quot;,&quot;autoplay_stopper&quot;:false,&quot;noNavigation&quot;:false,&quot;bg_slider&quot;:false,&quot;keep_padding&quot;:false,&quot;hoverpause&quot;:false,&quot;show_slide_delay&quot;:0}\"  itemprop=\"image\" itemscope=\"itemscope\" itemtype=\"https:\/\/schema.org\/ImageObject\" ><ul class='avia-slideshow-inner' style='padding-bottom: 123.37662337662%;'><li  class='avia-slideshow-slide av-2ba9l-e24e4f4f7ae926bb87ee2e06eb8d3eb9__0  av-single-slide slide-1 slide-odd'><div data-rel='slideshow-1' class='avia-slide-wrap'   ><img decoding=\"async\" fetchpriority=\"high\" class=\"wp-image-1476 avia-img-lazy-loading-not-1476\"  src=\"https:\/\/www.metalschemicalsgroup.com\/wp-content\/uploads\/2023\/08\/zamak.jpg\" width=\"1386\" height=\"1710\" title='zamak' alt=''  itemprop=\"thumbnailUrl\" srcset=\"https:\/\/www.metalschemicalsgroup.com\/wp-content\/uploads\/2023\/08\/zamak.jpg 1386w, https:\/\/www.metalschemicalsgroup.com\/wp-content\/uploads\/2023\/08\/zamak-243x300.jpg 243w, https:\/\/www.metalschemicalsgroup.com\/wp-content\/uploads\/2023\/08\/zamak-835x1030.jpg 835w, https:\/\/www.metalschemicalsgroup.com\/wp-content\/uploads\/2023\/08\/zamak-768x948.jpg 768w, https:\/\/www.metalschemicalsgroup.com\/wp-content\/uploads\/2023\/08\/zamak-1245x1536.jpg 1245w, https:\/\/www.metalschemicalsgroup.com\/wp-content\/uploads\/2023\/08\/zamak-10x12.jpg 10w, https:\/\/www.metalschemicalsgroup.com\/wp-content\/uploads\/2023\/08\/zamak-1216x1500.jpg 1216w, https:\/\/www.metalschemicalsgroup.com\/wp-content\/uploads\/2023\/08\/zamak-571x705.jpg 571w\" sizes=\"(max-width: 1386px) 100vw, 1386px\" \/><\/div><\/li><\/ul><\/div><\/p><\/div><div  class='flex_column av-yjel-e6681b510749e9931205b252c54b5626 av_one_third  avia-builder-el-10  el_after_av_two_third  avia-builder-el-last  no_margin flex_column_div'     ><div  class='avia-builder-widget-area clearfix  avia-builder-el-11  avia-builder-el-no-sibling'><section id=\"text-6\" class=\"widget clearfix widget_text\"><h3 class=\"widgettitle\">Kontakt<\/h3>\t\t\t<div class=\"textwidget\"><a class=\"mail\" href=\"mailto:info@metalschemicalsgroup.com\">info@metalschemicalsgroup.com<\/a>\r\n<a class=\"tel\" href=\"tel:+31(0)43 362 6500\">+31(0)43 362 6500<\/a><\/div>\n\t\t<span class=\"seperator extralight-border\"><\/span><\/section><\/div><\/div><\/div><\/div><\/div><!-- close content main div --><\/div><\/div>\n<style type=\"text\/css\" data-created_by=\"avia_inline_auto\" id=\"style-css-av-5ge3p-b376b9efa53a205ceaf71312e277bd9c\">\n.avia-section.av-5ge3p-b376b9efa53a205ceaf71312e277bd9c{\nmargin-top:-160px;\nmargin-bottom:0px;\n}\n<\/style>\n<div id='av_section_3'  class='avia-section av-5ge3p-b376b9efa53a205ceaf71312e277bd9c alternate_color avia-section-large avia-no-border-styling  avia-builder-el-12  el_after_av_section  avia-builder-el-last  avia-bg-style-scroll container_wrap fullsize'  ><div class='container av-section-cont-open' ><div class='template-page content  av-content-full alpha units'><div class='post-entry post-entry-type-page post-entry-1474'><div class='entry-content-wrapper clearfix'>\n\n<style type=\"text\/css\" data-created_by=\"avia_inline_auto\" id=\"style-css-av-1vxx-f3ebf9433468321563a377b7ac1234be\">\n#top .hr.hr-invisible.av-1vxx-f3ebf9433468321563a377b7ac1234be{\nheight:50px;\n}\n<\/style>\n<div  class='hr av-1vxx-f3ebf9433468321563a377b7ac1234be hr-invisible  avia-builder-el-13  el_before_av_textblock  avia-builder-el-first'><span class='hr-inner'><span class=\"hr-inner-style\"><\/span><\/span><\/div>\n<section  class='av_textblock_section av-4de61-d2dd1f1388e70c12d89b0a4a22ffae15'   itemscope=\"itemscope\" itemtype=\"https:\/\/schema.org\/CreativeWork\" ><div class='avia_textblock'  itemprop=\"text\" ><h2>Unsere Produkte<\/h2>\n<\/div><\/section>\n<div class='flex_column_table av-3uacx-7d94fd024b7a8aeaa9fb8570e6a93e06 sc-av_one_third av-equal-height-column-flextable'>\n<style type=\"text\/css\" data-created_by=\"avia_inline_auto\" id=\"style-css-av-3uacx-7d94fd024b7a8aeaa9fb8570e6a93e06\">\n.flex_column.av-3uacx-7d94fd024b7a8aeaa9fb8570e6a93e06{\nwidth:33%;\nmargin-left:0;\nborder-radius:0px 0px 0px 0px;\npadding:240px 40px 60px 40px;\nbackground:url(https:\/\/www.metalschemicalsgroup.com\/wp-content\/uploads\/2022\/02\/2015.148181-scaled.jpg) 50% 50% no-repeat scroll ;\n}\n#top .flex_column_table.av-equal-height-column-flextable.av-3uacx-7d94fd024b7a8aeaa9fb8570e6a93e06 .av-flex-placeholder{\nwidth:0.5%;\n}\n<\/style>\n<div  class='flex_column av-3uacx-7d94fd024b7a8aeaa9fb8570e6a93e06 av_one_third  avia-builder-el-15  el_after_av_textblock  el_before_av_one_third  first flex_column_table_cell av-equal-height-column av-align-top avia-full-stretch avia-link-column av-column-link avia-link-column-hover  column-top-margin'    data-link-column-url=\"https:\/\/www.metalschemicalsgroup.com\/de\/products\/zinc\/\"   ><a class=\"av-screen-reader-only\" href=\"https:\/\/www.metalschemicalsgroup.com\/de\/products\/zinc\/\" >Link zu: Zink-R\u00fcckst\u00e4nde<\/a><style type=\"text\/css\" data-created_by=\"avia_inline_auto\" id=\"style-css-av-cec5-b82bbc141197b311d2131146bf74b427\">\n#top .av_textblock_section.av-cec5-b82bbc141197b311d2131146bf74b427 .avia_textblock{\ncolor:#ffffff;\n}\n<\/style>\n<section  class='av_textblock_section av-cec5-b82bbc141197b311d2131146bf74b427'   itemscope=\"itemscope\" itemtype=\"https:\/\/schema.org\/CreativeWork\" ><div class='avia_textblock categorie-blokken av_inherit_color'  itemprop=\"text\" ><h2>Zink-R\u00fcckst\u00e4nde<\/h2>\n<\/div><\/section><\/div><div class='av-flex-placeholder'><\/div>\n<style type=\"text\/css\" data-created_by=\"avia_inline_auto\" id=\"style-css-av-2wtt1-d2db53cc1fea5fed2d77d80e75ff9ce5\">\n.flex_column.av-2wtt1-d2db53cc1fea5fed2d77d80e75ff9ce5{\nwidth:33%;\nmargin-left:0;\nborder-radius:0px 0px 0px 0px;\npadding:240px 40px 60px 40px;\nbackground:url(https:\/\/www.metalschemicalsgroup.com\/wp-content\/uploads\/2022\/02\/Furnace-scaled.jpg) 50% 50% no-repeat scroll ;\n}\n#top .flex_column_table.av-equal-height-column-flextable.av-2wtt1-d2db53cc1fea5fed2d77d80e75ff9ce5 .av-flex-placeholder{\nwidth:0.5%;\n}\n<\/style>\n<div  class='flex_column av-2wtt1-d2db53cc1fea5fed2d77d80e75ff9ce5 av_one_third  avia-builder-el-17  el_after_av_one_third  el_before_av_one_third  flex_column_table_cell av-equal-height-column av-align-top avia-full-stretch avia-link-column av-column-link avia-link-column-hover  column-top-margin'    data-link-column-url=\"https:\/\/www.metalschemicalsgroup.com\/de\/products\/lead-residues\/\"   ><a class=\"av-screen-reader-only\" href=\"https:\/\/www.metalschemicalsgroup.com\/de\/products\/lead-residues\/\" >Link zu: Blei-R\u00fcckst\u00e4nde<\/a><style type=\"text\/css\" data-created_by=\"avia_inline_auto\" id=\"style-css-av-1vo2p-febcfdcd7ffde1e568c4368b9c58721d\">\n#top .av_textblock_section.av-1vo2p-febcfdcd7ffde1e568c4368b9c58721d .avia_textblock{\ncolor:#ffffff;\n}\n<\/style>\n<section  class='av_textblock_section av-1vo2p-febcfdcd7ffde1e568c4368b9c58721d'   itemscope=\"itemscope\" itemtype=\"https:\/\/schema.org\/CreativeWork\" ><div class='avia_textblock categorie-blokken av_inherit_color'  itemprop=\"text\" ><h2>Blei-R\u00fcckst\u00e4nde<\/h2>\n<\/div><\/section><\/div><div class='av-flex-placeholder'><\/div>\n<style type=\"text\/css\" data-created_by=\"avia_inline_auto\" id=\"style-css-av-1lgy1-176ba9393538f9fe5bd23aaf2c1f5981\">\n.flex_column.av-1lgy1-176ba9393538f9fe5bd23aaf2c1f5981{\nwidth:33%;\nmargin-left:0;\nborder-radius:0px 0px 0px 0px;\npadding:240px 40px 60px 40px;\nbackground:url(https:\/\/www.metalschemicalsgroup.com\/wp-content\/uploads\/2022\/12\/Gold-ingot-scaled.jpg) 50% 50% no-repeat scroll ;\n}\n#top .flex_column_table.av-equal-height-column-flextable.av-1lgy1-176ba9393538f9fe5bd23aaf2c1f5981 .av-flex-placeholder{\nwidth:0.5%;\n}\n<\/style>\n<div  class='flex_column av-1lgy1-176ba9393538f9fe5bd23aaf2c1f5981 av_one_third  avia-builder-el-19  el_after_av_one_third  avia-builder-el-last  categorie-blokken flex_column_table_cell av-equal-height-column av-align-top avia-full-stretch avia-link-column av-column-link avia-link-column-hover  column-top-margin'    data-link-column-url=\"https:\/\/www.metalschemicalsgroup.com\/de\/products\/mining-chemicals\/\"   ><a class=\"av-screen-reader-only\" href=\"https:\/\/www.metalschemicalsgroup.com\/de\/products\/mining-chemicals\/\" >Link zu: Bergbau-Chemikalien<\/a><style type=\"text\/css\" data-created_by=\"avia_inline_auto\" id=\"style-css-av-ymyd-395e60348be8ab78ac0e10ea53774cf7\">\n#top .av_textblock_section.av-ymyd-395e60348be8ab78ac0e10ea53774cf7 .avia_textblock{\ncolor:#ffffff;\n}\n<\/style>\n<section  class='av_textblock_section av-ymyd-395e60348be8ab78ac0e10ea53774cf7'   itemscope=\"itemscope\" itemtype=\"https:\/\/schema.org\/CreativeWork\" ><div class='avia_textblock av_inherit_color'  itemprop=\"text\" ><h2>Chemikalien f\u00fcr den Bergbau<\/h2>\n<\/div><\/section><\/div><\/div><!--close column table wrapper. Autoclose: 1 -->\n<\/p>","protected":false},"excerpt":{"rendered":"","protected":false},"author":1,"featured_media":0,"parent":51,"menu_order":0,"comment_status":"closed","ping_status":"closed","template":"","meta":{"_monsterinsights_skip_tracking":false,"_monsterinsights_sitenote_active":false,"_monsterinsights_sitenote_note":"","_monsterinsights_sitenote_category":0,"footnotes":""},"class_list":["post-1474","page","type-page","status-publish","hentry"],"yoast_head":"<!-- This site is optimized with the Yoast SEO plugin v27.3 - https:\/\/yoast.com\/product\/yoast-seo-wordpress\/ -->\n<title>Zamak - Metals Chemicals Maastricht<\/title>\n<meta name=\"description\" content=\"We specialize in the processing, and recycling of ZAMAK waste materials, which afterward are used as raw components for the Zinc Industry.\" \/>\n<meta name=\"robots\" content=\"index, follow, max-snippet:-1, max-image-preview:large, max-video-preview:-1\" \/>\n<link rel=\"canonical\" href=\"https:\/\/www.metalschemicalsgroup.com\/de\/produkte\/zamak\/\" \/>\n<meta property=\"og:locale\" content=\"de_DE\" \/>\n<meta property=\"og:type\" content=\"article\" \/>\n<meta property=\"og:title\" content=\"Zamak - Metals Chemicals Maastricht\" \/>\n<meta property=\"og:description\" content=\"We specialize in the processing, and recycling of ZAMAK waste materials, which afterward are used as raw components for the Zinc Industry.\" \/>\n<meta property=\"og:url\" content=\"https:\/\/www.metalschemicalsgroup.com\/de\/produkte\/zamak\/\" \/>\n<meta property=\"og:site_name\" content=\"Metals Chemicals Maastricht\" \/>\n<meta property=\"article:modified_time\" content=\"2025-02-13T14:12:29+00:00\" \/>\n<meta name=\"twitter:card\" content=\"summary_large_image\" \/>\n<meta name=\"twitter:label1\" content=\"Gesch\u00e4tzte Lesezeit\" \/>\n\t<meta name=\"twitter:data1\" content=\"3\u00a0Minuten\" \/>\n<script type=\"application\/ld+json\" class=\"yoast-schema-graph\">{\"@context\":\"https:\\\/\\\/schema.org\",\"@graph\":[{\"@type\":\"WebPage\",\"@id\":\"https:\\\/\\\/www.metalschemicalsgroup.com\\\/products\\\/zamak\\\/\",\"url\":\"https:\\\/\\\/www.metalschemicalsgroup.com\\\/products\\\/zamak\\\/\",\"name\":\"Zamak - Metals Chemicals Maastricht\",\"isPartOf\":{\"@id\":\"https:\\\/\\\/www.metalschemicalsgroup.com\\\/#website\"},\"datePublished\":\"2023-08-28T15:10:12+00:00\",\"dateModified\":\"2025-02-13T14:12:29+00:00\",\"description\":\"We specialize in the processing, and recycling of ZAMAK waste materials, which afterward are used as raw components for the Zinc Industry.\",\"breadcrumb\":{\"@id\":\"https:\\\/\\\/www.metalschemicalsgroup.com\\\/products\\\/zamak\\\/#breadcrumb\"},\"inLanguage\":\"de\",\"potentialAction\":[{\"@type\":\"ReadAction\",\"target\":[\"https:\\\/\\\/www.metalschemicalsgroup.com\\\/products\\\/zamak\\\/\"]}]},{\"@type\":\"BreadcrumbList\",\"@id\":\"https:\\\/\\\/www.metalschemicalsgroup.com\\\/products\\\/zamak\\\/#breadcrumb\",\"itemListElement\":[{\"@type\":\"ListItem\",\"position\":1,\"name\":\"Home\",\"item\":\"https:\\\/\\\/www.metalschemicalsgroup.com\\\/partner-in-zinc-lead-mining-chemicals\\\/\"},{\"@type\":\"ListItem\",\"position\":2,\"name\":\"Products\",\"item\":\"https:\\\/\\\/www.metalschemicalsgroup.com\\\/products\\\/\"},{\"@type\":\"ListItem\",\"position\":3,\"name\":\"Zamak\"}]},{\"@type\":\"WebSite\",\"@id\":\"https:\\\/\\\/www.metalschemicalsgroup.com\\\/#website\",\"url\":\"https:\\\/\\\/www.metalschemicalsgroup.com\\\/\",\"name\":\"Metals Chemicals Maastricht\",\"description\":\"Strong in Zinc\",\"potentialAction\":[{\"@type\":\"SearchAction\",\"target\":{\"@type\":\"EntryPoint\",\"urlTemplate\":\"https:\\\/\\\/www.metalschemicalsgroup.com\\\/?s={search_term_string}\"},\"query-input\":{\"@type\":\"PropertyValueSpecification\",\"valueRequired\":true,\"valueName\":\"search_term_string\"}}],\"inLanguage\":\"de\"}]}<\/script>\n<!-- \/ Yoast SEO plugin. -->","yoast_head_json":{"title":"Zamak - Metalle Chemikalien Maastricht","description":"Wir sind spezialisiert auf die Aufbereitung und das Recycling von ZAMAK-Abf\u00e4llen, die anschlie\u00dfend als Rohkomponenten f\u00fcr die Zinkindustrie verwendet werden.","robots":{"index":"index","follow":"follow","max-snippet":"max-snippet:-1","max-image-preview":"max-image-preview:large","max-video-preview":"max-video-preview:-1"},"canonical":"https:\/\/www.metalschemicalsgroup.com\/de\/produkte\/zamak\/","og_locale":"de_DE","og_type":"article","og_title":"Zamak - Metals Chemicals Maastricht","og_description":"We specialize in the processing, and recycling of ZAMAK waste materials, which afterward are used as raw components for the Zinc Industry.","og_url":"https:\/\/www.metalschemicalsgroup.com\/de\/produkte\/zamak\/","og_site_name":"Metals Chemicals Maastricht","article_modified_time":"2025-02-13T14:12:29+00:00","twitter_card":"summary_large_image","twitter_misc":{"Gesch\u00e4tzte Lesezeit":"3\u00a0Minuten"},"schema":{"@context":"https:\/\/schema.org","@graph":[{"@type":"WebPage","@id":"https:\/\/www.metalschemicalsgroup.com\/products\/zamak\/","url":"https:\/\/www.metalschemicalsgroup.com\/products\/zamak\/","name":"Zamak - Metalle Chemikalien Maastricht","isPartOf":{"@id":"https:\/\/www.metalschemicalsgroup.com\/#website"},"datePublished":"2023-08-28T15:10:12+00:00","dateModified":"2025-02-13T14:12:29+00:00","description":"Wir sind spezialisiert auf die Aufbereitung und das Recycling von ZAMAK-Abf\u00e4llen, die anschlie\u00dfend als Rohkomponenten f\u00fcr die Zinkindustrie verwendet werden.","breadcrumb":{"@id":"https:\/\/www.metalschemicalsgroup.com\/products\/zamak\/#breadcrumb"},"inLanguage":"de","potentialAction":[{"@type":"ReadAction","target":["https:\/\/www.metalschemicalsgroup.com\/products\/zamak\/"]}]},{"@type":"BreadcrumbList","@id":"https:\/\/www.metalschemicalsgroup.com\/products\/zamak\/#breadcrumb","itemListElement":[{"@type":"ListItem","position":1,"name":"Home","item":"https:\/\/www.metalschemicalsgroup.com\/partner-in-zinc-lead-mining-chemicals\/"},{"@type":"ListItem","position":2,"name":"Products","item":"https:\/\/www.metalschemicalsgroup.com\/products\/"},{"@type":"ListItem","position":3,"name":"Zamak"}]},{"@type":"WebSite","@id":"https:\/\/www.metalschemicalsgroup.com\/#website","url":"https:\/\/www.metalschemicalsgroup.com\/","name":"Metals Chemicals Maastricht","description":"Stark in Zink","potentialAction":[{"@type":"SearchAction","target":{"@type":"EntryPoint","urlTemplate":"https:\/\/www.metalschemicalsgroup.com\/?s={search_term_string}"},"query-input":{"@type":"PropertyValueSpecification","valueRequired":true,"valueName":"search_term_string"}}],"inLanguage":"de"}]}},"_links":{"self":[{"href":"https:\/\/www.metalschemicalsgroup.com\/de\/wp-json\/wp\/v2\/pages\/1474","targetHints":{"allow":["GET"]}}],"collection":[{"href":"https:\/\/www.metalschemicalsgroup.com\/de\/wp-json\/wp\/v2\/pages"}],"about":[{"href":"https:\/\/www.metalschemicalsgroup.com\/de\/wp-json\/wp\/v2\/types\/page"}],"author":[{"embeddable":true,"href":"https:\/\/www.metalschemicalsgroup.com\/de\/wp-json\/wp\/v2\/users\/1"}],"replies":[{"embeddable":true,"href":"https:\/\/www.metalschemicalsgroup.com\/de\/wp-json\/wp\/v2\/comments?post=1474"}],"version-history":[{"count":8,"href":"https:\/\/www.metalschemicalsgroup.com\/de\/wp-json\/wp\/v2\/pages\/1474\/revisions"}],"predecessor-version":[{"id":1479,"href":"https:\/\/www.metalschemicalsgroup.com\/de\/wp-json\/wp\/v2\/pages\/1474\/revisions\/1479"}],"up":[{"embeddable":true,"href":"https:\/\/www.metalschemicalsgroup.com\/de\/wp-json\/wp\/v2\/pages\/51"}],"wp:attachment":[{"href":"https:\/\/www.metalschemicalsgroup.com\/de\/wp-json\/wp\/v2\/media?parent=1474"}],"curies":[{"name":"wp","href":"https:\/\/api.w.org\/{rel}","templated":true}]}}