{"id":224,"date":"2022-02-15T08:22:38","date_gmt":"2022-02-15T08:22:38","guid":{"rendered":"https:\/\/metalschemicals.bonsaidev.nl\/?page_id=224"},"modified":"2025-07-15T11:43:20","modified_gmt":"2025-07-15T09:43:20","slug":"menschen","status":"publish","type":"page","link":"https:\/\/www.metalschemicalsgroup.com\/de\/sustainability\/people\/","title":{"rendered":"Menschen"},"content":{"rendered":"<style type=\"text\/css\" data-created_by=\"avia_inline_auto\" id=\"style-css-av-36pp5k-cefb4a63e72f382add12eafe104109d4\">\n.avia-section.av-36pp5k-cefb4a63e72f382add12eafe104109d4{\nbackground-repeat:no-repeat;\nbackground-image:url(https:\/\/www.metalschemicalsgroup.com\/wp-content\/uploads\/2025\/07\/2015.148221-scaled.jpg);\nbackground-position:50% 0%;\nbackground-attachment:scroll;\n}\n<\/style>\n<div id='av_section_1'  class='avia-section av-36pp5k-cefb4a63e72f382add12eafe104109d4 main_color avia-section-default avia-no-border-styling  avia-builder-el-0  el_before_av_section  avia-builder-el-first  avia-full-stretch avia-bg-style-scroll av-minimum-height av-minimum-height-custom av-height-custom  container_wrap fullsize'  data-section-bg-repeat='stretch' data-av_minimum_height_px='580'><div class='container av-section-cont-open' style='height:580px'><main  role=\"main\" itemprop=\"mainContentOfPage\"  class='template-page content  av-content-full alpha units'><div class='post-entry post-entry-type-page post-entry-224'><div class='entry-content-wrapper clearfix'>\n\n<style type=\"text\/css\" data-created_by=\"avia_inline_auto\" id=\"style-css-av-2zup6g-c8c3a7636456edb087ba3e779eb70e9b\">\n#top .flex_column.av-2zup6g-c8c3a7636456edb087ba3e779eb70e9b{\nmargin-top:0;\nmargin-bottom:0px;\n}\n.responsive #top #wrap_all .flex_column.av-2zup6g-c8c3a7636456edb087ba3e779eb70e9b{\nmargin-top:0;\nmargin-bottom:0px;\n}\n<\/style>\n<div  class='flex_column av-2zup6g-c8c3a7636456edb087ba3e779eb70e9b av_four_fifth  avia-builder-el-1  el_before_av_one_fifth  avia-builder-el-first  first flex_column_div'     ><style type=\"text\/css\" data-created_by=\"avia_inline_auto\" id=\"style-css-av-kznuwxfn-ce20815b427163057dd0cde994ab0dbb\">\n#top .av_textblock_section.av-kznuwxfn-ce20815b427163057dd0cde994ab0dbb .avia_textblock{\nfont-size:20px;\ncolor:#ffffff;\ntext-align:right;\n}\n<\/style>\n<section  class='av_textblock_section av-kznuwxfn-ce20815b427163057dd0cde994ab0dbb'   itemscope=\"itemscope\" itemtype=\"https:\/\/schema.org\/CreativeWork\" ><div class='avia_textblock heading-content-intro av_inherit_color'  itemprop=\"text\" ><h1><strong>Menschen<\/strong><\/h1>\n<\/div><\/section><\/div>\n<style type=\"text\/css\" data-created_by=\"avia_inline_auto\" id=\"style-css-av-aaxkg-801082eaf181080ba10c2e137521e366\">\n#top .flex_column.av-aaxkg-801082eaf181080ba10c2e137521e366{\nmargin-top:0;\nmargin-bottom:0px;\n}\n.responsive #top #wrap_all .flex_column.av-aaxkg-801082eaf181080ba10c2e137521e366{\nmargin-top:0;\nmargin-bottom:0px;\n}\n<\/style>\n<div  class='flex_column av-aaxkg-801082eaf181080ba10c2e137521e366 av_one_fifth  avia-builder-el-3  el_after_av_four_fifth  avia-builder-el-last  flex_column_div'     ><\/div><\/div><\/div><\/main><!-- close content main element --><\/div><\/div><div id='av_section_2'  class='avia-section av-2ryar4-c32c6d41c484e660c02a3f4cf5a21e92 main_color avia-section-large avia-no-border-styling  avia-builder-el-4  el_after_av_section  el_before_av_section  avia-bg-style-scroll container_wrap fullsize'  ><div class='container av-section-cont-open' ><div class='template-page content  av-content-full alpha units'><div class='post-entry post-entry-type-page post-entry-224'><div class='entry-content-wrapper clearfix'>\n\n<style type=\"text\/css\" data-created_by=\"avia_inline_auto\" id=\"style-css-av-2ip6gw-8fe031e0602d024f9ff74eaf74ede50b\">\n.flex_column.av-2ip6gw-8fe031e0602d024f9ff74eaf74ede50b{\npadding:0 80px 0 0;\n}\n<\/style>\n<div  id=\"content-blok\"  class='flex_column av-2ip6gw-8fe031e0602d024f9ff74eaf74ede50b av_two_third  avia-builder-el-5  el_before_av_one_third  avia-builder-el-first  first no_margin flex_column_div'     ><p>\n<style type=\"text\/css\" data-created_by=\"avia_inline_auto\" id=\"style-css-av-kznuxmql-009a548fff399137bd600136a9095eb3\">\n#top .av-special-heading.av-kznuxmql-009a548fff399137bd600136a9095eb3{\npadding-bottom:10px;\n}\nbody .av-special-heading.av-kznuxmql-009a548fff399137bd600136a9095eb3 .av-special-heading-tag .heading-char{\nfont-size:25px;\n}\n.av-special-heading.av-kznuxmql-009a548fff399137bd600136a9095eb3 .av-subheading{\nfont-size:15px;\n}\n<\/style>\n<div  class='av-special-heading av-kznuxmql-009a548fff399137bd600136a9095eb3 av-special-heading-h2 blockquote modern-quote  avia-builder-el-6  el_before_av_textblock  avia-builder-el-first'><div class='av-subheading av-subheading_above'><p>Unser<\/p>\n<\/div><h2 class='av-special-heading-tag'  itemprop=\"headline\"  >Menschen <\/h2><div class=\"special-heading-border\"><div class=\"special-heading-inner-border\"><\/div><\/div><\/div><br \/>\n<section  class='av_textblock_section av-kznuxrwc-54051dbc49daa0fffa6060f5aaf21d81'   itemscope=\"itemscope\" itemtype=\"https:\/\/schema.org\/CreativeWork\" ><div class='avia_textblock'  itemprop=\"text\" ><p>Unsere Mitarbeiter sind unser wertvollstes Kapital und der Schl\u00fcssel zu unserem langfristigen Erfolg als Unternehmen.<br \/>\nWir unterst\u00fctzen und motivieren unsere Mitarbeiter, ihr Potenzial auszusch\u00f6pfen und ihre vielf\u00e4ltigen Talente einzubringen. Die strukturelle Entwicklung einer aktiven Lernkultur ist ebenfalls Teil unserer Ziele. Wir bieten allen bestehenden und zuk\u00fcnftigen Mitarbeitern die gleichen Chancen und betrachten die Vielfalt unserer Belegschaft als wichtiges Gut und als Kernbestandteil unserer Unternehmenswerte.<\/p>\n<p>Wir sorgen f\u00fcr eine sichere und gesunde Arbeitsumgebung f\u00fcr alle unsere Mitarbeiter. Wir wenden die h\u00f6chstm\u00f6glichen professionellen Standards an, und die kontinuierliche Verbesserung ist ein Schl\u00fcsselprinzip unseres Managementsystems.<\/p>\n<p>Dar\u00fcber hinaus wollen wir im Rahmen unserer Strategie der sozialen Verantwortung der Unternehmen (CSR) auch etwas f\u00fcr die lokale Gesellschaft tun.<br \/>\nDeshalb unterst\u00fctzen wir jedes Jahr verschiedene lokale Vereine.<\/p>\n<\/div><\/section><\/p><\/div><div  class='flex_column av-1qaivs-facb973c3531fe549eb91b9f7f815fb4 av_one_third  avia-builder-el-8  el_after_av_two_third  avia-builder-el-last  no_margin flex_column_div'     ><div  class='avia-builder-widget-area clearfix  avia-builder-el-9  avia-builder-el-no-sibling'><section id=\"text-6\" class=\"widget clearfix widget_text\"><h3 class=\"widgettitle\">Kontakt<\/h3>\t\t\t<div class=\"textwidget\"><a class=\"mail\" href=\"mailto:info@metalschemicalsgroup.com\">info@metalschemicalsgroup.com<\/a>\r\n<a class=\"tel\" href=\"tel:+31(0)43 362 6500\">+31(0)43 362 6500<\/a><\/div>\n\t\t<span class=\"seperator extralight-border\"><\/span><\/section><\/div><\/div>\n<\/p>\n<\/div><\/div><\/div><!-- close content main div --><\/div><\/div>\n<style type=\"text\/css\" data-created_by=\"avia_inline_auto\" id=\"style-css-av-1jh9eo-d7e2f1f6d176b695c9f98748a582cef2\">\n.avia-section.av-1jh9eo-d7e2f1f6d176b695c9f98748a582cef2{\nmargin-top:-160px;\nmargin-bottom:0px;\n}\n<\/style>\n<div id='av_section_3'  class='avia-section av-1jh9eo-d7e2f1f6d176b695c9f98748a582cef2 alternate_color avia-section-large avia-no-border-styling  avia-builder-el-10  el_after_av_section  avia-builder-el-last  avia-bg-style-scroll container_wrap fullsize'  ><div class='container av-section-cont-open' ><div class='template-page content  av-content-full alpha units'><div class='post-entry post-entry-type-page post-entry-224'><div class='entry-content-wrapper clearfix'>\n\n<style type=\"text\/css\" data-created_by=\"avia_inline_auto\" id=\"style-css-av-1cy7zk-4227eb85e42e7f30d3c4c0cdf9ebdd3c\">\n#top .hr.hr-invisible.av-1cy7zk-4227eb85e42e7f30d3c4c0cdf9ebdd3c{\nheight:50px;\n}\n<\/style>\n<div  class='hr av-1cy7zk-4227eb85e42e7f30d3c4c0cdf9ebdd3c hr-invisible  avia-builder-el-11  el_before_av_textblock  avia-builder-el-first'><span class='hr-inner'><span class=\"hr-inner-style\"><\/span><\/span><\/div>\n<section  class='av_textblock_section av-18uf00-e9e3f0b766cc5104fd19e41946f8e686'   itemscope=\"itemscope\" itemtype=\"https:\/\/schema.org\/CreativeWork\" ><div class='avia_textblock'  itemprop=\"text\" ><h2>Wir konzentrieren uns auf die folgenden Themen<\/h2>\n<\/div><\/section>\n<div class='flex_column_table av-11yje0-3e819f6925a00b78d7fde135c3748dcc sc-av_one_fourth av-equal-height-column-flextable'>\n<style type=\"text\/css\" data-created_by=\"avia_inline_auto\" id=\"style-css-av-11yje0-3e819f6925a00b78d7fde135c3748dcc\">\n.flex_column.av-11yje0-3e819f6925a00b78d7fde135c3748dcc{\nwidth:24.625%;\nmargin-left:0;\nborder-radius:0px 0px 0px 0px;\npadding:240px 40px 60px 40px;\nbackground:url(https:\/\/www.metalschemicalsgroup.com\/wp-content\/uploads\/2022\/02\/Quality-scaled.jpg) 50% 50% no-repeat scroll ;\n}\n#top .flex_column_table.av-equal-height-column-flextable.av-11yje0-3e819f6925a00b78d7fde135c3748dcc .av-flex-placeholder{\nwidth:0.5%;\n}\n<\/style>\n<div  class='flex_column av-11yje0-3e819f6925a00b78d7fde135c3748dcc av_one_fourth  avia-builder-el-13  el_after_av_textblock  el_before_av_one_fourth  first flex_column_table_cell av-equal-height-column av-align-top avia-full-stretch avia-link-column av-column-link avia-link-column-hover  column-top-margin'    data-link-column-url=\"https:\/\/www.metalschemicalsgroup.com\/de\/sustainability\/quality\/\"   ><a class=\"av-screen-reader-only\" href=\"https:\/\/www.metalschemicalsgroup.com\/de\/sustainability\/quality\/\" >Link zu: Qualit\u00e4t<\/a><style type=\"text\/css\" data-created_by=\"avia_inline_auto\" id=\"style-css-av-vnjbk-b14054c5640b75056dc9c040dcded77a\">\n#top .av_textblock_section.av-vnjbk-b14054c5640b75056dc9c040dcded77a .avia_textblock{\ncolor:#ffffff;\n}\n<\/style>\n<section  class='av_textblock_section av-vnjbk-b14054c5640b75056dc9c040dcded77a'   itemscope=\"itemscope\" itemtype=\"https:\/\/schema.org\/CreativeWork\" ><div class='avia_textblock categorie-blokken av_inherit_color'  itemprop=\"text\" ><p><span class=\"subtitel\">Unser<\/span><\/p>\n<h2>Qualit\u00e4t<\/h2>\n<\/div><\/section><\/div><div class='av-flex-placeholder'><\/div>\n<style type=\"text\/css\" data-created_by=\"avia_inline_auto\" id=\"style-css-av-tif34-273c0e95fd767460e3d931a285fb57d5\">\n.flex_column.av-tif34-273c0e95fd767460e3d931a285fb57d5{\nwidth:24.625%;\nmargin-left:0;\nborder-radius:0px 0px 0px 0px;\npadding:240px 40px 60px 40px;\nbackground:url(https:\/\/www.metalschemicalsgroup.com\/wp-content\/uploads\/2022\/02\/Environment.jpg) 50% 50% no-repeat scroll ;\n}\n#top .flex_column_table.av-equal-height-column-flextable.av-tif34-273c0e95fd767460e3d931a285fb57d5 .av-flex-placeholder{\nwidth:0.5%;\n}\n<\/style>\n<div  class='flex_column av-tif34-273c0e95fd767460e3d931a285fb57d5 av_one_fourth  avia-builder-el-15  el_after_av_one_fourth  el_before_av_one_fourth  categorie-blokken flex_column_table_cell av-equal-height-column av-align-top avia-full-stretch avia-link-column av-column-link avia-link-column-hover  column-top-margin'    data-link-column-url=\"https:\/\/www.metalschemicalsgroup.com\/de\/sustainability\/environment\/\"   ><a class=\"av-screen-reader-only\" href=\"https:\/\/www.metalschemicalsgroup.com\/de\/sustainability\/environment\/\" >Link zu: Umwelt<\/a><style type=\"text\/css\" data-created_by=\"avia_inline_auto\" id=\"style-css-av-mdimo-01b1acc6b793c5288d2c742edc76d203\">\n#top .av_textblock_section.av-mdimo-01b1acc6b793c5288d2c742edc76d203 .avia_textblock{\ncolor:#ffffff;\n}\n<\/style>\n<section  class='av_textblock_section av-mdimo-01b1acc6b793c5288d2c742edc76d203'   itemscope=\"itemscope\" itemtype=\"https:\/\/schema.org\/CreativeWork\" ><div class='avia_textblock av_inherit_color'  itemprop=\"text\" ><p><span class=\"subtitel\">Unser<\/span><\/p>\n<h2>Umwelt<\/h2>\n<\/div><\/section><\/div><div class='av-flex-placeholder'><\/div>\n<style type=\"text\/css\" data-created_by=\"avia_inline_auto\" id=\"style-css-av-emyuo-1322430db513c5059dd888366fc7e36e\">\n.flex_column.av-emyuo-1322430db513c5059dd888366fc7e36e{\nwidth:24.625%;\nmargin-left:0;\nborder-radius:0px 0px 0px 0px;\npadding:240px 40px 60px 40px;\nbackground:url(https:\/\/www.metalschemicalsgroup.com\/wp-content\/uploads\/2022\/02\/Safety.jpg) 50% 50% no-repeat scroll ;\n}\n#top .flex_column_table.av-equal-height-column-flextable.av-emyuo-1322430db513c5059dd888366fc7e36e .av-flex-placeholder{\nwidth:0.5%;\n}\n<\/style>\n<div  class='flex_column av-emyuo-1322430db513c5059dd888366fc7e36e av_one_fourth  avia-builder-el-17  el_after_av_one_fourth  el_before_av_one_fourth  categorie-blokken flex_column_table_cell av-equal-height-column av-align-top avia-full-stretch avia-link-column av-column-link avia-link-column-hover  column-top-margin'    data-link-column-url=\"https:\/\/www.metalschemicalsgroup.com\/de\/sustainability\/prevention-and-safety\/\"   ><a class=\"av-screen-reader-only\" href=\"https:\/\/www.metalschemicalsgroup.com\/de\/sustainability\/prevention-and-safety\/\" >Link zu: Pr\u00e4vention und Sicherheit<\/a><style type=\"text\/css\" data-created_by=\"avia_inline_auto\" id=\"style-css-av-b6xko-6a44c57206ae3f83c6dfda4353a03b26\">\n#top .av_textblock_section.av-b6xko-6a44c57206ae3f83c6dfda4353a03b26 .avia_textblock{\ncolor:#ffffff;\n}\n<\/style>\n<section  class='av_textblock_section av-b6xko-6a44c57206ae3f83c6dfda4353a03b26'   itemscope=\"itemscope\" itemtype=\"https:\/\/schema.org\/CreativeWork\" ><div class='avia_textblock av_inherit_color'  itemprop=\"text\" ><p><span class=\"subtitel\">Unser<\/span><\/p>\n<h2>Pr\u00e4vention und Sicherheit<\/h2>\n<\/div><\/section><\/div><div class='av-flex-placeholder'><\/div>\n<style type=\"text\/css\" data-created_by=\"avia_inline_auto\" id=\"style-css-av-lbm7zaep-4a5d94477e0655541092a50a1f7e20cb\">\n.flex_column.av-lbm7zaep-4a5d94477e0655541092a50a1f7e20cb{\nwidth:24.625%;\nmargin-left:0;\nborder-radius:0px 0px 0px 0px;\npadding:240px 40px 60px 40px;\nbackground:url(https:\/\/www.metalschemicalsgroup.com\/wp-content\/uploads\/2022\/12\/20210601-MCM-HQ-005-1-scaled.jpg) 50% 0% no-repeat scroll ;\n}\n#top .flex_column_table.av-equal-height-column-flextable.av-lbm7zaep-4a5d94477e0655541092a50a1f7e20cb .av-flex-placeholder{\nwidth:0.5%;\n}\n<\/style>\n<div  class='flex_column av-lbm7zaep-4a5d94477e0655541092a50a1f7e20cb av_one_fourth  avia-builder-el-19  el_after_av_one_fourth  avia-builder-el-last  categorie-blokken flex_column_table_cell av-equal-height-column av-align-top avia-full-stretch avia-link-column av-column-link avia-link-column-hover  column-top-margin'    data-link-column-url=\"https:\/\/www.metalschemicalsgroup.com\/de\/sustainability\/community-involvement\/\"   ><a class=\"av-screen-reader-only\" href=\"https:\/\/www.metalschemicalsgroup.com\/de\/sustainability\/community-involvement\/\" >Link zu: Engagement der Gemeinschaft<\/a><style type=\"text\/css\" data-created_by=\"avia_inline_auto\" id=\"style-css-av-lbm7yqe9-82191ee604d66be06981b6ed21f4ea3c\">\n#top .av_textblock_section.av-lbm7yqe9-82191ee604d66be06981b6ed21f4ea3c .avia_textblock{\ncolor:#ffffff;\n}\n<\/style>\n<section  class='av_textblock_section av-lbm7yqe9-82191ee604d66be06981b6ed21f4ea3c'   itemscope=\"itemscope\" itemtype=\"https:\/\/schema.org\/CreativeWork\" ><div class='avia_textblock av_inherit_color'  itemprop=\"text\" ><p><span class=\"subtitel\">Unser<\/span><\/p>\n<h2>Engagement der Gemeinschaft<\/h2>\n<\/div><\/section><\/div><\/div><!--close column table wrapper. Autoclose: 1 -->","protected":false},"excerpt":{"rendered":"","protected":false},"author":1,"featured_media":0,"parent":71,"menu_order":0,"comment_status":"closed","ping_status":"closed","template":"","meta":{"_monsterinsights_skip_tracking":false,"_monsterinsights_sitenote_active":false,"_monsterinsights_sitenote_note":"","_monsterinsights_sitenote_category":0,"footnotes":""},"class_list":["post-224","page","type-page","status-publish","hentry"],"yoast_head":"<!-- This site is optimized with the Yoast SEO plugin v27.3 - https:\/\/yoast.com\/product\/yoast-seo-wordpress\/ -->\n<title>People - Metals Chemicals Maastricht<\/title>\n<meta name=\"description\" content=\"Our people are our most valuable asset and key to our long-term success as a company.We support and motivate our employees\" \/>\n<meta name=\"robots\" content=\"index, follow, max-snippet:-1, max-image-preview:large, max-video-preview:-1\" \/>\n<link rel=\"canonical\" href=\"https:\/\/www.metalschemicalsgroup.com\/de\/nachhaltigkeit\/menschen\/\" \/>\n<meta property=\"og:locale\" content=\"de_DE\" \/>\n<meta property=\"og:type\" content=\"article\" \/>\n<meta property=\"og:title\" content=\"People - Metals Chemicals Maastricht\" \/>\n<meta property=\"og:description\" content=\"Our people are our most valuable asset and key to our long-term success as a company.We support and motivate our employees\" \/>\n<meta property=\"og:url\" content=\"https:\/\/www.metalschemicalsgroup.com\/de\/nachhaltigkeit\/menschen\/\" \/>\n<meta property=\"og:site_name\" content=\"Metals Chemicals Maastricht\" \/>\n<meta property=\"article:modified_time\" content=\"2025-07-15T09:43:20+00:00\" \/>\n<meta name=\"twitter:card\" content=\"summary_large_image\" \/>\n<meta name=\"twitter:label1\" content=\"Gesch\u00e4tzte Lesezeit\" \/>\n\t<meta name=\"twitter:data1\" content=\"1\u00a0Minute\" \/>\n<script type=\"application\/ld+json\" class=\"yoast-schema-graph\">{\"@context\":\"https:\\\/\\\/schema.org\",\"@graph\":[{\"@type\":\"WebPage\",\"@id\":\"https:\\\/\\\/www.metalschemicalsgroup.com\\\/sustainability\\\/people\\\/\",\"url\":\"https:\\\/\\\/www.metalschemicalsgroup.com\\\/sustainability\\\/people\\\/\",\"name\":\"People - Metals Chemicals Maastricht\",\"isPartOf\":{\"@id\":\"https:\\\/\\\/www.metalschemicalsgroup.com\\\/#website\"},\"datePublished\":\"2022-02-15T08:22:38+00:00\",\"dateModified\":\"2025-07-15T09:43:20+00:00\",\"description\":\"Our people are our most valuable asset and key to our long-term success as a company.We support and motivate our employees\",\"breadcrumb\":{\"@id\":\"https:\\\/\\\/www.metalschemicalsgroup.com\\\/sustainability\\\/people\\\/#breadcrumb\"},\"inLanguage\":\"de\",\"potentialAction\":[{\"@type\":\"ReadAction\",\"target\":[\"https:\\\/\\\/www.metalschemicalsgroup.com\\\/sustainability\\\/people\\\/\"]}]},{\"@type\":\"BreadcrumbList\",\"@id\":\"https:\\\/\\\/www.metalschemicalsgroup.com\\\/sustainability\\\/people\\\/#breadcrumb\",\"itemListElement\":[{\"@type\":\"ListItem\",\"position\":1,\"name\":\"Home\",\"item\":\"https:\\\/\\\/www.metalschemicalsgroup.com\\\/partner-in-zinc-lead-mining-chemicals\\\/\"},{\"@type\":\"ListItem\",\"position\":2,\"name\":\"Sustainability\",\"item\":\"https:\\\/\\\/www.metalschemicalsgroup.com\\\/sustainability\\\/\"},{\"@type\":\"ListItem\",\"position\":3,\"name\":\"People\"}]},{\"@type\":\"WebSite\",\"@id\":\"https:\\\/\\\/www.metalschemicalsgroup.com\\\/#website\",\"url\":\"https:\\\/\\\/www.metalschemicalsgroup.com\\\/\",\"name\":\"Metals Chemicals Maastricht\",\"description\":\"Strong in Zinc\",\"potentialAction\":[{\"@type\":\"SearchAction\",\"target\":{\"@type\":\"EntryPoint\",\"urlTemplate\":\"https:\\\/\\\/www.metalschemicalsgroup.com\\\/?s={search_term_string}\"},\"query-input\":{\"@type\":\"PropertyValueSpecification\",\"valueRequired\":true,\"valueName\":\"search_term_string\"}}],\"inLanguage\":\"de\"}]}<\/script>\n<!-- \/ Yoast SEO plugin. -->","yoast_head_json":{"title":"Menschen - Metalle Chemikalien Maastricht","description":"Unsere Mitarbeiter sind unser wertvollstes Kapital und der Schl\u00fcssel zu unserem langfristigen Erfolg als Unternehmen.","robots":{"index":"index","follow":"follow","max-snippet":"max-snippet:-1","max-image-preview":"max-image-preview:large","max-video-preview":"max-video-preview:-1"},"canonical":"https:\/\/www.metalschemicalsgroup.com\/de\/nachhaltigkeit\/menschen\/","og_locale":"de_DE","og_type":"article","og_title":"People - Metals Chemicals Maastricht","og_description":"Our people are our most valuable asset and key to our long-term success as a company.We support and motivate our employees","og_url":"https:\/\/www.metalschemicalsgroup.com\/de\/nachhaltigkeit\/menschen\/","og_site_name":"Metals Chemicals Maastricht","article_modified_time":"2025-07-15T09:43:20+00:00","twitter_card":"summary_large_image","twitter_misc":{"Gesch\u00e4tzte Lesezeit":"1\u00a0Minute"},"schema":{"@context":"https:\/\/schema.org","@graph":[{"@type":"WebPage","@id":"https:\/\/www.metalschemicalsgroup.com\/sustainability\/people\/","url":"https:\/\/www.metalschemicalsgroup.com\/sustainability\/people\/","name":"Menschen - Metalle Chemikalien Maastricht","isPartOf":{"@id":"https:\/\/www.metalschemicalsgroup.com\/#website"},"datePublished":"2022-02-15T08:22:38+00:00","dateModified":"2025-07-15T09:43:20+00:00","description":"Unsere Mitarbeiter sind unser wertvollstes Kapital und der Schl\u00fcssel zu unserem langfristigen Erfolg als Unternehmen.","breadcrumb":{"@id":"https:\/\/www.metalschemicalsgroup.com\/sustainability\/people\/#breadcrumb"},"inLanguage":"de","potentialAction":[{"@type":"ReadAction","target":["https:\/\/www.metalschemicalsgroup.com\/sustainability\/people\/"]}]},{"@type":"BreadcrumbList","@id":"https:\/\/www.metalschemicalsgroup.com\/sustainability\/people\/#breadcrumb","itemListElement":[{"@type":"ListItem","position":1,"name":"Home","item":"https:\/\/www.metalschemicalsgroup.com\/partner-in-zinc-lead-mining-chemicals\/"},{"@type":"ListItem","position":2,"name":"Sustainability","item":"https:\/\/www.metalschemicalsgroup.com\/sustainability\/"},{"@type":"ListItem","position":3,"name":"People"}]},{"@type":"WebSite","@id":"https:\/\/www.metalschemicalsgroup.com\/#website","url":"https:\/\/www.metalschemicalsgroup.com\/","name":"Metals Chemicals Maastricht","description":"Stark in Zink","potentialAction":[{"@type":"SearchAction","target":{"@type":"EntryPoint","urlTemplate":"https:\/\/www.metalschemicalsgroup.com\/?s={search_term_string}"},"query-input":{"@type":"PropertyValueSpecification","valueRequired":true,"valueName":"search_term_string"}}],"inLanguage":"de"}]}},"_links":{"self":[{"href":"https:\/\/www.metalschemicalsgroup.com\/de\/wp-json\/wp\/v2\/pages\/224","targetHints":{"allow":["GET"]}}],"collection":[{"href":"https:\/\/www.metalschemicalsgroup.com\/de\/wp-json\/wp\/v2\/pages"}],"about":[{"href":"https:\/\/www.metalschemicalsgroup.com\/de\/wp-json\/wp\/v2\/types\/page"}],"author":[{"embeddable":true,"href":"https:\/\/www.metalschemicalsgroup.com\/de\/wp-json\/wp\/v2\/users\/1"}],"replies":[{"embeddable":true,"href":"https:\/\/www.metalschemicalsgroup.com\/de\/wp-json\/wp\/v2\/comments?post=224"}],"version-history":[{"count":17,"href":"https:\/\/www.metalschemicalsgroup.com\/de\/wp-json\/wp\/v2\/pages\/224\/revisions"}],"predecessor-version":[{"id":1176,"href":"https:\/\/www.metalschemicalsgroup.com\/de\/wp-json\/wp\/v2\/pages\/224\/revisions\/1176"}],"up":[{"embeddable":true,"href":"https:\/\/www.metalschemicalsgroup.com\/de\/wp-json\/wp\/v2\/pages\/71"}],"wp:attachment":[{"href":"https:\/\/www.metalschemicalsgroup.com\/de\/wp-json\/wp\/v2\/media?parent=224"}],"curies":[{"name":"wp","href":"https:\/\/api.w.org\/{rel}","templated":true}]}}