{"id":227,"date":"2022-02-15T08:26:03","date_gmt":"2022-02-15T08:26:03","guid":{"rendered":"https:\/\/metalschemicals.bonsaidev.nl\/?page_id=227"},"modified":"2024-01-24T11:01:56","modified_gmt":"2024-01-24T11:01:56","slug":"qualitat","status":"publish","type":"page","link":"https:\/\/www.metalschemicalsgroup.com\/de\/sustainability\/quality\/","title":{"rendered":"Qualit\u00e4t"},"content":{"rendered":"<style type=\"text\/css\" data-created_by=\"avia_inline_auto\" id=\"style-css-av-3acsaj-04b6d273be55fb455cc5def04460f0bf\">\n.avia-section.av-3acsaj-04b6d273be55fb455cc5def04460f0bf{\nbackground-repeat:no-repeat;\nbackground-image:url(https:\/\/www.metalschemicalsgroup.com\/wp-content\/uploads\/2022\/02\/Quality-scaled.jpg);\nbackground-position:50% 50%;\nbackground-attachment:scroll;\n}\n<\/style>\n<div id='av_section_1'  class='avia-section av-3acsaj-04b6d273be55fb455cc5def04460f0bf main_color avia-section-default avia-no-border-styling  avia-builder-el-0  el_before_av_section  avia-builder-el-first  avia-full-stretch avia-bg-style-scroll av-minimum-height av-minimum-height-custom av-height-custom  container_wrap fullsize'  data-section-bg-repeat='stretch' data-av_minimum_height_px='580'><div class='container av-section-cont-open' style='height:580px'><main  role=\"main\" itemprop=\"mainContentOfPage\"  class='template-page content  av-content-full alpha units'><div class='post-entry post-entry-type-page post-entry-227'><div class='entry-content-wrapper clearfix'>\n<div  class='flex_column av-b7xub-cf119efc40edf7a421d44fa695110992 av_two_third  avia-builder-el-1  el_before_av_one_third  avia-builder-el-first  first flex_column_div'     ><style type=\"text\/css\" data-created_by=\"avia_inline_auto\" id=\"style-css-av-kznuyo9p-040988f878e7b8efe58253d5560c4db8\">\n#top .av_textblock_section.av-kznuyo9p-040988f878e7b8efe58253d5560c4db8 .avia_textblock{\nfont-size:20px;\ncolor:#ffffff;\n}\n<\/style>\n<section  class='av_textblock_section av-kznuyo9p-040988f878e7b8efe58253d5560c4db8'   itemscope=\"itemscope\" itemtype=\"https:\/\/schema.org\/CreativeWork\" ><div class='avia_textblock heading-content-intro av_inherit_color'  itemprop=\"text\" ><h1><strong>Qualit\u00e4t <\/strong><\/h1>\n<\/div><\/section><\/div><div  class='flex_column av-2u0eyr-712d37eba6bf31508e4ee880ca2688a5 av_one_third  avia-builder-el-3  el_after_av_two_third  avia-builder-el-last  flex_column_div'     ><\/div>\n\n<\/div><\/div><\/main><!-- close content main element --><\/div><\/div><div id='av_section_2'  class='avia-section av-2qmezn-26a7641c20f3e47d804d737eb23b4a97 main_color avia-section-large avia-no-border-styling  avia-builder-el-4  el_after_av_section  el_before_av_section  avia-bg-style-scroll container_wrap fullsize'  ><div class='container av-section-cont-open' ><div class='template-page content  av-content-full alpha units'><div class='post-entry post-entry-type-page post-entry-227'><div class='entry-content-wrapper clearfix'>\n\n<style type=\"text\/css\" data-created_by=\"avia_inline_auto\" id=\"style-css-av-2kaa0z-61ed7b6088d0bdd4854dd8ca2cc06e99\">\n.flex_column.av-2kaa0z-61ed7b6088d0bdd4854dd8ca2cc06e99{\npadding:0 80px 0 0;\n}\n<\/style>\n<div  id=\"content-blok\"  class='flex_column av-2kaa0z-61ed7b6088d0bdd4854dd8ca2cc06e99 av_two_third  avia-builder-el-5  el_before_av_one_third  avia-builder-el-first  first no_margin flex_column_div'     ><p>\n<style type=\"text\/css\" data-created_by=\"avia_inline_auto\" id=\"style-css-av-kznuz1sm-d36f713a63211e0546e340dc77727e7f\">\n#top .av-special-heading.av-kznuz1sm-d36f713a63211e0546e340dc77727e7f{\npadding-bottom:10px;\n}\nbody .av-special-heading.av-kznuz1sm-d36f713a63211e0546e340dc77727e7f .av-special-heading-tag .heading-char{\nfont-size:25px;\n}\n.av-special-heading.av-kznuz1sm-d36f713a63211e0546e340dc77727e7f .av-subheading{\nfont-size:15px;\n}\n<\/style>\n<div  class='av-special-heading av-kznuz1sm-d36f713a63211e0546e340dc77727e7f av-special-heading-h2 blockquote modern-quote  avia-builder-el-6  el_before_av_textblock  avia-builder-el-first'><div class='av-subheading av-subheading_above'><p>MCM<\/p>\n<\/div><h2 class='av-special-heading-tag'  itemprop=\"headline\"  >Qualit\u00e4t<\/h2><div class=\"special-heading-border\"><div class=\"special-heading-inner-border\"><\/div><\/div><\/div><br \/>\n<section  class='av_textblock_section av-kznv00j5-342cc28f67bc9d96b4e15975bd41eca5'   itemscope=\"itemscope\" itemtype=\"https:\/\/schema.org\/CreativeWork\" ><div class='avia_textblock'  itemprop=\"text\" ><p>F\u00fcr MCM ist h\u00f6chste Qualit\u00e4t eine zwingende Voraussetzung, da unsere Materialien die Zwecke unserer Kunden beeinflussen: Recycling, Aufbereitung, Wiederverwendung und\/oder Herstellung von (Halbfertig-)Produkten. Au\u00dferdem betrachten wir unsere Lieferanten als unsere Partner und arbeiten mit ihnen zusammen, um unsere Ziele zu erreichen. Als Partner und Kunde bieten wir Ihnen die h\u00f6chsten Qualit\u00e4tsgrunds\u00e4tze und erwarten das Gleiche von allen, mit denen wir zusammenarbeiten.<\/p>\n<p>Mit der ISO 9001-Zertifizierung stellen wir sicher, dass alle unsere Prozesse nach hohen Qualit\u00e4ts- und Berufsstandards f\u00fcr alle Beteiligten durchgef\u00fchrt werden. Die ISO 9001-Zertifizierung verlangt, dass ein Unternehmen eine schriftliche Dokumentation f\u00fcr alle Prozesse, die ein Produkt oder eine Dienstleistung betreffen, erstellt und den Auditoren oder den Interessengruppen einen dokumentierten Nachweis \u00fcber die Einhaltung der Vorschriften vorlegt.<\/p>\n<p>Nach erfolgreichem Abschluss der ISO-Pr\u00e4zedenzf\u00e4lle wird die Registrierung von einer unabh\u00e4ngigen dritten Organisation erteilt. Der Vorstand von MCM erf\u00fcllt die Anforderungen durch einen j\u00e4hrlichen Management Review.<\/p>\n<p><a href=\"https:\/\/www.metalschemicalsgroup.com\/wp-content\/uploads\/2024\/01\/14274-10ISO-9001-Certificaat-Metals-Chemicals-Maastricht-B.V.-PDF-Engels.pdf\">Laden Sie unser ISO 9001-Zertifikat herunter<\/a><\/p>\n<\/div><\/section><\/p><\/div><div  class='flex_column av-1rsfgz-ee03311639585ceff0c4974e5707f5ba av_one_third  avia-builder-el-8  el_after_av_two_third  avia-builder-el-last  no_margin flex_column_div'     ><div  class='avia-builder-widget-area clearfix  avia-builder-el-9  avia-builder-el-no-sibling'><section id=\"text-6\" class=\"widget clearfix widget_text\"><h3 class=\"widgettitle\">Kontakt<\/h3>\t\t\t<div class=\"textwidget\"><a class=\"mail\" href=\"mailto:info@metalschemicalsgroup.com\">info@metalschemicalsgroup.com<\/a>\r\n<a class=\"tel\" href=\"tel:+31(0)43 362 6500\">+31(0)43 362 6500<\/a><\/div>\n\t\t<span class=\"seperator extralight-border\"><\/span><\/section><\/div><\/div><\/div><\/div><\/div><!-- close content main div --><\/div><\/div><div id='av_section_3'  class='avia-section av-13liuj-5b656d22d226fcfbe572d33ff2925641 alternate_color avia-section-large avia-no-border-styling  avia-builder-el-10  el_after_av_section  avia-builder-el-last  avia-bg-style-scroll container_wrap fullsize'  ><div class='container av-section-cont-open' ><div class='template-page content  av-content-full alpha units'><div class='post-entry post-entry-type-page post-entry-227'><div class='entry-content-wrapper clearfix'>\n<section  class='av_textblock_section av-r7jaj-58ccb36d2ec43d507c70bf776c204ef0'   itemscope=\"itemscope\" itemtype=\"https:\/\/schema.org\/CreativeWork\" ><div class='avia_textblock'  itemprop=\"text\" ><h2>Wir konzentrieren uns auf die folgenden Themen<\/h2>\n<\/div><\/section>\n<div class='flex_column_table av-l1dhg4pz-606eec4118d7d56ee62fba8d621002bc sc-av_one_fourth av-equal-height-column-flextable'>\n<style type=\"text\/css\" data-created_by=\"avia_inline_auto\" id=\"style-css-av-l1dhg4pz-606eec4118d7d56ee62fba8d621002bc\">\n.flex_column.av-l1dhg4pz-606eec4118d7d56ee62fba8d621002bc{\nwidth:24.625%;\nmargin-left:0;\nborder-radius:0px 0px 0px 0px;\npadding:240px 40px 60px 40px;\nbackground:url(https:\/\/www.metalschemicalsgroup.com\/wp-content\/uploads\/2022\/02\/Who-we-are-scaled.jpg) 50% 50% no-repeat scroll ;\n}\n#top .flex_column_table.av-equal-height-column-flextable.av-l1dhg4pz-606eec4118d7d56ee62fba8d621002bc .av-flex-placeholder{\nwidth:0.5%;\n}\n<\/style>\n<div  class='flex_column av-l1dhg4pz-606eec4118d7d56ee62fba8d621002bc av_one_fourth  avia-builder-el-12  el_after_av_textblock  el_before_av_one_fourth  first flex_column_table_cell av-equal-height-column av-align-top avia-full-stretch avia-link-column av-column-link avia-link-column-hover  column-top-margin'    data-link-column-url=\"https:\/\/www.metalschemicalsgroup.com\/de\/sustainability\/people\/\"   ><a class=\"av-screen-reader-only\" href=\"https:\/\/www.metalschemicalsgroup.com\/de\/sustainability\/people\/\" >Link zu: Menschen<\/a><style type=\"text\/css\" data-created_by=\"avia_inline_auto\" id=\"style-css-av-n5knv-b77d9458989c93eb7bcee467f4985d29\">\n#top .av_textblock_section.av-n5knv-b77d9458989c93eb7bcee467f4985d29 .avia_textblock{\ncolor:#ffffff;\n}\n<\/style>\n<section  class='av_textblock_section av-n5knv-b77d9458989c93eb7bcee467f4985d29'   itemscope=\"itemscope\" itemtype=\"https:\/\/schema.org\/CreativeWork\" ><div class='avia_textblock categorie-blokken av_inherit_color'  itemprop=\"text\" ><p><span class=\"subtitel\">unser<\/span><\/p>\n<h2>Menschen<\/h2>\n<\/div><\/section><\/div><div class='av-flex-placeholder'><\/div>\n<style type=\"text\/css\" data-created_by=\"avia_inline_auto\" id=\"style-css-av-l1dhggg7-0c182d80f0932018bef4875d6841ecf1\">\n.flex_column.av-l1dhggg7-0c182d80f0932018bef4875d6841ecf1{\nwidth:24.625%;\nmargin-left:0;\nborder-radius:0px 0px 0px 0px;\npadding:240px 40px 60px 40px;\nbackground:url(https:\/\/www.metalschemicalsgroup.com\/wp-content\/uploads\/2022\/02\/Environment.jpg) 50% 50% no-repeat scroll ;\n}\n#top .flex_column_table.av-equal-height-column-flextable.av-l1dhggg7-0c182d80f0932018bef4875d6841ecf1 .av-flex-placeholder{\nwidth:0.5%;\n}\n<\/style>\n<div  class='flex_column av-l1dhggg7-0c182d80f0932018bef4875d6841ecf1 av_one_fourth  avia-builder-el-14  el_after_av_one_fourth  el_before_av_one_fourth  categorie-blokken flex_column_table_cell av-equal-height-column av-align-top avia-full-stretch avia-link-column av-column-link avia-link-column-hover  column-top-margin'    data-link-column-url=\"https:\/\/www.metalschemicalsgroup.com\/de\/sustainability\/environment\/\"   ><a class=\"av-screen-reader-only\" href=\"https:\/\/www.metalschemicalsgroup.com\/de\/sustainability\/environment\/\" >Link zu: Umwelt<\/a><style type=\"text\/css\" data-created_by=\"avia_inline_auto\" id=\"style-css-av-glts3-9575c613e88126d4799a025132b86f75\">\n#top .av_textblock_section.av-glts3-9575c613e88126d4799a025132b86f75 .avia_textblock{\ncolor:#ffffff;\n}\n<\/style>\n<section  class='av_textblock_section av-glts3-9575c613e88126d4799a025132b86f75'   itemscope=\"itemscope\" itemtype=\"https:\/\/schema.org\/CreativeWork\" ><div class='avia_textblock av_inherit_color'  itemprop=\"text\" ><p><span class=\"subtitel\">Unser<\/span><\/p>\n<h2>Umwelt<\/h2>\n<\/div><\/section><\/div><div class='av-flex-placeholder'><\/div>\n<style type=\"text\/css\" data-created_by=\"avia_inline_auto\" id=\"style-css-av-l1dhglaq-55f6b3ea4a60e7fe0bde7f47e3d0234c\">\n.flex_column.av-l1dhglaq-55f6b3ea4a60e7fe0bde7f47e3d0234c{\nwidth:24.625%;\nmargin-left:0;\nborder-radius:0px 0px 0px 0px;\npadding:240px 40px 60px 40px;\nbackground:url(https:\/\/www.metalschemicalsgroup.com\/wp-content\/uploads\/2022\/02\/Safety.jpg) 50% 50% no-repeat scroll ;\n}\n#top .flex_column_table.av-equal-height-column-flextable.av-l1dhglaq-55f6b3ea4a60e7fe0bde7f47e3d0234c .av-flex-placeholder{\nwidth:0.5%;\n}\n<\/style>\n<div  class='flex_column av-l1dhglaq-55f6b3ea4a60e7fe0bde7f47e3d0234c av_one_fourth  avia-builder-el-16  el_after_av_one_fourth  el_before_av_one_fourth  categorie-blokken flex_column_table_cell av-equal-height-column av-align-top avia-full-stretch avia-link-column av-column-link avia-link-column-hover  column-top-margin'    data-link-column-url=\"https:\/\/www.metalschemicalsgroup.com\/de\/sustainability\/prevention-and-safety\/\"   ><a class=\"av-screen-reader-only\" href=\"https:\/\/www.metalschemicalsgroup.com\/de\/sustainability\/prevention-and-safety\/\" >Link zu: Pr\u00e4vention und Sicherheit<\/a><style type=\"text\/css\" data-created_by=\"avia_inline_auto\" id=\"style-css-av-9lkrf-7ec5dbccab085d9a82b6df25a5c186e8\">\n#top .av_textblock_section.av-9lkrf-7ec5dbccab085d9a82b6df25a5c186e8 .avia_textblock{\ncolor:#ffffff;\n}\n<\/style>\n<section  class='av_textblock_section av-9lkrf-7ec5dbccab085d9a82b6df25a5c186e8'   itemscope=\"itemscope\" itemtype=\"https:\/\/schema.org\/CreativeWork\" ><div class='avia_textblock av_inherit_color'  itemprop=\"text\" ><p><span class=\"subtitel\">Unser<\/span><\/p>\n<h2>Pr\u00e4vention und Sicherheit<\/h2>\n<\/div><\/section><\/div><div class='av-flex-placeholder'><\/div>\n<style type=\"text\/css\" data-created_by=\"avia_inline_auto\" id=\"style-css-av-lbm96a6y-f6b78633a8ddd2a1d5287640a58ad4f1\">\n.flex_column.av-lbm96a6y-f6b78633a8ddd2a1d5287640a58ad4f1{\nwidth:24.625%;\nmargin-left:0;\nborder-radius:0px 0px 0px 0px;\npadding:240px 40px 60px 40px;\nbackground:url(https:\/\/www.metalschemicalsgroup.com\/wp-content\/uploads\/2022\/12\/20210601-MCM-HQ-005-1-scaled.jpg) 50% 50% no-repeat scroll ;\n}\n#top .flex_column_table.av-equal-height-column-flextable.av-lbm96a6y-f6b78633a8ddd2a1d5287640a58ad4f1 .av-flex-placeholder{\nwidth:0.5%;\n}\n<\/style>\n<div  class='flex_column av-lbm96a6y-f6b78633a8ddd2a1d5287640a58ad4f1 av_one_fourth  avia-builder-el-18  el_after_av_one_fourth  avia-builder-el-last  categorie-blokken flex_column_table_cell av-equal-height-column av-align-top avia-full-stretch avia-link-column av-column-link avia-link-column-hover  column-top-margin'    data-link-column-url=\"https:\/\/www.metalschemicalsgroup.com\/de\/sustainability\/community-involvement\/\"   ><a class=\"av-screen-reader-only\" href=\"https:\/\/www.metalschemicalsgroup.com\/de\/sustainability\/community-involvement\/\" >Link zu: Engagement der Gemeinschaft<\/a><style type=\"text\/css\" data-created_by=\"avia_inline_auto\" id=\"style-css-av-lbm95vp3-a57b5464cc7d121d9072eb284b817da7\">\n#top .av_textblock_section.av-lbm95vp3-a57b5464cc7d121d9072eb284b817da7 .avia_textblock{\ncolor:#ffffff;\n}\n<\/style>\n<section  class='av_textblock_section av-lbm95vp3-a57b5464cc7d121d9072eb284b817da7'   itemscope=\"itemscope\" itemtype=\"https:\/\/schema.org\/CreativeWork\" ><div class='avia_textblock av_inherit_color'  itemprop=\"text\" ><p><span class=\"subtitel\">Unser<\/span><\/p>\n<h2>Engagement der Gemeinschaft<\/h2>\n<\/div><\/section><\/div><\/div><!--close column table wrapper. Autoclose: 1 -->\n<\/p>","protected":false},"excerpt":{"rendered":"","protected":false},"author":1,"featured_media":0,"parent":71,"menu_order":0,"comment_status":"closed","ping_status":"closed","template":"","meta":{"_monsterinsights_skip_tracking":false,"_monsterinsights_sitenote_active":false,"_monsterinsights_sitenote_note":"","_monsterinsights_sitenote_category":0,"footnotes":""},"class_list":["post-227","page","type-page","status-publish","hentry"],"yoast_head":"<!-- This site is optimized with the Yoast SEO plugin v27.3 - https:\/\/yoast.com\/product\/yoast-seo-wordpress\/ -->\n<title>Quality - Metals Chemicals Maastricht<\/title>\n<meta name=\"description\" content=\"For MCM the highest quality is a mandatory requirement as our materials influence the purposes of our clients: recycling, regeneration, reuse\" \/>\n<meta name=\"robots\" content=\"index, follow, max-snippet:-1, max-image-preview:large, max-video-preview:-1\" \/>\n<link rel=\"canonical\" href=\"https:\/\/www.metalschemicalsgroup.com\/de\/nachhaltigkeit\/qualitat\/\" \/>\n<meta property=\"og:locale\" content=\"de_DE\" \/>\n<meta property=\"og:type\" content=\"article\" \/>\n<meta property=\"og:title\" content=\"Quality - Metals Chemicals Maastricht\" \/>\n<meta property=\"og:description\" content=\"For MCM the highest quality is a mandatory requirement as our materials influence the purposes of our clients: recycling, regeneration, reuse\" \/>\n<meta property=\"og:url\" content=\"https:\/\/www.metalschemicalsgroup.com\/de\/nachhaltigkeit\/qualitat\/\" \/>\n<meta property=\"og:site_name\" content=\"Metals Chemicals Maastricht\" \/>\n<meta property=\"article:modified_time\" content=\"2024-01-24T11:01:56+00:00\" \/>\n<meta name=\"twitter:card\" content=\"summary_large_image\" \/>\n<meta name=\"twitter:label1\" content=\"Gesch\u00e4tzte Lesezeit\" \/>\n\t<meta name=\"twitter:data1\" content=\"1\u00a0Minute\" \/>\n<script type=\"application\/ld+json\" class=\"yoast-schema-graph\">{\"@context\":\"https:\\\/\\\/schema.org\",\"@graph\":[{\"@type\":\"WebPage\",\"@id\":\"https:\\\/\\\/www.metalschemicalsgroup.com\\\/sustainability\\\/quality\\\/\",\"url\":\"https:\\\/\\\/www.metalschemicalsgroup.com\\\/sustainability\\\/quality\\\/\",\"name\":\"Quality - Metals Chemicals Maastricht\",\"isPartOf\":{\"@id\":\"https:\\\/\\\/www.metalschemicalsgroup.com\\\/#website\"},\"datePublished\":\"2022-02-15T08:26:03+00:00\",\"dateModified\":\"2024-01-24T11:01:56+00:00\",\"description\":\"For MCM the highest quality is a mandatory requirement as our materials influence the purposes of our clients: recycling, regeneration, reuse\",\"breadcrumb\":{\"@id\":\"https:\\\/\\\/www.metalschemicalsgroup.com\\\/sustainability\\\/quality\\\/#breadcrumb\"},\"inLanguage\":\"de\",\"potentialAction\":[{\"@type\":\"ReadAction\",\"target\":[\"https:\\\/\\\/www.metalschemicalsgroup.com\\\/sustainability\\\/quality\\\/\"]}]},{\"@type\":\"BreadcrumbList\",\"@id\":\"https:\\\/\\\/www.metalschemicalsgroup.com\\\/sustainability\\\/quality\\\/#breadcrumb\",\"itemListElement\":[{\"@type\":\"ListItem\",\"position\":1,\"name\":\"Home\",\"item\":\"https:\\\/\\\/www.metalschemicalsgroup.com\\\/partner-in-zinc-lead-mining-chemicals\\\/\"},{\"@type\":\"ListItem\",\"position\":2,\"name\":\"Sustainability\",\"item\":\"https:\\\/\\\/www.metalschemicalsgroup.com\\\/sustainability\\\/\"},{\"@type\":\"ListItem\",\"position\":3,\"name\":\"Quality\"}]},{\"@type\":\"WebSite\",\"@id\":\"https:\\\/\\\/www.metalschemicalsgroup.com\\\/#website\",\"url\":\"https:\\\/\\\/www.metalschemicalsgroup.com\\\/\",\"name\":\"Metals Chemicals Maastricht\",\"description\":\"Strong in Zinc\",\"potentialAction\":[{\"@type\":\"SearchAction\",\"target\":{\"@type\":\"EntryPoint\",\"urlTemplate\":\"https:\\\/\\\/www.metalschemicalsgroup.com\\\/?s={search_term_string}\"},\"query-input\":{\"@type\":\"PropertyValueSpecification\",\"valueRequired\":true,\"valueName\":\"search_term_string\"}}],\"inLanguage\":\"de\"}]}<\/script>\n<!-- \/ Yoast SEO plugin. -->","yoast_head_json":{"title":"Qualit\u00e4t - Metalle Chemikalien Maastricht","description":"F\u00fcr MCM ist h\u00f6chste Qualit\u00e4t eine zwingende Voraussetzung, da unsere Materialien die Ziele unserer Kunden beeinflussen: Recycling, Regeneration, Wiederverwendung","robots":{"index":"index","follow":"follow","max-snippet":"max-snippet:-1","max-image-preview":"max-image-preview:large","max-video-preview":"max-video-preview:-1"},"canonical":"https:\/\/www.metalschemicalsgroup.com\/de\/nachhaltigkeit\/qualitat\/","og_locale":"de_DE","og_type":"article","og_title":"Quality - Metals Chemicals Maastricht","og_description":"For MCM the highest quality is a mandatory requirement as our materials influence the purposes of our clients: recycling, regeneration, reuse","og_url":"https:\/\/www.metalschemicalsgroup.com\/de\/nachhaltigkeit\/qualitat\/","og_site_name":"Metals Chemicals Maastricht","article_modified_time":"2024-01-24T11:01:56+00:00","twitter_card":"summary_large_image","twitter_misc":{"Gesch\u00e4tzte Lesezeit":"1\u00a0Minute"},"schema":{"@context":"https:\/\/schema.org","@graph":[{"@type":"WebPage","@id":"https:\/\/www.metalschemicalsgroup.com\/sustainability\/quality\/","url":"https:\/\/www.metalschemicalsgroup.com\/sustainability\/quality\/","name":"Qualit\u00e4t - Metalle Chemikalien Maastricht","isPartOf":{"@id":"https:\/\/www.metalschemicalsgroup.com\/#website"},"datePublished":"2022-02-15T08:26:03+00:00","dateModified":"2024-01-24T11:01:56+00:00","description":"F\u00fcr MCM ist h\u00f6chste Qualit\u00e4t eine zwingende Voraussetzung, da unsere Materialien die Ziele unserer Kunden beeinflussen: Recycling, Regeneration, Wiederverwendung","breadcrumb":{"@id":"https:\/\/www.metalschemicalsgroup.com\/sustainability\/quality\/#breadcrumb"},"inLanguage":"de","potentialAction":[{"@type":"ReadAction","target":["https:\/\/www.metalschemicalsgroup.com\/sustainability\/quality\/"]}]},{"@type":"BreadcrumbList","@id":"https:\/\/www.metalschemicalsgroup.com\/sustainability\/quality\/#breadcrumb","itemListElement":[{"@type":"ListItem","position":1,"name":"Home","item":"https:\/\/www.metalschemicalsgroup.com\/partner-in-zinc-lead-mining-chemicals\/"},{"@type":"ListItem","position":2,"name":"Sustainability","item":"https:\/\/www.metalschemicalsgroup.com\/sustainability\/"},{"@type":"ListItem","position":3,"name":"Quality"}]},{"@type":"WebSite","@id":"https:\/\/www.metalschemicalsgroup.com\/#website","url":"https:\/\/www.metalschemicalsgroup.com\/","name":"Metals Chemicals Maastricht","description":"Stark in Zink","potentialAction":[{"@type":"SearchAction","target":{"@type":"EntryPoint","urlTemplate":"https:\/\/www.metalschemicalsgroup.com\/?s={search_term_string}"},"query-input":{"@type":"PropertyValueSpecification","valueRequired":true,"valueName":"search_term_string"}}],"inLanguage":"de"}]}},"_links":{"self":[{"href":"https:\/\/www.metalschemicalsgroup.com\/de\/wp-json\/wp\/v2\/pages\/227","targetHints":{"allow":["GET"]}}],"collection":[{"href":"https:\/\/www.metalschemicalsgroup.com\/de\/wp-json\/wp\/v2\/pages"}],"about":[{"href":"https:\/\/www.metalschemicalsgroup.com\/de\/wp-json\/wp\/v2\/types\/page"}],"author":[{"embeddable":true,"href":"https:\/\/www.metalschemicalsgroup.com\/de\/wp-json\/wp\/v2\/users\/1"}],"replies":[{"embeddable":true,"href":"https:\/\/www.metalschemicalsgroup.com\/de\/wp-json\/wp\/v2\/comments?post=227"}],"version-history":[{"count":13,"href":"https:\/\/www.metalschemicalsgroup.com\/de\/wp-json\/wp\/v2\/pages\/227\/revisions"}],"predecessor-version":[{"id":1516,"href":"https:\/\/www.metalschemicalsgroup.com\/de\/wp-json\/wp\/v2\/pages\/227\/revisions\/1516"}],"up":[{"embeddable":true,"href":"https:\/\/www.metalschemicalsgroup.com\/de\/wp-json\/wp\/v2\/pages\/71"}],"wp:attachment":[{"href":"https:\/\/www.metalschemicalsgroup.com\/de\/wp-json\/wp\/v2\/media?parent=227"}],"curies":[{"name":"wp","href":"https:\/\/api.w.org\/{rel}","templated":true}]}}