{"id":93,"date":"2022-01-24T10:49:04","date_gmt":"2022-01-24T10:49:04","guid":{"rendered":"https:\/\/metalschemicals.bonsaidev.nl\/?page_id=93"},"modified":"2025-02-06T14:20:21","modified_gmt":"2025-02-06T13:20:21","slug":"uber-uns","status":"publish","type":"page","link":"https:\/\/www.metalschemicalsgroup.com\/de\/about-us\/","title":{"rendered":"\u00dcber uns"},"content":{"rendered":"<style type=\"text\/css\" data-created_by=\"avia_inline_auto\" id=\"style-css-av-gmu5-cea1562ba6e148559aaa9e9d43bc6381\">\n.avia-section.av-gmu5-cea1562ba6e148559aaa9e9d43bc6381{\nbackground-repeat:no-repeat;\nbackground-image:url(https:\/\/www.metalschemicalsgroup.com\/wp-content\/uploads\/2022\/02\/About-MCM.jpg);\nbackground-position:50% 50%;\nbackground-attachment:scroll;\n}\n.avia-section.av-gmu5-cea1562ba6e148559aaa9e9d43bc6381 .av-section-color-overlay{\nopacity:0.1;\nbackground-color:#000000;\n}\n<\/style>\n<div id='av_section_1'  class='avia-section av-gmu5-cea1562ba6e148559aaa9e9d43bc6381 main_color avia-section-default avia-no-border-styling  avia-builder-el-0  el_before_av_section  avia-builder-el-first  avia-full-stretch avia-bg-style-scroll av-section-color-overlay-active av-minimum-height av-minimum-height-custom av-height-custom  container_wrap fullsize'  data-section-bg-repeat='stretch' data-av_minimum_height_px='580'><div class=\"av-section-color-overlay-wrap\"><div class=\"av-section-color-overlay\"><\/div><div class='container av-section-cont-open' style='height:580px'><main  role=\"main\" itemprop=\"mainContentOfPage\"  class='template-page content  av-content-full alpha units'><div class='post-entry post-entry-type-page post-entry-93'><div class='entry-content-wrapper clearfix'>\n<div  class='flex_column av-41x5p-2d26e2ba00f07a64a2835531b42173ae av_two_third  avia-builder-el-1  el_before_av_one_third  avia-builder-el-first  first flex_column_div'     ><style type=\"text\/css\" data-created_by=\"avia_inline_auto\" id=\"style-css-av-kzmjquul-616992a2f620428b789ba48e17046153\">\n#top .av_textblock_section.av-kzmjquul-616992a2f620428b789ba48e17046153 .avia_textblock{\nfont-size:20px;\ncolor:#ffffff;\n}\n<\/style>\n<section  class='av_textblock_section av-kzmjquul-616992a2f620428b789ba48e17046153'   itemscope=\"itemscope\" itemtype=\"https:\/\/schema.org\/CreativeWork\" ><div class='avia_textblock heading-content-intro av_inherit_color'  itemprop=\"text\" ><h1>\u00dcber uns<\/h1>\n<p>Metals Chemicals Maastricht BV (MCM) wurde 1993 gegr\u00fcndet und hat sich zu einem der weltweit f\u00fchrenden Handels- und Recyclingunternehmen f\u00fcr Zink- und Bleir\u00fcckst\u00e4nde entwickelt.<\/p>\n<\/div><\/section><\/div><div  class='flex_column av-36mb1-48302f9756eef33045afcd5fa798040d av_one_third  avia-builder-el-3  el_after_av_two_third  avia-builder-el-last  flex_column_div'     ><\/div>\n\n<\/div><\/div><\/main><!-- close content main element --><\/div><\/div><\/div><div id='av_section_2'  class='avia-section av-6yud-4cc24c831b82a36fafab985e83910878 main_color avia-section-large avia-no-border-styling  avia-builder-el-4  el_after_av_section  el_before_av_section  avia-bg-style-scroll container_wrap fullsize'  ><div class='container av-section-cont-open' ><div class='template-page content  av-content-full alpha units'><div class='post-entry post-entry-type-page post-entry-93'><div class='entry-content-wrapper clearfix'>\n\n<style type=\"text\/css\" data-created_by=\"avia_inline_auto\" id=\"style-css-av-1hyth-03ccaef9a78fa23f846e1fe286e4144d\">\n.flex_column.av-1hyth-03ccaef9a78fa23f846e1fe286e4144d{\npadding:0 80px 0 0;\n}\n<\/style>\n<div  id=\"content-blok\"  class='flex_column av-1hyth-03ccaef9a78fa23f846e1fe286e4144d av_one_half  avia-builder-el-5  el_before_av_one_half  avia-builder-el-first  first no_margin flex_column_div'     ><div  class='avia-slideshow av-kzojv06o-bfb69ad18e890ad2bbe89216e4f84aa5 avia-slideshow-no scaling av_slideshow avia-slide-slider  avia-builder-el-6  avia-builder-el-no-sibling  av-slideshow-ui av-control-default av-slideshow-autoplay av-loop-endless av-loop-manual-endless av-default-height-applied avia-slideshow-1' data-slideshow-options=\"{&quot;animation&quot;:&quot;slide&quot;,&quot;autoplay&quot;:true,&quot;loop_autoplay&quot;:&quot;endless&quot;,&quot;interval&quot;:5,&quot;loop_manual&quot;:&quot;manual-endless&quot;,&quot;autoplay_stopper&quot;:false,&quot;noNavigation&quot;:false,&quot;bg_slider&quot;:false,&quot;keep_padding&quot;:false,&quot;hoverpause&quot;:false,&quot;show_slide_delay&quot;:0}\"  itemprop=\"image\" itemscope=\"itemscope\" itemtype=\"https:\/\/schema.org\/ImageObject\" ><ul class='avia-slideshow-inner' style='padding-bottom: 66.5234375%;'><li  class='avia-slideshow-slide av-kzojv06o-bfb69ad18e890ad2bbe89216e4f84aa5__0  av-single-slide slide-1 slide-odd'><div data-rel='slideshow-1' class='avia-slide-wrap'   ><img decoding=\"async\" fetchpriority=\"high\" class=\"wp-image-1608 avia-img-lazy-loading-not-1608\"  src=\"https:\/\/www.metalschemicalsgroup.com\/wp-content\/uploads\/2025\/02\/2015.148214-scaled.jpg\" width=\"2560\" height=\"1703\" title='Maastricht' alt=''  itemprop=\"thumbnailUrl\" srcset=\"https:\/\/www.metalschemicalsgroup.com\/wp-content\/uploads\/2025\/02\/2015.148214-scaled.jpg 2560w, https:\/\/www.metalschemicalsgroup.com\/wp-content\/uploads\/2025\/02\/2015.148214-300x200.jpg 300w, https:\/\/www.metalschemicalsgroup.com\/wp-content\/uploads\/2025\/02\/2015.148214-1030x685.jpg 1030w, https:\/\/www.metalschemicalsgroup.com\/wp-content\/uploads\/2025\/02\/2015.148214-768x511.jpg 768w, https:\/\/www.metalschemicalsgroup.com\/wp-content\/uploads\/2025\/02\/2015.148214-1536x1022.jpg 1536w, https:\/\/www.metalschemicalsgroup.com\/wp-content\/uploads\/2025\/02\/2015.148214-2048x1363.jpg 2048w, https:\/\/www.metalschemicalsgroup.com\/wp-content\/uploads\/2025\/02\/2015.148214-18x12.jpg 18w, https:\/\/www.metalschemicalsgroup.com\/wp-content\/uploads\/2025\/02\/2015.148214-1500x998.jpg 1500w, https:\/\/www.metalschemicalsgroup.com\/wp-content\/uploads\/2025\/02\/2015.148214-705x469.jpg 705w\" sizes=\"(max-width: 2560px) 100vw, 2560px\" \/><\/div><\/li><\/ul><\/div><\/div>\n<style type=\"text\/css\" data-created_by=\"avia_inline_auto\" id=\"style-css-av-t6dp-ccf98667740c400f27b82bfcbe72b1a6\">\n.flex_column.av-t6dp-ccf98667740c400f27b82bfcbe72b1a6{\npadding:0 80px 0 0;\n}\n<\/style>\n<div  id=\"content-blok\"  class='flex_column av-t6dp-ccf98667740c400f27b82bfcbe72b1a6 av_one_half  avia-builder-el-7  el_after_av_one_half  avia-builder-el-last  no_margin flex_column_div'     ><p>\n<style type=\"text\/css\" data-created_by=\"avia_inline_auto\" id=\"style-css-av-kzmjrn30-ff714dbd12e5931e45cb29b54090fa65\">\n#top .av-special-heading.av-kzmjrn30-ff714dbd12e5931e45cb29b54090fa65{\npadding-bottom:10px;\n}\nbody .av-special-heading.av-kzmjrn30-ff714dbd12e5931e45cb29b54090fa65 .av-special-heading-tag .heading-char{\nfont-size:25px;\n}\n.av-special-heading.av-kzmjrn30-ff714dbd12e5931e45cb29b54090fa65 .av-subheading{\nfont-size:15px;\n}\n<\/style>\n<div  class='av-special-heading av-kzmjrn30-ff714dbd12e5931e45cb29b54090fa65 av-special-heading-h2 blockquote modern-quote  avia-builder-el-8  el_before_av_textblock  avia-builder-el-first'><div class='av-subheading av-subheading_above'><p>Metals Chemicals Maastricht<\/p>\n<\/div><h2 class='av-special-heading-tag'  itemprop=\"headline\"  >wer wir sind<\/h2><div class=\"special-heading-border\"><div class=\"special-heading-inner-border\"><\/div><\/div><\/div><br \/>\n\n<style type=\"text\/css\" data-created_by=\"avia_inline_auto\" id=\"style-css-av-kzmjrx16-a219cfd02ae5a4b823ef84f2a2bee147\">\n#top .av_textblock_section.av-kzmjrx16-a219cfd02ae5a4b823ef84f2a2bee147 .avia_textblock{\nfont-size:16px;\n}\n<\/style>\n<section  class='av_textblock_section av-kzmjrx16-a219cfd02ae5a4b823ef84f2a2bee147'   itemscope=\"itemscope\" itemtype=\"https:\/\/schema.org\/CreativeWork\" ><div class='avia_textblock'  itemprop=\"text\" ><p>Alles begann 1993, als Ludi Berkhof (auf dem Bild links) beschloss, ein neues Unternehmen in der Zinkindustrie zu gr\u00fcnden: Metals Chemicals Maastricht BV (MCM). Er hatte viele Jahre Erfahrung im Zink- und Nichteisenmetallgesch\u00e4ft bei Maastrichtsche Zinkwit Maatschappij (NL) und Union Mini\u00e8re\/Umicore (BE) gesammelt.<\/p>\n<p>Mitte 1997 kam Ruud Stessen (rechts im Bild), der zuvor mit Ludi bei Zinkwit gearbeitet hatte, zu MCM. Gemeinsam sammelten sie umfangreiche Erfahrungen im Umgang mit Zink und zinkhaltigen Materialien. Zu Beginn des neuen Jahrtausends wurde Ruud Stessen Teilhaber, was es beiden Inhabern erm\u00f6glichte, ihren Beitrag zum weiteren Wachstum des Unternehmens zu leisten.<\/p>\n<p>Heute k\u00f6nnen sie mit Stolz sagen, dass sie seit 30 Jahren im Gesch\u00e4ft sind und sich zu einem erfolgreichen Unternehmen entwickelt haben, auf das das gesamte MCM-Team wirklich stolz ist.<\/p>\n<\/div><\/section><br \/>\n\n<style type=\"text\/css\" data-created_by=\"avia_inline_auto\" id=\"style-css-av-l16dviyy-c78246fdc24fb337aed1789bd66ca7f3\">\n#top .av_textblock_section.av-l16dviyy-c78246fdc24fb337aed1789bd66ca7f3 .avia_textblock{\nfont-size:16px;\n}\n<\/style>\n<section  class='av_textblock_section av-l16dviyy-c78246fdc24fb337aed1789bd66ca7f3'   itemscope=\"itemscope\" itemtype=\"https:\/\/schema.org\/CreativeWork\" ><div class='avia_textblock'  itemprop=\"text\" ><p><span style=\"font-weight: 400;\"><div class=\"show_more\"><p class=\"wpsm-show\" style=\"color: #cc0000; font-size: 100%; text-align: left;\"> Mehr lesen<\/p><div class=\"wpsm-content\"><\/span><\/p>\n<p>Heute besch\u00e4ftigt sich MCM haupts\u00e4chlich mit der Sammlung, Lagerung, Verarbeitung und dem Transport von Reststoffen zu unseren Kunden in der ganzen Welt.<\/p>\n<p>Diese R\u00fcckst\u00e4nde werden als Sekund\u00e4rrohstoffe f\u00fcr die Herstellung von Zinkmetall, Zinkoxid und anderen zink- oder bleihaltigen Rohstoffen und Halbfertigerzeugnissen verwendet.<\/p>\n<p>Dar\u00fcber hinaus ist MCM seit 2015 auch ein Anbieter von Bergbaureagenzien. Unser Portfolio und unsere Expertise helfen unseren Kunden in der Bergbauindustrie bei der Gewinnung von Grund- und Edelmetallen wie Zink, Kupfer und Gold. Wir versorgen die Minen mit qualitativ hochwertigen Chemikalien und einer konsistenten Lieferung, um ihren kontinuierlichen Betrieb zu gew\u00e4hrleisten.<\/p>\n<p>Durch unser eigenes Labor und Lager schaffen wir einen Mehrwert f\u00fcr unsere Gesch\u00e4ftspartner. Auch mit unserem breiten Wissen und unserer Expertise in Bezug auf internationale Logistik- und Meldeprozesse bieten wir unseren Kunden viele Vorteile, die eine effiziente und professionelle Zusammenarbeit erm\u00f6glichen.<\/p>\n<p><span style=\"font-weight: 400;\"> <p class=\"wpsm-hide\" style=\"color: #cc0000; font-size: 100%; text-align: left;\"> Weniger lesen<\/p><\/div><\/div><\/span><\/p>\n<\/div><\/section><br \/>\n\n<style type=\"text\/css\" data-created_by=\"avia_inline_auto\" id=\"style-css-av-kzojwo51-3f1ebb085a8db5a09c01d471c209e283\">\n#top .hr.hr-invisible.av-kzojwo51-3f1ebb085a8db5a09c01d471c209e283{\nheight:80px;\n}\n<\/style>\n<div  class='hr av-kzojwo51-3f1ebb085a8db5a09c01d471c209e283 hr-invisible  avia-builder-el-11  el_after_av_textblock  avia-builder-el-last'><span class='hr-inner'><span class=\"hr-inner-style\"><\/span><\/span><\/div><\/p><\/div><\/div><\/div><\/div><!-- close content main div --><\/div><\/div>\n<style type=\"text\/css\" data-created_by=\"avia_inline_auto\" id=\"style-css-av-5j2l1-9c4657cd1b7fea49ae05e39cda2e5411\">\n.avia-section.av-5j2l1-9c4657cd1b7fea49ae05e39cda2e5411{\nmargin-top:-160px;\nmargin-bottom:0px;\n}\n<\/style>\n<div id='av_section_3'  class='avia-section av-5j2l1-9c4657cd1b7fea49ae05e39cda2e5411 alternate_color avia-section-default avia-no-border-styling  avia-builder-el-12  el_after_av_section  el_before_av_one_full  avia-bg-style-scroll container_wrap fullsize'  ><div class='container av-section-cont-open' ><div class='template-page content  av-content-full alpha units'><div class='post-entry post-entry-type-page post-entry-93'><div class='entry-content-wrapper clearfix'>\n\n<style type=\"text\/css\" data-created_by=\"avia_inline_auto\" id=\"style-css-av-4vl7p-481914fc3602c636dc44c57daa28d96c\">\n#top .hr.hr-invisible.av-4vl7p-481914fc3602c636dc44c57daa28d96c{\nheight:100px;\n}\n<\/style>\n<div  class='hr av-4vl7p-481914fc3602c636dc44c57daa28d96c hr-invisible  avia-builder-el-13  el_before_av_one_third  avia-builder-el-first  av-small-hide av-mini-hide'><span class='hr-inner'><span class=\"hr-inner-style\"><\/span><\/span><\/div>\n<div class='flex_column_table av-7b41-5d56a3ca09a9bdc91f98759d8db5b4b3 sc-av_one_third av-equal-height-column-flextable'>\n<style type=\"text\/css\" data-created_by=\"avia_inline_auto\" id=\"style-css-av-7b41-5d56a3ca09a9bdc91f98759d8db5b4b3\">\n.flex_column.av-7b41-5d56a3ca09a9bdc91f98759d8db5b4b3{\nwidth:33%;\nmargin-left:0;\nborder-radius:0px 0px 0px 0px;\npadding:240px 40px 60px 40px;\nbackground:url(https:\/\/www.metalschemicalsgroup.com\/wp-content\/uploads\/2022\/02\/Mission-V-scaled.jpg) 50% 50% no-repeat scroll ;\n}\n#top .flex_column_table.av-equal-height-column-flextable.av-7b41-5d56a3ca09a9bdc91f98759d8db5b4b3 .av-flex-placeholder{\nwidth:0.5%;\n}\n<\/style>\n<div  class='flex_column av-7b41-5d56a3ca09a9bdc91f98759d8db5b4b3 av_one_third  avia-builder-el-14  el_after_av_hr  el_before_av_one_third  categorie-blokken first flex_column_table_cell av-equal-height-column av-align-top avia-full-stretch avia-link-column av-column-link avia-link-column-hover'    data-link-column-url=\"https:\/\/www.metalschemicalsgroup.com\/de\/about-us\/\"   ><a class=\"av-screen-reader-only\" href=\"https:\/\/www.metalschemicalsgroup.com\/de\/about-us\/\" >Link zu: \u00dcber uns<\/a><style type=\"text\/css\" data-created_by=\"avia_inline_auto\" id=\"style-css-av-1gl4l-3eafe0f79e0d20018d3820d49c49f628\">\n#top .av_textblock_section.av-1gl4l-3eafe0f79e0d20018d3820d49c49f628 .avia_textblock{\ncolor:#ffffff;\n}\n<\/style>\n<section  class='av_textblock_section av-1gl4l-3eafe0f79e0d20018d3820d49c49f628'   itemscope=\"itemscope\" itemtype=\"https:\/\/schema.org\/CreativeWork\" ><div class='avia_textblock av_inherit_color'  itemprop=\"text\" ><h2><\/h2>\n<h2><\/h2>\n<h2><b><span lang=\"EN-GB\">\u00dcber uns<br \/>\n<\/span><\/b><\/h2>\n<\/div><\/section><\/div><div class='av-flex-placeholder'><\/div>\n<style type=\"text\/css\" data-created_by=\"avia_inline_auto\" id=\"style-css-av-bsu9-2a14e023603e0e24992d7f8ace1a13b5\">\n.flex_column.av-bsu9-2a14e023603e0e24992d7f8ace1a13b5{\nwidth:33%;\nmargin-left:0;\nborder-radius:0px 0px 0px 0px;\npadding:240px 40px 60px 40px;\nbackground:url(https:\/\/www.metalschemicalsgroup.com\/wp-content\/uploads\/2022\/04\/20210601-MCM-HQ-009-scaled.jpg) 50% 50% no-repeat scroll ;\n}\n#top .flex_column_table.av-equal-height-column-flextable.av-bsu9-2a14e023603e0e24992d7f8ace1a13b5 .av-flex-placeholder{\nwidth:0.5%;\n}\n<\/style>\n<div  class='flex_column av-bsu9-2a14e023603e0e24992d7f8ace1a13b5 av_one_third  avia-builder-el-16  el_after_av_one_third  el_before_av_one_third  flex_column_table_cell av-equal-height-column av-align-top avia-full-stretch avia-link-column av-column-link avia-link-column-hover'    data-link-column-url=\"https:\/\/www.metalschemicalsgroup.com\/de\/about-us\/mission-vision\/\"   ><a class=\"av-screen-reader-only\" href=\"https:\/\/www.metalschemicalsgroup.com\/de\/about-us\/mission-vision\/\" >Link zu: Auftrag &amp; Vision<\/a><style type=\"text\/css\" data-created_by=\"avia_inline_auto\" id=\"style-css-av-2w351-97f800d5b95f7ed14cbbc7b09133f20f\">\n#top .av_textblock_section.av-2w351-97f800d5b95f7ed14cbbc7b09133f20f .avia_textblock{\ncolor:#ffffff;\n}\n<\/style>\n<section  class='av_textblock_section av-2w351-97f800d5b95f7ed14cbbc7b09133f20f'   itemscope=\"itemscope\" itemtype=\"https:\/\/schema.org\/CreativeWork\" ><div class='avia_textblock categorie-blokken av_inherit_color'  itemprop=\"text\" ><h2><\/h2>\n<h2><\/h2>\n<h2>Auftrag und Vision<\/h2>\n<\/div><\/section><\/div><div class='av-flex-placeholder'><\/div>\n<style type=\"text\/css\" data-created_by=\"avia_inline_auto\" id=\"style-css-av-4j2ad-a1d79c60b749de08600f871a71f4ea38\">\n.flex_column.av-4j2ad-a1d79c60b749de08600f871a71f4ea38{\nwidth:33%;\nmargin-left:0;\nborder-radius:0px 0px 0px 0px;\npadding:240px 40px 60px 40px;\nbackground:url(https:\/\/www.metalschemicalsgroup.com\/wp-content\/uploads\/2022\/04\/2015.148178-scaled.jpg) 50% 50% no-repeat scroll ;\n}\n#top .flex_column_table.av-equal-height-column-flextable.av-4j2ad-a1d79c60b749de08600f871a71f4ea38 .av-flex-placeholder{\nwidth:0.5%;\n}\n<\/style>\n<div  class='flex_column av-4j2ad-a1d79c60b749de08600f871a71f4ea38 av_one_third  avia-builder-el-18  el_after_av_one_third  el_before_av_hr  flex_column_table_cell av-equal-height-column av-align-top avia-full-stretch avia-link-column av-column-link avia-link-column-hover'    data-link-column-url=\"https:\/\/www.metalschemicalsgroup.com\/de\/about-us\/the-way-we-work\/\"   ><a class=\"av-screen-reader-only\" href=\"https:\/\/www.metalschemicalsgroup.com\/de\/about-us\/the-way-we-work\/\" >Link zu: Die Art, wie wir arbeiten<\/a><style type=\"text\/css\" data-created_by=\"avia_inline_auto\" id=\"style-css-av-3oq8h-98335fdc2e9fa4717e1910aa46f81d95\">\n#top .av_textblock_section.av-3oq8h-98335fdc2e9fa4717e1910aa46f81d95 .avia_textblock{\ncolor:#ffffff;\n}\n<\/style>\n<section  class='av_textblock_section av-3oq8h-98335fdc2e9fa4717e1910aa46f81d95'   itemscope=\"itemscope\" itemtype=\"https:\/\/schema.org\/CreativeWork\" ><div class='avia_textblock categorie-blokken av_inherit_color'  itemprop=\"text\" ><h2><\/h2>\n<h2><\/h2>\n<h2><\/h2>\n<h2>Die Art und Weise, wie wir arbeiten<\/h2>\n<\/div><\/section><\/div><\/div><!--close column table wrapper. Autoclose: 1 -->\n<style type=\"text\/css\" data-created_by=\"avia_inline_auto\" id=\"style-css-av-phct-c2d362b0d9fc90a02dc47b6ad73450dc\">\n#top .hr.hr-invisible.av-phct-c2d362b0d9fc90a02dc47b6ad73450dc{\nheight:90px;\n}\n<\/style>\n<div  class='hr av-phct-c2d362b0d9fc90a02dc47b6ad73450dc hr-invisible  avia-builder-el-20  el_after_av_one_third  avia-builder-el-last  av-small-hide av-mini-hide'><span class='hr-inner'><span class=\"hr-inner-style\"><\/span><\/span><\/div>\n<\/div><\/div><\/div><!-- close content main div --><\/div><\/div><div id='after_section_3'  class='main_color av_default_container_wrap container_wrap fullsize'  ><div class='container av-section-cont-open' ><div class='template-page content  av-content-full alpha units'><div class='post-entry post-entry-type-page post-entry-93'><div class='entry-content-wrapper clearfix'><\/p>\n<div  class='flex_column av-246ct-146f0f1518be5ad80ee774932df92488 av_one_full  avia-builder-el-21  el_after_av_section  el_before_av_one_half  avia-builder-el-first  first flex_column_div'     ><\/div>\n<div  class='flex_column av-1lu65-5f38d719c18709b44b0cb1ec5941e203 av_one_half  avia-builder-el-22  el_after_av_one_full  el_before_av_one_full  first flex_column_div  column-top-margin'     ><\/div>\n<div  class='flex_column av-va89-10addc4e67e1606c52f615e15aadb693 av_one_full  avia-builder-el-23  el_after_av_one_half  avia-builder-el-last  first flex_column_div  column-top-margin'     ><\/div>","protected":false},"excerpt":{"rendered":"","protected":false},"author":1,"featured_media":0,"parent":0,"menu_order":0,"comment_status":"closed","ping_status":"closed","template":"","meta":{"_monsterinsights_skip_tracking":false,"_monsterinsights_sitenote_active":false,"_monsterinsights_sitenote_note":"","_monsterinsights_sitenote_category":0,"footnotes":""},"class_list":["post-93","page","type-page","status-publish","hentry"],"yoast_head":"<!-- This site is optimized with the Yoast SEO plugin v27.3 - https:\/\/yoast.com\/product\/yoast-seo-wordpress\/ -->\n<title>About us - Metals Chemicals Maastricht<\/title>\n<meta name=\"description\" content=\"Read all about us Metals Chemicals Maastricht on this page. How we became one of the leading companies in Zinc\" \/>\n<meta name=\"robots\" content=\"index, follow, max-snippet:-1, max-image-preview:large, max-video-preview:-1\" \/>\n<link rel=\"canonical\" href=\"https:\/\/www.metalschemicalsgroup.com\/de\/uber-uns\/\" \/>\n<meta property=\"og:locale\" content=\"de_DE\" \/>\n<meta property=\"og:type\" content=\"article\" \/>\n<meta property=\"og:title\" content=\"About us - Metals Chemicals Maastricht\" \/>\n<meta property=\"og:description\" content=\"Read all about us Metals Chemicals Maastricht on this page. How we became one of the leading companies in Zinc\" \/>\n<meta property=\"og:url\" content=\"https:\/\/www.metalschemicalsgroup.com\/de\/uber-uns\/\" \/>\n<meta property=\"og:site_name\" content=\"Metals Chemicals Maastricht\" \/>\n<meta property=\"article:modified_time\" content=\"2025-02-06T13:20:21+00:00\" \/>\n<meta name=\"twitter:card\" content=\"summary_large_image\" \/>\n<meta name=\"twitter:label1\" content=\"Gesch\u00e4tzte Lesezeit\" \/>\n\t<meta name=\"twitter:data1\" content=\"2\u00a0Minuten\" \/>\n<script type=\"application\/ld+json\" class=\"yoast-schema-graph\">{\"@context\":\"https:\\\/\\\/schema.org\",\"@graph\":[{\"@type\":\"WebPage\",\"@id\":\"https:\\\/\\\/www.metalschemicalsgroup.com\\\/about-us\\\/\",\"url\":\"https:\\\/\\\/www.metalschemicalsgroup.com\\\/about-us\\\/\",\"name\":\"About us - Metals Chemicals Maastricht\",\"isPartOf\":{\"@id\":\"https:\\\/\\\/www.metalschemicalsgroup.com\\\/#website\"},\"datePublished\":\"2022-01-24T10:49:04+00:00\",\"dateModified\":\"2025-02-06T13:20:21+00:00\",\"description\":\"Read all about us Metals Chemicals Maastricht on this page. How we became one of the leading companies in Zinc\",\"breadcrumb\":{\"@id\":\"https:\\\/\\\/www.metalschemicalsgroup.com\\\/about-us\\\/#breadcrumb\"},\"inLanguage\":\"de\",\"potentialAction\":[{\"@type\":\"ReadAction\",\"target\":[\"https:\\\/\\\/www.metalschemicalsgroup.com\\\/about-us\\\/\"]}]},{\"@type\":\"BreadcrumbList\",\"@id\":\"https:\\\/\\\/www.metalschemicalsgroup.com\\\/about-us\\\/#breadcrumb\",\"itemListElement\":[{\"@type\":\"ListItem\",\"position\":1,\"name\":\"Home\",\"item\":\"https:\\\/\\\/www.metalschemicalsgroup.com\\\/partner-in-zinc-lead-mining-chemicals\\\/\"},{\"@type\":\"ListItem\",\"position\":2,\"name\":\"About us\"}]},{\"@type\":\"WebSite\",\"@id\":\"https:\\\/\\\/www.metalschemicalsgroup.com\\\/#website\",\"url\":\"https:\\\/\\\/www.metalschemicalsgroup.com\\\/\",\"name\":\"Metals Chemicals Maastricht\",\"description\":\"Strong in Zinc\",\"potentialAction\":[{\"@type\":\"SearchAction\",\"target\":{\"@type\":\"EntryPoint\",\"urlTemplate\":\"https:\\\/\\\/www.metalschemicalsgroup.com\\\/?s={search_term_string}\"},\"query-input\":{\"@type\":\"PropertyValueSpecification\",\"valueRequired\":true,\"valueName\":\"search_term_string\"}}],\"inLanguage\":\"de\"}]}<\/script>\n<!-- \/ Yoast SEO plugin. -->","yoast_head_json":{"title":"\u00dcber uns - Metals Chemicals Maastricht","description":"Lesen Sie alles \u00fcber uns Metals Chemicals Maastricht auf dieser Seite. Wie wir zu einem der f\u00fchrenden Unternehmen im Bereich Zink wurden","robots":{"index":"index","follow":"follow","max-snippet":"max-snippet:-1","max-image-preview":"max-image-preview:large","max-video-preview":"max-video-preview:-1"},"canonical":"https:\/\/www.metalschemicalsgroup.com\/de\/uber-uns\/","og_locale":"de_DE","og_type":"article","og_title":"About us - Metals Chemicals Maastricht","og_description":"Read all about us Metals Chemicals Maastricht on this page. How we became one of the leading companies in Zinc","og_url":"https:\/\/www.metalschemicalsgroup.com\/de\/uber-uns\/","og_site_name":"Metals Chemicals Maastricht","article_modified_time":"2025-02-06T13:20:21+00:00","twitter_card":"summary_large_image","twitter_misc":{"Gesch\u00e4tzte Lesezeit":"2\u00a0Minuten"},"schema":{"@context":"https:\/\/schema.org","@graph":[{"@type":"WebPage","@id":"https:\/\/www.metalschemicalsgroup.com\/about-us\/","url":"https:\/\/www.metalschemicalsgroup.com\/about-us\/","name":"\u00dcber uns - Metals Chemicals Maastricht","isPartOf":{"@id":"https:\/\/www.metalschemicalsgroup.com\/#website"},"datePublished":"2022-01-24T10:49:04+00:00","dateModified":"2025-02-06T13:20:21+00:00","description":"Lesen Sie alles \u00fcber uns Metals Chemicals Maastricht auf dieser Seite. Wie wir zu einem der f\u00fchrenden Unternehmen im Bereich Zink wurden","breadcrumb":{"@id":"https:\/\/www.metalschemicalsgroup.com\/about-us\/#breadcrumb"},"inLanguage":"de","potentialAction":[{"@type":"ReadAction","target":["https:\/\/www.metalschemicalsgroup.com\/about-us\/"]}]},{"@type":"BreadcrumbList","@id":"https:\/\/www.metalschemicalsgroup.com\/about-us\/#breadcrumb","itemListElement":[{"@type":"ListItem","position":1,"name":"Home","item":"https:\/\/www.metalschemicalsgroup.com\/partner-in-zinc-lead-mining-chemicals\/"},{"@type":"ListItem","position":2,"name":"About us"}]},{"@type":"WebSite","@id":"https:\/\/www.metalschemicalsgroup.com\/#website","url":"https:\/\/www.metalschemicalsgroup.com\/","name":"Metals Chemicals Maastricht","description":"Stark in Zink","potentialAction":[{"@type":"SearchAction","target":{"@type":"EntryPoint","urlTemplate":"https:\/\/www.metalschemicalsgroup.com\/?s={search_term_string}"},"query-input":{"@type":"PropertyValueSpecification","valueRequired":true,"valueName":"search_term_string"}}],"inLanguage":"de"}]}},"_links":{"self":[{"href":"https:\/\/www.metalschemicalsgroup.com\/de\/wp-json\/wp\/v2\/pages\/93","targetHints":{"allow":["GET"]}}],"collection":[{"href":"https:\/\/www.metalschemicalsgroup.com\/de\/wp-json\/wp\/v2\/pages"}],"about":[{"href":"https:\/\/www.metalschemicalsgroup.com\/de\/wp-json\/wp\/v2\/types\/page"}],"author":[{"embeddable":true,"href":"https:\/\/www.metalschemicalsgroup.com\/de\/wp-json\/wp\/v2\/users\/1"}],"replies":[{"embeddable":true,"href":"https:\/\/www.metalschemicalsgroup.com\/de\/wp-json\/wp\/v2\/comments?post=93"}],"version-history":[{"count":36,"href":"https:\/\/www.metalschemicalsgroup.com\/de\/wp-json\/wp\/v2\/pages\/93\/revisions"}],"predecessor-version":[{"id":1610,"href":"https:\/\/www.metalschemicalsgroup.com\/de\/wp-json\/wp\/v2\/pages\/93\/revisions\/1610"}],"wp:attachment":[{"href":"https:\/\/www.metalschemicalsgroup.com\/de\/wp-json\/wp\/v2\/media?parent=93"}],"curies":[{"name":"wp","href":"https:\/\/api.w.org\/{rel}","templated":true}]}}