{"id":1466,"date":"2023-08-28T15:00:41","date_gmt":"2023-08-28T15:00:41","guid":{"rendered":"https:\/\/www.metalschemicalsgroup.com\/?page_id=1466"},"modified":"2025-02-13T14:18:02","modified_gmt":"2025-02-13T13:18:02","slug":"pasta-de-plomo","status":"publish","type":"page","link":"https:\/\/www.metalschemicalsgroup.com\/es\/products\/lead-paste\/","title":{"rendered":"Pasta de plomo"},"content":{"rendered":"<div id='av_section_1'  class='avia-section av-24gl5-d24183ed9fcfbb921d9547743fdb076d main_color avia-section-large avia-no-border-styling  avia-builder-el-0  el_before_av_section  avia-builder-el-first  avia-bg-style-scroll container_wrap fullsize'  ><div class='container av-section-cont-open' ><main  role=\"main\" itemprop=\"mainContentOfPage\"  class='template-page content  av-content-full alpha units'><div class='post-entry post-entry-type-page post-entry-1466'><div class='entry-content-wrapper clearfix'>\n\n<style type=\"text\/css\" data-created_by=\"avia_inline_auto\" id=\"style-css-av-kysp3mf8-f64afa02dc884ea4df276acc389d6cde\">\n.flex_column.av-kysp3mf8-f64afa02dc884ea4df276acc389d6cde{\npadding:0 80px 0 0;\n}\n<\/style>\n<div  id=\"content-blok\"  class='flex_column av-kysp3mf8-f64afa02dc884ea4df276acc389d6cde av_two_third  avia-builder-el-1  el_before_av_one_third  avia-builder-el-first  first no_margin flex_column_div'     ><p>\n<style type=\"text\/css\" data-created_by=\"avia_inline_auto\" id=\"style-css-av-4oi61-6e3abf6569cedd4f790b2a57a1c5f3f4\">\n#top .av-special-heading.av-4oi61-6e3abf6569cedd4f790b2a57a1c5f3f4{\npadding-bottom:10px;\n}\nbody .av-special-heading.av-4oi61-6e3abf6569cedd4f790b2a57a1c5f3f4 .av-special-heading-tag .heading-char{\nfont-size:25px;\n}\n.av-special-heading.av-4oi61-6e3abf6569cedd4f790b2a57a1c5f3f4 .av-subheading{\nfont-size:15px;\n}\n<\/style>\n<div  class='av-special-heading av-4oi61-6e3abf6569cedd4f790b2a57a1c5f3f4 av-special-heading-h2 blockquote modern-quote  avia-builder-el-2  el_before_av_textblock  avia-builder-el-first'><div class='av-subheading av-subheading_above'><p>Grandioso en<\/p>\n<\/div><h2 class='av-special-heading-tag'  itemprop=\"headline\"  >Pasta de plomo<\/h2><div class=\"special-heading-border\"><div class=\"special-heading-inner-border\"><\/div><\/div><\/div><br \/>\n<section  class='av_textblock_section av-3o5oh-36c37cee78ade81d116541e986e7f524'   itemscope=\"itemscope\" itemtype=\"https:\/\/schema.org\/CreativeWork\" ><div class='avia_textblock'  itemprop=\"text\" ><h3>MCM: Su socio sostenible en el reciclaje de plomo<\/h3>\n<p>MCM es l\u00edder en reciclaje, comercio y procesamiento de residuos de zinc y plomo desde 1993. Nuestro compromiso con la sostenibilidad comenz\u00f3 con una clara visi\u00f3n de contribuir positivamente al medio ambiente, y desde entonces hemos trabajado activamente para alcanzar ese objetivo reciclando y suministrando <a href=\"https:\/\/www.metalschemicalsgroup.com\/es\/productos\/plomo\/\">residuos de plomo<\/a> a nuestros clientes.<\/p>\n<p>Estamos especializados en la manipulaci\u00f3n de diversos residuos de plomo, en particular la pasta de plomo. La pasta de plomo es un componente crucial, aunque a menudo pasado por alto, en las industrias modernas, donde la innovaci\u00f3n es clave. Desde el almacenamiento de energ\u00eda hasta la fabricaci\u00f3n de productos electr\u00f3nicos, la pasta de plomo desempe\u00f1a un papel esencial en la forma en que aprovechamos la energ\u00eda y utilizamos la tecnolog\u00eda. Gracias a nuestros a\u00f1os de experiencia, hemos creado una red mundial de proveedores y clientes, y comercializamos y\/o tratamos m\u00e1s de 100.000 toneladas de residuos de zinc y plomo al a\u00f1o.<\/p>\n<h3>\u00bfQu\u00e9 es la pasta de plomo?<\/h3>\n<p>La pasta de plomo es un producto secundario derivado del reciclaje de bater\u00edas de plomo-\u00e1cido. Estas bater\u00edas se utilizan habitualmente en coches de combustible convencionales y veh\u00edculos el\u00e9ctricos (VE), y desempe\u00f1an un papel importante en el panorama automovil\u00edstico actual. Este subproducto se extrae por su contenido en plomo y se compone principalmente de \u00f3xido de plomo, sulfato de plomo, \u00e1cido sulf\u00farico y diversos aditivos, lo que lo convierte en un material ideal para diversas aplicaciones. Sus propiedades lo hacen ideal para una amplia gama de aplicaciones, especialmente en la producci\u00f3n de bater\u00edas de plomo-\u00e1cido. Una de sus principales caracter\u00edsticas son sus propiedades electroqu\u00edmicas, que lo convierten en un componente esencial de las bater\u00edas de plomo-\u00e1cido. Facilita la conversi\u00f3n de energ\u00eda qu\u00edmica en energ\u00eda el\u00e9ctrica, permitiendo el almacenamiento y posterior liberaci\u00f3n de energ\u00eda. Esto convierte a la pasta de plomo en un componente vital en el sector del almacenamiento de energ\u00eda.<\/p>\n<h3>Recuperaci\u00f3n y reciclaje de pasta de plomo<\/h3>\n<p>En MCM, comprendemos la importancia de recuperar este residuo para reducir la necesidad de plomo extra\u00eddo. Reciclamos pasta de plomo para que otras empresas del sector puedan recuperar el plomo mediante el proceso de reciclaje pirometal\u00fargico. Este m\u00e9todo consiste en someter la pasta de plomo a altas temperaturas para separar el plomo de otros componentes debido a su punto de fusi\u00f3n m\u00e1s bajo. Este proceso nos permite recuperar materiales valiosos y prolongar su vida \u00fatil en diversas aplicaciones.<\/p>\n<p>La pasta de plomo es muy t\u00f3xica por su contenido en plomo y est\u00e1 clasificada como material peligroso. Si tiene previsto exportar o importar residuos peligrosos dentro de un Estado miembro de la UE, debe cumplir el Reglamento Europeo sobre Traslado de Residuos (EWSR, o EVOA en neerland\u00e9s). Este reglamento exige un contrato con el destinatario de los residuos y el permiso de los pa\u00edses de tr\u00e1nsito antes de que pueda realizarse el transporte. En MCM, estamos totalmente equipados para gestionar el transporte de residuos peligrosos cumpliendo todas las leyes y normativas aplicables.<\/p>\n<p>Ayudamos a nuestros socios comerciales a garantizar el cumplimiento de la legislaci\u00f3n sobre reciclaje. Nuestras s\u00f3lidas conexiones con las autoridades nos permiten ayudar en los procesos de informaci\u00f3n y notificaci\u00f3n. Si es necesario, proporcionamos el apoyo necesario para garantizar el buen funcionamiento de las operaciones.<\/p>\n<h3>Contribuir a un futuro m\u00e1s verde<\/h3>\n<p>En MCM, <a href=\"https:\/\/www.metalschemicalsgroup.com\/es\/acerca-de-nosotros\/mision-vision\/\">nuestra visi\u00f3n<\/a> va m\u00e1s all\u00e1 del \u00e9xito empresarial. Reconocemos la importancia de preservar el planeta y reducir el impacto medioambiental de la industria. Al reciclar los residuos de plomo, incluida la pasta de plomo, contribuimos a un futuro m\u00e1s sostenible. Nuestro objetivo es crear un mundo en el que el reciclaje responsable desempe\u00f1e un papel central en la conservaci\u00f3n de los recursos y la protecci\u00f3n del medio ambiente.<\/p>\n<\/div><\/section><br \/>\n\n<style type=\"text\/css\" data-created_by=\"avia_inline_auto\" id=\"style-css-av-35za5-fa134435a2156a768af248b6b273b12f\">\n#top .hr.hr-invisible.av-35za5-fa134435a2156a768af248b6b273b12f{\nheight:30px;\n}\n<\/style>\n<div  class='hr av-35za5-fa134435a2156a768af248b6b273b12f hr-invisible  avia-builder-el-4  el_after_av_textblock  avia-builder-el-last'><span class='hr-inner'><span class=\"hr-inner-style\"><\/span><\/span><\/div><\/p><\/div><div  class='flex_column av-yjel-e6681b510749e9931205b252c54b5626 av_one_third  avia-builder-el-5  el_after_av_two_third  avia-builder-el-last  no_margin flex_column_div'     ><div  class='avia-builder-widget-area clearfix  avia-builder-el-6  avia-builder-el-no-sibling'><section id=\"text-6\" class=\"widget clearfix widget_text\"><h3 class=\"widgettitle\">Contacto con nosotros<\/h3>\t\t\t<div class=\"textwidget\"><a class=\"mail\" href=\"mailto:info@metalschemicalsgroup.com\">info@metalschemicalsgroup.com<\/a>\r\n<a class=\"tel\" href=\"tel:+31(0)43 362 6500\">+31(0)43 362 6500<\/a><\/div>\n\t\t<span class=\"seperator extralight-border\"><\/span><\/section><\/div><\/div><\/div><\/div><\/main><!-- close content main element --><\/div><\/div>\n<style type=\"text\/css\" data-created_by=\"avia_inline_auto\" id=\"style-css-av-5ge3p-b376b9efa53a205ceaf71312e277bd9c\">\n.avia-section.av-5ge3p-b376b9efa53a205ceaf71312e277bd9c{\nmargin-top:-160px;\nmargin-bottom:0px;\n}\n<\/style>\n<div id='av_section_2'  class='avia-section av-5ge3p-b376b9efa53a205ceaf71312e277bd9c alternate_color avia-section-large avia-no-border-styling  avia-builder-el-7  el_after_av_section  avia-builder-el-last  avia-bg-style-scroll container_wrap fullsize'  ><div class='container av-section-cont-open' ><div class='template-page content  av-content-full alpha units'><div class='post-entry post-entry-type-page post-entry-1466'><div class='entry-content-wrapper clearfix'>\n\n<style type=\"text\/css\" data-created_by=\"avia_inline_auto\" id=\"style-css-av-1vxx-f3ebf9433468321563a377b7ac1234be\">\n#top .hr.hr-invisible.av-1vxx-f3ebf9433468321563a377b7ac1234be{\nheight:50px;\n}\n<\/style>\n<div  class='hr av-1vxx-f3ebf9433468321563a377b7ac1234be hr-invisible  avia-builder-el-8  el_before_av_textblock  avia-builder-el-first'><span class='hr-inner'><span class=\"hr-inner-style\"><\/span><\/span><\/div>\n<section  class='av_textblock_section av-4de61-d2dd1f1388e70c12d89b0a4a22ffae15'   itemscope=\"itemscope\" itemtype=\"https:\/\/schema.org\/CreativeWork\" ><div class='avia_textblock'  itemprop=\"text\" ><h2>Nuestros productos<\/h2>\n<\/div><\/section>\n<div class='flex_column_table av-3uacx-7d94fd024b7a8aeaa9fb8570e6a93e06 sc-av_one_third av-equal-height-column-flextable'>\n<style type=\"text\/css\" data-created_by=\"avia_inline_auto\" id=\"style-css-av-3uacx-7d94fd024b7a8aeaa9fb8570e6a93e06\">\n.flex_column.av-3uacx-7d94fd024b7a8aeaa9fb8570e6a93e06{\nwidth:33%;\nmargin-left:0;\nborder-radius:0px 0px 0px 0px;\npadding:240px 40px 60px 40px;\nbackground:url(https:\/\/www.metalschemicalsgroup.com\/wp-content\/uploads\/2022\/02\/2015.148181-scaled.jpg) 50% 50% no-repeat scroll ;\n}\n#top .flex_column_table.av-equal-height-column-flextable.av-3uacx-7d94fd024b7a8aeaa9fb8570e6a93e06 .av-flex-placeholder{\nwidth:0.5%;\n}\n<\/style>\n<div  class='flex_column av-3uacx-7d94fd024b7a8aeaa9fb8570e6a93e06 av_one_third  avia-builder-el-10  el_after_av_textblock  el_before_av_one_third  first flex_column_table_cell av-equal-height-column av-align-top avia-full-stretch avia-link-column av-column-link avia-link-column-hover  column-top-margin'    data-link-column-url=\"https:\/\/www.metalschemicalsgroup.com\/es\/products\/zinc\/\"   ><a class=\"av-screen-reader-only\" href=\"https:\/\/www.metalschemicalsgroup.com\/es\/products\/zinc\/\" >Enlace a: Residuos de Zinc<\/a><style type=\"text\/css\" data-created_by=\"avia_inline_auto\" id=\"style-css-av-cec5-b82bbc141197b311d2131146bf74b427\">\n#top .av_textblock_section.av-cec5-b82bbc141197b311d2131146bf74b427 .avia_textblock{\ncolor:#ffffff;\n}\n<\/style>\n<section  class='av_textblock_section av-cec5-b82bbc141197b311d2131146bf74b427'   itemscope=\"itemscope\" itemtype=\"https:\/\/schema.org\/CreativeWork\" ><div class='avia_textblock categorie-blokken av_inherit_color'  itemprop=\"text\" ><h2>Residuos de Zinc<\/h2>\n<\/div><\/section><\/div><div class='av-flex-placeholder'><\/div>\n<style type=\"text\/css\" data-created_by=\"avia_inline_auto\" id=\"style-css-av-2wtt1-d2db53cc1fea5fed2d77d80e75ff9ce5\">\n.flex_column.av-2wtt1-d2db53cc1fea5fed2d77d80e75ff9ce5{\nwidth:33%;\nmargin-left:0;\nborder-radius:0px 0px 0px 0px;\npadding:240px 40px 60px 40px;\nbackground:url(https:\/\/www.metalschemicalsgroup.com\/wp-content\/uploads\/2022\/02\/Furnace-scaled.jpg) 50% 50% no-repeat scroll ;\n}\n#top .flex_column_table.av-equal-height-column-flextable.av-2wtt1-d2db53cc1fea5fed2d77d80e75ff9ce5 .av-flex-placeholder{\nwidth:0.5%;\n}\n<\/style>\n<div  class='flex_column av-2wtt1-d2db53cc1fea5fed2d77d80e75ff9ce5 av_one_third  avia-builder-el-12  el_after_av_one_third  el_before_av_one_third  flex_column_table_cell av-equal-height-column av-align-top avia-full-stretch avia-link-column av-column-link avia-link-column-hover  column-top-margin'    data-link-column-url=\"https:\/\/www.metalschemicalsgroup.com\/es\/products\/lead-residues\/\"   ><a class=\"av-screen-reader-only\" href=\"https:\/\/www.metalschemicalsgroup.com\/es\/products\/lead-residues\/\" >Enlace a: Residuos de plomo<\/a><style type=\"text\/css\" data-created_by=\"avia_inline_auto\" id=\"style-css-av-1vo2p-febcfdcd7ffde1e568c4368b9c58721d\">\n#top .av_textblock_section.av-1vo2p-febcfdcd7ffde1e568c4368b9c58721d .avia_textblock{\ncolor:#ffffff;\n}\n<\/style>\n<section  class='av_textblock_section av-1vo2p-febcfdcd7ffde1e568c4368b9c58721d'   itemscope=\"itemscope\" itemtype=\"https:\/\/schema.org\/CreativeWork\" ><div class='avia_textblock categorie-blokken av_inherit_color'  itemprop=\"text\" ><h2>Residuos de plomo<\/h2>\n<\/div><\/section><\/div><div class='av-flex-placeholder'><\/div>\n<style type=\"text\/css\" data-created_by=\"avia_inline_auto\" id=\"style-css-av-1lgy1-176ba9393538f9fe5bd23aaf2c1f5981\">\n.flex_column.av-1lgy1-176ba9393538f9fe5bd23aaf2c1f5981{\nwidth:33%;\nmargin-left:0;\nborder-radius:0px 0px 0px 0px;\npadding:240px 40px 60px 40px;\nbackground:url(https:\/\/www.metalschemicalsgroup.com\/wp-content\/uploads\/2022\/12\/Gold-ingot-scaled.jpg) 50% 50% no-repeat scroll ;\n}\n#top .flex_column_table.av-equal-height-column-flextable.av-1lgy1-176ba9393538f9fe5bd23aaf2c1f5981 .av-flex-placeholder{\nwidth:0.5%;\n}\n<\/style>\n<div  class='flex_column av-1lgy1-176ba9393538f9fe5bd23aaf2c1f5981 av_one_third  avia-builder-el-14  el_after_av_one_third  avia-builder-el-last  categorie-blokken flex_column_table_cell av-equal-height-column av-align-top avia-full-stretch avia-link-column av-column-link avia-link-column-hover  column-top-margin'    data-link-column-url=\"https:\/\/www.metalschemicalsgroup.com\/es\/products\/mining-chemicals\/\"   ><a class=\"av-screen-reader-only\" href=\"https:\/\/www.metalschemicalsgroup.com\/es\/products\/mining-chemicals\/\" >Enlace a: Productos qu\u00edmicos para la miner\u00eda<\/a><style type=\"text\/css\" data-created_by=\"avia_inline_auto\" id=\"style-css-av-ymyd-395e60348be8ab78ac0e10ea53774cf7\">\n#top .av_textblock_section.av-ymyd-395e60348be8ab78ac0e10ea53774cf7 .avia_textblock{\ncolor:#ffffff;\n}\n<\/style>\n<section  class='av_textblock_section av-ymyd-395e60348be8ab78ac0e10ea53774cf7'   itemscope=\"itemscope\" itemtype=\"https:\/\/schema.org\/CreativeWork\" ><div class='avia_textblock av_inherit_color'  itemprop=\"text\" ><h2>Productos qu\u00edmicos para la miner\u00eda<\/h2>\n<\/div><\/section><\/div><\/div><!--close column table wrapper. Autoclose: 1 -->\n<\/p>","protected":false},"excerpt":{"rendered":"","protected":false},"author":1,"featured_media":0,"parent":51,"menu_order":0,"comment_status":"closed","ping_status":"closed","template":"","meta":{"_monsterinsights_skip_tracking":false,"_monsterinsights_sitenote_active":false,"_monsterinsights_sitenote_note":"","_monsterinsights_sitenote_category":0,"footnotes":""},"class_list":["post-1466","page","type-page","status-publish","hentry"],"yoast_head":"<!-- This site is optimized with the Yoast SEO plugin v27.3 - https:\/\/yoast.com\/product\/yoast-seo-wordpress\/ -->\n<title>Lead Paste - Metals Chemicals Maastricht<\/title>\n<meta name=\"description\" content=\"MCM specializes in sustainable lead paste recycling, reducing environmental impact and contributing to a greener future.\" \/>\n<meta name=\"robots\" content=\"index, follow, max-snippet:-1, max-image-preview:large, max-video-preview:-1\" \/>\n<link rel=\"canonical\" href=\"https:\/\/www.metalschemicalsgroup.com\/es\/productos\/pasta-de-plomo\/\" \/>\n<meta property=\"og:locale\" content=\"es_ES\" \/>\n<meta property=\"og:type\" content=\"article\" \/>\n<meta property=\"og:title\" content=\"Lead Paste - Metals Chemicals Maastricht\" \/>\n<meta property=\"og:description\" content=\"MCM specializes in sustainable lead paste recycling, reducing environmental impact and contributing to a greener future.\" \/>\n<meta property=\"og:url\" content=\"https:\/\/www.metalschemicalsgroup.com\/es\/productos\/pasta-de-plomo\/\" \/>\n<meta property=\"og:site_name\" content=\"Metals Chemicals Maastricht\" \/>\n<meta property=\"article:modified_time\" content=\"2025-02-13T13:18:02+00:00\" \/>\n<meta name=\"twitter:card\" content=\"summary_large_image\" \/>\n<meta name=\"twitter:label1\" content=\"Tiempo de lectura\" \/>\n\t<meta name=\"twitter:data1\" content=\"3 minutos\" \/>\n<script type=\"application\/ld+json\" class=\"yoast-schema-graph\">{\"@context\":\"https:\\\/\\\/schema.org\",\"@graph\":[{\"@type\":\"WebPage\",\"@id\":\"https:\\\/\\\/www.metalschemicalsgroup.com\\\/products\\\/lead-paste\\\/\",\"url\":\"https:\\\/\\\/www.metalschemicalsgroup.com\\\/products\\\/lead-paste\\\/\",\"name\":\"Lead Paste - Metals Chemicals Maastricht\",\"isPartOf\":{\"@id\":\"https:\\\/\\\/www.metalschemicalsgroup.com\\\/#website\"},\"datePublished\":\"2023-08-28T15:00:41+00:00\",\"dateModified\":\"2025-02-13T13:18:02+00:00\",\"description\":\"MCM specializes in sustainable lead paste recycling, reducing environmental impact and contributing to a greener future.\",\"breadcrumb\":{\"@id\":\"https:\\\/\\\/www.metalschemicalsgroup.com\\\/products\\\/lead-paste\\\/#breadcrumb\"},\"inLanguage\":\"es\",\"potentialAction\":[{\"@type\":\"ReadAction\",\"target\":[\"https:\\\/\\\/www.metalschemicalsgroup.com\\\/products\\\/lead-paste\\\/\"]}]},{\"@type\":\"BreadcrumbList\",\"@id\":\"https:\\\/\\\/www.metalschemicalsgroup.com\\\/products\\\/lead-paste\\\/#breadcrumb\",\"itemListElement\":[{\"@type\":\"ListItem\",\"position\":1,\"name\":\"Home\",\"item\":\"https:\\\/\\\/www.metalschemicalsgroup.com\\\/partner-in-zinc-lead-mining-chemicals\\\/\"},{\"@type\":\"ListItem\",\"position\":2,\"name\":\"Products\",\"item\":\"https:\\\/\\\/www.metalschemicalsgroup.com\\\/products\\\/\"},{\"@type\":\"ListItem\",\"position\":3,\"name\":\"Lead Paste\"}]},{\"@type\":\"WebSite\",\"@id\":\"https:\\\/\\\/www.metalschemicalsgroup.com\\\/#website\",\"url\":\"https:\\\/\\\/www.metalschemicalsgroup.com\\\/\",\"name\":\"Metals Chemicals Maastricht\",\"description\":\"Strong in Zinc\",\"potentialAction\":[{\"@type\":\"SearchAction\",\"target\":{\"@type\":\"EntryPoint\",\"urlTemplate\":\"https:\\\/\\\/www.metalschemicalsgroup.com\\\/?s={search_term_string}\"},\"query-input\":{\"@type\":\"PropertyValueSpecification\",\"valueRequired\":true,\"valueName\":\"search_term_string\"}}],\"inLanguage\":\"es\"}]}<\/script>\n<!-- \/ Yoast SEO plugin. -->","yoast_head_json":{"title":"Pasta de plomo - Metales Productos qu\u00edmicos Maastricht","description":"MCM est\u00e1 especializada en el reciclaje sostenible de pasta de plomo, reduciendo el impacto medioambiental y contribuyendo a un futuro m\u00e1s ecol\u00f3gico.","robots":{"index":"index","follow":"follow","max-snippet":"max-snippet:-1","max-image-preview":"max-image-preview:large","max-video-preview":"max-video-preview:-1"},"canonical":"https:\/\/www.metalschemicalsgroup.com\/es\/productos\/pasta-de-plomo\/","og_locale":"es_ES","og_type":"article","og_title":"Lead Paste - Metals Chemicals Maastricht","og_description":"MCM specializes in sustainable lead paste recycling, reducing environmental impact and contributing to a greener future.","og_url":"https:\/\/www.metalschemicalsgroup.com\/es\/productos\/pasta-de-plomo\/","og_site_name":"Metals Chemicals Maastricht","article_modified_time":"2025-02-13T13:18:02+00:00","twitter_card":"summary_large_image","twitter_misc":{"Tiempo de lectura":"3 minutos"},"schema":{"@context":"https:\/\/schema.org","@graph":[{"@type":"WebPage","@id":"https:\/\/www.metalschemicalsgroup.com\/products\/lead-paste\/","url":"https:\/\/www.metalschemicalsgroup.com\/products\/lead-paste\/","name":"Pasta de plomo - Metales Productos qu\u00edmicos Maastricht","isPartOf":{"@id":"https:\/\/www.metalschemicalsgroup.com\/#website"},"datePublished":"2023-08-28T15:00:41+00:00","dateModified":"2025-02-13T13:18:02+00:00","description":"MCM est\u00e1 especializada en el reciclaje sostenible de pasta de plomo, reduciendo el impacto medioambiental y contribuyendo a un futuro m\u00e1s ecol\u00f3gico.","breadcrumb":{"@id":"https:\/\/www.metalschemicalsgroup.com\/products\/lead-paste\/#breadcrumb"},"inLanguage":"es","potentialAction":[{"@type":"ReadAction","target":["https:\/\/www.metalschemicalsgroup.com\/products\/lead-paste\/"]}]},{"@type":"BreadcrumbList","@id":"https:\/\/www.metalschemicalsgroup.com\/products\/lead-paste\/#breadcrumb","itemListElement":[{"@type":"ListItem","position":1,"name":"Home","item":"https:\/\/www.metalschemicalsgroup.com\/partner-in-zinc-lead-mining-chemicals\/"},{"@type":"ListItem","position":2,"name":"Products","item":"https:\/\/www.metalschemicalsgroup.com\/products\/"},{"@type":"ListItem","position":3,"name":"Lead Paste"}]},{"@type":"WebSite","@id":"https:\/\/www.metalschemicalsgroup.com\/#website","url":"https:\/\/www.metalschemicalsgroup.com\/","name":"Metals Chemicals Maastricht","description":"Fuerte en Zinc","potentialAction":[{"@type":"SearchAction","target":{"@type":"EntryPoint","urlTemplate":"https:\/\/www.metalschemicalsgroup.com\/?s={search_term_string}"},"query-input":{"@type":"PropertyValueSpecification","valueRequired":true,"valueName":"search_term_string"}}],"inLanguage":"es"}]}},"_links":{"self":[{"href":"https:\/\/www.metalschemicalsgroup.com\/es\/wp-json\/wp\/v2\/pages\/1466","targetHints":{"allow":["GET"]}}],"collection":[{"href":"https:\/\/www.metalschemicalsgroup.com\/es\/wp-json\/wp\/v2\/pages"}],"about":[{"href":"https:\/\/www.metalschemicalsgroup.com\/es\/wp-json\/wp\/v2\/types\/page"}],"author":[{"embeddable":true,"href":"https:\/\/www.metalschemicalsgroup.com\/es\/wp-json\/wp\/v2\/users\/1"}],"replies":[{"embeddable":true,"href":"https:\/\/www.metalschemicalsgroup.com\/es\/wp-json\/wp\/v2\/comments?post=1466"}],"version-history":[{"count":13,"href":"https:\/\/www.metalschemicalsgroup.com\/es\/wp-json\/wp\/v2\/pages\/1466\/revisions"}],"predecessor-version":[{"id":1624,"href":"https:\/\/www.metalschemicalsgroup.com\/es\/wp-json\/wp\/v2\/pages\/1466\/revisions\/1624"}],"up":[{"embeddable":true,"href":"https:\/\/www.metalschemicalsgroup.com\/es\/wp-json\/wp\/v2\/pages\/51"}],"wp:attachment":[{"href":"https:\/\/www.metalschemicalsgroup.com\/es\/wp-json\/wp\/v2\/media?parent=1466"}],"curies":[{"name":"wp","href":"https:\/\/api.w.org\/{rel}","templated":true}]}}