{"id":233,"date":"2022-02-15T08:32:10","date_gmt":"2022-02-15T08:32:10","guid":{"rendered":"https:\/\/metalschemicals.bonsaidev.nl\/?page_id=233"},"modified":"2022-12-13T13:23:42","modified_gmt":"2022-12-13T13:23:42","slug":"prevencion-y-seguridad","status":"publish","type":"page","link":"https:\/\/www.metalschemicalsgroup.com\/es\/sustainability\/prevention-and-safety\/","title":{"rendered":"Prevenci\u00f3n y seguridad"},"content":{"rendered":"<style type=\"text\/css\" data-created_by=\"avia_inline_auto\" id=\"style-css-av-bti2x-00a2216849bfb773517d2677cbbb3af8\">\n.avia-section.av-bti2x-00a2216849bfb773517d2677cbbb3af8{\nbackground-repeat:no-repeat;\nbackground-image:url(https:\/\/www.metalschemicalsgroup.com\/wp-content\/uploads\/2022\/02\/Safety.jpg);\nbackground-position:50% 50%;\nbackground-attachment:scroll;\n}\n<\/style>\n<div id='av_section_1'  class='avia-section av-bti2x-00a2216849bfb773517d2677cbbb3af8 main_color avia-section-default avia-no-border-styling  avia-builder-el-0  el_before_av_section  avia-builder-el-first  avia-full-stretch avia-bg-style-scroll av-minimum-height av-minimum-height-custom av-height-custom  container_wrap fullsize'  data-section-bg-repeat='stretch' data-av_minimum_height_px='580'><div class='container av-section-cont-open' style='height:580px'><main  role=\"main\" itemprop=\"mainContentOfPage\"  class='template-page content  av-content-full alpha units'><div class='post-entry post-entry-type-page post-entry-233'><div class='entry-content-wrapper clearfix'>\n<div  class='flex_column av-31ojk1-16be6287f5432b0407c2bb7b529f4614 av_two_third  avia-builder-el-1  el_before_av_one_third  avia-builder-el-first  first flex_column_div'     ><style type=\"text\/css\" data-created_by=\"avia_inline_auto\" id=\"style-css-av-kznv9ngg-a3694efc26fd6a3a8865704efbabc3fc\">\n#top .av_textblock_section.av-kznv9ngg-a3694efc26fd6a3a8865704efbabc3fc .avia_textblock{\nfont-size:20px;\ncolor:#ffffff;\n}\n<\/style>\n<section  class='av_textblock_section av-kznv9ngg-a3694efc26fd6a3a8865704efbabc3fc'   itemscope=\"itemscope\" itemtype=\"https:\/\/schema.org\/CreativeWork\" ><div class='avia_textblock heading-content-intro av_inherit_color'  itemprop=\"text\" ><h1><strong>Prevenci\u00f3n y seguridad<\/strong><\/h1>\n<\/div><\/section><\/div><div  class='flex_column av-2twu41-9ddc37ac545c35e0ec8bbed6126f4599 av_one_third  avia-builder-el-3  el_after_av_two_third  avia-builder-el-last  flex_column_div'     ><\/div>\n\n<\/div><\/div><\/main><!-- close content main element --><\/div><\/div><div id='av_section_2'  class='avia-section av-2o1frt-b3c8a021e9418b5679ec5dd9232ede8e main_color avia-section-large avia-no-border-styling  avia-builder-el-4  el_after_av_section  el_before_av_section  avia-bg-style-scroll container_wrap fullsize'  ><div class='container av-section-cont-open' ><div class='template-page content  av-content-full alpha units'><div class='post-entry post-entry-type-page post-entry-233'><div class='entry-content-wrapper clearfix'>\n\n<style type=\"text\/css\" data-created_by=\"avia_inline_auto\" id=\"style-css-av-2meh35-5ed7d3a67ae15dc0249c5e5d35d2ecb0\">\n.flex_column.av-2meh35-5ed7d3a67ae15dc0249c5e5d35d2ecb0{\npadding:0 80px 0 0;\n}\n<\/style>\n<div  id=\"content-blok\"  class='flex_column av-2meh35-5ed7d3a67ae15dc0249c5e5d35d2ecb0 av_two_third  avia-builder-el-5  el_before_av_one_third  avia-builder-el-first  first no_margin flex_column_div'     ><p>\n<style type=\"text\/css\" data-created_by=\"avia_inline_auto\" id=\"style-css-av-kznva3rv-d6b096cbd59bb4555e7db93ecbe52a23\">\n#top .av-special-heading.av-kznva3rv-d6b096cbd59bb4555e7db93ecbe52a23{\npadding-bottom:10px;\n}\nbody .av-special-heading.av-kznva3rv-d6b096cbd59bb4555e7db93ecbe52a23 .av-special-heading-tag .heading-char{\nfont-size:25px;\n}\n.av-special-heading.av-kznva3rv-d6b096cbd59bb4555e7db93ecbe52a23 .av-subheading{\nfont-size:15px;\n}\n<\/style>\n<div  class='av-special-heading av-kznva3rv-d6b096cbd59bb4555e7db93ecbe52a23 av-special-heading-h2 blockquote modern-quote  avia-builder-el-6  el_before_av_textblock  avia-builder-el-first'><div class='av-subheading av-subheading_above'><p>Grandioso en<\/p>\n<\/div><h2 class='av-special-heading-tag'  itemprop=\"headline\"  >Prevenci\u00f3n y seguridad<\/h2><div class=\"special-heading-border\"><div class=\"special-heading-inner-border\"><\/div><\/div><\/div><br \/>\n<section  class='av_textblock_section av-kznv90ws-0e98e6d2731ea5fc453e520b522901f4'   itemscope=\"itemscope\" itemtype=\"https:\/\/schema.org\/CreativeWork\" ><div class='avia_textblock'  itemprop=\"text\" ><p>El principal objetivo de MCM es optimizar sus operaciones empresariales, minimizando as\u00ed el n\u00famero de emergencias y evitando cualquier da\u00f1o personal y medioambiental. En este sentido, la seguridad de nuestros propios empleados y del medio ambiente es primordial.<\/p>\n<p>MCM est\u00e1 sujeta al \u00e1mbito de aplicaci\u00f3n del Decreto BRZO 2015 de Accidentes Graves (Riesgos)<br \/>\n(' Besluit Risico's Zware Ongevallen' ), conocido internacionalmente como Decreto SEVESO III. Las obligaciones resultantes constituyeron la base de un sistema de gesti\u00f3n de la seguridad que se ha integrado en el sistema de gesti\u00f3n de MCM.<\/p>\n<p>La seguridad es principalmente responsabilidad de la propia empresa. Las empresas SEVESO son inspeccionadas por el gobierno para comprobar el cumplimiento de la legislaci\u00f3n SEVESO. MCM ser\u00e1 inspeccionada al menos anualmente de acuerdo con la legislaci\u00f3n SEVESO III. MCM cumple con esta estricta legislaci\u00f3n.<\/p>\n<\/div><\/section><\/p><\/div><div  class='flex_column av-1oaakx-39a7544d799cc1fafd1452b8eb2a82f7 av_one_third  avia-builder-el-8  el_after_av_two_third  avia-builder-el-last  no_margin flex_column_div'     ><div  class='avia-builder-widget-area clearfix  avia-builder-el-9  avia-builder-el-no-sibling'><section id=\"text-6\" class=\"widget clearfix widget_text\"><h3 class=\"widgettitle\">Contacto con nosotros<\/h3>\t\t\t<div class=\"textwidget\"><a class=\"mail\" href=\"mailto:info@metalschemicalsgroup.com\">info@metalschemicalsgroup.com<\/a>\r\n<a class=\"tel\" href=\"tel:+31(0)43 362 6500\">+31(0)43 362 6500<\/a><\/div>\n\t\t<span class=\"seperator extralight-border\"><\/span><\/section><\/div><\/div>\n\n<\/div><\/div><\/div><!-- close content main div --><\/div><\/div><div id='av_section_3'  class='avia-section av-1inq55-597d23f8eb99a50ddd1e63243bfaf67f alternate_color avia-section-large avia-no-border-styling  avia-builder-el-10  el_after_av_section  avia-builder-el-last  avia-bg-style-scroll container_wrap fullsize'  ><div class='container av-section-cont-open' ><div class='template-page content  av-content-full alpha units'><div class='post-entry post-entry-type-page post-entry-233'><div class='entry-content-wrapper clearfix'>\n<section  class='av_textblock_section av-19ip8h-5ee051b70419eb127c321411d68f4825'   itemscope=\"itemscope\" itemtype=\"https:\/\/schema.org\/CreativeWork\" ><div class='avia_textblock'  itemprop=\"text\" ><h2>Nos centramos en los siguientes temas<\/h2>\n<\/div><\/section>\n<div class='flex_column_table av-13qk6h-3c64dc8d148e184cc1a2da40cbdd3a15 sc-av_one_fourth av-equal-height-column-flextable'>\n<style type=\"text\/css\" data-created_by=\"avia_inline_auto\" id=\"style-css-av-13qk6h-3c64dc8d148e184cc1a2da40cbdd3a15\">\n.flex_column.av-13qk6h-3c64dc8d148e184cc1a2da40cbdd3a15{\nwidth:24.625%;\nmargin-left:0;\nborder-radius:0px 0px 0px 0px;\npadding:240px 40px 60px 40px;\nbackground:url(https:\/\/www.metalschemicalsgroup.com\/wp-content\/uploads\/2022\/02\/Who-we-are-scaled.jpg) 50% 50% no-repeat scroll ;\n}\n#top .flex_column_table.av-equal-height-column-flextable.av-13qk6h-3c64dc8d148e184cc1a2da40cbdd3a15 .av-flex-placeholder{\nwidth:0.5%;\n}\n<\/style>\n<div  class='flex_column av-13qk6h-3c64dc8d148e184cc1a2da40cbdd3a15 av_one_fourth  avia-builder-el-12  el_after_av_textblock  el_before_av_one_fourth  first flex_column_table_cell av-equal-height-column av-align-top avia-full-stretch avia-link-column av-column-link avia-link-column-hover  column-top-margin'    data-link-column-url=\"https:\/\/www.metalschemicalsgroup.com\/es\/sustainability\/people\/\"   ><a class=\"av-screen-reader-only\" href=\"https:\/\/www.metalschemicalsgroup.com\/es\/sustainability\/people\/\" >Enlace a: Gente<\/a><style type=\"text\/css\" data-created_by=\"avia_inline_auto\" id=\"style-css-av-ygei1-c19e814ccea47310f6acda471640919b\">\n#top .av_textblock_section.av-ygei1-c19e814ccea47310f6acda471640919b .avia_textblock{\ncolor:#ffffff;\n}\n<\/style>\n<section  class='av_textblock_section av-ygei1-c19e814ccea47310f6acda471640919b'   itemscope=\"itemscope\" itemtype=\"https:\/\/schema.org\/CreativeWork\" ><div class='avia_textblock categorie-blokken av_inherit_color'  itemprop=\"text\" ><p><span class=\"subtitel\">nuestro<\/span><\/p>\n<h2>Gente<\/h2>\n<\/div><\/section><\/div><div class='av-flex-placeholder'><\/div>\n<style type=\"text\/css\" data-created_by=\"avia_inline_auto\" id=\"style-css-av-2h2yx-a587a197df0d3f2820fa5c055a3f6568\">\n.flex_column.av-2h2yx-a587a197df0d3f2820fa5c055a3f6568{\nwidth:24.625%;\nmargin-left:0;\nborder-radius:0px 0px 0px 0px;\npadding:240px 40px 60px 40px;\nbackground:url(https:\/\/www.metalschemicalsgroup.com\/wp-content\/uploads\/2022\/02\/Quality-scaled.jpg) 50% 50% no-repeat scroll ;\n}\n#top .flex_column_table.av-equal-height-column-flextable.av-2h2yx-a587a197df0d3f2820fa5c055a3f6568 .av-flex-placeholder{\nwidth:0.5%;\n}\n<\/style>\n<div  class='flex_column av-2h2yx-a587a197df0d3f2820fa5c055a3f6568 av_one_fourth  avia-builder-el-14  el_after_av_one_fourth  el_before_av_one_fourth  flex_column_table_cell av-equal-height-column av-align-top avia-full-stretch avia-link-column av-column-link avia-link-column-hover  column-top-margin'    data-link-column-url=\"https:\/\/www.metalschemicalsgroup.com\/es\/sustainability\/quality\/\"   ><a class=\"av-screen-reader-only\" href=\"https:\/\/www.metalschemicalsgroup.com\/es\/sustainability\/quality\/\" >Enlace a: Calidad<\/a><style type=\"text\/css\" data-created_by=\"avia_inline_auto\" id=\"style-css-av-n58bl-e15de3596631a828572c0de08d6b2feb\">\n#top .av_textblock_section.av-n58bl-e15de3596631a828572c0de08d6b2feb .avia_textblock{\ncolor:#ffffff;\n}\n<\/style>\n<section  class='av_textblock_section av-n58bl-e15de3596631a828572c0de08d6b2feb'   itemscope=\"itemscope\" itemtype=\"https:\/\/schema.org\/CreativeWork\" ><div class='avia_textblock categorie-blokken av_inherit_color'  itemprop=\"text\" ><p><span class=\"subtitel\">Nuestro<\/span><\/p>\n<h2>Calidad<\/h2>\n<\/div><\/section><\/div><div class='av-flex-placeholder'><\/div>\n<style type=\"text\/css\" data-created_by=\"avia_inline_auto\" id=\"style-css-av-gcl81-0666f67338b8ffcae9bdb91388928375\">\n.flex_column.av-gcl81-0666f67338b8ffcae9bdb91388928375{\nwidth:24.625%;\nmargin-left:0;\nborder-radius:0px 0px 0px 0px;\npadding:240px 40px 60px 40px;\nbackground:url(https:\/\/www.metalschemicalsgroup.com\/wp-content\/uploads\/2022\/02\/Environment.jpg) 50% 50% no-repeat scroll ;\n}\n#top .flex_column_table.av-equal-height-column-flextable.av-gcl81-0666f67338b8ffcae9bdb91388928375 .av-flex-placeholder{\nwidth:0.5%;\n}\n<\/style>\n<div  class='flex_column av-gcl81-0666f67338b8ffcae9bdb91388928375 av_one_fourth  avia-builder-el-16  el_after_av_one_fourth  el_before_av_one_fourth  categorie-blokken flex_column_table_cell av-equal-height-column av-align-top avia-full-stretch avia-link-column av-column-link avia-link-column-hover  column-top-margin'    data-link-column-url=\"https:\/\/www.metalschemicalsgroup.com\/es\/sustainability\/environment\/\"   ><a class=\"av-screen-reader-only\" href=\"https:\/\/www.metalschemicalsgroup.com\/es\/sustainability\/environment\/\" >Enlace a: Medio ambiente<\/a><style type=\"text\/css\" data-created_by=\"avia_inline_auto\" id=\"style-css-av-6uaox-c25d621c71fc9f881971fff5a447c278\">\n#top .av_textblock_section.av-6uaox-c25d621c71fc9f881971fff5a447c278 .avia_textblock{\ncolor:#ffffff;\n}\n<\/style>\n<section  class='av_textblock_section av-6uaox-c25d621c71fc9f881971fff5a447c278'   itemscope=\"itemscope\" itemtype=\"https:\/\/schema.org\/CreativeWork\" ><div class='avia_textblock av_inherit_color'  itemprop=\"text\" ><p><span class=\"subtitel\">Nuestro<\/span><\/p>\n<h2>Medio ambiente<\/h2>\n<\/div><\/section><\/div><div class='av-flex-placeholder'><\/div>\n<style type=\"text\/css\" data-created_by=\"avia_inline_auto\" id=\"style-css-av-lbm98glk-279765523be839718e7c8d472cb6ce04\">\n.flex_column.av-lbm98glk-279765523be839718e7c8d472cb6ce04{\nwidth:24.625%;\nmargin-left:0;\nborder-radius:0px 0px 0px 0px;\npadding:240px 40px 60px 40px;\nbackground:url(https:\/\/www.metalschemicalsgroup.com\/wp-content\/uploads\/2022\/12\/20210601-MCM-HQ-005-1-scaled.jpg) 50% 50% no-repeat scroll ;\n}\n#top .flex_column_table.av-equal-height-column-flextable.av-lbm98glk-279765523be839718e7c8d472cb6ce04 .av-flex-placeholder{\nwidth:0.5%;\n}\n<\/style>\n<div  class='flex_column av-lbm98glk-279765523be839718e7c8d472cb6ce04 av_one_fourth  avia-builder-el-18  el_after_av_one_fourth  avia-builder-el-last  categorie-blokken flex_column_table_cell av-equal-height-column av-align-top avia-full-stretch avia-link-column av-column-link avia-link-column-hover  column-top-margin'    data-link-column-url=\"https:\/\/www.metalschemicalsgroup.com\/es\/sustainability\/community-involvement\/\"   ><a class=\"av-screen-reader-only\" href=\"https:\/\/www.metalschemicalsgroup.com\/es\/sustainability\/community-involvement\/\" >Enlace a: Participaci\u00f3n comunitaria<\/a><style type=\"text\/css\" data-created_by=\"avia_inline_auto\" id=\"style-css-av-lbm97tit-9a4b6268ce7c96d3a4f2c79f6b4e3bfc\">\n#top .av_textblock_section.av-lbm97tit-9a4b6268ce7c96d3a4f2c79f6b4e3bfc .avia_textblock{\ncolor:#ffffff;\n}\n<\/style>\n<section  class='av_textblock_section av-lbm97tit-9a4b6268ce7c96d3a4f2c79f6b4e3bfc'   itemscope=\"itemscope\" itemtype=\"https:\/\/schema.org\/CreativeWork\" ><div class='avia_textblock av_inherit_color'  itemprop=\"text\" ><p><span class=\"subtitel\">Nuestro<\/span><\/p>\n<h2>Participaci\u00f3n comunitaria<\/h2>\n<\/div><\/section><\/div><\/div><!--close column table wrapper. Autoclose: 1 -->","protected":false},"excerpt":{"rendered":"","protected":false},"author":1,"featured_media":0,"parent":71,"menu_order":0,"comment_status":"closed","ping_status":"closed","template":"","meta":{"_monsterinsights_skip_tracking":false,"_monsterinsights_sitenote_active":false,"_monsterinsights_sitenote_note":"","_monsterinsights_sitenote_category":0,"footnotes":""},"class_list":["post-233","page","type-page","status-publish","hentry"],"yoast_head":"<!-- This site is optimized with the Yoast SEO plugin v27.3 - https:\/\/yoast.com\/product\/yoast-seo-wordpress\/ -->\n<title>Prevention and safety - Metals Chemicals Maastricht<\/title>\n<meta name=\"description\" content=\"MCM\u2019s main objective is to optimise its business operations, thereby minimising the number of emergencies and preventing any personal injury\" \/>\n<meta name=\"robots\" content=\"index, follow, max-snippet:-1, max-image-preview:large, max-video-preview:-1\" \/>\n<link rel=\"canonical\" href=\"https:\/\/www.metalschemicalsgroup.com\/es\/sostenibilidad\/prevencion-y-seguridad\/\" \/>\n<meta property=\"og:locale\" content=\"es_ES\" \/>\n<meta property=\"og:type\" content=\"article\" \/>\n<meta property=\"og:title\" content=\"Prevention and safety - Metals Chemicals Maastricht\" \/>\n<meta property=\"og:description\" content=\"MCM\u2019s main objective is to optimise its business operations, thereby minimising the number of emergencies and preventing any personal injury\" \/>\n<meta property=\"og:url\" content=\"https:\/\/www.metalschemicalsgroup.com\/es\/sostenibilidad\/prevencion-y-seguridad\/\" \/>\n<meta property=\"og:site_name\" content=\"Metals Chemicals Maastricht\" \/>\n<meta property=\"article:modified_time\" content=\"2022-12-13T13:23:42+00:00\" \/>\n<meta name=\"twitter:card\" content=\"summary_large_image\" \/>\n<meta name=\"twitter:label1\" content=\"Tiempo de lectura\" \/>\n\t<meta name=\"twitter:data1\" content=\"4 minutos\" \/>\n<script type=\"application\/ld+json\" class=\"yoast-schema-graph\">{\"@context\":\"https:\\\/\\\/schema.org\",\"@graph\":[{\"@type\":\"WebPage\",\"@id\":\"https:\\\/\\\/www.metalschemicalsgroup.com\\\/sustainability\\\/prevention-and-safety\\\/\",\"url\":\"https:\\\/\\\/www.metalschemicalsgroup.com\\\/sustainability\\\/prevention-and-safety\\\/\",\"name\":\"Prevention and safety - Metals Chemicals Maastricht\",\"isPartOf\":{\"@id\":\"https:\\\/\\\/www.metalschemicalsgroup.com\\\/#website\"},\"datePublished\":\"2022-02-15T08:32:10+00:00\",\"dateModified\":\"2022-12-13T13:23:42+00:00\",\"description\":\"MCM\u2019s main objective is to optimise its business operations, thereby minimising the number of emergencies and preventing any personal injury\",\"breadcrumb\":{\"@id\":\"https:\\\/\\\/www.metalschemicalsgroup.com\\\/sustainability\\\/prevention-and-safety\\\/#breadcrumb\"},\"inLanguage\":\"es\",\"potentialAction\":[{\"@type\":\"ReadAction\",\"target\":[\"https:\\\/\\\/www.metalschemicalsgroup.com\\\/sustainability\\\/prevention-and-safety\\\/\"]}]},{\"@type\":\"BreadcrumbList\",\"@id\":\"https:\\\/\\\/www.metalschemicalsgroup.com\\\/sustainability\\\/prevention-and-safety\\\/#breadcrumb\",\"itemListElement\":[{\"@type\":\"ListItem\",\"position\":1,\"name\":\"Home\",\"item\":\"https:\\\/\\\/www.metalschemicalsgroup.com\\\/partner-in-zinc-lead-mining-chemicals\\\/\"},{\"@type\":\"ListItem\",\"position\":2,\"name\":\"Sustainability\",\"item\":\"https:\\\/\\\/www.metalschemicalsgroup.com\\\/sustainability\\\/\"},{\"@type\":\"ListItem\",\"position\":3,\"name\":\"Prevention and safety\"}]},{\"@type\":\"WebSite\",\"@id\":\"https:\\\/\\\/www.metalschemicalsgroup.com\\\/#website\",\"url\":\"https:\\\/\\\/www.metalschemicalsgroup.com\\\/\",\"name\":\"Metals Chemicals Maastricht\",\"description\":\"Strong in Zinc\",\"potentialAction\":[{\"@type\":\"SearchAction\",\"target\":{\"@type\":\"EntryPoint\",\"urlTemplate\":\"https:\\\/\\\/www.metalschemicalsgroup.com\\\/?s={search_term_string}\"},\"query-input\":{\"@type\":\"PropertyValueSpecification\",\"valueRequired\":true,\"valueName\":\"search_term_string\"}}],\"inLanguage\":\"es\"}]}<\/script>\n<!-- \/ Yoast SEO plugin. -->","yoast_head_json":{"title":"Prevenci\u00f3n y seguridad - Metales Productos qu\u00edmicos Maastricht","description":"El principal objetivo de MCM es optimizar sus operaciones comerciales, minimizando as\u00ed el n\u00famero de emergencias y evitando cualquier da\u00f1o personal","robots":{"index":"index","follow":"follow","max-snippet":"max-snippet:-1","max-image-preview":"max-image-preview:large","max-video-preview":"max-video-preview:-1"},"canonical":"https:\/\/www.metalschemicalsgroup.com\/es\/sostenibilidad\/prevencion-y-seguridad\/","og_locale":"es_ES","og_type":"article","og_title":"Prevention and safety - Metals Chemicals Maastricht","og_description":"MCM\u2019s main objective is to optimise its business operations, thereby minimising the number of emergencies and preventing any personal injury","og_url":"https:\/\/www.metalschemicalsgroup.com\/es\/sostenibilidad\/prevencion-y-seguridad\/","og_site_name":"Metals Chemicals Maastricht","article_modified_time":"2022-12-13T13:23:42+00:00","twitter_card":"summary_large_image","twitter_misc":{"Tiempo de lectura":"4 minutos"},"schema":{"@context":"https:\/\/schema.org","@graph":[{"@type":"WebPage","@id":"https:\/\/www.metalschemicalsgroup.com\/sustainability\/prevention-and-safety\/","url":"https:\/\/www.metalschemicalsgroup.com\/sustainability\/prevention-and-safety\/","name":"Prevenci\u00f3n y seguridad - Metales Productos qu\u00edmicos Maastricht","isPartOf":{"@id":"https:\/\/www.metalschemicalsgroup.com\/#website"},"datePublished":"2022-02-15T08:32:10+00:00","dateModified":"2022-12-13T13:23:42+00:00","description":"El principal objetivo de MCM es optimizar sus operaciones comerciales, minimizando as\u00ed el n\u00famero de emergencias y evitando cualquier da\u00f1o personal","breadcrumb":{"@id":"https:\/\/www.metalschemicalsgroup.com\/sustainability\/prevention-and-safety\/#breadcrumb"},"inLanguage":"es","potentialAction":[{"@type":"ReadAction","target":["https:\/\/www.metalschemicalsgroup.com\/sustainability\/prevention-and-safety\/"]}]},{"@type":"BreadcrumbList","@id":"https:\/\/www.metalschemicalsgroup.com\/sustainability\/prevention-and-safety\/#breadcrumb","itemListElement":[{"@type":"ListItem","position":1,"name":"Home","item":"https:\/\/www.metalschemicalsgroup.com\/partner-in-zinc-lead-mining-chemicals\/"},{"@type":"ListItem","position":2,"name":"Sustainability","item":"https:\/\/www.metalschemicalsgroup.com\/sustainability\/"},{"@type":"ListItem","position":3,"name":"Prevention and safety"}]},{"@type":"WebSite","@id":"https:\/\/www.metalschemicalsgroup.com\/#website","url":"https:\/\/www.metalschemicalsgroup.com\/","name":"Metals Chemicals Maastricht","description":"Fuerte en Zinc","potentialAction":[{"@type":"SearchAction","target":{"@type":"EntryPoint","urlTemplate":"https:\/\/www.metalschemicalsgroup.com\/?s={search_term_string}"},"query-input":{"@type":"PropertyValueSpecification","valueRequired":true,"valueName":"search_term_string"}}],"inLanguage":"es"}]}},"_links":{"self":[{"href":"https:\/\/www.metalschemicalsgroup.com\/es\/wp-json\/wp\/v2\/pages\/233","targetHints":{"allow":["GET"]}}],"collection":[{"href":"https:\/\/www.metalschemicalsgroup.com\/es\/wp-json\/wp\/v2\/pages"}],"about":[{"href":"https:\/\/www.metalschemicalsgroup.com\/es\/wp-json\/wp\/v2\/types\/page"}],"author":[{"embeddable":true,"href":"https:\/\/www.metalschemicalsgroup.com\/es\/wp-json\/wp\/v2\/users\/1"}],"replies":[{"embeddable":true,"href":"https:\/\/www.metalschemicalsgroup.com\/es\/wp-json\/wp\/v2\/comments?post=233"}],"version-history":[{"count":12,"href":"https:\/\/www.metalschemicalsgroup.com\/es\/wp-json\/wp\/v2\/pages\/233\/revisions"}],"predecessor-version":[{"id":1362,"href":"https:\/\/www.metalschemicalsgroup.com\/es\/wp-json\/wp\/v2\/pages\/233\/revisions\/1362"}],"up":[{"embeddable":true,"href":"https:\/\/www.metalschemicalsgroup.com\/es\/wp-json\/wp\/v2\/pages\/71"}],"wp:attachment":[{"href":"https:\/\/www.metalschemicalsgroup.com\/es\/wp-json\/wp\/v2\/media?parent=233"}],"curies":[{"name":"wp","href":"https:\/\/api.w.org\/{rel}","templated":true}]}}