{"id":1466,"date":"2023-08-28T15:00:41","date_gmt":"2023-08-28T15:00:41","guid":{"rendered":"https:\/\/www.metalschemicalsgroup.com\/?page_id=1466"},"modified":"2025-02-13T14:18:02","modified_gmt":"2025-02-13T13:18:02","slug":"pate-de-plomb","status":"publish","type":"page","link":"https:\/\/www.metalschemicalsgroup.com\/fr\/products\/lead-paste\/","title":{"rendered":"P\u00e2te de plomb"},"content":{"rendered":"<div id='av_section_1'  class='avia-section av-24gl5-d24183ed9fcfbb921d9547743fdb076d main_color avia-section-large avia-no-border-styling  avia-builder-el-0  el_before_av_section  avia-builder-el-first  avia-bg-style-scroll container_wrap fullsize'  ><div class='container av-section-cont-open' ><main  role=\"main\" itemprop=\"mainContentOfPage\"  class='template-page content  av-content-full alpha units'><div class='post-entry post-entry-type-page post-entry-1466'><div class='entry-content-wrapper clearfix'>\n\n<style type=\"text\/css\" data-created_by=\"avia_inline_auto\" id=\"style-css-av-kysp3mf8-f64afa02dc884ea4df276acc389d6cde\">\n.flex_column.av-kysp3mf8-f64afa02dc884ea4df276acc389d6cde{\npadding:0 80px 0 0;\n}\n<\/style>\n<div  id=\"content-blok\"  class='flex_column av-kysp3mf8-f64afa02dc884ea4df276acc389d6cde av_two_third  avia-builder-el-1  el_before_av_one_third  avia-builder-el-first  first no_margin flex_column_div'     ><p>\n<style type=\"text\/css\" data-created_by=\"avia_inline_auto\" id=\"style-css-av-4oi61-6e3abf6569cedd4f790b2a57a1c5f3f4\">\n#top .av-special-heading.av-4oi61-6e3abf6569cedd4f790b2a57a1c5f3f4{\npadding-bottom:10px;\n}\nbody .av-special-heading.av-4oi61-6e3abf6569cedd4f790b2a57a1c5f3f4 .av-special-heading-tag .heading-char{\nfont-size:25px;\n}\n.av-special-heading.av-4oi61-6e3abf6569cedd4f790b2a57a1c5f3f4 .av-subheading{\nfont-size:15px;\n}\n<\/style>\n<div  class='av-special-heading av-4oi61-6e3abf6569cedd4f790b2a57a1c5f3f4 av-special-heading-h2 blockquote modern-quote  avia-builder-el-2  el_before_av_textblock  avia-builder-el-first'><div class='av-subheading av-subheading_above'><p>Superbe en<\/p>\n<\/div><h2 class='av-special-heading-tag'  itemprop=\"headline\"  >P\u00e2te de plomb<\/h2><div class=\"special-heading-border\"><div class=\"special-heading-inner-border\"><\/div><\/div><\/div><br \/>\n<section  class='av_textblock_section av-3o5oh-36c37cee78ade81d116541e986e7f524'   itemscope=\"itemscope\" itemtype=\"https:\/\/schema.org\/CreativeWork\" ><div class='avia_textblock'  itemprop=\"text\" ><h3>MCM : votre partenaire durable pour le recyclage du plomb<\/h3>\n<p>MCM est un leader dans le recyclage, le commerce et le traitement des r\u00e9sidus de zinc et de plomb depuis 1993. Notre engagement en faveur du d\u00e9veloppement durable a commenc\u00e9 par une vision claire de notre contribution positive \u00e0 l'environnement, et nous travaillons activement \u00e0 la r\u00e9alisation de cet objectif depuis lors, en recyclant et en fournissant des r\u00e9sidus de zinc et de plomb. <a href=\"https:\/\/www.metalschemicalsgroup.com\/fr\/produits\/plomb\/\">r\u00e9sidus de plomb<\/a> \u00e0 nos clients.<\/p>\n<p>Nous sommes sp\u00e9cialis\u00e9s dans le traitement de divers r\u00e9sidus de plomb, en particulier la p\u00e2te de plomb. La p\u00e2te de plomb est un composant crucial mais souvent n\u00e9glig\u00e9 dans les industries modernes, o\u00f9 l'innovation est essentielle. Du stockage de l'\u00e9nergie \u00e0 la fabrication de produits \u00e9lectroniques, la p\u00e2te de plomb joue un r\u00f4le essentiel dans la mani\u00e8re dont nous exploitons l'\u00e9nergie et utilisons la technologie. Gr\u00e2ce \u00e0 nos ann\u00e9es d'exp\u00e9rience, nous avons construit un r\u00e9seau mondial de fournisseurs et de clients, et nous n\u00e9gocions et\/ou traitons plus de 100 000 tonnes de r\u00e9sidus de zinc et de plomb par an.<\/p>\n<h3>Qu'est-ce que la p\u00e2te de plomb ?<\/h3>\n<p>La p\u00e2te de plomb est un produit secondaire issu du recyclage des batteries plomb-acide. Ces batteries sont couramment utilis\u00e9es dans les voitures \u00e0 carburant conventionnel et les v\u00e9hicules \u00e9lectriques, et jouent un r\u00f4le important dans le paysage automobile actuel. Ce sous-produit est extrait pour sa teneur en plomb et se compose principalement d'oxyde de plomb, de sulfate de plomb, d'acide sulfurique et de divers additifs, ce qui en fait un mat\u00e9riau id\u00e9al pour diverses applications. Ses propri\u00e9t\u00e9s en font un mat\u00e9riau id\u00e9al pour une large gamme d'applications, en particulier pour la production d'accumulateurs au plomb. L'une de ses principales caract\u00e9ristiques est sa capacit\u00e9 \u00e9lectrochimique, qui en fait un composant essentiel des batteries plomb-acide. Elle facilite la conversion de l'\u00e9nergie chimique en \u00e9nergie \u00e9lectrique, ce qui permet de stocker puis de lib\u00e9rer de l'\u00e9nergie. La p\u00e2te de plomb est donc un composant essentiel dans le secteur du stockage de l'\u00e9nergie.<\/p>\n<h3>R\u00e9cup\u00e9ration et recyclage des p\u00e2tes de plomb<\/h3>\n<p>Chez MCM, nous comprenons l'importance de r\u00e9cup\u00e9rer ce r\u00e9sidu pour r\u00e9duire les besoins en plomb d'extraction. Nous recyclons la p\u00e2te de plomb afin que d'autres entreprises de l'industrie puissent r\u00e9cup\u00e9rer le plomb par le biais du processus de recyclage pyrom\u00e9tallurgique. Cette m\u00e9thode consiste \u00e0 soumettre la p\u00e2te de plomb \u00e0 des temp\u00e9ratures \u00e9lev\u00e9es afin de s\u00e9parer le plomb des autres composants en raison de son point de fusion plus bas. Ce processus nous permet de r\u00e9cup\u00e9rer des mat\u00e9riaux pr\u00e9cieux et de prolonger leur dur\u00e9e de vie dans diverses applications.<\/p>\n<p>La p\u00e2te de plomb est hautement toxique en raison de sa teneur en plomb et est class\u00e9e comme mati\u00e8re dangereuse. Si vous envisagez d'exporter ou d'importer des d\u00e9chets dangereux dans un \u00c9tat membre de l'UE, vous devez respecter le r\u00e8glement europ\u00e9en sur les transferts de d\u00e9chets (EWSR, ou EVOA en n\u00e9erlandais). Ce r\u00e8glement exige un contrat avec le destinataire des d\u00e9chets et l'autorisation des pays de transit avant que le transport puisse avoir lieu. Chez MCM, nous sommes parfaitement \u00e9quip\u00e9s pour g\u00e9rer le transport de d\u00e9chets dangereux dans le respect de toutes les lois et r\u00e9glementations applicables.<\/p>\n<p>Nous aidons nos partenaires commerciaux \u00e0 se conformer \u00e0 la l\u00e9gislation sur le recyclage. Nos liens \u00e9troits avec les autorit\u00e9s nous permettent de les assister dans les processus de d\u00e9claration et de notification. Si n\u00e9cessaire, nous fournissons l'assistance requise pour assurer le bon d\u00e9roulement des op\u00e9rations.<\/p>\n<h3>Contribuer \u00e0 un avenir plus vert<\/h3>\n<p>Au MCM, <a href=\"https:\/\/www.metalschemicalsgroup.com\/fr\/a-propos-de-nous\/mission-vision\/\">notre vision<\/a> va au-del\u00e0 de la r\u00e9ussite commerciale. Nous reconnaissons l'importance de pr\u00e9server la plan\u00e8te et de r\u00e9duire l'impact de l'industrie sur l'environnement. En recyclant les r\u00e9sidus de plomb, y compris la p\u00e2te de plomb, nous contribuons \u00e0 un avenir plus durable. Notre objectif est de cr\u00e9er un monde o\u00f9 le recyclage responsable joue un r\u00f4le central dans la conservation des ressources et la protection de l'environnement.<\/p>\n<\/div><\/section><br \/>\n\n<style type=\"text\/css\" data-created_by=\"avia_inline_auto\" id=\"style-css-av-35za5-fa134435a2156a768af248b6b273b12f\">\n#top .hr.hr-invisible.av-35za5-fa134435a2156a768af248b6b273b12f{\nheight:30px;\n}\n<\/style>\n<div  class='hr av-35za5-fa134435a2156a768af248b6b273b12f hr-invisible  avia-builder-el-4  el_after_av_textblock  avia-builder-el-last'><span class='hr-inner'><span class=\"hr-inner-style\"><\/span><\/span><\/div><\/p><\/div><div  class='flex_column av-yjel-e6681b510749e9931205b252c54b5626 av_one_third  avia-builder-el-5  el_after_av_two_third  avia-builder-el-last  no_margin flex_column_div'     ><div  class='avia-builder-widget-area clearfix  avia-builder-el-6  avia-builder-el-no-sibling'><section id=\"text-6\" class=\"widget clearfix widget_text\"><h3 class=\"widgettitle\">Contactez nous<\/h3>\t\t\t<div class=\"textwidget\"><a class=\"mail\" href=\"mailto:info@metalschemicalsgroup.com\">info@metalschemicalsgroup.com<\/a>\r\n<a class=\"tel\" href=\"tel:+31(0)43 362 6500\">+31(0)43 362 6500<\/a><\/div>\n\t\t<span class=\"seperator extralight-border\"><\/span><\/section><\/div><\/div><\/div><\/div><\/main><!-- close content main element --><\/div><\/div>\n<style type=\"text\/css\" data-created_by=\"avia_inline_auto\" id=\"style-css-av-5ge3p-b376b9efa53a205ceaf71312e277bd9c\">\n.avia-section.av-5ge3p-b376b9efa53a205ceaf71312e277bd9c{\nmargin-top:-160px;\nmargin-bottom:0px;\n}\n<\/style>\n<div id='av_section_2'  class='avia-section av-5ge3p-b376b9efa53a205ceaf71312e277bd9c alternate_color avia-section-large avia-no-border-styling  avia-builder-el-7  el_after_av_section  avia-builder-el-last  avia-bg-style-scroll container_wrap fullsize'  ><div class='container av-section-cont-open' ><div class='template-page content  av-content-full alpha units'><div class='post-entry post-entry-type-page post-entry-1466'><div class='entry-content-wrapper clearfix'>\n\n<style type=\"text\/css\" data-created_by=\"avia_inline_auto\" id=\"style-css-av-1vxx-f3ebf9433468321563a377b7ac1234be\">\n#top .hr.hr-invisible.av-1vxx-f3ebf9433468321563a377b7ac1234be{\nheight:50px;\n}\n<\/style>\n<div  class='hr av-1vxx-f3ebf9433468321563a377b7ac1234be hr-invisible  avia-builder-el-8  el_before_av_textblock  avia-builder-el-first'><span class='hr-inner'><span class=\"hr-inner-style\"><\/span><\/span><\/div>\n<section  class='av_textblock_section av-4de61-d2dd1f1388e70c12d89b0a4a22ffae15'   itemscope=\"itemscope\" itemtype=\"https:\/\/schema.org\/CreativeWork\" ><div class='avia_textblock'  itemprop=\"text\" ><h2>Nos produits<\/h2>\n<\/div><\/section>\n<div class='flex_column_table av-3uacx-7d94fd024b7a8aeaa9fb8570e6a93e06 sc-av_one_third av-equal-height-column-flextable'>\n<style type=\"text\/css\" data-created_by=\"avia_inline_auto\" id=\"style-css-av-3uacx-7d94fd024b7a8aeaa9fb8570e6a93e06\">\n.flex_column.av-3uacx-7d94fd024b7a8aeaa9fb8570e6a93e06{\nwidth:33%;\nmargin-left:0;\nborder-radius:0px 0px 0px 0px;\npadding:240px 40px 60px 40px;\nbackground:url(https:\/\/www.metalschemicalsgroup.com\/wp-content\/uploads\/2022\/02\/2015.148181-scaled.jpg) 50% 50% no-repeat scroll ;\n}\n#top .flex_column_table.av-equal-height-column-flextable.av-3uacx-7d94fd024b7a8aeaa9fb8570e6a93e06 .av-flex-placeholder{\nwidth:0.5%;\n}\n<\/style>\n<div  class='flex_column av-3uacx-7d94fd024b7a8aeaa9fb8570e6a93e06 av_one_third  avia-builder-el-10  el_after_av_textblock  el_before_av_one_third  first flex_column_table_cell av-equal-height-column av-align-top avia-full-stretch avia-link-column av-column-link avia-link-column-hover  column-top-margin'    data-link-column-url=\"https:\/\/www.metalschemicalsgroup.com\/fr\/products\/zinc\/\"   ><a class=\"av-screen-reader-only\" href=\"https:\/\/www.metalschemicalsgroup.com\/fr\/products\/zinc\/\" >Lier vers : R\u00e9sidus de zinc<\/a><style type=\"text\/css\" data-created_by=\"avia_inline_auto\" id=\"style-css-av-cec5-b82bbc141197b311d2131146bf74b427\">\n#top .av_textblock_section.av-cec5-b82bbc141197b311d2131146bf74b427 .avia_textblock{\ncolor:#ffffff;\n}\n<\/style>\n<section  class='av_textblock_section av-cec5-b82bbc141197b311d2131146bf74b427'   itemscope=\"itemscope\" itemtype=\"https:\/\/schema.org\/CreativeWork\" ><div class='avia_textblock categorie-blokken av_inherit_color'  itemprop=\"text\" ><h2>R\u00e9sidus de zinc<\/h2>\n<\/div><\/section><\/div><div class='av-flex-placeholder'><\/div>\n<style type=\"text\/css\" data-created_by=\"avia_inline_auto\" id=\"style-css-av-2wtt1-d2db53cc1fea5fed2d77d80e75ff9ce5\">\n.flex_column.av-2wtt1-d2db53cc1fea5fed2d77d80e75ff9ce5{\nwidth:33%;\nmargin-left:0;\nborder-radius:0px 0px 0px 0px;\npadding:240px 40px 60px 40px;\nbackground:url(https:\/\/www.metalschemicalsgroup.com\/wp-content\/uploads\/2022\/02\/Furnace-scaled.jpg) 50% 50% no-repeat scroll ;\n}\n#top .flex_column_table.av-equal-height-column-flextable.av-2wtt1-d2db53cc1fea5fed2d77d80e75ff9ce5 .av-flex-placeholder{\nwidth:0.5%;\n}\n<\/style>\n<div  class='flex_column av-2wtt1-d2db53cc1fea5fed2d77d80e75ff9ce5 av_one_third  avia-builder-el-12  el_after_av_one_third  el_before_av_one_third  flex_column_table_cell av-equal-height-column av-align-top avia-full-stretch avia-link-column av-column-link avia-link-column-hover  column-top-margin'    data-link-column-url=\"https:\/\/www.metalschemicalsgroup.com\/fr\/products\/lead-residues\/\"   ><a class=\"av-screen-reader-only\" href=\"https:\/\/www.metalschemicalsgroup.com\/fr\/products\/lead-residues\/\" >Lier vers : R\u00e9sidus de plomb<\/a><style type=\"text\/css\" data-created_by=\"avia_inline_auto\" id=\"style-css-av-1vo2p-febcfdcd7ffde1e568c4368b9c58721d\">\n#top .av_textblock_section.av-1vo2p-febcfdcd7ffde1e568c4368b9c58721d .avia_textblock{\ncolor:#ffffff;\n}\n<\/style>\n<section  class='av_textblock_section av-1vo2p-febcfdcd7ffde1e568c4368b9c58721d'   itemscope=\"itemscope\" itemtype=\"https:\/\/schema.org\/CreativeWork\" ><div class='avia_textblock categorie-blokken av_inherit_color'  itemprop=\"text\" ><h2>R\u00e9sidus de plomb<\/h2>\n<\/div><\/section><\/div><div class='av-flex-placeholder'><\/div>\n<style type=\"text\/css\" data-created_by=\"avia_inline_auto\" id=\"style-css-av-1lgy1-176ba9393538f9fe5bd23aaf2c1f5981\">\n.flex_column.av-1lgy1-176ba9393538f9fe5bd23aaf2c1f5981{\nwidth:33%;\nmargin-left:0;\nborder-radius:0px 0px 0px 0px;\npadding:240px 40px 60px 40px;\nbackground:url(https:\/\/www.metalschemicalsgroup.com\/wp-content\/uploads\/2022\/12\/Gold-ingot-scaled.jpg) 50% 50% no-repeat scroll ;\n}\n#top .flex_column_table.av-equal-height-column-flextable.av-1lgy1-176ba9393538f9fe5bd23aaf2c1f5981 .av-flex-placeholder{\nwidth:0.5%;\n}\n<\/style>\n<div  class='flex_column av-1lgy1-176ba9393538f9fe5bd23aaf2c1f5981 av_one_third  avia-builder-el-14  el_after_av_one_third  avia-builder-el-last  categorie-blokken flex_column_table_cell av-equal-height-column av-align-top avia-full-stretch avia-link-column av-column-link avia-link-column-hover  column-top-margin'    data-link-column-url=\"https:\/\/www.metalschemicalsgroup.com\/fr\/products\/mining-chemicals\/\"   ><a class=\"av-screen-reader-only\" href=\"https:\/\/www.metalschemicalsgroup.com\/fr\/products\/mining-chemicals\/\" >Lier vers : Produits chimiques pour l'industrie mini\u00e8re<\/a><style type=\"text\/css\" data-created_by=\"avia_inline_auto\" id=\"style-css-av-ymyd-395e60348be8ab78ac0e10ea53774cf7\">\n#top .av_textblock_section.av-ymyd-395e60348be8ab78ac0e10ea53774cf7 .avia_textblock{\ncolor:#ffffff;\n}\n<\/style>\n<section  class='av_textblock_section av-ymyd-395e60348be8ab78ac0e10ea53774cf7'   itemscope=\"itemscope\" itemtype=\"https:\/\/schema.org\/CreativeWork\" ><div class='avia_textblock av_inherit_color'  itemprop=\"text\" ><h2>Produits chimiques pour l'exploitation mini\u00e8re<\/h2>\n<\/div><\/section><\/div><\/div><!--close column table wrapper. Autoclose: 1 -->\n<\/p>","protected":false},"excerpt":{"rendered":"","protected":false},"author":1,"featured_media":0,"parent":51,"menu_order":0,"comment_status":"closed","ping_status":"closed","template":"","meta":{"_monsterinsights_skip_tracking":false,"_monsterinsights_sitenote_active":false,"_monsterinsights_sitenote_note":"","_monsterinsights_sitenote_category":0,"footnotes":""},"class_list":["post-1466","page","type-page","status-publish","hentry"],"yoast_head":"<!-- This site is optimized with the Yoast SEO plugin v27.5 - https:\/\/yoast.com\/product\/yoast-seo-wordpress\/ -->\n<title>Lead Paste - Metals Chemicals Maastricht<\/title>\n<meta name=\"description\" content=\"MCM specializes in sustainable lead paste recycling, reducing environmental impact and contributing to a greener future.\" \/>\n<meta name=\"robots\" content=\"index, follow, max-snippet:-1, max-image-preview:large, max-video-preview:-1\" \/>\n<link rel=\"canonical\" href=\"https:\/\/www.metalschemicalsgroup.com\/fr\/produits\/pate-de-plomb\/\" \/>\n<meta property=\"og:locale\" content=\"fr_FR\" \/>\n<meta property=\"og:type\" content=\"article\" \/>\n<meta property=\"og:title\" content=\"Lead Paste - Metals Chemicals Maastricht\" \/>\n<meta property=\"og:description\" content=\"MCM specializes in sustainable lead paste recycling, reducing environmental impact and contributing to a greener future.\" \/>\n<meta property=\"og:url\" content=\"https:\/\/www.metalschemicalsgroup.com\/fr\/produits\/pate-de-plomb\/\" \/>\n<meta property=\"og:site_name\" content=\"Metals Chemicals Maastricht\" \/>\n<meta property=\"article:modified_time\" content=\"2025-02-13T13:18:02+00:00\" \/>\n<meta name=\"twitter:card\" content=\"summary_large_image\" \/>\n<meta name=\"twitter:label1\" content=\"Dur\u00e9e de lecture estim\u00e9e\" \/>\n\t<meta name=\"twitter:data1\" content=\"3 minutes\" \/>\n<script type=\"application\/ld+json\" class=\"yoast-schema-graph\">{\"@context\":\"https:\\\/\\\/schema.org\",\"@graph\":[{\"@type\":\"WebPage\",\"@id\":\"https:\\\/\\\/www.metalschemicalsgroup.com\\\/products\\\/lead-paste\\\/\",\"url\":\"https:\\\/\\\/www.metalschemicalsgroup.com\\\/products\\\/lead-paste\\\/\",\"name\":\"Lead Paste - Metals Chemicals Maastricht\",\"isPartOf\":{\"@id\":\"https:\\\/\\\/www.metalschemicalsgroup.com\\\/#website\"},\"datePublished\":\"2023-08-28T15:00:41+00:00\",\"dateModified\":\"2025-02-13T13:18:02+00:00\",\"description\":\"MCM specializes in sustainable lead paste recycling, reducing environmental impact and contributing to a greener future.\",\"breadcrumb\":{\"@id\":\"https:\\\/\\\/www.metalschemicalsgroup.com\\\/products\\\/lead-paste\\\/#breadcrumb\"},\"inLanguage\":\"fr-FR\",\"potentialAction\":[{\"@type\":\"ReadAction\",\"target\":[\"https:\\\/\\\/www.metalschemicalsgroup.com\\\/products\\\/lead-paste\\\/\"]}]},{\"@type\":\"BreadcrumbList\",\"@id\":\"https:\\\/\\\/www.metalschemicalsgroup.com\\\/products\\\/lead-paste\\\/#breadcrumb\",\"itemListElement\":[{\"@type\":\"ListItem\",\"position\":1,\"name\":\"Home\",\"item\":\"https:\\\/\\\/www.metalschemicalsgroup.com\\\/partner-in-zinc-lead-mining-chemicals\\\/\"},{\"@type\":\"ListItem\",\"position\":2,\"name\":\"Products\",\"item\":\"https:\\\/\\\/www.metalschemicalsgroup.com\\\/products\\\/\"},{\"@type\":\"ListItem\",\"position\":3,\"name\":\"Lead Paste\"}]},{\"@type\":\"WebSite\",\"@id\":\"https:\\\/\\\/www.metalschemicalsgroup.com\\\/#website\",\"url\":\"https:\\\/\\\/www.metalschemicalsgroup.com\\\/\",\"name\":\"Metals Chemicals Maastricht\",\"description\":\"Strong in Zinc\",\"potentialAction\":[{\"@type\":\"SearchAction\",\"target\":{\"@type\":\"EntryPoint\",\"urlTemplate\":\"https:\\\/\\\/www.metalschemicalsgroup.com\\\/?s={search_term_string}\"},\"query-input\":{\"@type\":\"PropertyValueSpecification\",\"valueRequired\":true,\"valueName\":\"search_term_string\"}}],\"inLanguage\":\"fr-FR\"}]}<\/script>\n<!-- \/ Yoast SEO plugin. -->","yoast_head_json":{"title":"P\u00e2te de plomb - Metals Chemicals Maastricht","description":"MCM se sp\u00e9cialise dans le recyclage durable de la p\u00e2te de plomb, r\u00e9duisant ainsi l'impact sur l'environnement et contribuant \u00e0 un avenir plus vert.","robots":{"index":"index","follow":"follow","max-snippet":"max-snippet:-1","max-image-preview":"max-image-preview:large","max-video-preview":"max-video-preview:-1"},"canonical":"https:\/\/www.metalschemicalsgroup.com\/fr\/produits\/pate-de-plomb\/","og_locale":"fr_FR","og_type":"article","og_title":"Lead Paste - Metals Chemicals Maastricht","og_description":"MCM specializes in sustainable lead paste recycling, reducing environmental impact and contributing to a greener future.","og_url":"https:\/\/www.metalschemicalsgroup.com\/fr\/produits\/pate-de-plomb\/","og_site_name":"Metals Chemicals Maastricht","article_modified_time":"2025-02-13T13:18:02+00:00","twitter_card":"summary_large_image","twitter_misc":{"Dur\u00e9e de lecture estim\u00e9e":"3 minutes"},"schema":{"@context":"https:\/\/schema.org","@graph":[{"@type":"WebPage","@id":"https:\/\/www.metalschemicalsgroup.com\/products\/lead-paste\/","url":"https:\/\/www.metalschemicalsgroup.com\/products\/lead-paste\/","name":"P\u00e2te de plomb - Metals Chemicals Maastricht","isPartOf":{"@id":"https:\/\/www.metalschemicalsgroup.com\/#website"},"datePublished":"2023-08-28T15:00:41+00:00","dateModified":"2025-02-13T13:18:02+00:00","description":"MCM se sp\u00e9cialise dans le recyclage durable de la p\u00e2te de plomb, r\u00e9duisant ainsi l'impact sur l'environnement et contribuant \u00e0 un avenir plus vert.","breadcrumb":{"@id":"https:\/\/www.metalschemicalsgroup.com\/products\/lead-paste\/#breadcrumb"},"inLanguage":"fr-FR","potentialAction":[{"@type":"ReadAction","target":["https:\/\/www.metalschemicalsgroup.com\/products\/lead-paste\/"]}]},{"@type":"BreadcrumbList","@id":"https:\/\/www.metalschemicalsgroup.com\/products\/lead-paste\/#breadcrumb","itemListElement":[{"@type":"ListItem","position":1,"name":"Home","item":"https:\/\/www.metalschemicalsgroup.com\/partner-in-zinc-lead-mining-chemicals\/"},{"@type":"ListItem","position":2,"name":"Products","item":"https:\/\/www.metalschemicalsgroup.com\/products\/"},{"@type":"ListItem","position":3,"name":"Lead Paste"}]},{"@type":"WebSite","@id":"https:\/\/www.metalschemicalsgroup.com\/#website","url":"https:\/\/www.metalschemicalsgroup.com\/","name":"Metals Chemicals Maastricht","description":"Forte teneur en zinc","potentialAction":[{"@type":"SearchAction","target":{"@type":"EntryPoint","urlTemplate":"https:\/\/www.metalschemicalsgroup.com\/?s={search_term_string}"},"query-input":{"@type":"PropertyValueSpecification","valueRequired":true,"valueName":"search_term_string"}}],"inLanguage":"fr-FR"}]}},"_links":{"self":[{"href":"https:\/\/www.metalschemicalsgroup.com\/fr\/wp-json\/wp\/v2\/pages\/1466","targetHints":{"allow":["GET"]}}],"collection":[{"href":"https:\/\/www.metalschemicalsgroup.com\/fr\/wp-json\/wp\/v2\/pages"}],"about":[{"href":"https:\/\/www.metalschemicalsgroup.com\/fr\/wp-json\/wp\/v2\/types\/page"}],"author":[{"embeddable":true,"href":"https:\/\/www.metalschemicalsgroup.com\/fr\/wp-json\/wp\/v2\/users\/1"}],"replies":[{"embeddable":true,"href":"https:\/\/www.metalschemicalsgroup.com\/fr\/wp-json\/wp\/v2\/comments?post=1466"}],"version-history":[{"count":13,"href":"https:\/\/www.metalschemicalsgroup.com\/fr\/wp-json\/wp\/v2\/pages\/1466\/revisions"}],"predecessor-version":[{"id":1624,"href":"https:\/\/www.metalschemicalsgroup.com\/fr\/wp-json\/wp\/v2\/pages\/1466\/revisions\/1624"}],"up":[{"embeddable":true,"href":"https:\/\/www.metalschemicalsgroup.com\/fr\/wp-json\/wp\/v2\/pages\/51"}],"wp:attachment":[{"href":"https:\/\/www.metalschemicalsgroup.com\/fr\/wp-json\/wp\/v2\/media?parent=1466"}],"curies":[{"name":"wp","href":"https:\/\/api.w.org\/{rel}","templated":true}]}}