{"id":1474,"date":"2023-08-28T15:10:12","date_gmt":"2023-08-28T15:10:12","guid":{"rendered":"https:\/\/www.metalschemicalsgroup.com\/?page_id=1474"},"modified":"2025-02-13T15:12:29","modified_gmt":"2025-02-13T14:12:29","slug":"zamak","status":"publish","type":"page","link":"https:\/\/www.metalschemicalsgroup.com\/fr\/products\/zamak\/","title":{"rendered":"Zamak"},"content":{"rendered":"<style type=\"text\/css\" data-created_by=\"avia_inline_auto\" id=\"style-css-av-kyskoffo-baf9e3923d95a7d2d0cee0ed449d8617\">\n.avia-section.av-kyskoffo-baf9e3923d95a7d2d0cee0ed449d8617{\nbackground-repeat:no-repeat;\nbackground-image:url(https:\/\/www.metalschemicalsgroup.com\/wp-content\/uploads\/2023\/08\/zamak.jpg);\nbackground-position:50% 50%;\nbackground-attachment:scroll;\n}\n.avia-section.av-kyskoffo-baf9e3923d95a7d2d0cee0ed449d8617 .av-section-color-overlay{\nopacity:0.1;\nbackground-color:#000000;\n}\n<\/style>\n<div id='av_section_1'  class='avia-section av-kyskoffo-baf9e3923d95a7d2d0cee0ed449d8617 main_color avia-section-default avia-no-border-styling  avia-builder-el-0  el_before_av_section  avia-builder-el-first  avia-full-stretch avia-bg-style-scroll av-section-color-overlay-active av-minimum-height av-minimum-height-custom av-height-custom  container_wrap fullsize'  data-section-bg-repeat='stretch' data-av_minimum_height_px='580'><div class=\"av-section-color-overlay-wrap\"><div class=\"av-section-color-overlay\"><\/div><div class='container av-section-cont-open' style='height:580px'><main  role=\"main\" itemprop=\"mainContentOfPage\"  class='template-page content  av-content-full alpha units'><div class='post-entry post-entry-type-page post-entry-1474'><div class='entry-content-wrapper clearfix'>\n<div  class='flex_column av-1987d-2676d4e0325681cd7c2502aaf330ff5e av_two_fifth  avia-builder-el-1  el_before_av_one_third  avia-builder-el-first  first flex_column_div'     ><style type=\"text\/css\" data-created_by=\"avia_inline_auto\" id=\"style-css-av-kyskpsqo-542704b3df364376586ddbd1580c6e16\">\n#top .av_textblock_section.av-kyskpsqo-542704b3df364376586ddbd1580c6e16 .avia_textblock{\nfont-size:20px;\ncolor:#ffffff;\n}\n<\/style>\n<section  class='av_textblock_section av-kyskpsqo-542704b3df364376586ddbd1580c6e16'   itemscope=\"itemscope\" itemtype=\"https:\/\/schema.org\/CreativeWork\" ><div class='avia_textblock heading-content-intro av_inherit_color'  itemprop=\"text\" ><h1>Zamak<\/h1>\n<\/div><\/section><\/div><div  class='flex_column av-zsb9-016a8d25fbf13ea0faa4cbceca88048f av_one_third  avia-builder-el-3  el_after_av_two_fifth  avia-builder-el-last  flex_column_div'     ><\/div>\n\n<\/div><\/div><\/main><!-- close content main element --><\/div><\/div><\/div><div id='av_section_2'  class='avia-section av-24gl5-d24183ed9fcfbb921d9547743fdb076d main_color avia-section-large avia-no-border-styling  avia-builder-el-4  el_after_av_section  el_before_av_section  avia-bg-style-scroll container_wrap fullsize'  ><div class='container av-section-cont-open' ><div class='template-page content  av-content-full alpha units'><div class='post-entry post-entry-type-page post-entry-1474'><div class='entry-content-wrapper clearfix'>\n\n<style type=\"text\/css\" data-created_by=\"avia_inline_auto\" id=\"style-css-av-kysp3mf8-f64afa02dc884ea4df276acc389d6cde\">\n.flex_column.av-kysp3mf8-f64afa02dc884ea4df276acc389d6cde{\npadding:0 80px 0 0;\n}\n<\/style>\n<div  id=\"content-blok\"  class='flex_column av-kysp3mf8-f64afa02dc884ea4df276acc389d6cde av_two_third  avia-builder-el-5  el_before_av_one_third  avia-builder-el-first  first no_margin flex_column_div'     ><p>\n<style type=\"text\/css\" data-created_by=\"avia_inline_auto\" id=\"style-css-av-4oi61-83e055c2ddb54b9aa6b9d17682d03dd1\">\n#top .av-special-heading.av-4oi61-83e055c2ddb54b9aa6b9d17682d03dd1{\npadding-bottom:10px;\n}\nbody .av-special-heading.av-4oi61-83e055c2ddb54b9aa6b9d17682d03dd1 .av-special-heading-tag .heading-char{\nfont-size:25px;\n}\n.av-special-heading.av-4oi61-83e055c2ddb54b9aa6b9d17682d03dd1 .av-subheading{\nfont-size:15px;\n}\n<\/style>\n<div  class='av-special-heading av-4oi61-83e055c2ddb54b9aa6b9d17682d03dd1 av-special-heading-h2 blockquote modern-quote  avia-builder-el-6  el_before_av_textblock  avia-builder-el-first'><div class='av-subheading av-subheading_above'><p>Superbe en<\/p>\n<\/div><h2 class='av-special-heading-tag'  itemprop=\"headline\"  >Zamak<\/h2><div class=\"special-heading-border\"><div class=\"special-heading-inner-border\"><\/div><\/div><\/div><br \/>\n<section  class='av_textblock_section av-3o5oh-36c37cee78ade81d116541e986e7f524'   itemscope=\"itemscope\" itemtype=\"https:\/\/schema.org\/CreativeWork\" ><div class='avia_textblock'  itemprop=\"text\" ><h3>Bienvenue chez MCM - Votre partenaire en mati\u00e8re de recyclage durable<\/h3>\n<p>Chez MCM, nous sommes fiers d'\u00eatre votre partenaire de confiance en mati\u00e8re de recyclage du zinc et du plomb. L'un de nos principaux domaines d'expertise est le recyclage des alliages \u00e0 base de zinc. Plus pr\u00e9cis\u00e9ment, nous sommes sp\u00e9cialis\u00e9s dans le commerce, le traitement et le recyclage des d\u00e9chets m\u00e9talliques ZAMAK, qui sont ensuite utilis\u00e9s comme composants bruts pour l'industrie du zinc. Notre mission est de fournir des connaissances sp\u00e9cialis\u00e9es et des solutions sur mesure \u00e0 nos partenaires commerciaux, afin d'assurer un recyclage optimal des r\u00e9sidus issus de divers processus industriels. Chez MCM, nous pensons que les d\u00e9chets ne sont pas une fin en soi, mais plut\u00f4t le d\u00e9but d'un nouveau cycle de vie.<\/p>\n<h3>Qu'est-ce que ZAMAK ?<\/h3>\n<p>Les alliages ZAMAK sont une famille de mat\u00e9riaux \u00e0 base de zinc largement connus pour leur r\u00e9sistance, leur durabilit\u00e9 et leur facilit\u00e9 de traitement. La composition des alliages ZAMAK comprend des \u00e9l\u00e9ments essentiels tels que Z (zinc), A (aluminium), MA (magn\u00e9sium) et K (cuivre). Outre leurs avantages pratiques, ces mat\u00e9riaux constituent \u00e9galement un choix respectueux de l'environnement en raison de leur grande recyclabilit\u00e9. Le potentiel de recyclage du ZAMAK est important, ce qui contribue \u00e0 r\u00e9duire l'impact environnemental de l'utilisation de ces mat\u00e9riaux. En outre, la longue dur\u00e9e de vie de ZAMAK permet de minimiser les remplacements fr\u00e9quents, ce qui contribue \u00e0 des pratiques industrielles plus durables.<\/p>\n<p>Chez MCM, notre objectif principal est de r\u00e9duire les d\u00e9chets et de pr\u00e9server les ressources. En transformant les d\u00e9chets ZAMAK, nous contribuons \u00e0 l'\u00e9conomie circulaire en r\u00e9utilisant les d\u00e9chets en tant que mati\u00e8re premi\u00e8re pr\u00e9cieuse. Ce processus r\u00e9duit consid\u00e9rablement les besoins en mati\u00e8res premi\u00e8res primaires. Par cons\u00e9quent, la consommation d'\u00e9nergie et les impacts miniers sont r\u00e9duits, et l'empreinte carbone est diminu\u00e9e. En outre, nos d\u00e9chets recycl\u00e9s ZAMAK offrent une alternative rentable aux mati\u00e8res premi\u00e8res primaires. Ainsi, les mat\u00e9riaux secondaires deviennent un choix \u00e9conomiquement strat\u00e9gique, car la qualit\u00e9 est presque identique, tandis que les prix sont plus abordables.<\/p>\n<h3>Vendre vos d\u00e9chets ZAMAK \u00e0 MCM<\/h3>\n<p>Notre mission premi\u00e8re est d'acheter des d\u00e9chets m\u00e9talliques \u00e0 nos pr\u00e9cieux partenaires, afin de contribuer \u00e0 la cr\u00e9ation d'un paysage industriel plus durable. En vendant vos d\u00e9chets ZAMAK \u00e0 MCM, vous pouvez rationaliser vos processus de gestion des d\u00e9chets et contribuer \u00e0 un environnement plus propre, tout en promouvant une utilisation responsable des ressources. Si vous avez des d\u00e9chets ZAMAK exc\u00e9dentaires, plut\u00f4t que de les \u00e9liminer, nous vous encourageons \u00e0 consid\u00e9rer les avantages de les vendre \u00e0 MCM. Ce faisant, votre mat\u00e9riel continuera d'avoir une utilit\u00e9, \u00e9vitant ainsi qu'il ne devienne un fardeau pour l'environnement. En m\u00eame temps, vous fournirez des mat\u00e9riaux pr\u00e9cieux \u00e0 l'industrie.<\/p>\n<p>Pour commencer, il vous suffit de nous contacter en nous donnant des d\u00e9tails sur vos d\u00e9chets ZAMAK. Nos experts \u00e9valueront le mat\u00e9riau et vous proposeront un prix comp\u00e9titif en fonction de sa qualit\u00e9 et de sa quantit\u00e9. Vous pouvez ainsi transformer ce qui pourrait \u00eatre consid\u00e9r\u00e9 comme un d\u00e9chet en une source de revenus pr\u00e9cieuse pour votre entreprise. Soyez assur\u00e9 que nos prix comp\u00e9titifs garantissent que vos d\u00e9chets ZAMAK ont une valeur significative.<\/p>\n<h3>Notre engagement en faveur du d\u00e9veloppement durable<\/h3>\n<p>Chez MCM, notre vision va au-del\u00e0 de la r\u00e9ussite commerciale. Nous sommes profond\u00e9ment engag\u00e9s dans la pr\u00e9servation de la plan\u00e8te et la r\u00e9duction de l'impact environnemental des activit\u00e9s industrielles. En nous choisissant comme partenaire de recyclage, vous contribuez activement \u00e0 un avenir plus vert et plus durable.<\/p>\n<\/div><\/section><br \/>\n\n<style type=\"text\/css\" data-created_by=\"avia_inline_auto\" id=\"style-css-av-35za5-fa134435a2156a768af248b6b273b12f\">\n#top .hr.hr-invisible.av-35za5-fa134435a2156a768af248b6b273b12f{\nheight:30px;\n}\n<\/style>\n<div  class='hr av-35za5-fa134435a2156a768af248b6b273b12f hr-invisible  avia-builder-el-8  el_after_av_textblock  el_before_av_slideshow'><span class='hr-inner'><span class=\"hr-inner-style\"><\/span><\/span><\/div><br \/>\n<div  class='avia-slideshow av-2ba9l-e24e4f4f7ae926bb87ee2e06eb8d3eb9 avia-slideshow-no scaling av_slideshow avia-slide-slider  avia-builder-el-9  el_after_av_hr  avia-builder-el-last  av-slideshow-ui av-control-default av-slideshow-autoplay av-loop-endless av-loop-manual-endless av-default-height-applied avia-slideshow-1' data-slideshow-options=\"{&quot;animation&quot;:&quot;slide&quot;,&quot;autoplay&quot;:true,&quot;loop_autoplay&quot;:&quot;endless&quot;,&quot;interval&quot;:5,&quot;loop_manual&quot;:&quot;manual-endless&quot;,&quot;autoplay_stopper&quot;:false,&quot;noNavigation&quot;:false,&quot;bg_slider&quot;:false,&quot;keep_padding&quot;:false,&quot;hoverpause&quot;:false,&quot;show_slide_delay&quot;:0}\"  itemprop=\"image\" itemscope=\"itemscope\" itemtype=\"https:\/\/schema.org\/ImageObject\" ><ul class='avia-slideshow-inner' style='padding-bottom: 123.37662337662%;'><li  class='avia-slideshow-slide av-2ba9l-e24e4f4f7ae926bb87ee2e06eb8d3eb9__0  av-single-slide slide-1 slide-odd'><div data-rel='slideshow-1' class='avia-slide-wrap'   ><img decoding=\"async\" fetchpriority=\"high\" class=\"wp-image-1476 avia-img-lazy-loading-not-1476\"  src=\"https:\/\/www.metalschemicalsgroup.com\/wp-content\/uploads\/2023\/08\/zamak.jpg\" width=\"1386\" height=\"1710\" title='zamak' alt=''  itemprop=\"thumbnailUrl\" srcset=\"https:\/\/www.metalschemicalsgroup.com\/wp-content\/uploads\/2023\/08\/zamak.jpg 1386w, https:\/\/www.metalschemicalsgroup.com\/wp-content\/uploads\/2023\/08\/zamak-243x300.jpg 243w, https:\/\/www.metalschemicalsgroup.com\/wp-content\/uploads\/2023\/08\/zamak-835x1030.jpg 835w, https:\/\/www.metalschemicalsgroup.com\/wp-content\/uploads\/2023\/08\/zamak-768x948.jpg 768w, https:\/\/www.metalschemicalsgroup.com\/wp-content\/uploads\/2023\/08\/zamak-1245x1536.jpg 1245w, https:\/\/www.metalschemicalsgroup.com\/wp-content\/uploads\/2023\/08\/zamak-10x12.jpg 10w, https:\/\/www.metalschemicalsgroup.com\/wp-content\/uploads\/2023\/08\/zamak-1216x1500.jpg 1216w, https:\/\/www.metalschemicalsgroup.com\/wp-content\/uploads\/2023\/08\/zamak-571x705.jpg 571w\" sizes=\"(max-width: 1386px) 100vw, 1386px\" \/><\/div><\/li><\/ul><\/div><\/p><\/div><div  class='flex_column av-yjel-e6681b510749e9931205b252c54b5626 av_one_third  avia-builder-el-10  el_after_av_two_third  avia-builder-el-last  no_margin flex_column_div'     ><div  class='avia-builder-widget-area clearfix  avia-builder-el-11  avia-builder-el-no-sibling'><section id=\"text-6\" class=\"widget clearfix widget_text\"><h3 class=\"widgettitle\">Contactez nous<\/h3>\t\t\t<div class=\"textwidget\"><a class=\"mail\" href=\"mailto:info@metalschemicalsgroup.com\">info@metalschemicalsgroup.com<\/a>\r\n<a class=\"tel\" href=\"tel:+31(0)43 362 6500\">+31(0)43 362 6500<\/a><\/div>\n\t\t<span class=\"seperator extralight-border\"><\/span><\/section><\/div><\/div><\/div><\/div><\/div><!-- close content main div --><\/div><\/div>\n<style type=\"text\/css\" data-created_by=\"avia_inline_auto\" id=\"style-css-av-5ge3p-b376b9efa53a205ceaf71312e277bd9c\">\n.avia-section.av-5ge3p-b376b9efa53a205ceaf71312e277bd9c{\nmargin-top:-160px;\nmargin-bottom:0px;\n}\n<\/style>\n<div id='av_section_3'  class='avia-section av-5ge3p-b376b9efa53a205ceaf71312e277bd9c alternate_color avia-section-large avia-no-border-styling  avia-builder-el-12  el_after_av_section  avia-builder-el-last  avia-bg-style-scroll container_wrap fullsize'  ><div class='container av-section-cont-open' ><div class='template-page content  av-content-full alpha units'><div class='post-entry post-entry-type-page post-entry-1474'><div class='entry-content-wrapper clearfix'>\n\n<style type=\"text\/css\" data-created_by=\"avia_inline_auto\" id=\"style-css-av-1vxx-f3ebf9433468321563a377b7ac1234be\">\n#top .hr.hr-invisible.av-1vxx-f3ebf9433468321563a377b7ac1234be{\nheight:50px;\n}\n<\/style>\n<div  class='hr av-1vxx-f3ebf9433468321563a377b7ac1234be hr-invisible  avia-builder-el-13  el_before_av_textblock  avia-builder-el-first'><span class='hr-inner'><span class=\"hr-inner-style\"><\/span><\/span><\/div>\n<section  class='av_textblock_section av-4de61-d2dd1f1388e70c12d89b0a4a22ffae15'   itemscope=\"itemscope\" itemtype=\"https:\/\/schema.org\/CreativeWork\" ><div class='avia_textblock'  itemprop=\"text\" ><h2>Nos produits<\/h2>\n<\/div><\/section>\n<div class='flex_column_table av-3uacx-7d94fd024b7a8aeaa9fb8570e6a93e06 sc-av_one_third av-equal-height-column-flextable'>\n<style type=\"text\/css\" data-created_by=\"avia_inline_auto\" id=\"style-css-av-3uacx-7d94fd024b7a8aeaa9fb8570e6a93e06\">\n.flex_column.av-3uacx-7d94fd024b7a8aeaa9fb8570e6a93e06{\nwidth:33%;\nmargin-left:0;\nborder-radius:0px 0px 0px 0px;\npadding:240px 40px 60px 40px;\nbackground:url(https:\/\/www.metalschemicalsgroup.com\/wp-content\/uploads\/2022\/02\/2015.148181-scaled.jpg) 50% 50% no-repeat scroll ;\n}\n#top .flex_column_table.av-equal-height-column-flextable.av-3uacx-7d94fd024b7a8aeaa9fb8570e6a93e06 .av-flex-placeholder{\nwidth:0.5%;\n}\n<\/style>\n<div  class='flex_column av-3uacx-7d94fd024b7a8aeaa9fb8570e6a93e06 av_one_third  avia-builder-el-15  el_after_av_textblock  el_before_av_one_third  first flex_column_table_cell av-equal-height-column av-align-top avia-full-stretch avia-link-column av-column-link avia-link-column-hover  column-top-margin'    data-link-column-url=\"https:\/\/www.metalschemicalsgroup.com\/fr\/products\/zinc\/\"   ><a class=\"av-screen-reader-only\" href=\"https:\/\/www.metalschemicalsgroup.com\/fr\/products\/zinc\/\" >Lier vers : R\u00e9sidus de zinc<\/a><style type=\"text\/css\" data-created_by=\"avia_inline_auto\" id=\"style-css-av-cec5-b82bbc141197b311d2131146bf74b427\">\n#top .av_textblock_section.av-cec5-b82bbc141197b311d2131146bf74b427 .avia_textblock{\ncolor:#ffffff;\n}\n<\/style>\n<section  class='av_textblock_section av-cec5-b82bbc141197b311d2131146bf74b427'   itemscope=\"itemscope\" itemtype=\"https:\/\/schema.org\/CreativeWork\" ><div class='avia_textblock categorie-blokken av_inherit_color'  itemprop=\"text\" ><h2>R\u00e9sidus de zinc<\/h2>\n<\/div><\/section><\/div><div class='av-flex-placeholder'><\/div>\n<style type=\"text\/css\" data-created_by=\"avia_inline_auto\" id=\"style-css-av-2wtt1-d2db53cc1fea5fed2d77d80e75ff9ce5\">\n.flex_column.av-2wtt1-d2db53cc1fea5fed2d77d80e75ff9ce5{\nwidth:33%;\nmargin-left:0;\nborder-radius:0px 0px 0px 0px;\npadding:240px 40px 60px 40px;\nbackground:url(https:\/\/www.metalschemicalsgroup.com\/wp-content\/uploads\/2022\/02\/Furnace-scaled.jpg) 50% 50% no-repeat scroll ;\n}\n#top .flex_column_table.av-equal-height-column-flextable.av-2wtt1-d2db53cc1fea5fed2d77d80e75ff9ce5 .av-flex-placeholder{\nwidth:0.5%;\n}\n<\/style>\n<div  class='flex_column av-2wtt1-d2db53cc1fea5fed2d77d80e75ff9ce5 av_one_third  avia-builder-el-17  el_after_av_one_third  el_before_av_one_third  flex_column_table_cell av-equal-height-column av-align-top avia-full-stretch avia-link-column av-column-link avia-link-column-hover  column-top-margin'    data-link-column-url=\"https:\/\/www.metalschemicalsgroup.com\/fr\/products\/lead-residues\/\"   ><a class=\"av-screen-reader-only\" href=\"https:\/\/www.metalschemicalsgroup.com\/fr\/products\/lead-residues\/\" >Lier vers : R\u00e9sidus de plomb<\/a><style type=\"text\/css\" data-created_by=\"avia_inline_auto\" id=\"style-css-av-1vo2p-febcfdcd7ffde1e568c4368b9c58721d\">\n#top .av_textblock_section.av-1vo2p-febcfdcd7ffde1e568c4368b9c58721d .avia_textblock{\ncolor:#ffffff;\n}\n<\/style>\n<section  class='av_textblock_section av-1vo2p-febcfdcd7ffde1e568c4368b9c58721d'   itemscope=\"itemscope\" itemtype=\"https:\/\/schema.org\/CreativeWork\" ><div class='avia_textblock categorie-blokken av_inherit_color'  itemprop=\"text\" ><h2>R\u00e9sidus de plomb<\/h2>\n<\/div><\/section><\/div><div class='av-flex-placeholder'><\/div>\n<style type=\"text\/css\" data-created_by=\"avia_inline_auto\" id=\"style-css-av-1lgy1-176ba9393538f9fe5bd23aaf2c1f5981\">\n.flex_column.av-1lgy1-176ba9393538f9fe5bd23aaf2c1f5981{\nwidth:33%;\nmargin-left:0;\nborder-radius:0px 0px 0px 0px;\npadding:240px 40px 60px 40px;\nbackground:url(https:\/\/www.metalschemicalsgroup.com\/wp-content\/uploads\/2022\/12\/Gold-ingot-scaled.jpg) 50% 50% no-repeat scroll ;\n}\n#top .flex_column_table.av-equal-height-column-flextable.av-1lgy1-176ba9393538f9fe5bd23aaf2c1f5981 .av-flex-placeholder{\nwidth:0.5%;\n}\n<\/style>\n<div  class='flex_column av-1lgy1-176ba9393538f9fe5bd23aaf2c1f5981 av_one_third  avia-builder-el-19  el_after_av_one_third  avia-builder-el-last  categorie-blokken flex_column_table_cell av-equal-height-column av-align-top avia-full-stretch avia-link-column av-column-link avia-link-column-hover  column-top-margin'    data-link-column-url=\"https:\/\/www.metalschemicalsgroup.com\/fr\/products\/mining-chemicals\/\"   ><a class=\"av-screen-reader-only\" href=\"https:\/\/www.metalschemicalsgroup.com\/fr\/products\/mining-chemicals\/\" >Lier vers : Produits chimiques pour l'industrie mini\u00e8re<\/a><style type=\"text\/css\" data-created_by=\"avia_inline_auto\" id=\"style-css-av-ymyd-395e60348be8ab78ac0e10ea53774cf7\">\n#top .av_textblock_section.av-ymyd-395e60348be8ab78ac0e10ea53774cf7 .avia_textblock{\ncolor:#ffffff;\n}\n<\/style>\n<section  class='av_textblock_section av-ymyd-395e60348be8ab78ac0e10ea53774cf7'   itemscope=\"itemscope\" itemtype=\"https:\/\/schema.org\/CreativeWork\" ><div class='avia_textblock av_inherit_color'  itemprop=\"text\" ><h2>Produits chimiques pour l'exploitation mini\u00e8re<\/h2>\n<\/div><\/section><\/div><\/div><!--close column table wrapper. Autoclose: 1 -->\n<\/p>","protected":false},"excerpt":{"rendered":"","protected":false},"author":1,"featured_media":0,"parent":51,"menu_order":0,"comment_status":"closed","ping_status":"closed","template":"","meta":{"_monsterinsights_skip_tracking":false,"_monsterinsights_sitenote_active":false,"_monsterinsights_sitenote_note":"","_monsterinsights_sitenote_category":0,"footnotes":""},"class_list":["post-1474","page","type-page","status-publish","hentry"],"yoast_head":"<!-- This site is optimized with the Yoast SEO plugin v27.3 - https:\/\/yoast.com\/product\/yoast-seo-wordpress\/ -->\n<title>Zamak - Metals Chemicals Maastricht<\/title>\n<meta name=\"description\" content=\"We specialize in the processing, and recycling of ZAMAK waste materials, which afterward are used as raw components for the Zinc Industry.\" \/>\n<meta name=\"robots\" content=\"index, follow, max-snippet:-1, max-image-preview:large, max-video-preview:-1\" \/>\n<link rel=\"canonical\" href=\"https:\/\/www.metalschemicalsgroup.com\/fr\/produits\/zamak\/\" \/>\n<meta property=\"og:locale\" content=\"fr_FR\" \/>\n<meta property=\"og:type\" content=\"article\" \/>\n<meta property=\"og:title\" content=\"Zamak - Metals Chemicals Maastricht\" \/>\n<meta property=\"og:description\" content=\"We specialize in the processing, and recycling of ZAMAK waste materials, which afterward are used as raw components for the Zinc Industry.\" \/>\n<meta property=\"og:url\" content=\"https:\/\/www.metalschemicalsgroup.com\/fr\/produits\/zamak\/\" \/>\n<meta property=\"og:site_name\" content=\"Metals Chemicals Maastricht\" \/>\n<meta property=\"article:modified_time\" content=\"2025-02-13T14:12:29+00:00\" \/>\n<meta name=\"twitter:card\" content=\"summary_large_image\" \/>\n<meta name=\"twitter:label1\" content=\"Dur\u00e9e de lecture estim\u00e9e\" \/>\n\t<meta name=\"twitter:data1\" content=\"3 minutes\" \/>\n<script type=\"application\/ld+json\" class=\"yoast-schema-graph\">{\"@context\":\"https:\\\/\\\/schema.org\",\"@graph\":[{\"@type\":\"WebPage\",\"@id\":\"https:\\\/\\\/www.metalschemicalsgroup.com\\\/products\\\/zamak\\\/\",\"url\":\"https:\\\/\\\/www.metalschemicalsgroup.com\\\/products\\\/zamak\\\/\",\"name\":\"Zamak - Metals Chemicals Maastricht\",\"isPartOf\":{\"@id\":\"https:\\\/\\\/www.metalschemicalsgroup.com\\\/#website\"},\"datePublished\":\"2023-08-28T15:10:12+00:00\",\"dateModified\":\"2025-02-13T14:12:29+00:00\",\"description\":\"We specialize in the processing, and recycling of ZAMAK waste materials, which afterward are used as raw components for the Zinc Industry.\",\"breadcrumb\":{\"@id\":\"https:\\\/\\\/www.metalschemicalsgroup.com\\\/products\\\/zamak\\\/#breadcrumb\"},\"inLanguage\":\"fr-FR\",\"potentialAction\":[{\"@type\":\"ReadAction\",\"target\":[\"https:\\\/\\\/www.metalschemicalsgroup.com\\\/products\\\/zamak\\\/\"]}]},{\"@type\":\"BreadcrumbList\",\"@id\":\"https:\\\/\\\/www.metalschemicalsgroup.com\\\/products\\\/zamak\\\/#breadcrumb\",\"itemListElement\":[{\"@type\":\"ListItem\",\"position\":1,\"name\":\"Home\",\"item\":\"https:\\\/\\\/www.metalschemicalsgroup.com\\\/partner-in-zinc-lead-mining-chemicals\\\/\"},{\"@type\":\"ListItem\",\"position\":2,\"name\":\"Products\",\"item\":\"https:\\\/\\\/www.metalschemicalsgroup.com\\\/products\\\/\"},{\"@type\":\"ListItem\",\"position\":3,\"name\":\"Zamak\"}]},{\"@type\":\"WebSite\",\"@id\":\"https:\\\/\\\/www.metalschemicalsgroup.com\\\/#website\",\"url\":\"https:\\\/\\\/www.metalschemicalsgroup.com\\\/\",\"name\":\"Metals Chemicals Maastricht\",\"description\":\"Strong in Zinc\",\"potentialAction\":[{\"@type\":\"SearchAction\",\"target\":{\"@type\":\"EntryPoint\",\"urlTemplate\":\"https:\\\/\\\/www.metalschemicalsgroup.com\\\/?s={search_term_string}\"},\"query-input\":{\"@type\":\"PropertyValueSpecification\",\"valueRequired\":true,\"valueName\":\"search_term_string\"}}],\"inLanguage\":\"fr-FR\"}]}<\/script>\n<!-- \/ Yoast SEO plugin. -->","yoast_head_json":{"title":"Zamak - M\u00e9taux Chimie Maastricht","description":"Nous sommes sp\u00e9cialis\u00e9s dans le traitement et le recyclage des d\u00e9chets ZAMAK, qui sont ensuite utilis\u00e9s comme composants bruts pour l'industrie du zinc.","robots":{"index":"index","follow":"follow","max-snippet":"max-snippet:-1","max-image-preview":"max-image-preview:large","max-video-preview":"max-video-preview:-1"},"canonical":"https:\/\/www.metalschemicalsgroup.com\/fr\/produits\/zamak\/","og_locale":"fr_FR","og_type":"article","og_title":"Zamak - Metals Chemicals Maastricht","og_description":"We specialize in the processing, and recycling of ZAMAK waste materials, which afterward are used as raw components for the Zinc Industry.","og_url":"https:\/\/www.metalschemicalsgroup.com\/fr\/produits\/zamak\/","og_site_name":"Metals Chemicals Maastricht","article_modified_time":"2025-02-13T14:12:29+00:00","twitter_card":"summary_large_image","twitter_misc":{"Dur\u00e9e de lecture estim\u00e9e":"3 minutes"},"schema":{"@context":"https:\/\/schema.org","@graph":[{"@type":"WebPage","@id":"https:\/\/www.metalschemicalsgroup.com\/products\/zamak\/","url":"https:\/\/www.metalschemicalsgroup.com\/products\/zamak\/","name":"Zamak - M\u00e9taux Chimie Maastricht","isPartOf":{"@id":"https:\/\/www.metalschemicalsgroup.com\/#website"},"datePublished":"2023-08-28T15:10:12+00:00","dateModified":"2025-02-13T14:12:29+00:00","description":"Nous sommes sp\u00e9cialis\u00e9s dans le traitement et le recyclage des d\u00e9chets ZAMAK, qui sont ensuite utilis\u00e9s comme composants bruts pour l'industrie du zinc.","breadcrumb":{"@id":"https:\/\/www.metalschemicalsgroup.com\/products\/zamak\/#breadcrumb"},"inLanguage":"fr-FR","potentialAction":[{"@type":"ReadAction","target":["https:\/\/www.metalschemicalsgroup.com\/products\/zamak\/"]}]},{"@type":"BreadcrumbList","@id":"https:\/\/www.metalschemicalsgroup.com\/products\/zamak\/#breadcrumb","itemListElement":[{"@type":"ListItem","position":1,"name":"Home","item":"https:\/\/www.metalschemicalsgroup.com\/partner-in-zinc-lead-mining-chemicals\/"},{"@type":"ListItem","position":2,"name":"Products","item":"https:\/\/www.metalschemicalsgroup.com\/products\/"},{"@type":"ListItem","position":3,"name":"Zamak"}]},{"@type":"WebSite","@id":"https:\/\/www.metalschemicalsgroup.com\/#website","url":"https:\/\/www.metalschemicalsgroup.com\/","name":"Metals Chemicals Maastricht","description":"Forte teneur en zinc","potentialAction":[{"@type":"SearchAction","target":{"@type":"EntryPoint","urlTemplate":"https:\/\/www.metalschemicalsgroup.com\/?s={search_term_string}"},"query-input":{"@type":"PropertyValueSpecification","valueRequired":true,"valueName":"search_term_string"}}],"inLanguage":"fr-FR"}]}},"_links":{"self":[{"href":"https:\/\/www.metalschemicalsgroup.com\/fr\/wp-json\/wp\/v2\/pages\/1474","targetHints":{"allow":["GET"]}}],"collection":[{"href":"https:\/\/www.metalschemicalsgroup.com\/fr\/wp-json\/wp\/v2\/pages"}],"about":[{"href":"https:\/\/www.metalschemicalsgroup.com\/fr\/wp-json\/wp\/v2\/types\/page"}],"author":[{"embeddable":true,"href":"https:\/\/www.metalschemicalsgroup.com\/fr\/wp-json\/wp\/v2\/users\/1"}],"replies":[{"embeddable":true,"href":"https:\/\/www.metalschemicalsgroup.com\/fr\/wp-json\/wp\/v2\/comments?post=1474"}],"version-history":[{"count":8,"href":"https:\/\/www.metalschemicalsgroup.com\/fr\/wp-json\/wp\/v2\/pages\/1474\/revisions"}],"predecessor-version":[{"id":1479,"href":"https:\/\/www.metalschemicalsgroup.com\/fr\/wp-json\/wp\/v2\/pages\/1474\/revisions\/1479"}],"up":[{"embeddable":true,"href":"https:\/\/www.metalschemicalsgroup.com\/fr\/wp-json\/wp\/v2\/pages\/51"}],"wp:attachment":[{"href":"https:\/\/www.metalschemicalsgroup.com\/fr\/wp-json\/wp\/v2\/media?parent=1474"}],"curies":[{"name":"wp","href":"https:\/\/api.w.org\/{rel}","templated":true}]}}