{"id":1491,"date":"2023-10-16T05:45:57","date_gmt":"2023-10-16T05:45:57","guid":{"rendered":"https:\/\/www.metalschemicalsgroup.com\/?page_id=1491"},"modified":"2024-08-08T15:26:39","modified_gmt":"2024-08-08T13:26:39","slug":"des-dechets-de-fond","status":"publish","type":"page","link":"https:\/\/www.metalschemicalsgroup.com\/fr\/products\/bottom-dross\/","title":{"rendered":"La crasse de fond"},"content":{"rendered":"<style type=\"text\/css\" data-created_by=\"avia_inline_auto\" id=\"style-css-av-kyskoffo-0dce3db0ed15e026e19c1803c7837a54\">\n.avia-section.av-kyskoffo-0dce3db0ed15e026e19c1803c7837a54{\nbackground-repeat:no-repeat;\nbackground-image:url(https:\/\/www.metalschemicalsgroup.com\/wp-content\/uploads\/2023\/07\/bottom-dross-big-scaled.jpg);\nbackground-position:50% 50%;\nbackground-attachment:fixed;\n}\n.avia-section.av-kyskoffo-0dce3db0ed15e026e19c1803c7837a54 .av-section-color-overlay{\nopacity:0.1;\nbackground-color:#000000;\n}\n<\/style>\n<div id='av_section_1'  class='avia-section av-kyskoffo-0dce3db0ed15e026e19c1803c7837a54 main_color avia-section-default avia-no-border-styling  avia-builder-el-0  el_before_av_section  avia-builder-el-first  avia-full-stretch avia-bg-style-fixed av-section-color-overlay-active av-minimum-height av-minimum-height-custom av-height-custom  container_wrap fullsize'  data-section-bg-repeat='stretch' data-av_minimum_height_px='580'><div class=\"av-section-color-overlay-wrap\"><div class=\"av-section-color-overlay\"><\/div><div class='container av-section-cont-open' style='height:580px'><main  role=\"main\" itemprop=\"mainContentOfPage\"  class='template-page content  av-content-full alpha units'><div class='post-entry post-entry-type-page post-entry-1491'><div class='entry-content-wrapper clearfix'>\n<div  class='flex_column av-1987d-2676d4e0325681cd7c2502aaf330ff5e av_two_fifth  avia-builder-el-1  el_before_av_one_third  avia-builder-el-first  first flex_column_div'     ><style type=\"text\/css\" data-created_by=\"avia_inline_auto\" id=\"style-css-av-kyskpsqo-542704b3df364376586ddbd1580c6e16\">\n#top .av_textblock_section.av-kyskpsqo-542704b3df364376586ddbd1580c6e16 .avia_textblock{\nfont-size:20px;\ncolor:#ffffff;\n}\n<\/style>\n<section  class='av_textblock_section av-kyskpsqo-542704b3df364376586ddbd1580c6e16'   itemscope=\"itemscope\" itemtype=\"https:\/\/schema.org\/CreativeWork\" ><div class='avia_textblock heading-content-intro av_inherit_color'  itemprop=\"text\" ><h1>La crasse de fond<\/h1>\n<\/div><\/section><\/div><div  class='flex_column av-zsb9-016a8d25fbf13ea0faa4cbceca88048f av_one_third  avia-builder-el-3  el_after_av_two_fifth  avia-builder-el-last  flex_column_div'     ><\/div>\n\n<\/div><\/div><\/main><!-- close content main element --><\/div><\/div><\/div><div id='av_section_2'  class='avia-section av-24gl5-d24183ed9fcfbb921d9547743fdb076d main_color avia-section-large avia-no-border-styling  avia-builder-el-4  el_after_av_section  el_before_av_section  avia-bg-style-scroll container_wrap fullsize'  ><div class='container av-section-cont-open' ><div class='template-page content  av-content-full alpha units'><div class='post-entry post-entry-type-page post-entry-1491'><div class='entry-content-wrapper clearfix'>\n\n<style type=\"text\/css\" data-created_by=\"avia_inline_auto\" id=\"style-css-av-kysp3mf8-f64afa02dc884ea4df276acc389d6cde\">\n.flex_column.av-kysp3mf8-f64afa02dc884ea4df276acc389d6cde{\npadding:0 80px 0 0;\n}\n<\/style>\n<div  id=\"content-blok\"  class='flex_column av-kysp3mf8-f64afa02dc884ea4df276acc389d6cde av_two_third  avia-builder-el-5  el_before_av_one_third  avia-builder-el-first  first no_margin flex_column_div'     ><p>\n<style type=\"text\/css\" data-created_by=\"avia_inline_auto\" id=\"style-css-av-4oi61-bfae77819c6b46b59d70418ce1756910\">\n#top .av-special-heading.av-4oi61-bfae77819c6b46b59d70418ce1756910{\npadding-bottom:10px;\n}\nbody .av-special-heading.av-4oi61-bfae77819c6b46b59d70418ce1756910 .av-special-heading-tag .heading-char{\nfont-size:25px;\n}\n.av-special-heading.av-4oi61-bfae77819c6b46b59d70418ce1756910 .av-subheading{\nfont-size:15px;\n}\n<\/style>\n<div  class='av-special-heading av-4oi61-bfae77819c6b46b59d70418ce1756910 av-special-heading-h2 blockquote modern-quote  avia-builder-el-6  el_before_av_textblock  avia-builder-el-first'><div class='av-subheading av-subheading_above'><p>Superbe en<\/p>\n<\/div><h2 class='av-special-heading-tag'  itemprop=\"headline\"  >La crasse de fond<\/h2><div class=\"special-heading-border\"><div class=\"special-heading-inner-border\"><\/div><\/div><\/div><br \/>\n<section  class='av_textblock_section av-3o5oh-36c37cee78ade81d116541e986e7f524'   itemscope=\"itemscope\" itemtype=\"https:\/\/schema.org\/CreativeWork\" ><div class='avia_textblock'  itemprop=\"text\" ><p>En tant que partenaire de confiance pour le recyclage du zinc, nous nous engageons \u00e0 exploiter le v\u00e9ritable potentiel des scories de fond de zinc pour r\u00e9pondre \u00e0 vos besoins industriels. Choisissez MCM pour des solutions de recyclage des scories de fond de zinc efficaces, rentables et respectueuses de l'environnement. En tant qu'entreprise r\u00e9put\u00e9e de commerce, de traitement et de recyclage, MCM s'est sp\u00e9cialis\u00e9e dans le traitement de divers r\u00e9sidus de zinc, y compris les pr\u00e9cieuses crasses de fond de zinc. Notre expertise dans ce domaine nous permet de lib\u00e9rer tout le potentiel de ce mat\u00e9riau pour diverses applications industrielles.<\/p>\n<p>Les crasses de fond de zinc sont un sous-produit important du processus de galvanisation et jouent un r\u00f4le important dans le monde du recyclage du zinc. Au cours du processus de galvanisation, le zinc est chauff\u00e9 jusqu'\u00e0 l'\u00e9tat fondu et utilis\u00e9 pour recouvrir des produits en acier ou en fer. Au cours du processus, les impuret\u00e9s, les oxydes m\u00e9talliques et les autres contaminants pr\u00e9sents dans l'acier ou le fer peuvent r\u00e9agir avec le zinc en fusion. Avec le temps, ces impuret\u00e9s se d\u00e9posent au fond de la cuve de galvanisation, formant ce que l'on appelle les crasses de zinc. Une fois le processus de galvanisation termin\u00e9, les crasses de zinc sont r\u00e9cup\u00e9r\u00e9es au fond de la cuve de galvanisation. Des outils et des \u00e9quipements sp\u00e9cialis\u00e9s sont utilis\u00e9s pour retirer la couche de crasse solide tout en garantissant une contamination minimale par le zinc en fusion. Les crasses collect\u00e9es sont ensuite transport\u00e9es vers une installation de traitement pour y \u00eatre trait\u00e9es.<\/p>\n<p>Les crasses de fond de zinc sont constitu\u00e9es de diff\u00e9rents \u00e9l\u00e9ments tels que le zinc, le fer, le plomb et divers m\u00e9taux. La composition pr\u00e9cise de l'\u00e9cume d\u00e9pend du processus de galvanisation et de la qualit\u00e9 des mati\u00e8res premi\u00e8res utilis\u00e9es. En raison de sa teneur \u00e9lev\u00e9e en zinc, l'\u00e9cume de fond de zinc repr\u00e9sente un atout pr\u00e9cieux qui peut \u00eatre r\u00e9cup\u00e9r\u00e9 et recycl\u00e9, ce qui permet de r\u00e9duire les d\u00e9chets et d'utiliser efficacement les ressources.<\/p>\n<p>En recyclant les scories de fond de zinc, nous contribuons activement \u00e0 la conservation des ressources en zinc. Au lieu de d\u00e9pendre uniquement de nouveaux minerais de zinc, le recyclage nous aide \u00e0 utiliser ce m\u00e9tal pr\u00e9cieux d'une mani\u00e8re \u00e9cologique et durable. En outre, le recyclage de l'\u00e9cume de fond de zinc permet aux industries engag\u00e9es dans le processus de galvanisation de r\u00e9aliser des \u00e9conomies. La r\u00e9cup\u00e9ration du zinc contenu dans ce sous-produit r\u00e9duit la n\u00e9cessit\u00e9 d'acheter du zinc frais, ce qui permet de r\u00e9aliser des \u00e9conomies consid\u00e9rables.<\/p>\n<p>Chez MCM, nous envisageons un avenir o\u00f9 des pratiques de recyclage responsables ouvrent la voie \u00e0 un monde plus durable. En joignant vos forces aux n\u00f4tres pour le recyclage des crasses de zinc, vous participez activement \u00e0 ce voyage vers un paysage industriel plus vert et plus respectueux de l'environnement.<\/p>\n<\/div><\/section><br \/>\n\n<style type=\"text\/css\" data-created_by=\"avia_inline_auto\" id=\"style-css-av-35za5-fa134435a2156a768af248b6b273b12f\">\n#top .hr.hr-invisible.av-35za5-fa134435a2156a768af248b6b273b12f{\nheight:30px;\n}\n<\/style>\n<div  class='hr av-35za5-fa134435a2156a768af248b6b273b12f hr-invisible  avia-builder-el-8  el_after_av_textblock  el_before_av_slideshow'><span class='hr-inner'><span class=\"hr-inner-style\"><\/span><\/span><\/div><br \/>\n<div  class='avia-slideshow av-2ba9l-e24e4f4f7ae926bb87ee2e06eb8d3eb9 avia-slideshow-no scaling av_slideshow avia-slide-slider  avia-builder-el-9  el_after_av_hr  avia-builder-el-last  av-slideshow-ui av-control-default av-slideshow-autoplay av-loop-endless av-loop-manual-endless av-default-height-applied avia-slideshow-1' data-slideshow-options=\"{&quot;animation&quot;:&quot;slide&quot;,&quot;autoplay&quot;:true,&quot;loop_autoplay&quot;:&quot;endless&quot;,&quot;interval&quot;:5,&quot;loop_manual&quot;:&quot;manual-endless&quot;,&quot;autoplay_stopper&quot;:false,&quot;noNavigation&quot;:false,&quot;bg_slider&quot;:false,&quot;keep_padding&quot;:false,&quot;hoverpause&quot;:false,&quot;show_slide_delay&quot;:0}\"  itemprop=\"image\" itemscope=\"itemscope\" itemtype=\"https:\/\/schema.org\/ImageObject\" ><ul class='avia-slideshow-inner' style='padding-bottom: 66.666666666667%;'><li  class='avia-slideshow-slide av-2ba9l-e24e4f4f7ae926bb87ee2e06eb8d3eb9__0  av-single-slide slide-1 slide-odd'><div data-rel='slideshow-1' class='avia-slide-wrap'   ><img decoding=\"async\" fetchpriority=\"high\" class=\"wp-image-1440 avia-img-lazy-loading-not-1440\"  src=\"https:\/\/www.metalschemicalsgroup.com\/wp-content\/uploads\/2023\/07\/Bottom-dross-2.jpg\" width=\"1386\" height=\"924\" title='Mauvaises herbes de fond 2' alt=''  itemprop=\"thumbnailUrl\" srcset=\"https:\/\/www.metalschemicalsgroup.com\/wp-content\/uploads\/2023\/07\/Bottom-dross-2.jpg 1386w, https:\/\/www.metalschemicalsgroup.com\/wp-content\/uploads\/2023\/07\/Bottom-dross-2-300x200.jpg 300w, https:\/\/www.metalschemicalsgroup.com\/wp-content\/uploads\/2023\/07\/Bottom-dross-2-1030x687.jpg 1030w, https:\/\/www.metalschemicalsgroup.com\/wp-content\/uploads\/2023\/07\/Bottom-dross-2-768x512.jpg 768w, https:\/\/www.metalschemicalsgroup.com\/wp-content\/uploads\/2023\/07\/Bottom-dross-2-18x12.jpg 18w, https:\/\/www.metalschemicalsgroup.com\/wp-content\/uploads\/2023\/07\/Bottom-dross-2-705x470.jpg 705w\" sizes=\"(max-width: 1386px) 100vw, 1386px\" \/><\/div><\/li><\/ul><\/div><\/p><\/div><div  class='flex_column av-yjel-e6681b510749e9931205b252c54b5626 av_one_third  avia-builder-el-10  el_after_av_two_third  avia-builder-el-last  no_margin flex_column_div'     ><div  class='avia-builder-widget-area clearfix  avia-builder-el-11  avia-builder-el-no-sibling'><section id=\"text-6\" class=\"widget clearfix widget_text\"><h3 class=\"widgettitle\">Contactez nous<\/h3>\t\t\t<div class=\"textwidget\"><a class=\"mail\" href=\"mailto:info@metalschemicalsgroup.com\">info@metalschemicalsgroup.com<\/a>\r\n<a class=\"tel\" href=\"tel:+31(0)43 362 6500\">+31(0)43 362 6500<\/a><\/div>\n\t\t<span class=\"seperator extralight-border\"><\/span><\/section><\/div><\/div><\/div><\/div><\/div><!-- close content main div --><\/div><\/div>\n<style type=\"text\/css\" data-created_by=\"avia_inline_auto\" id=\"style-css-av-5ge3p-b376b9efa53a205ceaf71312e277bd9c\">\n.avia-section.av-5ge3p-b376b9efa53a205ceaf71312e277bd9c{\nmargin-top:-160px;\nmargin-bottom:0px;\n}\n<\/style>\n<div id='av_section_3'  class='avia-section av-5ge3p-b376b9efa53a205ceaf71312e277bd9c alternate_color avia-section-large avia-no-border-styling  avia-builder-el-12  el_after_av_section  avia-builder-el-last  avia-bg-style-scroll container_wrap fullsize'  ><div class='container av-section-cont-open' ><div class='template-page content  av-content-full alpha units'><div class='post-entry post-entry-type-page post-entry-1491'><div class='entry-content-wrapper clearfix'>\n\n<style type=\"text\/css\" data-created_by=\"avia_inline_auto\" id=\"style-css-av-1vxx-f3ebf9433468321563a377b7ac1234be\">\n#top .hr.hr-invisible.av-1vxx-f3ebf9433468321563a377b7ac1234be{\nheight:50px;\n}\n<\/style>\n<div  class='hr av-1vxx-f3ebf9433468321563a377b7ac1234be hr-invisible  avia-builder-el-13  el_before_av_textblock  avia-builder-el-first'><span class='hr-inner'><span class=\"hr-inner-style\"><\/span><\/span><\/div>\n<section  class='av_textblock_section av-4de61-d2dd1f1388e70c12d89b0a4a22ffae15'   itemscope=\"itemscope\" itemtype=\"https:\/\/schema.org\/CreativeWork\" ><div class='avia_textblock'  itemprop=\"text\" ><h2>Nos produits<\/h2>\n<\/div><\/section>\n<div class='flex_column_table av-3uacx-7d94fd024b7a8aeaa9fb8570e6a93e06 sc-av_one_third av-equal-height-column-flextable'>\n<style type=\"text\/css\" data-created_by=\"avia_inline_auto\" id=\"style-css-av-3uacx-7d94fd024b7a8aeaa9fb8570e6a93e06\">\n.flex_column.av-3uacx-7d94fd024b7a8aeaa9fb8570e6a93e06{\nwidth:33%;\nmargin-left:0;\nborder-radius:0px 0px 0px 0px;\npadding:240px 40px 60px 40px;\nbackground:url(https:\/\/www.metalschemicalsgroup.com\/wp-content\/uploads\/2022\/02\/2015.148181-scaled.jpg) 50% 50% no-repeat scroll ;\n}\n#top .flex_column_table.av-equal-height-column-flextable.av-3uacx-7d94fd024b7a8aeaa9fb8570e6a93e06 .av-flex-placeholder{\nwidth:0.5%;\n}\n<\/style>\n<div  class='flex_column av-3uacx-7d94fd024b7a8aeaa9fb8570e6a93e06 av_one_third  avia-builder-el-15  el_after_av_textblock  el_before_av_one_third  first flex_column_table_cell av-equal-height-column av-align-top avia-full-stretch avia-link-column av-column-link avia-link-column-hover  column-top-margin'    data-link-column-url=\"https:\/\/www.metalschemicalsgroup.com\/fr\/products\/zinc\/\"   ><a class=\"av-screen-reader-only\" href=\"https:\/\/www.metalschemicalsgroup.com\/fr\/products\/zinc\/\" >Lier vers : R\u00e9sidus de zinc<\/a><style type=\"text\/css\" data-created_by=\"avia_inline_auto\" id=\"style-css-av-cec5-b82bbc141197b311d2131146bf74b427\">\n#top .av_textblock_section.av-cec5-b82bbc141197b311d2131146bf74b427 .avia_textblock{\ncolor:#ffffff;\n}\n<\/style>\n<section  class='av_textblock_section av-cec5-b82bbc141197b311d2131146bf74b427'   itemscope=\"itemscope\" itemtype=\"https:\/\/schema.org\/CreativeWork\" ><div class='avia_textblock categorie-blokken av_inherit_color'  itemprop=\"text\" ><h2>R\u00e9sidus de zinc<\/h2>\n<\/div><\/section><\/div><div class='av-flex-placeholder'><\/div>\n<style type=\"text\/css\" data-created_by=\"avia_inline_auto\" id=\"style-css-av-2wtt1-d2db53cc1fea5fed2d77d80e75ff9ce5\">\n.flex_column.av-2wtt1-d2db53cc1fea5fed2d77d80e75ff9ce5{\nwidth:33%;\nmargin-left:0;\nborder-radius:0px 0px 0px 0px;\npadding:240px 40px 60px 40px;\nbackground:url(https:\/\/www.metalschemicalsgroup.com\/wp-content\/uploads\/2022\/02\/Furnace-scaled.jpg) 50% 50% no-repeat scroll ;\n}\n#top .flex_column_table.av-equal-height-column-flextable.av-2wtt1-d2db53cc1fea5fed2d77d80e75ff9ce5 .av-flex-placeholder{\nwidth:0.5%;\n}\n<\/style>\n<div  class='flex_column av-2wtt1-d2db53cc1fea5fed2d77d80e75ff9ce5 av_one_third  avia-builder-el-17  el_after_av_one_third  el_before_av_one_third  flex_column_table_cell av-equal-height-column av-align-top avia-full-stretch avia-link-column av-column-link avia-link-column-hover  column-top-margin'    data-link-column-url=\"https:\/\/www.metalschemicalsgroup.com\/fr\/products\/lead-residues\/\"   ><a class=\"av-screen-reader-only\" href=\"https:\/\/www.metalschemicalsgroup.com\/fr\/products\/lead-residues\/\" >Lier vers : R\u00e9sidus de plomb<\/a><style type=\"text\/css\" data-created_by=\"avia_inline_auto\" id=\"style-css-av-1vo2p-febcfdcd7ffde1e568c4368b9c58721d\">\n#top .av_textblock_section.av-1vo2p-febcfdcd7ffde1e568c4368b9c58721d .avia_textblock{\ncolor:#ffffff;\n}\n<\/style>\n<section  class='av_textblock_section av-1vo2p-febcfdcd7ffde1e568c4368b9c58721d'   itemscope=\"itemscope\" itemtype=\"https:\/\/schema.org\/CreativeWork\" ><div class='avia_textblock categorie-blokken av_inherit_color'  itemprop=\"text\" ><h2>R\u00e9sidus de plomb<\/h2>\n<\/div><\/section><\/div><div class='av-flex-placeholder'><\/div>\n<style type=\"text\/css\" data-created_by=\"avia_inline_auto\" id=\"style-css-av-1lgy1-176ba9393538f9fe5bd23aaf2c1f5981\">\n.flex_column.av-1lgy1-176ba9393538f9fe5bd23aaf2c1f5981{\nwidth:33%;\nmargin-left:0;\nborder-radius:0px 0px 0px 0px;\npadding:240px 40px 60px 40px;\nbackground:url(https:\/\/www.metalschemicalsgroup.com\/wp-content\/uploads\/2022\/12\/Gold-ingot-scaled.jpg) 50% 50% no-repeat scroll ;\n}\n#top .flex_column_table.av-equal-height-column-flextable.av-1lgy1-176ba9393538f9fe5bd23aaf2c1f5981 .av-flex-placeholder{\nwidth:0.5%;\n}\n<\/style>\n<div  class='flex_column av-1lgy1-176ba9393538f9fe5bd23aaf2c1f5981 av_one_third  avia-builder-el-19  el_after_av_one_third  avia-builder-el-last  categorie-blokken flex_column_table_cell av-equal-height-column av-align-top avia-full-stretch avia-link-column av-column-link avia-link-column-hover  column-top-margin'    data-link-column-url=\"https:\/\/www.metalschemicalsgroup.com\/fr\/products\/mining-chemicals\/\"   ><a class=\"av-screen-reader-only\" href=\"https:\/\/www.metalschemicalsgroup.com\/fr\/products\/mining-chemicals\/\" >Lier vers : Produits chimiques pour l'industrie mini\u00e8re<\/a><style type=\"text\/css\" data-created_by=\"avia_inline_auto\" id=\"style-css-av-ymyd-395e60348be8ab78ac0e10ea53774cf7\">\n#top .av_textblock_section.av-ymyd-395e60348be8ab78ac0e10ea53774cf7 .avia_textblock{\ncolor:#ffffff;\n}\n<\/style>\n<section  class='av_textblock_section av-ymyd-395e60348be8ab78ac0e10ea53774cf7'   itemscope=\"itemscope\" itemtype=\"https:\/\/schema.org\/CreativeWork\" ><div class='avia_textblock av_inherit_color'  itemprop=\"text\" ><h2>Produits chimiques pour l'exploitation mini\u00e8re<\/h2>\n<\/div><\/section><\/div><\/div><!--close column table wrapper. Autoclose: 1 -->\n<\/p>","protected":false},"excerpt":{"rendered":"","protected":false},"author":1,"featured_media":0,"parent":51,"menu_order":0,"comment_status":"closed","ping_status":"closed","template":"","meta":{"_monsterinsights_skip_tracking":false,"_monsterinsights_sitenote_active":false,"_monsterinsights_sitenote_note":"","_monsterinsights_sitenote_category":0,"footnotes":""},"class_list":["post-1491","page","type-page","status-publish","hentry"],"yoast_head":"<!-- This site is optimized with the Yoast SEO plugin v27.3 - https:\/\/yoast.com\/product\/yoast-seo-wordpress\/ -->\n<title>Bottom dross - Metals Chemicals Maastricht<\/title>\n<meta name=\"description\" content=\"As your trusted partner in zinc recycling, we are committed to unlocking the true potential of zinc bottom dross for your industrial needs.\" \/>\n<meta name=\"robots\" content=\"index, follow, max-snippet:-1, max-image-preview:large, max-video-preview:-1\" \/>\n<link rel=\"canonical\" href=\"https:\/\/www.metalschemicalsgroup.com\/fr\/produits\/des-dechets-de-fond\/\" \/>\n<meta property=\"og:locale\" content=\"fr_FR\" \/>\n<meta property=\"og:type\" content=\"article\" \/>\n<meta property=\"og:title\" content=\"Bottom dross - Metals Chemicals Maastricht\" \/>\n<meta property=\"og:description\" content=\"As your trusted partner in zinc recycling, we are committed to unlocking the true potential of zinc bottom dross for your industrial needs.\" \/>\n<meta property=\"og:url\" content=\"https:\/\/www.metalschemicalsgroup.com\/fr\/produits\/des-dechets-de-fond\/\" \/>\n<meta property=\"og:site_name\" content=\"Metals Chemicals Maastricht\" \/>\n<meta property=\"article:modified_time\" content=\"2024-08-08T13:26:39+00:00\" \/>\n<meta name=\"twitter:card\" content=\"summary_large_image\" \/>\n<meta name=\"twitter:label1\" content=\"Dur\u00e9e de lecture estim\u00e9e\" \/>\n\t<meta name=\"twitter:data1\" content=\"3 minutes\" \/>\n<script type=\"application\/ld+json\" class=\"yoast-schema-graph\">{\"@context\":\"https:\\\/\\\/schema.org\",\"@graph\":[{\"@type\":\"WebPage\",\"@id\":\"https:\\\/\\\/www.metalschemicalsgroup.com\\\/products\\\/bottom-dross\\\/\",\"url\":\"https:\\\/\\\/www.metalschemicalsgroup.com\\\/products\\\/bottom-dross\\\/\",\"name\":\"Bottom dross - Metals Chemicals Maastricht\",\"isPartOf\":{\"@id\":\"https:\\\/\\\/www.metalschemicalsgroup.com\\\/#website\"},\"datePublished\":\"2023-10-16T05:45:57+00:00\",\"dateModified\":\"2024-08-08T13:26:39+00:00\",\"description\":\"As your trusted partner in zinc recycling, we are committed to unlocking the true potential of zinc bottom dross for your industrial needs.\",\"breadcrumb\":{\"@id\":\"https:\\\/\\\/www.metalschemicalsgroup.com\\\/products\\\/bottom-dross\\\/#breadcrumb\"},\"inLanguage\":\"fr-FR\",\"potentialAction\":[{\"@type\":\"ReadAction\",\"target\":[\"https:\\\/\\\/www.metalschemicalsgroup.com\\\/products\\\/bottom-dross\\\/\"]}]},{\"@type\":\"BreadcrumbList\",\"@id\":\"https:\\\/\\\/www.metalschemicalsgroup.com\\\/products\\\/bottom-dross\\\/#breadcrumb\",\"itemListElement\":[{\"@type\":\"ListItem\",\"position\":1,\"name\":\"Home\",\"item\":\"https:\\\/\\\/www.metalschemicalsgroup.com\\\/partner-in-zinc-lead-mining-chemicals\\\/\"},{\"@type\":\"ListItem\",\"position\":2,\"name\":\"Products\",\"item\":\"https:\\\/\\\/www.metalschemicalsgroup.com\\\/products\\\/\"},{\"@type\":\"ListItem\",\"position\":3,\"name\":\"Bottom dross\"}]},{\"@type\":\"WebSite\",\"@id\":\"https:\\\/\\\/www.metalschemicalsgroup.com\\\/#website\",\"url\":\"https:\\\/\\\/www.metalschemicalsgroup.com\\\/\",\"name\":\"Metals Chemicals Maastricht\",\"description\":\"Strong in Zinc\",\"potentialAction\":[{\"@type\":\"SearchAction\",\"target\":{\"@type\":\"EntryPoint\",\"urlTemplate\":\"https:\\\/\\\/www.metalschemicalsgroup.com\\\/?s={search_term_string}\"},\"query-input\":{\"@type\":\"PropertyValueSpecification\",\"valueRequired\":true,\"valueName\":\"search_term_string\"}}],\"inLanguage\":\"fr-FR\"}]}<\/script>\n<!-- \/ Yoast SEO plugin. -->","yoast_head_json":{"title":"Crasse de fond - Metals Chemicals Maastricht","description":"En tant que partenaire de confiance pour le recyclage du zinc, nous nous engageons \u00e0 exploiter le v\u00e9ritable potentiel des crasses de zinc pour r\u00e9pondre \u00e0 vos besoins industriels.","robots":{"index":"index","follow":"follow","max-snippet":"max-snippet:-1","max-image-preview":"max-image-preview:large","max-video-preview":"max-video-preview:-1"},"canonical":"https:\/\/www.metalschemicalsgroup.com\/fr\/produits\/des-dechets-de-fond\/","og_locale":"fr_FR","og_type":"article","og_title":"Bottom dross - Metals Chemicals Maastricht","og_description":"As your trusted partner in zinc recycling, we are committed to unlocking the true potential of zinc bottom dross for your industrial needs.","og_url":"https:\/\/www.metalschemicalsgroup.com\/fr\/produits\/des-dechets-de-fond\/","og_site_name":"Metals Chemicals Maastricht","article_modified_time":"2024-08-08T13:26:39+00:00","twitter_card":"summary_large_image","twitter_misc":{"Dur\u00e9e de lecture estim\u00e9e":"3 minutes"},"schema":{"@context":"https:\/\/schema.org","@graph":[{"@type":"WebPage","@id":"https:\/\/www.metalschemicalsgroup.com\/products\/bottom-dross\/","url":"https:\/\/www.metalschemicalsgroup.com\/products\/bottom-dross\/","name":"Crasse de fond - Metals Chemicals Maastricht","isPartOf":{"@id":"https:\/\/www.metalschemicalsgroup.com\/#website"},"datePublished":"2023-10-16T05:45:57+00:00","dateModified":"2024-08-08T13:26:39+00:00","description":"En tant que partenaire de confiance pour le recyclage du zinc, nous nous engageons \u00e0 exploiter le v\u00e9ritable potentiel des crasses de zinc pour r\u00e9pondre \u00e0 vos besoins industriels.","breadcrumb":{"@id":"https:\/\/www.metalschemicalsgroup.com\/products\/bottom-dross\/#breadcrumb"},"inLanguage":"fr-FR","potentialAction":[{"@type":"ReadAction","target":["https:\/\/www.metalschemicalsgroup.com\/products\/bottom-dross\/"]}]},{"@type":"BreadcrumbList","@id":"https:\/\/www.metalschemicalsgroup.com\/products\/bottom-dross\/#breadcrumb","itemListElement":[{"@type":"ListItem","position":1,"name":"Home","item":"https:\/\/www.metalschemicalsgroup.com\/partner-in-zinc-lead-mining-chemicals\/"},{"@type":"ListItem","position":2,"name":"Products","item":"https:\/\/www.metalschemicalsgroup.com\/products\/"},{"@type":"ListItem","position":3,"name":"Bottom dross"}]},{"@type":"WebSite","@id":"https:\/\/www.metalschemicalsgroup.com\/#website","url":"https:\/\/www.metalschemicalsgroup.com\/","name":"Metals Chemicals Maastricht","description":"Forte teneur en zinc","potentialAction":[{"@type":"SearchAction","target":{"@type":"EntryPoint","urlTemplate":"https:\/\/www.metalschemicalsgroup.com\/?s={search_term_string}"},"query-input":{"@type":"PropertyValueSpecification","valueRequired":true,"valueName":"search_term_string"}}],"inLanguage":"fr-FR"}]}},"_links":{"self":[{"href":"https:\/\/www.metalschemicalsgroup.com\/fr\/wp-json\/wp\/v2\/pages\/1491","targetHints":{"allow":["GET"]}}],"collection":[{"href":"https:\/\/www.metalschemicalsgroup.com\/fr\/wp-json\/wp\/v2\/pages"}],"about":[{"href":"https:\/\/www.metalschemicalsgroup.com\/fr\/wp-json\/wp\/v2\/types\/page"}],"author":[{"embeddable":true,"href":"https:\/\/www.metalschemicalsgroup.com\/fr\/wp-json\/wp\/v2\/users\/1"}],"replies":[{"embeddable":true,"href":"https:\/\/www.metalschemicalsgroup.com\/fr\/wp-json\/wp\/v2\/comments?post=1491"}],"version-history":[{"count":2,"href":"https:\/\/www.metalschemicalsgroup.com\/fr\/wp-json\/wp\/v2\/pages\/1491\/revisions"}],"predecessor-version":[{"id":1583,"href":"https:\/\/www.metalschemicalsgroup.com\/fr\/wp-json\/wp\/v2\/pages\/1491\/revisions\/1583"}],"up":[{"embeddable":true,"href":"https:\/\/www.metalschemicalsgroup.com\/fr\/wp-json\/wp\/v2\/pages\/51"}],"wp:attachment":[{"href":"https:\/\/www.metalschemicalsgroup.com\/fr\/wp-json\/wp\/v2\/media?parent=1491"}],"curies":[{"name":"wp","href":"https:\/\/api.w.org\/{rel}","templated":true}]}}