{"id":15,"date":"2022-01-24T08:51:16","date_gmt":"2022-01-24T08:51:16","guid":{"rendered":"https:\/\/metalschemicals.bonsaidev.nl\/?page_id=15"},"modified":"2024-04-04T16:04:34","modified_gmt":"2024-04-04T14:04:34","slug":"partenaire-dans-lexploitation-miniere-du-zinc-et-du-plomb-produits-chimiques","status":"publish","type":"page","link":"https:\/\/www.metalschemicalsgroup.com\/fr\/","title":{"rendered":"Accueil"},"content":{"rendered":"<div id='av-layout-grid-1'  class='av-layout-grid-container av-2cnjj-70789caf9b20850da3e6cc84940a4d13 entry-content-wrapper main_color av-flex-cells  avia-builder-el-0  el_before_av_section  avia-builder-el-first  av-cell-min-height av-cell-min-height-50 av-small-hide av-mini-hide container_wrap fullsize'   data-av_minimum_height_pc='50'>\n\n<style type=\"text\/css\" data-created_by=\"avia_inline_auto\" id=\"style-css-av-1d9jn-726e870ab7e5be480c1eb641c1937eca\">\n.flex_cell.av-1d9jn-726e870ab7e5be480c1eb641c1937eca{\nvertical-align:top;\n}\n.responsive #top #wrap_all .flex_cell.av-1d9jn-726e870ab7e5be480c1eb641c1937eca{\npadding:0px 0px 0px 0px !important;\n}\n<\/style>\n<div class='flex_cell av-1d9jn-726e870ab7e5be480c1eb641c1937eca av-gridrow-cell av_one_full no_margin  avia-builder-el-1  avia-builder-el-no-sibling  content-align-top av-zero-padding'  ><div class='flex_cell_inner'>\n<\/div><\/div>\n<\/div>\n\n<style type=\"text\/css\" data-created_by=\"avia_inline_auto\" id=\"style-css-av-lulb5i5n-4428483de8955b1e0d43e14da41fc6b5\">\n.avia-section.av-lulb5i5n-4428483de8955b1e0d43e14da41fc6b5{\nbackground-repeat:no-repeat;\nbackground-image:url(https:\/\/www.metalschemicalsgroup.com\/wp-content\/uploads\/2022\/10\/Home-banner-MCM-scaled-1.webp);\nbackground-position:50% 50%;\nbackground-attachment:scroll;\n}\n<\/style>\n<div id='av_section_1'  class='avia-section av-lulb5i5n-4428483de8955b1e0d43e14da41fc6b5 main_color avia-section-default avia-no-border-styling  avia-builder-el-3  el_after_av_layout_row  el_before_av_section  av-desktop-hide av-medium-hide avia-full-stretch avia-bg-style-scroll container_wrap fullsize'  data-section-bg-repeat='stretch'><div class='container av-section-cont-open' ><div class='template-page content  av-content-full alpha units'><div class='post-entry post-entry-type-page post-entry-15'><div class='entry-content-wrapper clearfix'>\n<div  class='flex_column av-126bf-3355641fa4e50d93d0ad56af349f0f12 av_one_full  avia-builder-el-4  avia-builder-el-no-sibling  first flex_column_div'     ><style type=\"text\/css\" data-created_by=\"avia_inline_auto\" id=\"style-css-av-lulb55fk-b4120e9d810dd145ef7b817f3acf10a9\">\n#top .av_textblock_section.av-lulb55fk-b4120e9d810dd145ef7b817f3acf10a9 .avia_textblock{\ncolor:#ffffff;\n}\n<\/style>\n<section  class='av_textblock_section av-lulb55fk-b4120e9d810dd145ef7b817f3acf10a9'   itemscope=\"itemscope\" itemtype=\"https:\/\/schema.org\/CreativeWork\" ><div class='avia_textblock av_inherit_color'  itemprop=\"text\" ><h1>PARTENAIRE DURABLE EN<br \/>\nZINC, PLOMB ET MINES<br \/>\nPRODUITS CHIMIQUES<\/h1>\n<\/div><\/section><\/div><\/div><\/div><\/div><!-- close content main div --><\/div><\/div><div id='av_section_2'  class='avia-section av-23pxr-30593f4de9cff853d6a9a4d63b4d41f9 main_color avia-section-large avia-no-border-styling  avia-builder-el-6  el_after_av_section  el_before_av_section  avia-bg-style-scroll container_wrap fullsize'  ><div class='container av-section-cont-open' ><div class='template-page content  av-content-full alpha units'><div class='post-entry post-entry-type-page post-entry-15'><div class='entry-content-wrapper clearfix'>\n\n<style type=\"text\/css\" data-created_by=\"avia_inline_auto\" id=\"style-css-av-1j2cb-ae3f3e178df660a247b74f8a61fd5c60\">\n.flex_column.av-1j2cb-ae3f3e178df660a247b74f8a61fd5c60{\nborder-radius:0px 0px 0px 0px;\npadding:0px 0px 0px 0px;\n}\n<\/style>\n<div  class='flex_column av-1j2cb-ae3f3e178df660a247b74f8a61fd5c60 av_one_half  avia-builder-el-7  el_before_av_one_half  avia-builder-el-first  first flex_column_div av-zero-column-padding'     ><style type=\"text\/css\" data-created_by=\"avia_inline_auto\" id=\"style-css-av-kysi3rt9-95a01469a5d249dd2fdaaf13916a3f48\">\n.avia-image-container.av-kysi3rt9-95a01469a5d249dd2fdaaf13916a3f48 img.avia_image{\nbox-shadow:none;\n}\n.avia-image-container.av-kysi3rt9-95a01469a5d249dd2fdaaf13916a3f48 .av-image-caption-overlay-center{\ncolor:#ffffff;\n}\n<\/style>\n<div  class='avia-image-container av-kysi3rt9-95a01469a5d249dd2fdaaf13916a3f48 av-styling-no-styling avia-align-center  avia-builder-el-8  avia-builder-el-no-sibling'   itemprop=\"image\" itemscope=\"itemscope\" itemtype=\"https:\/\/schema.org\/ImageObject\" ><div class=\"avia-image-container-inner\"><div class=\"avia-image-overlay-wrap\"><img decoding=\"async\" fetchpriority=\"high\" class='wp-image-1254 avia-img-lazy-loading-not-1254 avia_image' src=\"https:\/\/www.metalschemicalsgroup.com\/wp-content\/uploads\/2022\/10\/Metals-Chemicals-Maastricht.webp\" alt='M\u00e9taux-Chimie-Maastricht' title='M\u00e9taux-Chimie-Maastricht'  height=\"1000\" width=\"1200\"  itemprop=\"thumbnailUrl\" srcset=\"https:\/\/www.metalschemicalsgroup.com\/wp-content\/uploads\/2022\/10\/Metals-Chemicals-Maastricht.webp 1200w, https:\/\/www.metalschemicalsgroup.com\/wp-content\/uploads\/2022\/10\/Metals-Chemicals-Maastricht-300x250.webp 300w, https:\/\/www.metalschemicalsgroup.com\/wp-content\/uploads\/2022\/10\/Metals-Chemicals-Maastricht-1030x858.webp 1030w, https:\/\/www.metalschemicalsgroup.com\/wp-content\/uploads\/2022\/10\/Metals-Chemicals-Maastricht-768x640.webp 768w, https:\/\/www.metalschemicalsgroup.com\/wp-content\/uploads\/2022\/10\/Metals-Chemicals-Maastricht-14x12.webp 14w, https:\/\/www.metalschemicalsgroup.com\/wp-content\/uploads\/2022\/10\/Metals-Chemicals-Maastricht-705x588.webp 705w\" sizes=\"(max-width: 1200px) 100vw, 1200px\" \/><\/div><\/div><\/div><\/div>\n<style type=\"text\/css\" data-created_by=\"avia_inline_auto\" id=\"style-css-av-zrnz-ed41b1e9804795fff78ec21998e1b53d\">\n.flex_column.av-zrnz-ed41b1e9804795fff78ec21998e1b53d{\nborder-radius:0px 0px 0px 0px;\npadding:0px 0px 0px 0px;\n}\n<\/style>\n<div  class='flex_column av-zrnz-ed41b1e9804795fff78ec21998e1b53d av_one_half  avia-builder-el-9  el_after_av_one_half  avia-builder-el-last  flex_column_div av-zero-column-padding'     ><p>\n<style type=\"text\/css\" data-created_by=\"avia_inline_auto\" id=\"style-css-av-2m51z-390f0ec0af7fc515642f85a2e6b989b2\">\n#top .av-special-heading.av-2m51z-390f0ec0af7fc515642f85a2e6b989b2{\npadding-bottom:10px;\n}\nbody .av-special-heading.av-2m51z-390f0ec0af7fc515642f85a2e6b989b2 .av-special-heading-tag .heading-char{\nfont-size:25px;\n}\n.av-special-heading.av-2m51z-390f0ec0af7fc515642f85a2e6b989b2 .av-subheading{\nfont-size:15px;\n}\n<\/style>\n<div  class='av-special-heading av-2m51z-390f0ec0af7fc515642f85a2e6b989b2 av-special-heading-h2 blockquote modern-quote  avia-builder-el-10  el_before_av_hr  avia-builder-el-first'><div class='av-subheading av-subheading_above'><p>Depuis 1993<\/p>\n<\/div><h2 class='av-special-heading-tag'  itemprop=\"headline\"  >Metals Chemicals Maastricht<\/h2><div class=\"special-heading-border\"><div class=\"special-heading-inner-border\"><\/div><\/div><\/div><br \/>\n\n<style type=\"text\/css\" data-created_by=\"avia_inline_auto\" id=\"style-css-av-kysklpnz-b9115f1b69011038800514d1a9cb816b\">\n#top .hr.hr-invisible.av-kysklpnz-b9115f1b69011038800514d1a9cb816b{\nmargin-top:-5px;\nheight:1px;\n}\n<\/style>\n<div  class='hr av-kysklpnz-b9115f1b69011038800514d1a9cb816b hr-invisible  avia-builder-el-11  el_after_av_heading  el_before_av_textblock'><span class='hr-inner'><span class=\"hr-inner-style\"><\/span><\/span><\/div><br \/>\n<section  class='av_textblock_section av-kysi7dgv-940bee17c74b7005a716950b8c565289'   itemscope=\"itemscope\" itemtype=\"https:\/\/schema.org\/CreativeWork\" ><div class='avia_textblock'  itemprop=\"text\" ><p>Depuis 1993, Metals Chemicals Maastricht BV (MCM) est devenue l'une des principales organisations de commerce, de traitement et de recyclage des r\u00e9sidus de zinc et de plomb au niveau mondial. Chaque ann\u00e9e, environ 100 000 tonnes de r\u00e9sidus de zinc et de plomb sont n\u00e9goci\u00e9es et\/ou trait\u00e9es par notre soci\u00e9t\u00e9.<\/p>\n<p>En outre, depuis 2015, nous sommes \u00e9galement un fournisseur de r\u00e9actifs miniers. Nous fournissons 25 000 tonnes de produits chimiques miniers \u00e0 l'industrie mini\u00e8re.<\/p>\n<\/div><\/section><\/p><\/div>\n<\/p>\n<\/div><\/div><\/div><!-- close content main div --><\/div><\/div>\n<style type=\"text\/css\" data-created_by=\"avia_inline_auto\" id=\"style-css-av-kysi802e-036354ee82edd4d0c3c26602283df9d9\">\n.avia-section.av-kysi802e-036354ee82edd4d0c3c26602283df9d9{\nmargin-top:-160px;\nmargin-bottom:0px;\n}\n<\/style>\n<div id='av_section_3'  class='avia-section av-kysi802e-036354ee82edd4d0c3c26602283df9d9 alternate_color avia-section-default avia-no-border-styling  avia-builder-el-13  el_after_av_section  avia-builder-el-last  avia-bg-style-scroll container_wrap fullsize'  ><div class='container av-section-cont-open' ><div class='template-page content  av-content-full alpha units'><div class='post-entry post-entry-type-page post-entry-15'><div class='entry-content-wrapper clearfix'>\n\n<style type=\"text\/css\" data-created_by=\"avia_inline_auto\" id=\"style-css-av-kysk6l2b-6123ff7a949d43e2d1386c19dd388e5c\">\n#top .hr.hr-invisible.av-kysk6l2b-6123ff7a949d43e2d1386c19dd388e5c{\nheight:100px;\n}\n<\/style>\n<div  class='hr av-kysk6l2b-6123ff7a949d43e2d1386c19dd388e5c hr-invisible  avia-builder-el-14  el_before_av_one_third  avia-builder-el-first  av-small-hide av-mini-hide'><span class='hr-inner'><span class=\"hr-inner-style\"><\/span><\/span><\/div>\n<div class='flex_column_table av-1us0v-110c2e555bcbfeb673171e86cd565eb6 sc-av_one_third av-equal-height-column-flextable'>\n<style type=\"text\/css\" data-created_by=\"avia_inline_auto\" id=\"style-css-av-1us0v-110c2e555bcbfeb673171e86cd565eb6\">\n.flex_column.av-1us0v-110c2e555bcbfeb673171e86cd565eb6{\nwidth:33%;\nmargin-left:0;\nborder-radius:0px 0px 0px 0px;\npadding:240px 40px 60px 40px;\nbackground:url(https:\/\/www.metalschemicalsgroup.com\/wp-content\/uploads\/2022\/10\/our-products.webp) 50% 50% no-repeat scroll ;\n}\n#top .flex_column_table.av-equal-height-column-flextable.av-1us0v-110c2e555bcbfeb673171e86cd565eb6 .av-flex-placeholder{\nwidth:0.5%;\n}\n<\/style>\n<div  class='flex_column av-1us0v-110c2e555bcbfeb673171e86cd565eb6 av_one_third  avia-builder-el-15  el_after_av_hr  el_before_av_one_third  first flex_column_table_cell av-equal-height-column av-align-top avia-full-stretch avia-link-column av-column-link avia-link-column-hover'    data-link-column-url=\"https:\/\/www.metalschemicalsgroup.com\/fr\/products\/\"   ><a class=\"av-screen-reader-only\" href=\"https:\/\/www.metalschemicalsgroup.com\/fr\/products\/\" >Lier vers : Produits<\/a><style type=\"text\/css\" data-created_by=\"avia_inline_auto\" id=\"style-css-av-1bxxr-41852cc592d410409fa6e59fff5043e6\">\n#top .av_textblock_section.av-1bxxr-41852cc592d410409fa6e59fff5043e6 .avia_textblock{\ncolor:#ffffff;\n}\n<\/style>\n<section  class='av_textblock_section av-1bxxr-41852cc592d410409fa6e59fff5043e6'   itemscope=\"itemscope\" itemtype=\"https:\/\/schema.org\/CreativeWork\" ><div class='avia_textblock categorie-blokken av_inherit_color'  itemprop=\"text\" ><h2>Produits<\/h2>\n<\/div><\/section><\/div><div class='av-flex-placeholder'><\/div>\n<style type=\"text\/css\" data-created_by=\"avia_inline_auto\" id=\"style-css-av-2tnfb-e2bc55560a31316d76639973a90f9b14\">\n.flex_column.av-2tnfb-e2bc55560a31316d76639973a90f9b14{\nwidth:33%;\nmargin-left:0;\nborder-radius:0px 0px 0px 0px;\npadding:240px 40px 60px 40px;\nbackground:url(https:\/\/www.metalschemicalsgroup.com\/wp-content\/uploads\/2022\/10\/our-Services.webp) 50% 50% no-repeat scroll ;\n}\n#top .flex_column_table.av-equal-height-column-flextable.av-2tnfb-e2bc55560a31316d76639973a90f9b14 .av-flex-placeholder{\nwidth:0.5%;\n}\n<\/style>\n<div  class='flex_column av-2tnfb-e2bc55560a31316d76639973a90f9b14 av_one_third  avia-builder-el-17  el_after_av_one_third  el_before_av_one_third  flex_column_table_cell av-equal-height-column av-align-top avia-full-stretch avia-link-column av-column-link avia-link-column-hover'    data-link-column-url=\"https:\/\/www.metalschemicalsgroup.com\/fr\/services\/\"   ><a class=\"av-screen-reader-only\" href=\"https:\/\/www.metalschemicalsgroup.com\/fr\/services\/\" >Lier vers : Services<\/a><style type=\"text\/css\" data-created_by=\"avia_inline_auto\" id=\"style-css-av-168x7-6b764b23aed29e7e5c5195344da656ab\">\n#top .av_textblock_section.av-168x7-6b764b23aed29e7e5c5195344da656ab .avia_textblock{\ncolor:#ffffff;\n}\n<\/style>\n<section  class='av_textblock_section av-168x7-6b764b23aed29e7e5c5195344da656ab'   itemscope=\"itemscope\" itemtype=\"https:\/\/schema.org\/CreativeWork\" ><div class='avia_textblock categorie-blokken av_inherit_color'  itemprop=\"text\" ><h2>Services<\/h2>\n<\/div><\/section><\/div><div class='av-flex-placeholder'><\/div>\n<style type=\"text\/css\" data-created_by=\"avia_inline_auto\" id=\"style-css-av-1am6b-7c38cf233f1f98eeb3e6fb0c62519a04\">\n.flex_column.av-1am6b-7c38cf233f1f98eeb3e6fb0c62519a04{\nwidth:33%;\nmargin-left:0;\nborder-radius:0px 0px 0px 0px;\npadding:240px 40px 60px 40px;\nbackground:url(https:\/\/www.metalschemicalsgroup.com\/wp-content\/uploads\/2022\/10\/our-Sustainability.webp) 50% 50% no-repeat scroll ;\n}\n#top .flex_column_table.av-equal-height-column-flextable.av-1am6b-7c38cf233f1f98eeb3e6fb0c62519a04 .av-flex-placeholder{\nwidth:0.5%;\n}\n<\/style>\n<div  class='flex_column av-1am6b-7c38cf233f1f98eeb3e6fb0c62519a04 av_one_third  avia-builder-el-19  el_after_av_one_third  el_before_av_hr  categorie-blokken flex_column_table_cell av-equal-height-column av-align-top avia-full-stretch avia-link-column av-column-link avia-link-column-hover'    data-link-column-url=\"https:\/\/www.metalschemicalsgroup.com\/fr\/sustainability\/\"   ><a class=\"av-screen-reader-only\" href=\"https:\/\/www.metalschemicalsgroup.com\/fr\/sustainability\/\" >Lier vers : Durabilit\u00e9<\/a><style type=\"text\/css\" data-created_by=\"avia_inline_auto\" id=\"style-css-av-kysjyhs3-c43844bd21bc96bb1a96fe702ed8bf0c\">\n#top .av_textblock_section.av-kysjyhs3-c43844bd21bc96bb1a96fe702ed8bf0c .avia_textblock{\ncolor:#ffffff;\n}\n<\/style>\n<section  class='av_textblock_section av-kysjyhs3-c43844bd21bc96bb1a96fe702ed8bf0c'   itemscope=\"itemscope\" itemtype=\"https:\/\/schema.org\/CreativeWork\" ><div class='avia_textblock av_inherit_color'  itemprop=\"text\" ><h2><b><span lang=\"EN-GB\">Durabilit\u00e9<\/span><\/b><\/h2>\n<\/div><\/section><\/div><\/div><!--close column table wrapper. Autoclose: 1 -->\n<style type=\"text\/css\" data-created_by=\"avia_inline_auto\" id=\"style-css-av-kysk80h9-48db465681fd82bd53512b739017b1e0\">\n#top .hr.hr-invisible.av-kysk80h9-48db465681fd82bd53512b739017b1e0{\nheight:90px;\n}\n<\/style>\n<div  class='hr av-kysk80h9-48db465681fd82bd53512b739017b1e0 hr-invisible  avia-builder-el-21  el_after_av_one_third  avia-builder-el-last  av-small-hide av-mini-hide'><span class='hr-inner'><span class=\"hr-inner-style\"><\/span><\/span><\/div>","protected":false},"excerpt":{"rendered":"","protected":false},"author":1,"featured_media":0,"parent":0,"menu_order":0,"comment_status":"closed","ping_status":"closed","template":"","meta":{"_monsterinsights_skip_tracking":false,"_monsterinsights_sitenote_active":false,"_monsterinsights_sitenote_note":"","_monsterinsights_sitenote_category":0,"footnotes":""},"class_list":["post-15","page","type-page","status-publish","hentry"],"yoast_head":"<!-- This site is optimized with the Yoast SEO plugin v27.2 - https:\/\/yoast.com\/product\/yoast-seo-wordpress\/ -->\n<title>Metals Chemicals Maastricht - Partner in Zinc, Lead &amp; Mining chemicals<\/title>\n<meta name=\"description\" content=\"Since 1993 Metals Chemicals Maastricht BV\u00a0(MCM) has become one of the leading trading, processing and recycling organisations globally of zinc and lead residues.\" \/>\n<meta name=\"robots\" content=\"index, follow, max-snippet:-1, max-image-preview:large, max-video-preview:-1\" \/>\n<link rel=\"canonical\" href=\"https:\/\/www.metalschemicalsgroup.com\/fr\/partenaire-dans-lexploitation-miniere-du-zinc-et-du-plomb-produits-chimiques\/\" \/>\n<meta property=\"og:locale\" content=\"fr_FR\" \/>\n<meta property=\"og:type\" content=\"article\" \/>\n<meta property=\"og:title\" content=\"Metals Chemicals Maastricht - Partner in Zinc, Lead &amp; Mining chemicals\" \/>\n<meta property=\"og:description\" content=\"Since 1993 Metals Chemicals Maastricht BV\u00a0(MCM) has become one of the leading trading, processing and recycling organisations globally of zinc and lead residues.\" \/>\n<meta property=\"og:url\" content=\"https:\/\/www.metalschemicalsgroup.com\/fr\/partenaire-dans-lexploitation-miniere-du-zinc-et-du-plomb-produits-chimiques\/\" \/>\n<meta property=\"og:site_name\" content=\"Metals Chemicals Maastricht\" \/>\n<meta property=\"article:modified_time\" content=\"2024-04-04T14:04:34+00:00\" \/>\n<meta name=\"twitter:card\" content=\"summary_large_image\" \/>\n<meta name=\"twitter:label1\" content=\"Dur\u00e9e de lecture estim\u00e9e\" \/>\n\t<meta name=\"twitter:data1\" content=\"1 minute\" \/>\n<script type=\"application\/ld+json\" class=\"yoast-schema-graph\">{\"@context\":\"https:\/\/schema.org\",\"@graph\":[{\"@type\":\"WebPage\",\"@id\":\"https:\/\/www.metalschemicalsgroup.com\/partner-in-zinc-lead-mining-chemicals\/\",\"url\":\"https:\/\/www.metalschemicalsgroup.com\/partner-in-zinc-lead-mining-chemicals\/\",\"name\":\"Metals Chemicals Maastricht - Partner in Zinc, Lead & Mining chemicals\",\"isPartOf\":{\"@id\":\"https:\/\/www.metalschemicalsgroup.com\/#website\"},\"datePublished\":\"2022-01-24T08:51:16+00:00\",\"dateModified\":\"2024-04-04T14:04:34+00:00\",\"description\":\"Since 1993 Metals Chemicals Maastricht BV\u00a0(MCM) has become one of the leading trading, processing and recycling organisations globally of zinc and lead residues.\",\"breadcrumb\":{\"@id\":\"https:\/\/www.metalschemicalsgroup.com\/partner-in-zinc-lead-mining-chemicals\/#breadcrumb\"},\"inLanguage\":\"fr-FR\",\"potentialAction\":[{\"@type\":\"ReadAction\",\"target\":[\"https:\/\/www.metalschemicalsgroup.com\/partner-in-zinc-lead-mining-chemicals\/\"]}]},{\"@type\":\"BreadcrumbList\",\"@id\":\"https:\/\/www.metalschemicalsgroup.com\/partner-in-zinc-lead-mining-chemicals\/#breadcrumb\",\"itemListElement\":[{\"@type\":\"ListItem\",\"position\":1,\"name\":\"Home\",\"item\":\"https:\/\/www.metalschemicalsgroup.com\/partner-in-zinc-lead-mining-chemicals\/\"},{\"@type\":\"ListItem\",\"position\":2,\"name\":\"Home\"}]},{\"@type\":\"WebSite\",\"@id\":\"https:\/\/www.metalschemicalsgroup.com\/#website\",\"url\":\"https:\/\/www.metalschemicalsgroup.com\/\",\"name\":\"Metals Chemicals Maastricht\",\"description\":\"Strong in Zinc\",\"potentialAction\":[{\"@type\":\"SearchAction\",\"target\":{\"@type\":\"EntryPoint\",\"urlTemplate\":\"https:\/\/www.metalschemicalsgroup.com\/?s={search_term_string}\"},\"query-input\":{\"@type\":\"PropertyValueSpecification\",\"valueRequired\":true,\"valueName\":\"search_term_string\"}}],\"inLanguage\":\"fr-FR\"}]}<\/script>\n<!-- \/ Yoast SEO plugin. -->","yoast_head_json":{"title":"Metals Chemicals Maastricht - Partenaire pour le zinc, le plomb et les produits chimiques miniers","description":"Depuis 1993, Metals Chemicals Maastricht BV (MCM) est devenue l'une des principales organisations de commerce, de traitement et de recyclage des r\u00e9sidus de zinc et de plomb au niveau mondial.","robots":{"index":"index","follow":"follow","max-snippet":"max-snippet:-1","max-image-preview":"max-image-preview:large","max-video-preview":"max-video-preview:-1"},"canonical":"https:\/\/www.metalschemicalsgroup.com\/fr\/partenaire-dans-lexploitation-miniere-du-zinc-et-du-plomb-produits-chimiques\/","og_locale":"fr_FR","og_type":"article","og_title":"Metals Chemicals Maastricht - Partner in Zinc, Lead & Mining chemicals","og_description":"Since 1993 Metals Chemicals Maastricht BV\u00a0(MCM) has become one of the leading trading, processing and recycling organisations globally of zinc and lead residues.","og_url":"https:\/\/www.metalschemicalsgroup.com\/fr\/partenaire-dans-lexploitation-miniere-du-zinc-et-du-plomb-produits-chimiques\/","og_site_name":"Metals Chemicals Maastricht","article_modified_time":"2024-04-04T14:04:34+00:00","twitter_card":"summary_large_image","twitter_misc":{"Dur\u00e9e de lecture estim\u00e9e":"1 minute"},"schema":{"@context":"https:\/\/schema.org","@graph":[{"@type":"WebPage","@id":"https:\/\/www.metalschemicalsgroup.com\/partner-in-zinc-lead-mining-chemicals\/","url":"https:\/\/www.metalschemicalsgroup.com\/partner-in-zinc-lead-mining-chemicals\/","name":"Metals Chemicals Maastricht - Partenaire pour le zinc, le plomb et les produits chimiques miniers","isPartOf":{"@id":"https:\/\/www.metalschemicalsgroup.com\/#website"},"datePublished":"2022-01-24T08:51:16+00:00","dateModified":"2024-04-04T14:04:34+00:00","description":"Depuis 1993, Metals Chemicals Maastricht BV (MCM) est devenue l'une des principales organisations de commerce, de traitement et de recyclage des r\u00e9sidus de zinc et de plomb au niveau mondial.","breadcrumb":{"@id":"https:\/\/www.metalschemicalsgroup.com\/partner-in-zinc-lead-mining-chemicals\/#breadcrumb"},"inLanguage":"fr-FR","potentialAction":[{"@type":"ReadAction","target":["https:\/\/www.metalschemicalsgroup.com\/partner-in-zinc-lead-mining-chemicals\/"]}]},{"@type":"BreadcrumbList","@id":"https:\/\/www.metalschemicalsgroup.com\/partner-in-zinc-lead-mining-chemicals\/#breadcrumb","itemListElement":[{"@type":"ListItem","position":1,"name":"Home","item":"https:\/\/www.metalschemicalsgroup.com\/partner-in-zinc-lead-mining-chemicals\/"},{"@type":"ListItem","position":2,"name":"Home"}]},{"@type":"WebSite","@id":"https:\/\/www.metalschemicalsgroup.com\/#website","url":"https:\/\/www.metalschemicalsgroup.com\/","name":"Metals Chemicals Maastricht","description":"Forte teneur en zinc","potentialAction":[{"@type":"SearchAction","target":{"@type":"EntryPoint","urlTemplate":"https:\/\/www.metalschemicalsgroup.com\/?s={search_term_string}"},"query-input":{"@type":"PropertyValueSpecification","valueRequired":true,"valueName":"search_term_string"}}],"inLanguage":"fr-FR"}]}},"_links":{"self":[{"href":"https:\/\/www.metalschemicalsgroup.com\/fr\/wp-json\/wp\/v2\/pages\/15","targetHints":{"allow":["GET"]}}],"collection":[{"href":"https:\/\/www.metalschemicalsgroup.com\/fr\/wp-json\/wp\/v2\/pages"}],"about":[{"href":"https:\/\/www.metalschemicalsgroup.com\/fr\/wp-json\/wp\/v2\/types\/page"}],"author":[{"embeddable":true,"href":"https:\/\/www.metalschemicalsgroup.com\/fr\/wp-json\/wp\/v2\/users\/1"}],"replies":[{"embeddable":true,"href":"https:\/\/www.metalschemicalsgroup.com\/fr\/wp-json\/wp\/v2\/comments?post=15"}],"version-history":[{"count":78,"href":"https:\/\/www.metalschemicalsgroup.com\/fr\/wp-json\/wp\/v2\/pages\/15\/revisions"}],"predecessor-version":[{"id":1682,"href":"https:\/\/www.metalschemicalsgroup.com\/fr\/wp-json\/wp\/v2\/pages\/15\/revisions\/1682"}],"wp:attachment":[{"href":"https:\/\/www.metalschemicalsgroup.com\/fr\/wp-json\/wp\/v2\/media?parent=15"}],"curies":[{"name":"wp","href":"https:\/\/api.w.org\/{rel}","templated":true}]}}