{"id":230,"date":"2022-02-15T08:29:52","date_gmt":"2022-02-15T08:29:52","guid":{"rendered":"https:\/\/metalschemicals.bonsaidev.nl\/?page_id=230"},"modified":"2024-01-24T11:03:23","modified_gmt":"2024-01-24T11:03:23","slug":"lenvironnement","status":"publish","type":"page","link":"https:\/\/www.metalschemicalsgroup.com\/fr\/sustainability\/environment\/","title":{"rendered":"Environnement"},"content":{"rendered":"<style type=\"text\/css\" data-created_by=\"avia_inline_auto\" id=\"style-css-av-3et5fy-98809e9f3ce91a33c9595cb2f83203fc\">\n.avia-section.av-3et5fy-98809e9f3ce91a33c9595cb2f83203fc{\nbackground-repeat:no-repeat;\nbackground-image:url(https:\/\/www.metalschemicalsgroup.com\/wp-content\/uploads\/2022\/02\/Environment.jpg);\nbackground-position:50% 50%;\nbackground-attachment:scroll;\n}\n<\/style>\n<div id='av_section_1'  class='avia-section av-3et5fy-98809e9f3ce91a33c9595cb2f83203fc main_color avia-section-default avia-no-border-styling  avia-builder-el-0  el_before_av_section  avia-builder-el-first  avia-full-stretch avia-bg-style-scroll av-minimum-height av-minimum-height-custom av-height-custom  container_wrap fullsize'  data-section-bg-repeat='stretch' data-av_minimum_height_px='580'><div class='container av-section-cont-open' style='height:580px'><main  role=\"main\" itemprop=\"mainContentOfPage\"  class='template-page content  av-content-full alpha units'><div class='post-entry post-entry-type-page post-entry-230'><div class='entry-content-wrapper clearfix'>\n<div  class='flex_column av-37ivba-9d19003c0471ed92ffe182d993f0878a av_two_third  avia-builder-el-1  el_before_av_one_third  avia-builder-el-first  first flex_column_div'     ><style type=\"text\/css\" data-created_by=\"avia_inline_auto\" id=\"style-css-av-kznv3j76-2b59c4099bd3ba944ef530e680d31321\">\n#top .av_textblock_section.av-kznv3j76-2b59c4099bd3ba944ef530e680d31321 .avia_textblock{\nfont-size:20px;\ncolor:#ffffff;\n}\n<\/style>\n<section  class='av_textblock_section av-kznv3j76-2b59c4099bd3ba944ef530e680d31321'   itemscope=\"itemscope\" itemtype=\"https:\/\/schema.org\/CreativeWork\" ><div class='avia_textblock heading-content-intro av_inherit_color'  itemprop=\"text\" ><h1><strong>Environnement <\/strong><\/h1>\n<\/div><\/section><\/div><div  class='flex_column av-34wjha-d21f316d5daed4c22677b3a507d1038b av_one_third  avia-builder-el-3  el_after_av_two_third  avia-builder-el-last  flex_column_div'     ><\/div>\n\n<\/div><\/div><\/main><!-- close content main element --><\/div><\/div><div id='av_section_2'  class='avia-section av-2y1yxq-b13c31668d9bd9f46b890e5a3c52e07c main_color avia-section-large avia-no-border-styling  avia-builder-el-4  el_after_av_section  el_before_av_section  avia-bg-style-scroll container_wrap fullsize'  ><div class='container av-section-cont-open' ><div class='template-page content  av-content-full alpha units'><div class='post-entry post-entry-type-page post-entry-230'><div class='entry-content-wrapper clearfix'>\n\n<style type=\"text\/css\" data-created_by=\"avia_inline_auto\" id=\"style-css-av-2pbhy6-679ffb8a18ffd3679e6bb8310d38715a\">\n.flex_column.av-2pbhy6-679ffb8a18ffd3679e6bb8310d38715a{\npadding:0 80px 0 0;\n}\n<\/style>\n<div  id=\"content-blok\"  class='flex_column av-2pbhy6-679ffb8a18ffd3679e6bb8310d38715a av_two_third  avia-builder-el-5  el_before_av_one_third  avia-builder-el-first  first no_margin flex_column_div'     ><p>\n<style type=\"text\/css\" data-created_by=\"avia_inline_auto\" id=\"style-css-av-kznv3zdu-3fdb43f537fb639bbf481b77385008bf\">\n#top .av-special-heading.av-kznv3zdu-3fdb43f537fb639bbf481b77385008bf{\npadding-bottom:10px;\n}\nbody .av-special-heading.av-kznv3zdu-3fdb43f537fb639bbf481b77385008bf .av-special-heading-tag .heading-char{\nfont-size:25px;\n}\n.av-special-heading.av-kznv3zdu-3fdb43f537fb639bbf481b77385008bf .av-subheading{\nfont-size:15px;\n}\n<\/style>\n<div  class='av-special-heading av-kznv3zdu-3fdb43f537fb639bbf481b77385008bf av-special-heading-h2 blockquote modern-quote  avia-builder-el-6  el_before_av_textblock  avia-builder-el-first'><div class='av-subheading av-subheading_above'><p>Notre<\/p>\n<\/div><h2 class='av-special-heading-tag'  itemprop=\"headline\"  >Environnement <\/h2><div class=\"special-heading-border\"><div class=\"special-heading-inner-border\"><\/div><\/div><\/div><br \/>\n<section  class='av_textblock_section av-kznv4ujo-97f83bb79ef955b6440c0997e9d5a733'   itemscope=\"itemscope\" itemtype=\"https:\/\/schema.org\/CreativeWork\" ><div class='avia_textblock'  itemprop=\"text\" ><p>Notre activit\u00e9 principale consiste \u00e0 acheter et \u00e0 vendre des r\u00e9sidus de zinc et de plomb secondaires. Gr\u00e2ce \u00e0 ce mod\u00e8le d'entreprise, nous r\u00e9duisons la d\u00e9pendance \u00e0 l'\u00e9gard du zinc et du plomb produits par l'exploitation mini\u00e8re, ce qui permet de r\u00e9duire l'utilisation des ressources naturelles et l'empreinte carbone. Dans nos activit\u00e9s quotidiennes, nous sommes r\u00e9ellement impliqu\u00e9s dans la r\u00e9duction de l'impact sur l'environnement. En outre, plusieurs normes environnementales font partie int\u00e9grante de notre politique de gestion.<\/p>\n<h2>ISO-14001<\/h2>\n<p>Nous nous effor\u00e7ons de pr\u00e9server l'environnement autant que possible, nous am\u00e9liorons continuellement notre syst\u00e8me de gestion de l'environnement et nous nous effor\u00e7ons continuellement de pr\u00e9venir la pollution de l'environnement. Le recyclage est un \u00e9l\u00e9ment important des ressources en mati\u00e8res premi\u00e8res pour un certain nombre de m\u00e9taux. En g\u00e9n\u00e9ral, les mati\u00e8res premi\u00e8res secondaires sont utilis\u00e9es pour une grande partie de la production, ce qui r\u00e9duit les besoins en mati\u00e8res premi\u00e8res et en \u00e9nergie. En fait, nous conseillons autant que possible nos clients sur des solutions qui ne sont pas nuisibles \u00e0 l'environnement ou qui peuvent m\u00eame le soulager.<\/p>\n<p>Nous g\u00e9rons nos activit\u00e9s au moyen d'une structure de gouvernance solide. Nous avons cr\u00e9\u00e9 un syst\u00e8me de gestion de l'environnement conforme \u00e0 la certification ISO-14001. Ce syst\u00e8me nous permet de nous conformer aux obligations l\u00e9gales.<\/p>\n<p><a href=\"https:\/\/www.metalschemicalsgroup.com\/wp-content\/uploads\/2024\/01\/14274-10ISO-14001-Certificaat-Metals-Chemicals-PDF-Engels.pdf\" target=\"_blank\" rel=\"noopener\">T\u00e9l\u00e9charger notre certificat ISO 14001<\/a><\/p>\n<h3>Permis environnementaux<\/h3>\n<p>En ce qui concerne l'exploitation en g\u00e9n\u00e9ral et notre chantier en particulier, MCM d\u00e9tient tous les permis n\u00e9cessaires d\u00e9livr\u00e9s par la municipalit\u00e9 de Maastricht et la province du Limbourg. Ces permis garantissent que le traitement des d\u00e9chets (dangereux) et de la ferraille est efficace, s\u00fbr pour l'environnement et durable.<\/p>\n<p>Au cours du processus d'achat et de vente, les mat\u00e9riaux sont analys\u00e9s en vue de d\u00e9tecter d'\u00e9ventuels contaminants. La proc\u00e9dure d'acceptation et de traitement sur notre site le garantit, car elle est int\u00e9gr\u00e9e dans le permis environnemental. Le permis environnemental actuel nous offre de la flexibilit\u00e9, des possibilit\u00e9s d'expansion et la mise en \u0153uvre d\u00e9montr\u00e9e des meilleures techniques disponibles.<\/p>\n<h3>Am\u00e9lioration continue<em><br \/>\n<\/em><\/h3>\n<p>MCM a d\u00e9j\u00e0 mis en pratique divers efforts environnementaux, comme l'achat de trois chariots \u00e9l\u00e9vateurs \u00e9lectriques.<br \/>\nNos b\u00e2timents et nos entrep\u00f4ts sont \u00e9galement conformes aux normes environnementales les plus r\u00e9centes.<br \/>\nPar ailleurs, nous utilisons de plus en plus le chemin de fer pour nos transports de marchandises.<\/p>\n<p>Nous am\u00e9liorerons et d\u00e9velopperons continuellement notre politique environnementale. En outre, nous reconnaissons que l'impact environnemental va au-del\u00e0 de nos op\u00e9rations et concerne nos partenaires dans la cha\u00eene de valeur. Nous les encourageons \u00e0 collaborer avec nous dans nos efforts pour r\u00e9duire les \u00e9missions dans l'industrie et dans notre entreprise.<\/p>\n<\/div><\/section><\/p><\/div><div  class='flex_column av-630fq-36bd1b09cf34ea2fbb8c54206e2d4ea5 av_one_third  avia-builder-el-8  el_after_av_two_third  avia-builder-el-last  no_margin flex_column_div'     ><div  class='avia-builder-widget-area clearfix  avia-builder-el-9  avia-builder-el-no-sibling'><section id=\"text-6\" class=\"widget clearfix widget_text\"><h3 class=\"widgettitle\">Contactez nous<\/h3>\t\t\t<div class=\"textwidget\"><a class=\"mail\" href=\"mailto:info@metalschemicalsgroup.com\">info@metalschemicalsgroup.com<\/a>\r\n<a class=\"tel\" href=\"tel:+31(0)43 362 6500\">+31(0)43 362 6500<\/a><\/div>\n\t\t<span class=\"seperator extralight-border\"><\/span><\/section><\/div><\/div><\/div><\/div><\/div><!-- close content main div --><\/div><\/div><div id='av_section_3'  class='avia-section av-1jx3mm-fdc3e5a34c755cd18fb4f815773f1e91 alternate_color avia-section-large avia-no-border-styling  avia-builder-el-10  el_after_av_section  avia-builder-el-last  avia-bg-style-scroll container_wrap fullsize'  ><div class='container av-section-cont-open' ><div class='template-page content  av-content-full alpha units'><div class='post-entry post-entry-type-page post-entry-230'><div class='entry-content-wrapper clearfix'>\n<section  class='av_textblock_section av-17fn2m-f71c66752c7cbed8cfb47cb600e6649b'   itemscope=\"itemscope\" itemtype=\"https:\/\/schema.org\/CreativeWork\" ><div class='avia_textblock'  itemprop=\"text\" ><h2>Nous nous concentrons sur les sujets suivants<\/h2>\n<\/div><\/section>\n<div class='flex_column_table av-3zuf2-e4be16c6594b5dd2bb6a8d78544ed853 sc-av_one_fourth av-equal-height-column-flextable'>\n<style type=\"text\/css\" data-created_by=\"avia_inline_auto\" id=\"style-css-av-3zuf2-e4be16c6594b5dd2bb6a8d78544ed853\">\n.flex_column.av-3zuf2-e4be16c6594b5dd2bb6a8d78544ed853{\nwidth:24.625%;\nmargin-left:0;\nborder-radius:0px 0px 0px 0px;\npadding:240px 40px 60px 40px;\nbackground:url(https:\/\/www.metalschemicalsgroup.com\/wp-content\/uploads\/2022\/02\/Who-we-are-scaled.jpg) 50% 50% no-repeat scroll ;\n}\n#top .flex_column_table.av-equal-height-column-flextable.av-3zuf2-e4be16c6594b5dd2bb6a8d78544ed853 .av-flex-placeholder{\nwidth:0.5%;\n}\n<\/style>\n<div  class='flex_column av-3zuf2-e4be16c6594b5dd2bb6a8d78544ed853 av_one_fourth  avia-builder-el-12  el_after_av_textblock  el_before_av_one_fourth  first flex_column_table_cell av-equal-height-column av-align-top avia-full-stretch avia-link-column av-column-link avia-link-column-hover  column-top-margin'    data-link-column-url=\"https:\/\/www.metalschemicalsgroup.com\/fr\/sustainability\/people\/\"   ><a class=\"av-screen-reader-only\" href=\"https:\/\/www.metalschemicalsgroup.com\/fr\/sustainability\/people\/\" >Lier vers : Personnes<\/a><style type=\"text\/css\" data-created_by=\"avia_inline_auto\" id=\"style-css-av-wxroe-71a16343f9d3ae1f890f8493643e34d0\">\n#top .av_textblock_section.av-wxroe-71a16343f9d3ae1f890f8493643e34d0 .avia_textblock{\ncolor:#ffffff;\n}\n<\/style>\n<section  class='av_textblock_section av-wxroe-71a16343f9d3ae1f890f8493643e34d0'   itemscope=\"itemscope\" itemtype=\"https:\/\/schema.org\/CreativeWork\" ><div class='avia_textblock categorie-blokken av_inherit_color'  itemprop=\"text\" ><p><span class=\"subtitel\">notre<\/span><\/p>\n<h2>Les personnes<\/h2>\n<\/div><\/section><\/div><div class='av-flex-placeholder'><\/div>\n<style type=\"text\/css\" data-created_by=\"avia_inline_auto\" id=\"style-css-av-syp7q-52c75462fc4b7e8b6459201eb9280748\">\n.flex_column.av-syp7q-52c75462fc4b7e8b6459201eb9280748{\nwidth:24.625%;\nmargin-left:0;\nborder-radius:0px 0px 0px 0px;\npadding:240px 40px 60px 40px;\nbackground:url(https:\/\/www.metalschemicalsgroup.com\/wp-content\/uploads\/2022\/02\/Quality-scaled.jpg) 50% 50% no-repeat scroll ;\n}\n#top .flex_column_table.av-equal-height-column-flextable.av-syp7q-52c75462fc4b7e8b6459201eb9280748 .av-flex-placeholder{\nwidth:0.5%;\n}\n<\/style>\n<div  class='flex_column av-syp7q-52c75462fc4b7e8b6459201eb9280748 av_one_fourth  avia-builder-el-14  el_after_av_one_fourth  el_before_av_one_fourth  flex_column_table_cell av-equal-height-column av-align-top avia-full-stretch avia-link-column av-column-link avia-link-column-hover  column-top-margin'    data-link-column-url=\"https:\/\/www.metalschemicalsgroup.com\/fr\/sustainability\/quality\/\"   ><a class=\"av-screen-reader-only\" href=\"https:\/\/www.metalschemicalsgroup.com\/fr\/sustainability\/quality\/\" >Lier vers : Qualit\u00e9<\/a><style type=\"text\/css\" data-created_by=\"avia_inline_auto\" id=\"style-css-av-lrqom-29ffcbfa353cde923ea6c978cd64158d\">\n#top .av_textblock_section.av-lrqom-29ffcbfa353cde923ea6c978cd64158d .avia_textblock{\ncolor:#ffffff;\n}\n<\/style>\n<section  class='av_textblock_section av-lrqom-29ffcbfa353cde923ea6c978cd64158d'   itemscope=\"itemscope\" itemtype=\"https:\/\/schema.org\/CreativeWork\" ><div class='avia_textblock categorie-blokken av_inherit_color'  itemprop=\"text\" ><p><span class=\"subtitel\">Notre<\/span><\/p>\n<h2>Qualit\u00e9<\/h2>\n<\/div><\/section><\/div><div class='av-flex-placeholder'><\/div>\n<style type=\"text\/css\" data-created_by=\"avia_inline_auto\" id=\"style-css-av-cvv92-b89a92e590112bfc382fb7e590cc9cb4\">\n.flex_column.av-cvv92-b89a92e590112bfc382fb7e590cc9cb4{\nwidth:24.625%;\nmargin-left:0;\nborder-radius:0px 0px 0px 0px;\npadding:240px 40px 60px 40px;\nbackground:url(https:\/\/www.metalschemicalsgroup.com\/wp-content\/uploads\/2022\/02\/Safety.jpg) 50% 50% no-repeat scroll ;\n}\n#top .flex_column_table.av-equal-height-column-flextable.av-cvv92-b89a92e590112bfc382fb7e590cc9cb4 .av-flex-placeholder{\nwidth:0.5%;\n}\n<\/style>\n<div  class='flex_column av-cvv92-b89a92e590112bfc382fb7e590cc9cb4 av_one_fourth  avia-builder-el-16  el_after_av_one_fourth  el_before_av_one_fourth  categorie-blokken flex_column_table_cell av-equal-height-column av-align-top avia-full-stretch avia-link-column av-column-link avia-link-column-hover  column-top-margin'    data-link-column-url=\"https:\/\/www.metalschemicalsgroup.com\/fr\/sustainability\/prevention-and-safety\/\"   ><a class=\"av-screen-reader-only\" href=\"https:\/\/www.metalschemicalsgroup.com\/fr\/sustainability\/prevention-and-safety\/\" >Lier vers : Pr\u00e9vention et s\u00e9curit\u00e9<\/a><style type=\"text\/css\" data-created_by=\"avia_inline_auto\" id=\"style-css-av-br7im-8e1202ba3eef1a44493155bf255550f5\">\n#top .av_textblock_section.av-br7im-8e1202ba3eef1a44493155bf255550f5 .avia_textblock{\ncolor:#ffffff;\n}\n<\/style>\n<section  class='av_textblock_section av-br7im-8e1202ba3eef1a44493155bf255550f5'   itemscope=\"itemscope\" itemtype=\"https:\/\/schema.org\/CreativeWork\" ><div class='avia_textblock av_inherit_color'  itemprop=\"text\" ><p><span class=\"subtitel\">Notre<\/span><\/p>\n<h2>Pr\u00e9vention et s\u00e9curit\u00e9<\/h2>\n<\/div><\/section><\/div><div class='av-flex-placeholder'><\/div>\n<style type=\"text\/css\" data-created_by=\"avia_inline_auto\" id=\"style-css-av-lbm94dvb-97517e07ab07cb615f16fb798e691e11\">\n.flex_column.av-lbm94dvb-97517e07ab07cb615f16fb798e691e11{\nwidth:24.625%;\nmargin-left:0;\nborder-radius:0px 0px 0px 0px;\npadding:240px 40px 60px 40px;\nbackground:url(https:\/\/www.metalschemicalsgroup.com\/wp-content\/uploads\/2022\/12\/20210601-MCM-HQ-005-1-scaled.jpg) 50% 50% no-repeat scroll ;\n}\n#top .flex_column_table.av-equal-height-column-flextable.av-lbm94dvb-97517e07ab07cb615f16fb798e691e11 .av-flex-placeholder{\nwidth:0.5%;\n}\n<\/style>\n<div  class='flex_column av-lbm94dvb-97517e07ab07cb615f16fb798e691e11 av_one_fourth  avia-builder-el-18  el_after_av_one_fourth  avia-builder-el-last  categorie-blokken flex_column_table_cell av-equal-height-column av-align-top avia-full-stretch avia-link-column av-column-link avia-link-column-hover  column-top-margin'    data-link-column-url=\"https:\/\/www.metalschemicalsgroup.com\/fr\/sustainability\/community-involvement\/\"   ><a class=\"av-screen-reader-only\" href=\"https:\/\/www.metalschemicalsgroup.com\/fr\/sustainability\/community-involvement\/\" >Lier vers : Participation de la communaut\u00e9<\/a><style type=\"text\/css\" data-created_by=\"avia_inline_auto\" id=\"style-css-av-lbm93hwn-62392fd7b24b5427da78d493926057a3\">\n#top .av_textblock_section.av-lbm93hwn-62392fd7b24b5427da78d493926057a3 .avia_textblock{\ncolor:#ffffff;\n}\n<\/style>\n<section  class='av_textblock_section av-lbm93hwn-62392fd7b24b5427da78d493926057a3'   itemscope=\"itemscope\" itemtype=\"https:\/\/schema.org\/CreativeWork\" ><div class='avia_textblock av_inherit_color'  itemprop=\"text\" ><p><span class=\"subtitel\">Notre<\/span><\/p>\n<h2>Participation de la communaut\u00e9<\/h2>\n<\/div><\/section><\/div><\/div><!--close column table wrapper. Autoclose: 1 -->\n<\/p>","protected":false},"excerpt":{"rendered":"","protected":false},"author":1,"featured_media":0,"parent":71,"menu_order":0,"comment_status":"closed","ping_status":"closed","template":"","meta":{"_monsterinsights_skip_tracking":false,"_monsterinsights_sitenote_active":false,"_monsterinsights_sitenote_note":"","_monsterinsights_sitenote_category":0,"footnotes":""},"class_list":["post-230","page","type-page","status-publish","hentry"],"yoast_head":"<!-- This site is optimized with the Yoast SEO plugin v27.3 - https:\/\/yoast.com\/product\/yoast-seo-wordpress\/ -->\n<title>Environment - Metals Chemicals Maastricht<\/title>\n<meta name=\"description\" content=\"MCM put already various environmental efforts in practice like the purchase of 3 electric forklifts.Also our building and warehouse is...\" \/>\n<meta name=\"robots\" content=\"index, follow, max-snippet:-1, max-image-preview:large, max-video-preview:-1\" \/>\n<link rel=\"canonical\" href=\"https:\/\/www.metalschemicalsgroup.com\/fr\/la-durabilite\/lenvironnement\/\" \/>\n<meta property=\"og:locale\" content=\"fr_FR\" \/>\n<meta property=\"og:type\" content=\"article\" \/>\n<meta property=\"og:title\" content=\"Environment - Metals Chemicals Maastricht\" \/>\n<meta property=\"og:description\" content=\"MCM put already various environmental efforts in practice like the purchase of 3 electric forklifts.Also our building and warehouse is...\" \/>\n<meta property=\"og:url\" content=\"https:\/\/www.metalschemicalsgroup.com\/fr\/la-durabilite\/lenvironnement\/\" \/>\n<meta property=\"og:site_name\" content=\"Metals Chemicals Maastricht\" \/>\n<meta property=\"article:modified_time\" content=\"2024-01-24T11:03:23+00:00\" \/>\n<meta name=\"twitter:card\" content=\"summary_large_image\" \/>\n<meta name=\"twitter:label1\" content=\"Dur\u00e9e de lecture estim\u00e9e\" \/>\n\t<meta name=\"twitter:data1\" content=\"2 minutes\" \/>\n<script type=\"application\/ld+json\" class=\"yoast-schema-graph\">{\"@context\":\"https:\\\/\\\/schema.org\",\"@graph\":[{\"@type\":\"WebPage\",\"@id\":\"https:\\\/\\\/www.metalschemicalsgroup.com\\\/sustainability\\\/environment\\\/\",\"url\":\"https:\\\/\\\/www.metalschemicalsgroup.com\\\/sustainability\\\/environment\\\/\",\"name\":\"Environment - Metals Chemicals Maastricht\",\"isPartOf\":{\"@id\":\"https:\\\/\\\/www.metalschemicalsgroup.com\\\/#website\"},\"datePublished\":\"2022-02-15T08:29:52+00:00\",\"dateModified\":\"2024-01-24T11:03:23+00:00\",\"description\":\"MCM put already various environmental efforts in practice like the purchase of 3 electric forklifts.Also our building and warehouse is...\",\"breadcrumb\":{\"@id\":\"https:\\\/\\\/www.metalschemicalsgroup.com\\\/sustainability\\\/environment\\\/#breadcrumb\"},\"inLanguage\":\"fr-FR\",\"potentialAction\":[{\"@type\":\"ReadAction\",\"target\":[\"https:\\\/\\\/www.metalschemicalsgroup.com\\\/sustainability\\\/environment\\\/\"]}]},{\"@type\":\"BreadcrumbList\",\"@id\":\"https:\\\/\\\/www.metalschemicalsgroup.com\\\/sustainability\\\/environment\\\/#breadcrumb\",\"itemListElement\":[{\"@type\":\"ListItem\",\"position\":1,\"name\":\"Home\",\"item\":\"https:\\\/\\\/www.metalschemicalsgroup.com\\\/partner-in-zinc-lead-mining-chemicals\\\/\"},{\"@type\":\"ListItem\",\"position\":2,\"name\":\"Sustainability\",\"item\":\"https:\\\/\\\/www.metalschemicalsgroup.com\\\/sustainability\\\/\"},{\"@type\":\"ListItem\",\"position\":3,\"name\":\"Environment\"}]},{\"@type\":\"WebSite\",\"@id\":\"https:\\\/\\\/www.metalschemicalsgroup.com\\\/#website\",\"url\":\"https:\\\/\\\/www.metalschemicalsgroup.com\\\/\",\"name\":\"Metals Chemicals Maastricht\",\"description\":\"Strong in Zinc\",\"potentialAction\":[{\"@type\":\"SearchAction\",\"target\":{\"@type\":\"EntryPoint\",\"urlTemplate\":\"https:\\\/\\\/www.metalschemicalsgroup.com\\\/?s={search_term_string}\"},\"query-input\":{\"@type\":\"PropertyValueSpecification\",\"valueRequired\":true,\"valueName\":\"search_term_string\"}}],\"inLanguage\":\"fr-FR\"}]}<\/script>\n<!-- \/ Yoast SEO plugin. -->","yoast_head_json":{"title":"Environnement - M\u00e9taux Chimie Maastricht","description":"MCM a d\u00e9j\u00e0 mis en pratique divers efforts environnementaux comme l'achat de 3 chariots \u00e9l\u00e9vateurs \u00e9lectriques...","robots":{"index":"index","follow":"follow","max-snippet":"max-snippet:-1","max-image-preview":"max-image-preview:large","max-video-preview":"max-video-preview:-1"},"canonical":"https:\/\/www.metalschemicalsgroup.com\/fr\/la-durabilite\/lenvironnement\/","og_locale":"fr_FR","og_type":"article","og_title":"Environment - Metals Chemicals Maastricht","og_description":"MCM put already various environmental efforts in practice like the purchase of 3 electric forklifts.Also our building and warehouse is...","og_url":"https:\/\/www.metalschemicalsgroup.com\/fr\/la-durabilite\/lenvironnement\/","og_site_name":"Metals Chemicals Maastricht","article_modified_time":"2024-01-24T11:03:23+00:00","twitter_card":"summary_large_image","twitter_misc":{"Dur\u00e9e de lecture estim\u00e9e":"2 minutes"},"schema":{"@context":"https:\/\/schema.org","@graph":[{"@type":"WebPage","@id":"https:\/\/www.metalschemicalsgroup.com\/sustainability\/environment\/","url":"https:\/\/www.metalschemicalsgroup.com\/sustainability\/environment\/","name":"Environnement - M\u00e9taux Chimie Maastricht","isPartOf":{"@id":"https:\/\/www.metalschemicalsgroup.com\/#website"},"datePublished":"2022-02-15T08:29:52+00:00","dateModified":"2024-01-24T11:03:23+00:00","description":"MCM a d\u00e9j\u00e0 mis en pratique divers efforts environnementaux comme l'achat de 3 chariots \u00e9l\u00e9vateurs \u00e9lectriques...","breadcrumb":{"@id":"https:\/\/www.metalschemicalsgroup.com\/sustainability\/environment\/#breadcrumb"},"inLanguage":"fr-FR","potentialAction":[{"@type":"ReadAction","target":["https:\/\/www.metalschemicalsgroup.com\/sustainability\/environment\/"]}]},{"@type":"BreadcrumbList","@id":"https:\/\/www.metalschemicalsgroup.com\/sustainability\/environment\/#breadcrumb","itemListElement":[{"@type":"ListItem","position":1,"name":"Home","item":"https:\/\/www.metalschemicalsgroup.com\/partner-in-zinc-lead-mining-chemicals\/"},{"@type":"ListItem","position":2,"name":"Sustainability","item":"https:\/\/www.metalschemicalsgroup.com\/sustainability\/"},{"@type":"ListItem","position":3,"name":"Environment"}]},{"@type":"WebSite","@id":"https:\/\/www.metalschemicalsgroup.com\/#website","url":"https:\/\/www.metalschemicalsgroup.com\/","name":"Metals Chemicals Maastricht","description":"Forte teneur en zinc","potentialAction":[{"@type":"SearchAction","target":{"@type":"EntryPoint","urlTemplate":"https:\/\/www.metalschemicalsgroup.com\/?s={search_term_string}"},"query-input":{"@type":"PropertyValueSpecification","valueRequired":true,"valueName":"search_term_string"}}],"inLanguage":"fr-FR"}]}},"_links":{"self":[{"href":"https:\/\/www.metalschemicalsgroup.com\/fr\/wp-json\/wp\/v2\/pages\/230","targetHints":{"allow":["GET"]}}],"collection":[{"href":"https:\/\/www.metalschemicalsgroup.com\/fr\/wp-json\/wp\/v2\/pages"}],"about":[{"href":"https:\/\/www.metalschemicalsgroup.com\/fr\/wp-json\/wp\/v2\/types\/page"}],"author":[{"embeddable":true,"href":"https:\/\/www.metalschemicalsgroup.com\/fr\/wp-json\/wp\/v2\/users\/1"}],"replies":[{"embeddable":true,"href":"https:\/\/www.metalschemicalsgroup.com\/fr\/wp-json\/wp\/v2\/comments?post=230"}],"version-history":[{"count":19,"href":"https:\/\/www.metalschemicalsgroup.com\/fr\/wp-json\/wp\/v2\/pages\/230\/revisions"}],"predecessor-version":[{"id":1517,"href":"https:\/\/www.metalschemicalsgroup.com\/fr\/wp-json\/wp\/v2\/pages\/230\/revisions\/1517"}],"up":[{"embeddable":true,"href":"https:\/\/www.metalschemicalsgroup.com\/fr\/wp-json\/wp\/v2\/pages\/71"}],"wp:attachment":[{"href":"https:\/\/www.metalschemicalsgroup.com\/fr\/wp-json\/wp\/v2\/media?parent=230"}],"curies":[{"name":"wp","href":"https:\/\/api.w.org\/{rel}","templated":true}]}}