{"id":51,"date":"2022-01-24T10:43:16","date_gmt":"2022-01-24T10:43:16","guid":{"rendered":"https:\/\/metalschemicals.bonsaidev.nl\/?page_id=51"},"modified":"2022-12-13T14:08:10","modified_gmt":"2022-12-13T14:08:10","slug":"produits","status":"publish","type":"page","link":"https:\/\/www.metalschemicalsgroup.com\/fr\/products\/","title":{"rendered":"Produits"},"content":{"rendered":"<style type=\"text\/css\" data-created_by=\"avia_inline_auto\" id=\"style-css-av-l0c8zckk-a1ac29fc724b2260274821bfe0d9a975\">\n.avia-section.av-l0c8zckk-a1ac29fc724b2260274821bfe0d9a975{\nbackground-repeat:no-repeat;\nbackground-image:url(https:\/\/www.metalschemicalsgroup.com\/wp-content\/uploads\/2022\/03\/2015.148250-scaled.jpg);\nbackground-position:50% 50%;\nbackground-attachment:scroll;\n}\n.avia-section.av-l0c8zckk-a1ac29fc724b2260274821bfe0d9a975 .av-section-color-overlay{\nopacity:0.1;\nbackground-color:#000000;\n}\n<\/style>\n<div id='av_section_1'  class='avia-section av-l0c8zckk-a1ac29fc724b2260274821bfe0d9a975 main_color avia-section-default avia-no-border-styling  avia-builder-el-0  el_before_av_section  avia-builder-el-first  avia-full-stretch avia-bg-style-scroll av-section-color-overlay-active av-minimum-height av-minimum-height-custom av-height-custom  container_wrap fullsize'  data-section-bg-repeat='stretch' data-av_minimum_height_px='580'><div class=\"av-section-color-overlay-wrap\"><div class=\"av-section-color-overlay\"><\/div><div class='container av-section-cont-open' style='height:580px'><main  role=\"main\" itemprop=\"mainContentOfPage\"  class='template-page content  av-content-full alpha units'><div class='post-entry post-entry-type-page post-entry-51'><div class='entry-content-wrapper clearfix'>\n<div  class='flex_column av-4ya3f-54a31048b81809447d0d67acee9c958b av_two_third  avia-builder-el-1  el_before_av_one_third  avia-builder-el-first  first flex_column_div'     ><style type=\"text\/css\" data-created_by=\"avia_inline_auto\" id=\"style-css-av-l0c8y54x-7b05a25476d4862c8dbfc164bee43721\">\n#top .av_textblock_section.av-l0c8y54x-7b05a25476d4862c8dbfc164bee43721 .avia_textblock{\nfont-size:20px;\ncolor:#ffffff;\n}\n<\/style>\n<section  class='av_textblock_section av-l0c8y54x-7b05a25476d4862c8dbfc164bee43721'   itemscope=\"itemscope\" itemtype=\"https:\/\/schema.org\/CreativeWork\" ><div class='avia_textblock heading-content-intro av_inherit_color'  itemprop=\"text\" ><h1><strong>Produits<\/strong><\/h1>\n<p>Plus de 100 000 tonnes de zinc et de plomb sont n\u00e9goci\u00e9es et trait\u00e9es par MCM chaque ann\u00e9e.<br \/>\nEn outre, nous fournissons 25 000 tonnes de produits chimiques miniers par an.<\/p>\n<\/div><\/section><\/div><div  class='flex_column av-fqeb-897d8a82ac012412dbfc9b2849271472 av_one_third  avia-builder-el-3  el_after_av_two_third  avia-builder-el-last  flex_column_div'     ><\/div>\n\n<\/div><\/div><\/main><!-- close content main element --><\/div><\/div><\/div><div id='av_section_2'  class='avia-section av-3o077-1e33018d2500fc033b7ea57ea5635402 main_color avia-section-large avia-no-border-styling  avia-builder-el-4  el_after_av_section  el_before_av_section  avia-bg-style-scroll container_wrap fullsize'  ><div class='container av-section-cont-open' ><div class='template-page content  av-content-full alpha units'><div class='post-entry post-entry-type-page post-entry-51'><div class='entry-content-wrapper clearfix'>\n\n<style type=\"text\/css\" data-created_by=\"avia_inline_auto\" id=\"style-css-av-32o57-66e08a4a883e8fb9d7fa1db8f5680884\">\n.flex_column.av-32o57-66e08a4a883e8fb9d7fa1db8f5680884{\npadding:0 80px 0 0;\n}\n<\/style>\n<div  id=\"content-blok\"  class='flex_column av-32o57-66e08a4a883e8fb9d7fa1db8f5680884 av_one_half  avia-builder-el-5  el_before_av_one_half  avia-builder-el-first  first no_margin flex_column_div'     ><div  class='avia-slideshow av-l0c8zjem-38751ebb16536778926e79f97581f2e8 avia-slideshow-no scaling av_slideshow avia-slide-slider  avia-builder-el-6  avia-builder-el-no-sibling  av-slideshow-ui av-control-default av-slideshow-manual av-loop-once av-loop-manual-endless av-default-height-applied avia-slideshow-1' data-slideshow-options=\"{&quot;animation&quot;:&quot;slide&quot;,&quot;autoplay&quot;:false,&quot;loop_autoplay&quot;:&quot;once&quot;,&quot;interval&quot;:5,&quot;loop_manual&quot;:&quot;manual-endless&quot;,&quot;autoplay_stopper&quot;:false,&quot;noNavigation&quot;:false,&quot;bg_slider&quot;:false,&quot;keep_padding&quot;:false,&quot;hoverpause&quot;:false,&quot;show_slide_delay&quot;:0}\"  itemprop=\"image\" itemscope=\"itemscope\" itemtype=\"https:\/\/schema.org\/ImageObject\" ><ul class='avia-slideshow-inner' style='padding-bottom: 66.640625%;'><li  class='avia-slideshow-slide av-l0c8zjem-38751ebb16536778926e79f97581f2e8__0  av-single-slide slide-1 slide-odd'><div data-rel='slideshow-1' class='avia-slide-wrap'   ><img decoding=\"async\" fetchpriority=\"high\" class=\"wp-image-263 avia-img-lazy-loading-not-263\"  src=\"https:\/\/www.metalschemicalsgroup.com\/wp-content\/uploads\/2022\/02\/20210601-MCM-HQ-060-scaled.jpg\" width=\"2560\" height=\"1706\" title='20210601-MCM-HQ-060' alt='R\u00e9sidus de zinc'  itemprop=\"thumbnailUrl\" srcset=\"https:\/\/www.metalschemicalsgroup.com\/wp-content\/uploads\/2022\/02\/20210601-MCM-HQ-060-scaled.jpg 2560w, https:\/\/www.metalschemicalsgroup.com\/wp-content\/uploads\/2022\/02\/20210601-MCM-HQ-060-300x200.jpg 300w, https:\/\/www.metalschemicalsgroup.com\/wp-content\/uploads\/2022\/02\/20210601-MCM-HQ-060-1030x687.jpg 1030w, https:\/\/www.metalschemicalsgroup.com\/wp-content\/uploads\/2022\/02\/20210601-MCM-HQ-060-768x512.jpg 768w, https:\/\/www.metalschemicalsgroup.com\/wp-content\/uploads\/2022\/02\/20210601-MCM-HQ-060-1536x1024.jpg 1536w, https:\/\/www.metalschemicalsgroup.com\/wp-content\/uploads\/2022\/02\/20210601-MCM-HQ-060-2048x1365.jpg 2048w, https:\/\/www.metalschemicalsgroup.com\/wp-content\/uploads\/2022\/02\/20210601-MCM-HQ-060-1500x1000.jpg 1500w, https:\/\/www.metalschemicalsgroup.com\/wp-content\/uploads\/2022\/02\/20210601-MCM-HQ-060-705x470.jpg 705w\" sizes=\"(max-width: 2560px) 100vw, 2560px\" \/><\/div><\/li><\/ul><\/div><\/div>\n<style type=\"text\/css\" data-created_by=\"avia_inline_auto\" id=\"style-css-av-21l1b-410608b3423d4a4fbb23e84db1f98151\">\n.flex_column.av-21l1b-410608b3423d4a4fbb23e84db1f98151{\npadding:0 80px 0 0;\n}\n<\/style>\n<div  id=\"content-blok\"  class='flex_column av-21l1b-410608b3423d4a4fbb23e84db1f98151 av_one_half  avia-builder-el-7  el_after_av_one_half  avia-builder-el-last  no_margin flex_column_div'     ><p>\n<style type=\"text\/css\" data-created_by=\"avia_inline_auto\" id=\"style-css-av-l0c8ydbe-9cdeba71ac9c50f74b0d484749c8396f\">\n#top .av-special-heading.av-l0c8ydbe-9cdeba71ac9c50f74b0d484749c8396f{\npadding-bottom:10px;\n}\nbody .av-special-heading.av-l0c8ydbe-9cdeba71ac9c50f74b0d484749c8396f .av-special-heading-tag .heading-char{\nfont-size:25px;\n}\n.av-special-heading.av-l0c8ydbe-9cdeba71ac9c50f74b0d484749c8396f .av-subheading{\nfont-size:15px;\n}\n<\/style>\n<div  class='av-special-heading av-l0c8ydbe-9cdeba71ac9c50f74b0d484749c8396f av-special-heading-h2 blockquote modern-quote  avia-builder-el-8  el_before_av_textblock  avia-builder-el-first'><h2 class='av-special-heading-tag'  itemprop=\"headline\"  >Produits<\/h2><div class=\"special-heading-border\"><div class=\"special-heading-inner-border\"><\/div><\/div><\/div><br \/>\n\n<style type=\"text\/css\" data-created_by=\"avia_inline_auto\" id=\"style-css-av-l0c8yj57-8759eb6d72a41f99366800d0ea44bd93\">\n#top .av_textblock_section.av-l0c8yj57-8759eb6d72a41f99366800d0ea44bd93 .avia_textblock{\nfont-size:16px;\n}\n<\/style>\n<section  class='av_textblock_section av-l0c8yj57-8759eb6d72a41f99366800d0ea44bd93'   itemscope=\"itemscope\" itemtype=\"https:\/\/schema.org\/CreativeWork\" ><div class='avia_textblock'  itemprop=\"text\" ><p>Depuis la cr\u00e9ation de notre entreprise en 1993, nous sommes sp\u00e9cialis\u00e9s dans les r\u00e9sidus secondaires de zinc et de plomb. Ces r\u00e9sidus sont utilis\u00e9s comme mati\u00e8res premi\u00e8res dans le processus de recyclage pour plusieurs applications industrielles. Aujourd'hui, environ 100 000 tonnes de r\u00e9sidus de zinc et de plomb sont n\u00e9goci\u00e9es et trait\u00e9es par notre soci\u00e9t\u00e9.<\/p>\n<p>En outre, nous fournissons 25 000 tonnes de produits chimiques miniers \u00e0 l'industrie mondiale des mines d'or.<\/p>\n<\/div><\/section><\/p><\/div>\n\n<\/div><\/div><\/div><!-- close content main div --><\/div><\/div>\n<style type=\"text\/css\" data-created_by=\"avia_inline_auto\" id=\"style-css-av-1c2wj-f0f576dff24fca670af03618526f2f9e\">\n.avia-section.av-1c2wj-f0f576dff24fca670af03618526f2f9e{\nmargin-top:-160px;\nmargin-bottom:0px;\n}\n<\/style>\n<div id='av_section_3'  class='avia-section av-1c2wj-f0f576dff24fca670af03618526f2f9e alternate_color avia-section-large avia-no-border-styling  avia-builder-el-10  el_after_av_section  avia-builder-el-last  avia-bg-style-scroll container_wrap fullsize'  ><div class='container av-section-cont-open' ><div class='template-page content  av-content-full alpha units'><div class='post-entry post-entry-type-page post-entry-51'><div class='entry-content-wrapper clearfix'>\n\n<style type=\"text\/css\" data-created_by=\"avia_inline_auto\" id=\"style-css-av-12b4n-5719bdaa655b08de52b8710ce75f692d\">\n#top .hr.hr-invisible.av-12b4n-5719bdaa655b08de52b8710ce75f692d{\nheight:50px;\n}\n<\/style>\n<div  class='hr av-12b4n-5719bdaa655b08de52b8710ce75f692d hr-invisible  avia-builder-el-11  el_before_av_textblock  avia-builder-el-first'><span class='hr-inner'><span class=\"hr-inner-style\"><\/span><\/span><\/div>\n<section  class='av_textblock_section av-l0c8zu0v-76dbb28e9017625a77083eee5dd2fc81'   itemscope=\"itemscope\" itemtype=\"https:\/\/schema.org\/CreativeWork\" ><div class='avia_textblock'  itemprop=\"text\" ><h2>Nos produits<\/h2>\n<\/div><\/section>\n<div class='flex_column_table av-l0c91v0l-685408b1e6862f01d03891cc497fb660 sc-av_one_third av-equal-height-column-flextable'>\n<style type=\"text\/css\" data-created_by=\"avia_inline_auto\" id=\"style-css-av-l0c91v0l-685408b1e6862f01d03891cc497fb660\">\n.flex_column.av-l0c91v0l-685408b1e6862f01d03891cc497fb660{\nwidth:33%;\nmargin-left:0;\nborder-radius:0px 0px 0px 0px;\npadding:240px 40px 60px 40px;\nbackground:url(https:\/\/www.metalschemicalsgroup.com\/wp-content\/uploads\/2022\/02\/2015.148181-scaled.jpg) 50% 50% no-repeat scroll ;\n}\n#top .flex_column_table.av-equal-height-column-flextable.av-l0c91v0l-685408b1e6862f01d03891cc497fb660 .av-flex-placeholder{\nwidth:0.5%;\n}\n<\/style>\n<div  class='flex_column av-l0c91v0l-685408b1e6862f01d03891cc497fb660 av_one_third  avia-builder-el-13  el_after_av_textblock  el_before_av_one_third  first flex_column_table_cell av-equal-height-column av-align-top avia-full-stretch avia-link-column av-column-link avia-link-column-hover  column-top-margin'    data-link-column-url=\"https:\/\/www.metalschemicalsgroup.com\/fr\/products\/zinc\/\"   ><a class=\"av-screen-reader-only\" href=\"https:\/\/www.metalschemicalsgroup.com\/fr\/products\/zinc\/\" >Lier vers : R\u00e9sidus de zinc<\/a><style type=\"text\/css\" data-created_by=\"avia_inline_auto\" id=\"style-css-av-l0c90dpo-e9933ed019c0abfc350b116cb9cd93d3\">\n#top .av_textblock_section.av-l0c90dpo-e9933ed019c0abfc350b116cb9cd93d3 .avia_textblock{\ncolor:#ffffff;\n}\n<\/style>\n<section  class='av_textblock_section av-l0c90dpo-e9933ed019c0abfc350b116cb9cd93d3'   itemscope=\"itemscope\" itemtype=\"https:\/\/schema.org\/CreativeWork\" ><div class='avia_textblock categorie-blokken av_inherit_color'  itemprop=\"text\" ><h2>R\u00e9sidus de zinc<\/h2>\n<\/div><\/section><\/div><div class='av-flex-placeholder'><\/div>\n<style type=\"text\/css\" data-created_by=\"avia_inline_auto\" id=\"style-css-av-l0c92k08-cfcbe0fdf61a97c0a323a109e7a4999c\">\n.flex_column.av-l0c92k08-cfcbe0fdf61a97c0a323a109e7a4999c{\nwidth:33%;\nmargin-left:0;\nborder-radius:0px 0px 0px 0px;\npadding:240px 40px 60px 40px;\nbackground:url(https:\/\/www.metalschemicalsgroup.com\/wp-content\/uploads\/2022\/02\/Furnace-scaled.jpg) 50% 50% no-repeat scroll ;\n}\n#top .flex_column_table.av-equal-height-column-flextable.av-l0c92k08-cfcbe0fdf61a97c0a323a109e7a4999c .av-flex-placeholder{\nwidth:0.5%;\n}\n<\/style>\n<div  class='flex_column av-l0c92k08-cfcbe0fdf61a97c0a323a109e7a4999c av_one_third  avia-builder-el-15  el_after_av_one_third  el_before_av_one_third  flex_column_table_cell av-equal-height-column av-align-top avia-full-stretch avia-link-column av-column-link avia-link-column-hover  column-top-margin'    data-link-column-url=\"https:\/\/www.metalschemicalsgroup.com\/fr\/products\/lead-residues\/\"   ><a class=\"av-screen-reader-only\" href=\"https:\/\/www.metalschemicalsgroup.com\/fr\/products\/lead-residues\/\" >Lier vers : R\u00e9sidus de plomb<\/a><style type=\"text\/css\" data-created_by=\"avia_inline_auto\" id=\"style-css-av-l0c90sg9-9cf2bfb8a5235cb6a7d11d6fff419906\">\n#top .av_textblock_section.av-l0c90sg9-9cf2bfb8a5235cb6a7d11d6fff419906 .avia_textblock{\ncolor:#ffffff;\n}\n<\/style>\n<section  class='av_textblock_section av-l0c90sg9-9cf2bfb8a5235cb6a7d11d6fff419906'   itemscope=\"itemscope\" itemtype=\"https:\/\/schema.org\/CreativeWork\" ><div class='avia_textblock categorie-blokken av_inherit_color'  itemprop=\"text\" ><h2>R\u00e9sidus de plomb<\/h2>\n<\/div><\/section><\/div><div class='av-flex-placeholder'><\/div>\n<style type=\"text\/css\" data-created_by=\"avia_inline_auto\" id=\"style-css-av-l0c9360d-2317b7a8705b4eb3c2443ce980eb3cdf\">\n.flex_column.av-l0c9360d-2317b7a8705b4eb3c2443ce980eb3cdf{\nwidth:33%;\nmargin-left:0;\nborder-radius:0px 0px 0px 0px;\npadding:240px 40px 60px 40px;\nbackground:url(https:\/\/www.metalschemicalsgroup.com\/wp-content\/uploads\/2022\/12\/Gold-ingot-scaled.jpg) 50% 50% no-repeat scroll ;\n}\n#top .flex_column_table.av-equal-height-column-flextable.av-l0c9360d-2317b7a8705b4eb3c2443ce980eb3cdf .av-flex-placeholder{\nwidth:0.5%;\n}\n<\/style>\n<div  class='flex_column av-l0c9360d-2317b7a8705b4eb3c2443ce980eb3cdf av_one_third  avia-builder-el-17  el_after_av_one_third  avia-builder-el-last  categorie-blokken flex_column_table_cell av-equal-height-column av-align-top avia-full-stretch avia-link-column av-column-link avia-link-column-hover  column-top-margin'    data-link-column-url=\"https:\/\/www.metalschemicalsgroup.com\/fr\/products\/mining-chemicals\/\"   ><a class=\"av-screen-reader-only\" href=\"https:\/\/www.metalschemicalsgroup.com\/fr\/products\/mining-chemicals\/\" >Lier vers : Produits chimiques pour l'industrie mini\u00e8re<\/a><style type=\"text\/css\" data-created_by=\"avia_inline_auto\" id=\"style-css-av-l0c91912-3fae6c59810ef55c9bf1bb13820c5d98\">\n#top .av_textblock_section.av-l0c91912-3fae6c59810ef55c9bf1bb13820c5d98 .avia_textblock{\ncolor:#ffffff;\n}\n<\/style>\n<section  class='av_textblock_section av-l0c91912-3fae6c59810ef55c9bf1bb13820c5d98'   itemscope=\"itemscope\" itemtype=\"https:\/\/schema.org\/CreativeWork\" ><div class='avia_textblock av_inherit_color'  itemprop=\"text\" ><h2>Produits chimiques pour l'exploitation mini\u00e8re<\/h2>\n<\/div><\/section><\/div><\/div><!--close column table wrapper. Autoclose: 1 -->","protected":false},"excerpt":{"rendered":"","protected":false},"author":1,"featured_media":0,"parent":0,"menu_order":0,"comment_status":"closed","ping_status":"closed","template":"","meta":{"_monsterinsights_skip_tracking":false,"_monsterinsights_sitenote_active":false,"_monsterinsights_sitenote_note":"","_monsterinsights_sitenote_category":0,"footnotes":""},"class_list":["post-51","page","type-page","status-publish","hentry"],"yoast_head":"<!-- This site is optimized with the Yoast SEO plugin v27.3 - https:\/\/yoast.com\/product\/yoast-seo-wordpress\/ -->\n<title>Products - Metals Chemicals Maastricht<\/title>\n<meta name=\"description\" content=\"Over 100.000 tons of zinc and lead are traded and processed by MCM per year.Moreover we supply 25.000 tons of mining chemicals\" \/>\n<meta name=\"robots\" content=\"index, follow, max-snippet:-1, max-image-preview:large, max-video-preview:-1\" \/>\n<link rel=\"canonical\" href=\"https:\/\/www.metalschemicalsgroup.com\/fr\/produits\/\" \/>\n<meta property=\"og:locale\" content=\"fr_FR\" \/>\n<meta property=\"og:type\" content=\"article\" \/>\n<meta property=\"og:title\" content=\"Products - Metals Chemicals Maastricht\" \/>\n<meta property=\"og:description\" content=\"Over 100.000 tons of zinc and lead are traded and processed by MCM per year.Moreover we supply 25.000 tons of mining chemicals\" \/>\n<meta property=\"og:url\" content=\"https:\/\/www.metalschemicalsgroup.com\/fr\/produits\/\" \/>\n<meta property=\"og:site_name\" content=\"Metals Chemicals Maastricht\" \/>\n<meta property=\"article:modified_time\" content=\"2022-12-13T14:08:10+00:00\" \/>\n<meta name=\"twitter:card\" content=\"summary_large_image\" \/>\n<meta name=\"twitter:label1\" content=\"Dur\u00e9e de lecture estim\u00e9e\" \/>\n\t<meta name=\"twitter:data1\" content=\"5 minutes\" \/>\n<script type=\"application\/ld+json\" class=\"yoast-schema-graph\">{\"@context\":\"https:\\\/\\\/schema.org\",\"@graph\":[{\"@type\":\"WebPage\",\"@id\":\"https:\\\/\\\/www.metalschemicalsgroup.com\\\/products\\\/\",\"url\":\"https:\\\/\\\/www.metalschemicalsgroup.com\\\/products\\\/\",\"name\":\"Products - Metals Chemicals Maastricht\",\"isPartOf\":{\"@id\":\"https:\\\/\\\/www.metalschemicalsgroup.com\\\/#website\"},\"datePublished\":\"2022-01-24T10:43:16+00:00\",\"dateModified\":\"2022-12-13T14:08:10+00:00\",\"description\":\"Over 100.000 tons of zinc and lead are traded and processed by MCM per year.Moreover we supply 25.000 tons of mining chemicals\",\"breadcrumb\":{\"@id\":\"https:\\\/\\\/www.metalschemicalsgroup.com\\\/products\\\/#breadcrumb\"},\"inLanguage\":\"fr-FR\",\"potentialAction\":[{\"@type\":\"ReadAction\",\"target\":[\"https:\\\/\\\/www.metalschemicalsgroup.com\\\/products\\\/\"]}]},{\"@type\":\"BreadcrumbList\",\"@id\":\"https:\\\/\\\/www.metalschemicalsgroup.com\\\/products\\\/#breadcrumb\",\"itemListElement\":[{\"@type\":\"ListItem\",\"position\":1,\"name\":\"Home\",\"item\":\"https:\\\/\\\/www.metalschemicalsgroup.com\\\/partner-in-zinc-lead-mining-chemicals\\\/\"},{\"@type\":\"ListItem\",\"position\":2,\"name\":\"Products\"}]},{\"@type\":\"WebSite\",\"@id\":\"https:\\\/\\\/www.metalschemicalsgroup.com\\\/#website\",\"url\":\"https:\\\/\\\/www.metalschemicalsgroup.com\\\/\",\"name\":\"Metals Chemicals Maastricht\",\"description\":\"Strong in Zinc\",\"potentialAction\":[{\"@type\":\"SearchAction\",\"target\":{\"@type\":\"EntryPoint\",\"urlTemplate\":\"https:\\\/\\\/www.metalschemicalsgroup.com\\\/?s={search_term_string}\"},\"query-input\":{\"@type\":\"PropertyValueSpecification\",\"valueRequired\":true,\"valueName\":\"search_term_string\"}}],\"inLanguage\":\"fr-FR\"}]}<\/script>\n<!-- \/ Yoast SEO plugin. -->","yoast_head_json":{"title":"Produits - M\u00e9taux Chimie Maastricht","description":"Plus de 100 000 tonnes de zinc et de plomb sont n\u00e9goci\u00e9es et trait\u00e9es par MCM chaque ann\u00e9e. En outre, nous fournissons 25 000 tonnes de produits chimiques miniers.","robots":{"index":"index","follow":"follow","max-snippet":"max-snippet:-1","max-image-preview":"max-image-preview:large","max-video-preview":"max-video-preview:-1"},"canonical":"https:\/\/www.metalschemicalsgroup.com\/fr\/produits\/","og_locale":"fr_FR","og_type":"article","og_title":"Products - Metals Chemicals Maastricht","og_description":"Over 100.000 tons of zinc and lead are traded and processed by MCM per year.Moreover we supply 25.000 tons of mining chemicals","og_url":"https:\/\/www.metalschemicalsgroup.com\/fr\/produits\/","og_site_name":"Metals Chemicals Maastricht","article_modified_time":"2022-12-13T14:08:10+00:00","twitter_card":"summary_large_image","twitter_misc":{"Dur\u00e9e de lecture estim\u00e9e":"5 minutes"},"schema":{"@context":"https:\/\/schema.org","@graph":[{"@type":"WebPage","@id":"https:\/\/www.metalschemicalsgroup.com\/products\/","url":"https:\/\/www.metalschemicalsgroup.com\/products\/","name":"Produits - M\u00e9taux Chimie Maastricht","isPartOf":{"@id":"https:\/\/www.metalschemicalsgroup.com\/#website"},"datePublished":"2022-01-24T10:43:16+00:00","dateModified":"2022-12-13T14:08:10+00:00","description":"Plus de 100 000 tonnes de zinc et de plomb sont n\u00e9goci\u00e9es et trait\u00e9es par MCM chaque ann\u00e9e. En outre, nous fournissons 25 000 tonnes de produits chimiques miniers.","breadcrumb":{"@id":"https:\/\/www.metalschemicalsgroup.com\/products\/#breadcrumb"},"inLanguage":"fr-FR","potentialAction":[{"@type":"ReadAction","target":["https:\/\/www.metalschemicalsgroup.com\/products\/"]}]},{"@type":"BreadcrumbList","@id":"https:\/\/www.metalschemicalsgroup.com\/products\/#breadcrumb","itemListElement":[{"@type":"ListItem","position":1,"name":"Home","item":"https:\/\/www.metalschemicalsgroup.com\/partner-in-zinc-lead-mining-chemicals\/"},{"@type":"ListItem","position":2,"name":"Products"}]},{"@type":"WebSite","@id":"https:\/\/www.metalschemicalsgroup.com\/#website","url":"https:\/\/www.metalschemicalsgroup.com\/","name":"Metals Chemicals Maastricht","description":"Forte teneur en zinc","potentialAction":[{"@type":"SearchAction","target":{"@type":"EntryPoint","urlTemplate":"https:\/\/www.metalschemicalsgroup.com\/?s={search_term_string}"},"query-input":{"@type":"PropertyValueSpecification","valueRequired":true,"valueName":"search_term_string"}}],"inLanguage":"fr-FR"}]}},"_links":{"self":[{"href":"https:\/\/www.metalschemicalsgroup.com\/fr\/wp-json\/wp\/v2\/pages\/51","targetHints":{"allow":["GET"]}}],"collection":[{"href":"https:\/\/www.metalschemicalsgroup.com\/fr\/wp-json\/wp\/v2\/pages"}],"about":[{"href":"https:\/\/www.metalschemicalsgroup.com\/fr\/wp-json\/wp\/v2\/types\/page"}],"author":[{"embeddable":true,"href":"https:\/\/www.metalschemicalsgroup.com\/fr\/wp-json\/wp\/v2\/users\/1"}],"replies":[{"embeddable":true,"href":"https:\/\/www.metalschemicalsgroup.com\/fr\/wp-json\/wp\/v2\/comments?post=51"}],"version-history":[{"count":19,"href":"https:\/\/www.metalschemicalsgroup.com\/fr\/wp-json\/wp\/v2\/pages\/51\/revisions"}],"predecessor-version":[{"id":1364,"href":"https:\/\/www.metalschemicalsgroup.com\/fr\/wp-json\/wp\/v2\/pages\/51\/revisions\/1364"}],"wp:attachment":[{"href":"https:\/\/www.metalschemicalsgroup.com\/fr\/wp-json\/wp\/v2\/media?parent=51"}],"curies":[{"name":"wp","href":"https:\/\/api.w.org\/{rel}","templated":true}]}}