{"id":590,"date":"2022-03-25T12:02:47","date_gmt":"2022-03-25T12:02:47","guid":{"rendered":"https:\/\/metalschemicals.bonsaidev.nl\/?page_id=590"},"modified":"2022-07-01T07:38:20","modified_gmt":"2022-07-01T07:38:20","slug":"notre-facon-de-travailler","status":"publish","type":"page","link":"https:\/\/www.metalschemicalsgroup.com\/fr\/about-us\/the-way-we-work\/","title":{"rendered":"Notre fa\u00e7on de travailler"},"content":{"rendered":"<style type=\"text\/css\" data-created_by=\"avia_inline_auto\" id=\"style-css-av-12vnz-e0cee8527fa19575b81a462229eecbee\">\n.avia-section.av-12vnz-e0cee8527fa19575b81a462229eecbee{\nbackground-repeat:no-repeat;\nbackground-image:url(https:\/\/www.metalschemicalsgroup.com\/wp-content\/uploads\/2022\/04\/2015.148178-scaled.jpg);\nbackground-position:0% 50%;\nbackground-attachment:scroll;\n}\n<\/style>\n<div id='av_section_1'  class='avia-section av-12vnz-e0cee8527fa19575b81a462229eecbee main_color avia-section-default avia-no-border-styling  avia-builder-el-0  el_before_av_section  avia-builder-el-first  avia-full-stretch avia-bg-style-scroll av-minimum-height av-minimum-height-custom av-height-custom  container_wrap fullsize'  data-section-bg-repeat='stretch' data-av_minimum_height_px='580'><div class='container av-section-cont-open' style='height:580px'><main  role=\"main\" itemprop=\"mainContentOfPage\"  class='template-page content  av-content-full alpha units'><div class='post-entry post-entry-type-page post-entry-590'><div class='entry-content-wrapper clearfix'>\n<div  class='flex_column av-aoxuf-62b6687164168097758f836dd8241366 av_two_third  avia-builder-el-1  el_before_av_one_third  avia-builder-el-first  first flex_column_div'     ><style type=\"text\/css\" data-created_by=\"avia_inline_auto\" id=\"style-css-av-kzmnt36k-2b38c0bce20a12448c12a75f9fb16939\">\n#top .av_textblock_section.av-kzmnt36k-2b38c0bce20a12448c12a75f9fb16939 .avia_textblock{\nfont-size:20px;\ncolor:#ffffff;\n}\n<\/style>\n<section  class='av_textblock_section av-kzmnt36k-2b38c0bce20a12448c12a75f9fb16939'   itemscope=\"itemscope\" itemtype=\"https:\/\/schema.org\/CreativeWork\" ><div class='avia_textblock heading-content-intro av_inherit_color'  itemprop=\"text\" ><h1><strong>Notre fa\u00e7on de travailler<br \/>\n<\/strong><\/h1>\n<\/div><\/section><\/div><div  class='flex_column av-9ynuv-24205aa4eac6492fc49274788ea5f304 av_one_third  avia-builder-el-3  el_after_av_two_third  avia-builder-el-last  flex_column_div'     ><\/div>\n\n<\/div><\/div><\/main><!-- close content main element --><\/div><\/div><div id='av_section_2'  class='avia-section av-3y0c6-5fa5a2abfc2728dc2b51748d710ea854 alternate_color avia-section-no-padding avia-no-border-styling  avia-builder-el-4  el_after_av_section  el_before_av_section  avia-bg-style-scroll container_wrap fullsize'  ><div class='container av-section-cont-open' ><div class='template-page content  av-content-full alpha units'><div class='post-entry post-entry-type-page post-entry-590'><div class='entry-content-wrapper clearfix'>\n\n<\/div><\/div><\/div><!-- close content main div --><\/div><\/div>\n<style type=\"text\/css\" data-created_by=\"avia_inline_auto\" id=\"style-css-av-1msmra-672b5d989e4436d21c104e9e3d9cc86a\">\n.avia-section.av-1msmra-672b5d989e4436d21c104e9e3d9cc86a{\nmargin-top:0px;\nmargin-bottom:0px;\n}\n<\/style>\n<div id='av_section_3'  class='avia-section av-1msmra-672b5d989e4436d21c104e9e3d9cc86a alternate_color avia-section-default avia-no-border-styling  avia-builder-el-6  el_after_av_section  avia-builder-el-last  avia-bg-style-scroll container_wrap fullsize'  ><div class='container av-section-cont-open' ><div class='template-page content  av-content-full alpha units'><div class='post-entry post-entry-type-page post-entry-590'><div class='entry-content-wrapper clearfix'>\n<div class='flex_column_table av-16fxuu-86bfc70f88bf4b9c433e58323a385a95 sc-av_one_third av-equal-height-column-flextable'>\n<style type=\"text\/css\" data-created_by=\"avia_inline_auto\" id=\"style-css-av-16fxuu-86bfc70f88bf4b9c433e58323a385a95\">\n.flex_column.av-16fxuu-86bfc70f88bf4b9c433e58323a385a95{\nwidth:33%;\nmargin-left:0;\nborder-radius:0px 0px 0px 0px;\npadding:240px 40px 60px 40px;\nbackground:url(https:\/\/www.metalschemicalsgroup.com\/wp-content\/uploads\/2022\/02\/About-MCM.jpg) 50% 50% no-repeat scroll ;\n}\n#top .flex_column_table.av-equal-height-column-flextable.av-16fxuu-86bfc70f88bf4b9c433e58323a385a95 .av-flex-placeholder{\nwidth:0.5%;\n}\n<\/style>\n<div  class='flex_column av-16fxuu-86bfc70f88bf4b9c433e58323a385a95 av_one_third  avia-builder-el-7  el_before_av_one_third  avia-builder-el-first  categorie-blokken first flex_column_table_cell av-equal-height-column av-align-top avia-full-stretch avia-link-column av-column-link avia-link-column-hover'    data-link-column-url=\"https:\/\/www.metalschemicalsgroup.com\/fr\/about-us\/\"   ><a class=\"av-screen-reader-only\" href=\"https:\/\/www.metalschemicalsgroup.com\/fr\/about-us\/\" >Lier vers : A propos de nous<\/a><style type=\"text\/css\" data-created_by=\"avia_inline_auto\" id=\"style-css-av-151yh2-4b18129c5616d2511abda7708f2cf6db\">\n#top .av_textblock_section.av-151yh2-4b18129c5616d2511abda7708f2cf6db .avia_textblock{\ncolor:#ffffff;\n}\n<\/style>\n<section  class='av_textblock_section av-151yh2-4b18129c5616d2511abda7708f2cf6db'   itemscope=\"itemscope\" itemtype=\"https:\/\/schema.org\/CreativeWork\" ><div class='avia_textblock av_inherit_color'  itemprop=\"text\" ><h2><b><span lang=\"EN-GB\">A propos de nous<br \/>\n<\/span><\/b><\/h2>\n<\/div><\/section><\/div><div class='av-flex-placeholder'><\/div>\n<style type=\"text\/css\" data-created_by=\"avia_inline_auto\" id=\"style-css-av-vq13y-cd803cf38f225d56d8fc3b7960aebce9\">\n.flex_column.av-vq13y-cd803cf38f225d56d8fc3b7960aebce9{\nwidth:33%;\nmargin-left:0;\nborder-radius:0px 0px 0px 0px;\npadding:240px 40px 60px 40px;\nbackground:url(https:\/\/www.metalschemicalsgroup.com\/wp-content\/uploads\/2022\/04\/20210601-MCM-HQ-009-scaled.jpg) 50% 50% no-repeat scroll ;\n}\n#top .flex_column_table.av-equal-height-column-flextable.av-vq13y-cd803cf38f225d56d8fc3b7960aebce9 .av-flex-placeholder{\nwidth:0.5%;\n}\n<\/style>\n<div  class='flex_column av-vq13y-cd803cf38f225d56d8fc3b7960aebce9 av_one_third  avia-builder-el-9  el_after_av_one_third  el_before_av_one_third  flex_column_table_cell av-equal-height-column av-align-top avia-full-stretch avia-link-column av-column-link avia-link-column-hover'    data-link-column-url=\"https:\/\/www.metalschemicalsgroup.com\/fr\/about-us\/mission-vision\/\"   ><a class=\"av-screen-reader-only\" href=\"https:\/\/www.metalschemicalsgroup.com\/fr\/about-us\/mission-vision\/\" >Lier vers : Mission et vision<\/a><style type=\"text\/css\" data-created_by=\"avia_inline_auto\" id=\"style-css-av-pypdi-ef0d2263c50debb6328b2b5f093ed209\">\n#top .av_textblock_section.av-pypdi-ef0d2263c50debb6328b2b5f093ed209 .avia_textblock{\ncolor:#ffffff;\n}\n<\/style>\n<section  class='av_textblock_section av-pypdi-ef0d2263c50debb6328b2b5f093ed209'   itemscope=\"itemscope\" itemtype=\"https:\/\/schema.org\/CreativeWork\" ><div class='avia_textblock categorie-blokken av_inherit_color'  itemprop=\"text\" ><h2>Mission et vision<\/h2>\n<\/div><\/section><\/div><div class='av-flex-placeholder'><\/div>\n<style type=\"text\/css\" data-created_by=\"avia_inline_auto\" id=\"style-css-av-nazdy-d422bb91ade6bcfd7fb22023b5a17fb0\">\n.flex_column.av-nazdy-d422bb91ade6bcfd7fb22023b5a17fb0{\nwidth:33%;\nmargin-left:0;\nborder-radius:0px 0px 0px 0px;\npadding:240px 40px 60px 40px;\nbackground:url(https:\/\/www.metalschemicalsgroup.com\/wp-content\/uploads\/2022\/04\/2015.148178-scaled.jpg) 50% 50% no-repeat scroll ;\n}\n#top .flex_column_table.av-equal-height-column-flextable.av-nazdy-d422bb91ade6bcfd7fb22023b5a17fb0 .av-flex-placeholder{\nwidth:0.5%;\n}\n<\/style>\n<div  class='flex_column av-nazdy-d422bb91ade6bcfd7fb22023b5a17fb0 av_one_third  avia-builder-el-11  el_after_av_one_third  el_before_av_hr  flex_column_table_cell av-equal-height-column av-align-top avia-full-stretch avia-link-column av-column-link avia-link-column-hover'    data-link-column-url=\"https:\/\/www.metalschemicalsgroup.com\/fr\/about-us\/the-way-we-work\/\"   ><a class=\"av-screen-reader-only\" href=\"https:\/\/www.metalschemicalsgroup.com\/fr\/about-us\/the-way-we-work\/\" >Lier vers : Notre fa\u00e7on de travailler<\/a><style type=\"text\/css\" data-created_by=\"avia_inline_auto\" id=\"style-css-av-ebgs6-997fb2b743cfa9f3e292d38db2665baf\">\n#top .av_textblock_section.av-ebgs6-997fb2b743cfa9f3e292d38db2665baf .avia_textblock{\ncolor:#ffffff;\n}\n<\/style>\n<section  class='av_textblock_section av-ebgs6-997fb2b743cfa9f3e292d38db2665baf'   itemscope=\"itemscope\" itemtype=\"https:\/\/schema.org\/CreativeWork\" ><div class='avia_textblock categorie-blokken av_inherit_color'  itemprop=\"text\" ><h2>Notre fa\u00e7on de travailler<\/h2>\n<\/div><\/section><\/div><\/div><!--close column table wrapper. Autoclose: 1 -->\n<style type=\"text\/css\" data-created_by=\"avia_inline_auto\" id=\"style-css-av-ajpfq-fa1c5bc6ddff8942f88c9afdbca2803d\">\n#top .hr.hr-invisible.av-ajpfq-fa1c5bc6ddff8942f88c9afdbca2803d{\nheight:90px;\n}\n<\/style>\n<div  class='hr av-ajpfq-fa1c5bc6ddff8942f88c9afdbca2803d hr-invisible  avia-builder-el-13  el_after_av_one_third  avia-builder-el-last  av-small-hide av-mini-hide'><span class='hr-inner'><span class=\"hr-inner-style\"><\/span><\/span><\/div>\n<\/p>","protected":false},"excerpt":{"rendered":"","protected":false},"author":1,"featured_media":0,"parent":93,"menu_order":0,"comment_status":"closed","ping_status":"closed","template":"","meta":{"_monsterinsights_skip_tracking":false,"_monsterinsights_sitenote_active":false,"_monsterinsights_sitenote_note":"","_monsterinsights_sitenote_category":0,"footnotes":""},"class_list":["post-590","page","type-page","status-publish","hentry"],"yoast_head":"<!-- This site is optimized with the Yoast SEO plugin v27.2 - https:\/\/yoast.com\/product\/yoast-seo-wordpress\/ -->\n<title>The way we work - Metals Chemicals Maastricht<\/title>\n<meta name=\"description\" content=\"The way we work is that we try to be the best for our customers and on this page you can read about it in heavy detail\" \/>\n<meta name=\"robots\" content=\"index, follow, max-snippet:-1, max-image-preview:large, max-video-preview:-1\" \/>\n<link rel=\"canonical\" href=\"https:\/\/www.metalschemicalsgroup.com\/fr\/a-propos-de-nous\/notre-facon-de-travailler\/\" \/>\n<meta property=\"og:locale\" content=\"fr_FR\" \/>\n<meta property=\"og:type\" content=\"article\" \/>\n<meta property=\"og:title\" content=\"The way we work - Metals Chemicals Maastricht\" \/>\n<meta property=\"og:description\" content=\"The way we work is that we try to be the best for our customers and on this page you can read about it in heavy detail\" \/>\n<meta property=\"og:url\" content=\"https:\/\/www.metalschemicalsgroup.com\/fr\/a-propos-de-nous\/notre-facon-de-travailler\/\" \/>\n<meta property=\"og:site_name\" content=\"Metals Chemicals Maastricht\" \/>\n<meta property=\"article:modified_time\" content=\"2022-07-01T07:38:20+00:00\" \/>\n<meta name=\"twitter:card\" content=\"summary_large_image\" \/>\n<meta name=\"twitter:label1\" content=\"Dur\u00e9e de lecture estim\u00e9e\" \/>\n\t<meta name=\"twitter:data1\" content=\"11 minutes\" \/>\n<script type=\"application\/ld+json\" class=\"yoast-schema-graph\">{\"@context\":\"https:\/\/schema.org\",\"@graph\":[{\"@type\":\"WebPage\",\"@id\":\"https:\/\/www.metalschemicalsgroup.com\/about-us\/the-way-we-work\/\",\"url\":\"https:\/\/www.metalschemicalsgroup.com\/about-us\/the-way-we-work\/\",\"name\":\"The way we work - Metals Chemicals Maastricht\",\"isPartOf\":{\"@id\":\"https:\/\/www.metalschemicalsgroup.com\/#website\"},\"datePublished\":\"2022-03-25T12:02:47+00:00\",\"dateModified\":\"2022-07-01T07:38:20+00:00\",\"description\":\"The way we work is that we try to be the best for our customers and on this page you can read about it in heavy detail\",\"breadcrumb\":{\"@id\":\"https:\/\/www.metalschemicalsgroup.com\/about-us\/the-way-we-work\/#breadcrumb\"},\"inLanguage\":\"fr-FR\",\"potentialAction\":[{\"@type\":\"ReadAction\",\"target\":[\"https:\/\/www.metalschemicalsgroup.com\/about-us\/the-way-we-work\/\"]}]},{\"@type\":\"BreadcrumbList\",\"@id\":\"https:\/\/www.metalschemicalsgroup.com\/about-us\/the-way-we-work\/#breadcrumb\",\"itemListElement\":[{\"@type\":\"ListItem\",\"position\":1,\"name\":\"Home\",\"item\":\"https:\/\/www.metalschemicalsgroup.com\/partner-in-zinc-lead-mining-chemicals\/\"},{\"@type\":\"ListItem\",\"position\":2,\"name\":\"About us\",\"item\":\"https:\/\/www.metalschemicalsgroup.com\/about-us\/\"},{\"@type\":\"ListItem\",\"position\":3,\"name\":\"The way we work\"}]},{\"@type\":\"WebSite\",\"@id\":\"https:\/\/www.metalschemicalsgroup.com\/#website\",\"url\":\"https:\/\/www.metalschemicalsgroup.com\/\",\"name\":\"Metals Chemicals Maastricht\",\"description\":\"Strong in Zinc\",\"potentialAction\":[{\"@type\":\"SearchAction\",\"target\":{\"@type\":\"EntryPoint\",\"urlTemplate\":\"https:\/\/www.metalschemicalsgroup.com\/?s={search_term_string}\"},\"query-input\":{\"@type\":\"PropertyValueSpecification\",\"valueRequired\":true,\"valueName\":\"search_term_string\"}}],\"inLanguage\":\"fr-FR\"}]}<\/script>\n<!-- \/ Yoast SEO plugin. -->","yoast_head_json":{"title":"Notre fa\u00e7on de travailler - Metals Chemicals Maastricht","description":"Nous nous effor\u00e7ons d'\u00eatre les meilleurs pour nos clients et cette page vous permet d'en savoir plus \u00e0 ce sujet.","robots":{"index":"index","follow":"follow","max-snippet":"max-snippet:-1","max-image-preview":"max-image-preview:large","max-video-preview":"max-video-preview:-1"},"canonical":"https:\/\/www.metalschemicalsgroup.com\/fr\/a-propos-de-nous\/notre-facon-de-travailler\/","og_locale":"fr_FR","og_type":"article","og_title":"The way we work - Metals Chemicals Maastricht","og_description":"The way we work is that we try to be the best for our customers and on this page you can read about it in heavy detail","og_url":"https:\/\/www.metalschemicalsgroup.com\/fr\/a-propos-de-nous\/notre-facon-de-travailler\/","og_site_name":"Metals Chemicals Maastricht","article_modified_time":"2022-07-01T07:38:20+00:00","twitter_card":"summary_large_image","twitter_misc":{"Dur\u00e9e de lecture estim\u00e9e":"11 minutes"},"schema":{"@context":"https:\/\/schema.org","@graph":[{"@type":"WebPage","@id":"https:\/\/www.metalschemicalsgroup.com\/about-us\/the-way-we-work\/","url":"https:\/\/www.metalschemicalsgroup.com\/about-us\/the-way-we-work\/","name":"Notre fa\u00e7on de travailler - Metals Chemicals Maastricht","isPartOf":{"@id":"https:\/\/www.metalschemicalsgroup.com\/#website"},"datePublished":"2022-03-25T12:02:47+00:00","dateModified":"2022-07-01T07:38:20+00:00","description":"Nous nous effor\u00e7ons d'\u00eatre les meilleurs pour nos clients et cette page vous permet d'en savoir plus \u00e0 ce sujet.","breadcrumb":{"@id":"https:\/\/www.metalschemicalsgroup.com\/about-us\/the-way-we-work\/#breadcrumb"},"inLanguage":"fr-FR","potentialAction":[{"@type":"ReadAction","target":["https:\/\/www.metalschemicalsgroup.com\/about-us\/the-way-we-work\/"]}]},{"@type":"BreadcrumbList","@id":"https:\/\/www.metalschemicalsgroup.com\/about-us\/the-way-we-work\/#breadcrumb","itemListElement":[{"@type":"ListItem","position":1,"name":"Home","item":"https:\/\/www.metalschemicalsgroup.com\/partner-in-zinc-lead-mining-chemicals\/"},{"@type":"ListItem","position":2,"name":"About us","item":"https:\/\/www.metalschemicalsgroup.com\/about-us\/"},{"@type":"ListItem","position":3,"name":"The way we work"}]},{"@type":"WebSite","@id":"https:\/\/www.metalschemicalsgroup.com\/#website","url":"https:\/\/www.metalschemicalsgroup.com\/","name":"Metals Chemicals Maastricht","description":"Forte teneur en zinc","potentialAction":[{"@type":"SearchAction","target":{"@type":"EntryPoint","urlTemplate":"https:\/\/www.metalschemicalsgroup.com\/?s={search_term_string}"},"query-input":{"@type":"PropertyValueSpecification","valueRequired":true,"valueName":"search_term_string"}}],"inLanguage":"fr-FR"}]}},"_links":{"self":[{"href":"https:\/\/www.metalschemicalsgroup.com\/fr\/wp-json\/wp\/v2\/pages\/590","targetHints":{"allow":["GET"]}}],"collection":[{"href":"https:\/\/www.metalschemicalsgroup.com\/fr\/wp-json\/wp\/v2\/pages"}],"about":[{"href":"https:\/\/www.metalschemicalsgroup.com\/fr\/wp-json\/wp\/v2\/types\/page"}],"author":[{"embeddable":true,"href":"https:\/\/www.metalschemicalsgroup.com\/fr\/wp-json\/wp\/v2\/users\/1"}],"replies":[{"embeddable":true,"href":"https:\/\/www.metalschemicalsgroup.com\/fr\/wp-json\/wp\/v2\/comments?post=590"}],"version-history":[{"count":22,"href":"https:\/\/www.metalschemicalsgroup.com\/fr\/wp-json\/wp\/v2\/pages\/590\/revisions"}],"predecessor-version":[{"id":1592,"href":"https:\/\/www.metalschemicalsgroup.com\/fr\/wp-json\/wp\/v2\/pages\/590\/revisions\/1592"}],"up":[{"embeddable":true,"href":"https:\/\/www.metalschemicalsgroup.com\/fr\/wp-json\/wp\/v2\/pages\/93"}],"wp:attachment":[{"href":"https:\/\/www.metalschemicalsgroup.com\/fr\/wp-json\/wp\/v2\/media?parent=590"}],"curies":[{"name":"wp","href":"https:\/\/api.w.org\/{rel}","templated":true}]}}