{"id":71,"date":"2022-01-24T10:46:17","date_gmt":"2022-01-24T10:46:17","guid":{"rendered":"https:\/\/metalschemicals.bonsaidev.nl\/?page_id=71"},"modified":"2022-06-24T11:17:45","modified_gmt":"2022-06-24T11:17:45","slug":"la-durabilite","status":"publish","type":"page","link":"https:\/\/www.metalschemicalsgroup.com\/fr\/sustainability\/","title":{"rendered":"Durabilit\u00e9"},"content":{"rendered":"<style type=\"text\/css\" data-created_by=\"avia_inline_auto\" id=\"style-css-av-a3gxj-4230c5dfdd6dc4f5f8cb1ba210045d46\">\n.avia-section.av-a3gxj-4230c5dfdd6dc4f5f8cb1ba210045d46{\nbackground-repeat:no-repeat;\nbackground-image:url(https:\/\/www.metalschemicalsgroup.com\/wp-content\/uploads\/2022\/02\/our-Sustainability.jpg);\nbackground-position:50% 50%;\nbackground-attachment:scroll;\n}\n.avia-section.av-a3gxj-4230c5dfdd6dc4f5f8cb1ba210045d46 .av-section-color-overlay{\nopacity:0.1;\nbackground-color:#000000;\n}\n<\/style>\n<div id='av_section_1'  class='avia-section av-a3gxj-4230c5dfdd6dc4f5f8cb1ba210045d46 main_color avia-section-default avia-no-border-styling  avia-builder-el-0  el_before_av_section  avia-builder-el-first  avia-full-stretch avia-bg-style-scroll av-section-color-overlay-active av-minimum-height av-minimum-height-custom av-height-custom  container_wrap fullsize'  data-section-bg-repeat='stretch' data-av_minimum_height_px='580'><div class=\"av-section-color-overlay-wrap\"><div class=\"av-section-color-overlay\"><\/div><div class='container av-section-cont-open' style='height:580px'><main  role=\"main\" itemprop=\"mainContentOfPage\"  class='template-page content  av-content-full alpha units'><div class='post-entry post-entry-type-page post-entry-71'><div class='entry-content-wrapper clearfix'>\n<div  class='flex_column av-9c7oj-667fdf5b5a92fb36b2cd00f218a660fb av_two_third  avia-builder-el-1  el_before_av_one_third  avia-builder-el-first  first flex_column_div'     ><style type=\"text\/css\" data-created_by=\"avia_inline_auto\" id=\"style-css-av-kznvbcw8-7dac98dcd9c4592f39d195c25e2c93d9\">\n#top .av_textblock_section.av-kznvbcw8-7dac98dcd9c4592f39d195c25e2c93d9 .avia_textblock{\nfont-size:20px;\ncolor:#ffffff;\n}\n<\/style>\n<section  class='av_textblock_section av-kznvbcw8-7dac98dcd9c4592f39d195c25e2c93d9'   itemscope=\"itemscope\" itemtype=\"https:\/\/schema.org\/CreativeWork\" ><div class='avia_textblock heading-content-intro av_inherit_color'  itemprop=\"text\" ><h1><strong>Durabilit\u00e9<\/strong><\/h1>\n<p>Le d\u00e9veloppement durable fait partie int\u00e9grante de notre ADN et de notre strat\u00e9gie d'entreprise.<\/p>\n<\/div><\/section><\/div><div  class='flex_column av-8skw3-74e1fc9dfdeb7038ab55380ba1285ba6 av_one_third  avia-builder-el-3  el_after_av_two_third  avia-builder-el-last  flex_column_div'     ><\/div>\n\n<\/div><\/div><\/main><!-- close content main element --><\/div><\/div><\/div><div id='av_section_2'  class='avia-section av-7tq3v-6daa0c0548cf23fbedf8f8bff94868ad main_color avia-section-large avia-no-border-styling  avia-builder-el-4  el_after_av_section  el_before_av_section  avia-bg-style-scroll container_wrap fullsize'  ><div class='container av-section-cont-open' ><div class='template-page content  av-content-full alpha units'><div class='post-entry post-entry-type-page post-entry-71'><div class='entry-content-wrapper clearfix'>\n\n<style type=\"text\/css\" data-created_by=\"avia_inline_auto\" id=\"style-css-av-7b0hv-66477e1cac5ca66393269c799b62e570\">\n.flex_column.av-7b0hv-66477e1cac5ca66393269c799b62e570{\npadding:0 80px 0 0;\n}\n<\/style>\n<div  id=\"content-blok\"  class='flex_column av-7b0hv-66477e1cac5ca66393269c799b62e570 av_one_half  avia-builder-el-5  el_before_av_one_half  avia-builder-el-first  first no_margin flex_column_div'     ><div  class='avia-slideshow av-6m34b-8a47faaf40c8703feb65a0d89043c63c avia-slideshow-no scaling av_slideshow avia-slide-slider  avia-builder-el-6  avia-builder-el-no-sibling  av-slideshow-ui av-control-default av-slideshow-manual av-loop-once av-loop-manual-endless av-default-height-applied avia-slideshow-1' data-slideshow-options=\"{&quot;animation&quot;:&quot;slide&quot;,&quot;autoplay&quot;:false,&quot;loop_autoplay&quot;:&quot;once&quot;,&quot;interval&quot;:5,&quot;loop_manual&quot;:&quot;manual-endless&quot;,&quot;autoplay_stopper&quot;:false,&quot;noNavigation&quot;:false,&quot;bg_slider&quot;:false,&quot;keep_padding&quot;:false,&quot;hoverpause&quot;:false,&quot;show_slide_delay&quot;:0}\"  itemprop=\"image\" itemscope=\"itemscope\" itemtype=\"https:\/\/schema.org\/ImageObject\" ><ul class='avia-slideshow-inner' style='padding-bottom: 66.640625%;'><li  class='avia-slideshow-slide av-6m34b-8a47faaf40c8703feb65a0d89043c63c__0  av-single-slide slide-1 slide-odd'><div data-rel='slideshow-1' class='avia-slide-wrap'   ><img decoding=\"async\" fetchpriority=\"high\" class=\"wp-image-415 avia-img-lazy-loading-not-415\"  src=\"https:\/\/www.metalschemicalsgroup.com\/wp-content\/uploads\/2022\/02\/Sustainability.jpg\" width=\"2560\" height=\"1706\" title='Durabilit\u00e9' alt='Durabilit\u00e9'  itemprop=\"thumbnailUrl\" srcset=\"https:\/\/www.metalschemicalsgroup.com\/wp-content\/uploads\/2022\/02\/Sustainability.jpg 2560w, https:\/\/www.metalschemicalsgroup.com\/wp-content\/uploads\/2022\/02\/Sustainability-300x200.jpg 300w, https:\/\/www.metalschemicalsgroup.com\/wp-content\/uploads\/2022\/02\/Sustainability-1030x686.jpg 1030w, https:\/\/www.metalschemicalsgroup.com\/wp-content\/uploads\/2022\/02\/Sustainability-768x512.jpg 768w, https:\/\/www.metalschemicalsgroup.com\/wp-content\/uploads\/2022\/02\/Sustainability-1536x1024.jpg 1536w, https:\/\/www.metalschemicalsgroup.com\/wp-content\/uploads\/2022\/02\/Sustainability-2048x1365.jpg 2048w, https:\/\/www.metalschemicalsgroup.com\/wp-content\/uploads\/2022\/02\/Sustainability-1500x1000.jpg 1500w, https:\/\/www.metalschemicalsgroup.com\/wp-content\/uploads\/2022\/02\/Sustainability-705x470.jpg 705w\" sizes=\"(max-width: 2560px) 100vw, 2560px\" \/><\/div><\/li><\/ul><\/div><\/div>\n<style type=\"text\/css\" data-created_by=\"avia_inline_auto\" id=\"style-css-av-50ltv-cc0670b786a4a6f1441740fe33d22e64\">\n.flex_column.av-50ltv-cc0670b786a4a6f1441740fe33d22e64{\npadding:0 80px 0 0;\n}\n<\/style>\n<div  id=\"content-blok\"  class='flex_column av-50ltv-cc0670b786a4a6f1441740fe33d22e64 av_one_half  avia-builder-el-7  el_after_av_one_half  avia-builder-el-last  no_margin flex_column_div'     ><p>\n<style type=\"text\/css\" data-created_by=\"avia_inline_auto\" id=\"style-css-av-4mtrj-334f346b1ba0e36147d960c403ab0b6f\">\n#top .av-special-heading.av-4mtrj-334f346b1ba0e36147d960c403ab0b6f{\npadding-bottom:10px;\n}\nbody .av-special-heading.av-4mtrj-334f346b1ba0e36147d960c403ab0b6f .av-special-heading-tag .heading-char{\nfont-size:25px;\n}\n.av-special-heading.av-4mtrj-334f346b1ba0e36147d960c403ab0b6f .av-subheading{\nfont-size:15px;\n}\n<\/style>\n<div  class='av-special-heading av-4mtrj-334f346b1ba0e36147d960c403ab0b6f av-special-heading-h2 blockquote modern-quote  avia-builder-el-8  el_before_av_textblock  avia-builder-el-first'><div class='av-subheading av-subheading_above'><p>Metals Chemicals Maastricht<\/p>\n<\/div><h2 class='av-special-heading-tag'  itemprop=\"headline\"  >Durabilit\u00e9<\/h2><div class=\"special-heading-border\"><div class=\"special-heading-inner-border\"><\/div><\/div><\/div><br \/>\n\n<style type=\"text\/css\" data-created_by=\"avia_inline_auto\" id=\"style-css-av-kznvcgv9-1986eb3d9b2a31bea9c57a01045ec649\">\n#top .av_textblock_section.av-kznvcgv9-1986eb3d9b2a31bea9c57a01045ec649 .avia_textblock{\nfont-size:16px;\n}\n<\/style>\n<section  class='av_textblock_section av-kznvcgv9-1986eb3d9b2a31bea9c57a01045ec649'   itemscope=\"itemscope\" itemtype=\"https:\/\/schema.org\/CreativeWork\" ><div class='avia_textblock'  itemprop=\"text\" ><p>Le d\u00e9veloppement durable est notre travail quotidien. C'est pr\u00e9cis\u00e9ment pour cette raison que nous voulons fonctionner de la mani\u00e8re la plus durable possible et que cela fait partie int\u00e9grante de notre strat\u00e9gie d'entreprise.<\/p>\n<p>Non seulement pour avoir un impact au sein de notre propre organisation, mais aussi pour renforcer nos relations avec toutes les parties prenantes.<\/p>\n<\/div><\/section><\/p><\/div>\n\n<\/div><\/div><\/div><!-- close content main div --><\/div><\/div>\n<style type=\"text\/css\" data-created_by=\"avia_inline_auto\" id=\"style-css-av-444uj-74844e1c65f569671e1abc0024da0463\">\n.avia-section.av-444uj-74844e1c65f569671e1abc0024da0463{\nmargin-top:-160px;\nmargin-bottom:0px;\n}\n<\/style>\n<div id='av_section_3'  class='avia-section av-444uj-74844e1c65f569671e1abc0024da0463 alternate_color avia-section-large avia-no-border-styling  avia-builder-el-10  el_after_av_section  avia-builder-el-last  avia-bg-style-scroll container_wrap fullsize'  ><div class='container av-section-cont-open' ><div class='template-page content  av-content-full alpha units'><div class='post-entry post-entry-type-page post-entry-71'><div class='entry-content-wrapper clearfix'>\n\n<style type=\"text\/css\" data-created_by=\"avia_inline_auto\" id=\"style-css-av-3425r-8bde38ef30e6ee8b8649b2c6d2267729\">\n#top .hr.hr-invisible.av-3425r-8bde38ef30e6ee8b8649b2c6d2267729{\nheight:50px;\n}\n<\/style>\n<div  class='hr av-3425r-8bde38ef30e6ee8b8649b2c6d2267729 hr-invisible  avia-builder-el-11  el_before_av_textblock  avia-builder-el-first'><span class='hr-inner'><span class=\"hr-inner-style\"><\/span><\/span><\/div>\n<section  class='av_textblock_section av-kznvcwmp-a170c0ded84205cdd0bb5947d3f40099'   itemscope=\"itemscope\" itemtype=\"https:\/\/schema.org\/CreativeWork\" ><div class='avia_textblock'  itemprop=\"text\" ><h2>Nous nous concentrons sur les sujets suivants<\/h2>\n<\/div><\/section>\n<div class='flex_column_table av-kzojocx8-9d85b2a9a2673219ec9d62623216e101 sc-av_one_fourth av-equal-height-column-flextable'>\n<style type=\"text\/css\" data-created_by=\"avia_inline_auto\" id=\"style-css-av-kzojocx8-9d85b2a9a2673219ec9d62623216e101\">\n.flex_column.av-kzojocx8-9d85b2a9a2673219ec9d62623216e101{\nwidth:24.625%;\nmargin-left:0;\nborder-radius:0px 0px 0px 0px;\npadding:240px 40px 60px 40px;\nbackground:url(https:\/\/www.metalschemicalsgroup.com\/wp-content\/uploads\/2022\/02\/Who-we-are-scaled.jpg) 50% 50% no-repeat scroll ;\n}\n#top .flex_column_table.av-equal-height-column-flextable.av-kzojocx8-9d85b2a9a2673219ec9d62623216e101 .av-flex-placeholder{\nwidth:0.5%;\n}\n<\/style>\n<div  class='flex_column av-kzojocx8-9d85b2a9a2673219ec9d62623216e101 av_one_fourth  avia-builder-el-13  el_after_av_textblock  el_before_av_one_fourth  first flex_column_table_cell av-equal-height-column av-align-top avia-full-stretch avia-link-column av-column-link avia-link-column-hover  column-top-margin'    data-link-column-url=\"https:\/\/www.metalschemicalsgroup.com\/fr\/sustainability\/people\/\"   ><a class=\"av-screen-reader-only\" href=\"https:\/\/www.metalschemicalsgroup.com\/fr\/sustainability\/people\/\" >Lier vers : Personnes<\/a><style type=\"text\/css\" data-created_by=\"avia_inline_auto\" id=\"style-css-av-x6t3-ca90357dc47dab0d4aa7bdfdafcf41a8\">\n#top .av_textblock_section.av-x6t3-ca90357dc47dab0d4aa7bdfdafcf41a8 .avia_textblock{\ncolor:#ffffff;\n}\n<\/style>\n<section  class='av_textblock_section av-x6t3-ca90357dc47dab0d4aa7bdfdafcf41a8'   itemscope=\"itemscope\" itemtype=\"https:\/\/schema.org\/CreativeWork\" ><div class='avia_textblock categorie-blokken av_inherit_color'  itemprop=\"text\" ><h2>Les personnes<\/h2>\n<\/div><\/section><\/div><div class='av-flex-placeholder'><\/div>\n<style type=\"text\/css\" data-created_by=\"avia_inline_auto\" id=\"style-css-av-1yax3-df3e7d3ba44d7cd9f8c3d9e1c51c0231\">\n.flex_column.av-1yax3-df3e7d3ba44d7cd9f8c3d9e1c51c0231{\nwidth:24.625%;\nmargin-left:0;\nborder-radius:0px 0px 0px 0px;\npadding:240px 40px 60px 40px;\nbackground:url(https:\/\/www.metalschemicalsgroup.com\/wp-content\/uploads\/2022\/02\/Quality-scaled.jpg) 50% 50% no-repeat scroll ;\n}\n#top .flex_column_table.av-equal-height-column-flextable.av-1yax3-df3e7d3ba44d7cd9f8c3d9e1c51c0231 .av-flex-placeholder{\nwidth:0.5%;\n}\n<\/style>\n<div  class='flex_column av-1yax3-df3e7d3ba44d7cd9f8c3d9e1c51c0231 av_one_fourth  avia-builder-el-15  el_after_av_one_fourth  el_before_av_one_fourth  flex_column_table_cell av-equal-height-column av-align-top avia-full-stretch avia-link-column av-column-link avia-link-column-hover  column-top-margin'    data-link-column-url=\"https:\/\/www.metalschemicalsgroup.com\/fr\/sustainability\/quality\/\"   ><a class=\"av-screen-reader-only\" href=\"https:\/\/www.metalschemicalsgroup.com\/fr\/sustainability\/quality\/\" >Lier vers : Qualit\u00e9<\/a><style type=\"text\/css\" data-created_by=\"avia_inline_auto\" id=\"style-css-av-kznvde9x-c1f06010262033ddf0cad46edbbed5ab\">\n#top .av_textblock_section.av-kznvde9x-c1f06010262033ddf0cad46edbbed5ab .avia_textblock{\ncolor:#ffffff;\n}\n<\/style>\n<section  class='av_textblock_section av-kznvde9x-c1f06010262033ddf0cad46edbbed5ab'   itemscope=\"itemscope\" itemtype=\"https:\/\/schema.org\/CreativeWork\" ><div class='avia_textblock categorie-blokken av_inherit_color'  itemprop=\"text\" ><h2>Qualit\u00e9<\/h2>\n<\/div><\/section><\/div><div class='av-flex-placeholder'><\/div>\n<style type=\"text\/css\" data-created_by=\"avia_inline_auto\" id=\"style-css-av-1f1bn-a973b5e05c164ca758888b082c307099\">\n.flex_column.av-1f1bn-a973b5e05c164ca758888b082c307099{\nwidth:24.625%;\nmargin-left:0;\nborder-radius:0px 0px 0px 0px;\npadding:240px 40px 60px 40px;\nbackground:url(https:\/\/www.metalschemicalsgroup.com\/wp-content\/uploads\/2022\/02\/Environment.jpg) 50% 50% no-repeat scroll ;\n}\n#top .flex_column_table.av-equal-height-column-flextable.av-1f1bn-a973b5e05c164ca758888b082c307099 .av-flex-placeholder{\nwidth:0.5%;\n}\n<\/style>\n<div  class='flex_column av-1f1bn-a973b5e05c164ca758888b082c307099 av_one_fourth  avia-builder-el-17  el_after_av_one_fourth  el_before_av_one_fourth  categorie-blokken flex_column_table_cell av-equal-height-column av-align-top avia-full-stretch avia-link-column av-column-link avia-link-column-hover  column-top-margin'    data-link-column-url=\"https:\/\/www.metalschemicalsgroup.com\/fr\/sustainability\/environment\/\"   ><a class=\"av-screen-reader-only\" href=\"https:\/\/www.metalschemicalsgroup.com\/fr\/sustainability\/environment\/\" >Lier vers : Environnement<\/a><style type=\"text\/css\" data-created_by=\"avia_inline_auto\" id=\"style-css-av-kznvdrjt-0e66ce421af1eb885b8f3e80f48185ff\">\n#top .av_textblock_section.av-kznvdrjt-0e66ce421af1eb885b8f3e80f48185ff .avia_textblock{\ncolor:#ffffff;\n}\n<\/style>\n<section  class='av_textblock_section av-kznvdrjt-0e66ce421af1eb885b8f3e80f48185ff'   itemscope=\"itemscope\" itemtype=\"https:\/\/schema.org\/CreativeWork\" ><div class='avia_textblock av_inherit_color'  itemprop=\"text\" ><h2>Environnement<\/h2>\n<\/div><\/section><\/div><div class='av-flex-placeholder'><\/div>\n<style type=\"text\/css\" data-created_by=\"avia_inline_auto\" id=\"style-css-av-xk5n-1349662a73c26fcfcbdc04362d780c99\">\n.flex_column.av-xk5n-1349662a73c26fcfcbdc04362d780c99{\nwidth:24.625%;\nmargin-left:0;\nborder-radius:0px 0px 0px 0px;\npadding:240px 40px 60px 40px;\nbackground:url(https:\/\/www.metalschemicalsgroup.com\/wp-content\/uploads\/2022\/02\/Safety.jpg) 50% 50% no-repeat scroll ;\n}\n#top .flex_column_table.av-equal-height-column-flextable.av-xk5n-1349662a73c26fcfcbdc04362d780c99 .av-flex-placeholder{\nwidth:0.5%;\n}\n<\/style>\n<div  class='flex_column av-xk5n-1349662a73c26fcfcbdc04362d780c99 av_one_fourth  avia-builder-el-19  el_after_av_one_fourth  avia-builder-el-last  categorie-blokken flex_column_table_cell av-equal-height-column av-align-top avia-full-stretch avia-link-column av-column-link avia-link-column-hover  column-top-margin'    data-link-column-url=\"https:\/\/www.metalschemicalsgroup.com\/fr\/sustainability\/prevention-and-safety\/\"   ><a class=\"av-screen-reader-only\" href=\"https:\/\/www.metalschemicalsgroup.com\/fr\/sustainability\/prevention-and-safety\/\" >Lier vers : Pr\u00e9vention et s\u00e9curit\u00e9<\/a><style type=\"text\/css\" data-created_by=\"avia_inline_auto\" id=\"style-css-av-kznvdvwf-c216c87f75e72e8ba559d05afd676836\">\n#top .av_textblock_section.av-kznvdvwf-c216c87f75e72e8ba559d05afd676836 .avia_textblock{\ncolor:#ffffff;\n}\n<\/style>\n<section  class='av_textblock_section av-kznvdvwf-c216c87f75e72e8ba559d05afd676836'   itemscope=\"itemscope\" itemtype=\"https:\/\/schema.org\/CreativeWork\" ><div class='avia_textblock av_inherit_color'  itemprop=\"text\" ><h2>Pr\u00e9vention et s\u00e9curit\u00e9<\/h2>\n<\/div><\/section><\/div><\/div><!--close column table wrapper. Autoclose: 1 -->","protected":false},"excerpt":{"rendered":"","protected":false},"author":1,"featured_media":0,"parent":0,"menu_order":0,"comment_status":"closed","ping_status":"closed","template":"","meta":{"_monsterinsights_skip_tracking":false,"_monsterinsights_sitenote_active":false,"_monsterinsights_sitenote_note":"","_monsterinsights_sitenote_category":0,"footnotes":""},"class_list":["post-71","page","type-page","status-publish","hentry"],"yoast_head":"<!-- This site is optimized with the Yoast SEO plugin v27.2 - https:\/\/yoast.com\/product\/yoast-seo-wordpress\/ -->\n<title>Sustainability - Metals Chemicals Maastricht<\/title>\n<meta name=\"description\" content=\"Sustainability is our everyday work. That is precisely why we want to operate as sustainable as possible and therefore it is an integral part\" \/>\n<meta name=\"robots\" content=\"index, follow, max-snippet:-1, max-image-preview:large, max-video-preview:-1\" \/>\n<link rel=\"canonical\" href=\"https:\/\/www.metalschemicalsgroup.com\/fr\/la-durabilite\/\" \/>\n<meta property=\"og:locale\" content=\"fr_FR\" \/>\n<meta property=\"og:type\" content=\"article\" \/>\n<meta property=\"og:title\" content=\"Sustainability - Metals Chemicals Maastricht\" \/>\n<meta property=\"og:description\" content=\"Sustainability is our everyday work. That is precisely why we want to operate as sustainable as possible and therefore it is an integral part\" \/>\n<meta property=\"og:url\" content=\"https:\/\/www.metalschemicalsgroup.com\/fr\/la-durabilite\/\" \/>\n<meta property=\"og:site_name\" content=\"Metals Chemicals Maastricht\" \/>\n<meta property=\"article:modified_time\" content=\"2022-06-24T11:17:45+00:00\" \/>\n<meta name=\"twitter:card\" content=\"summary_large_image\" \/>\n<meta name=\"twitter:label1\" content=\"Dur\u00e9e de lecture estim\u00e9e\" \/>\n\t<meta name=\"twitter:data1\" content=\"5 minutes\" \/>\n<script type=\"application\/ld+json\" class=\"yoast-schema-graph\">{\"@context\":\"https:\/\/schema.org\",\"@graph\":[{\"@type\":\"WebPage\",\"@id\":\"https:\/\/www.metalschemicalsgroup.com\/sustainability\/\",\"url\":\"https:\/\/www.metalschemicalsgroup.com\/sustainability\/\",\"name\":\"Sustainability - Metals Chemicals Maastricht\",\"isPartOf\":{\"@id\":\"https:\/\/www.metalschemicalsgroup.com\/#website\"},\"datePublished\":\"2022-01-24T10:46:17+00:00\",\"dateModified\":\"2022-06-24T11:17:45+00:00\",\"description\":\"Sustainability is our everyday work. That is precisely why we want to operate as sustainable as possible and therefore it is an integral part\",\"breadcrumb\":{\"@id\":\"https:\/\/www.metalschemicalsgroup.com\/sustainability\/#breadcrumb\"},\"inLanguage\":\"fr-FR\",\"potentialAction\":[{\"@type\":\"ReadAction\",\"target\":[\"https:\/\/www.metalschemicalsgroup.com\/sustainability\/\"]}]},{\"@type\":\"BreadcrumbList\",\"@id\":\"https:\/\/www.metalschemicalsgroup.com\/sustainability\/#breadcrumb\",\"itemListElement\":[{\"@type\":\"ListItem\",\"position\":1,\"name\":\"Home\",\"item\":\"https:\/\/www.metalschemicalsgroup.com\/partner-in-zinc-lead-mining-chemicals\/\"},{\"@type\":\"ListItem\",\"position\":2,\"name\":\"Sustainability\"}]},{\"@type\":\"WebSite\",\"@id\":\"https:\/\/www.metalschemicalsgroup.com\/#website\",\"url\":\"https:\/\/www.metalschemicalsgroup.com\/\",\"name\":\"Metals Chemicals Maastricht\",\"description\":\"Strong in Zinc\",\"potentialAction\":[{\"@type\":\"SearchAction\",\"target\":{\"@type\":\"EntryPoint\",\"urlTemplate\":\"https:\/\/www.metalschemicalsgroup.com\/?s={search_term_string}\"},\"query-input\":{\"@type\":\"PropertyValueSpecification\",\"valueRequired\":true,\"valueName\":\"search_term_string\"}}],\"inLanguage\":\"fr-FR\"}]}<\/script>\n<!-- \/ Yoast SEO plugin. -->","yoast_head_json":{"title":"D\u00e9veloppement durable - M\u00e9taux Chimie Maastricht","description":"La durabilit\u00e9 est notre travail quotidien. C'est pr\u00e9cis\u00e9ment pour cette raison que nous voulons fonctionner de la mani\u00e8re la plus durable possible et que cela fait partie int\u00e9grante de notre travail.","robots":{"index":"index","follow":"follow","max-snippet":"max-snippet:-1","max-image-preview":"max-image-preview:large","max-video-preview":"max-video-preview:-1"},"canonical":"https:\/\/www.metalschemicalsgroup.com\/fr\/la-durabilite\/","og_locale":"fr_FR","og_type":"article","og_title":"Sustainability - Metals Chemicals Maastricht","og_description":"Sustainability is our everyday work. That is precisely why we want to operate as sustainable as possible and therefore it is an integral part","og_url":"https:\/\/www.metalschemicalsgroup.com\/fr\/la-durabilite\/","og_site_name":"Metals Chemicals Maastricht","article_modified_time":"2022-06-24T11:17:45+00:00","twitter_card":"summary_large_image","twitter_misc":{"Dur\u00e9e de lecture estim\u00e9e":"5 minutes"},"schema":{"@context":"https:\/\/schema.org","@graph":[{"@type":"WebPage","@id":"https:\/\/www.metalschemicalsgroup.com\/sustainability\/","url":"https:\/\/www.metalschemicalsgroup.com\/sustainability\/","name":"D\u00e9veloppement durable - M\u00e9taux Chimie Maastricht","isPartOf":{"@id":"https:\/\/www.metalschemicalsgroup.com\/#website"},"datePublished":"2022-01-24T10:46:17+00:00","dateModified":"2022-06-24T11:17:45+00:00","description":"La durabilit\u00e9 est notre travail quotidien. C'est pr\u00e9cis\u00e9ment pour cette raison que nous voulons fonctionner de la mani\u00e8re la plus durable possible et que cela fait partie int\u00e9grante de notre travail.","breadcrumb":{"@id":"https:\/\/www.metalschemicalsgroup.com\/sustainability\/#breadcrumb"},"inLanguage":"fr-FR","potentialAction":[{"@type":"ReadAction","target":["https:\/\/www.metalschemicalsgroup.com\/sustainability\/"]}]},{"@type":"BreadcrumbList","@id":"https:\/\/www.metalschemicalsgroup.com\/sustainability\/#breadcrumb","itemListElement":[{"@type":"ListItem","position":1,"name":"Home","item":"https:\/\/www.metalschemicalsgroup.com\/partner-in-zinc-lead-mining-chemicals\/"},{"@type":"ListItem","position":2,"name":"Sustainability"}]},{"@type":"WebSite","@id":"https:\/\/www.metalschemicalsgroup.com\/#website","url":"https:\/\/www.metalschemicalsgroup.com\/","name":"Metals Chemicals Maastricht","description":"Forte teneur en zinc","potentialAction":[{"@type":"SearchAction","target":{"@type":"EntryPoint","urlTemplate":"https:\/\/www.metalschemicalsgroup.com\/?s={search_term_string}"},"query-input":{"@type":"PropertyValueSpecification","valueRequired":true,"valueName":"search_term_string"}}],"inLanguage":"fr-FR"}]}},"_links":{"self":[{"href":"https:\/\/www.metalschemicalsgroup.com\/fr\/wp-json\/wp\/v2\/pages\/71","targetHints":{"allow":["GET"]}}],"collection":[{"href":"https:\/\/www.metalschemicalsgroup.com\/fr\/wp-json\/wp\/v2\/pages"}],"about":[{"href":"https:\/\/www.metalschemicalsgroup.com\/fr\/wp-json\/wp\/v2\/types\/page"}],"author":[{"embeddable":true,"href":"https:\/\/www.metalschemicalsgroup.com\/fr\/wp-json\/wp\/v2\/users\/1"}],"replies":[{"embeddable":true,"href":"https:\/\/www.metalschemicalsgroup.com\/fr\/wp-json\/wp\/v2\/comments?post=71"}],"version-history":[{"count":25,"href":"https:\/\/www.metalschemicalsgroup.com\/fr\/wp-json\/wp\/v2\/pages\/71\/revisions"}],"predecessor-version":[{"id":1168,"href":"https:\/\/www.metalschemicalsgroup.com\/fr\/wp-json\/wp\/v2\/pages\/71\/revisions\/1168"}],"wp:attachment":[{"href":"https:\/\/www.metalschemicalsgroup.com\/fr\/wp-json\/wp\/v2\/media?parent=71"}],"curies":[{"name":"wp","href":"https:\/\/api.w.org\/{rel}","templated":true}]}}