{"id":230,"date":"2022-02-15T08:29:52","date_gmt":"2022-02-15T08:29:52","guid":{"rendered":"https:\/\/metalschemicals.bonsaidev.nl\/?page_id=230"},"modified":"2024-01-24T11:03:23","modified_gmt":"2024-01-24T11:03:23","slug":"ambiente","status":"publish","type":"page","link":"https:\/\/www.metalschemicalsgroup.com\/it\/sustainability\/environment\/","title":{"rendered":"Ambiente"},"content":{"rendered":"<style type=\"text\/css\" data-created_by=\"avia_inline_auto\" id=\"style-css-av-3et5fy-98809e9f3ce91a33c9595cb2f83203fc\">\n.avia-section.av-3et5fy-98809e9f3ce91a33c9595cb2f83203fc{\nbackground-repeat:no-repeat;\nbackground-image:url(https:\/\/www.metalschemicalsgroup.com\/wp-content\/uploads\/2022\/02\/Environment.jpg);\nbackground-position:50% 50%;\nbackground-attachment:scroll;\n}\n<\/style>\n<div id='av_section_1'  class='avia-section av-3et5fy-98809e9f3ce91a33c9595cb2f83203fc main_color avia-section-default avia-no-border-styling  avia-builder-el-0  el_before_av_section  avia-builder-el-first  avia-full-stretch avia-bg-style-scroll av-minimum-height av-minimum-height-custom av-height-custom  container_wrap fullsize'  data-section-bg-repeat='stretch' data-av_minimum_height_px='580'><div class='container av-section-cont-open' style='height:580px'><main  role=\"main\" itemprop=\"mainContentOfPage\"  class='template-page content  av-content-full alpha units'><div class='post-entry post-entry-type-page post-entry-230'><div class='entry-content-wrapper clearfix'>\n<div  class='flex_column av-37ivba-9d19003c0471ed92ffe182d993f0878a av_two_third  avia-builder-el-1  el_before_av_one_third  avia-builder-el-first  first flex_column_div'     ><style type=\"text\/css\" data-created_by=\"avia_inline_auto\" id=\"style-css-av-kznv3j76-2b59c4099bd3ba944ef530e680d31321\">\n#top .av_textblock_section.av-kznv3j76-2b59c4099bd3ba944ef530e680d31321 .avia_textblock{\nfont-size:20px;\ncolor:#ffffff;\n}\n<\/style>\n<section  class='av_textblock_section av-kznv3j76-2b59c4099bd3ba944ef530e680d31321'   itemscope=\"itemscope\" itemtype=\"https:\/\/schema.org\/CreativeWork\" ><div class='avia_textblock heading-content-intro av_inherit_color'  itemprop=\"text\" ><h1><strong>Ambiente <\/strong><\/h1>\n<\/div><\/section><\/div><div  class='flex_column av-34wjha-d21f316d5daed4c22677b3a507d1038b av_one_third  avia-builder-el-3  el_after_av_two_third  avia-builder-el-last  flex_column_div'     ><\/div>\n\n<\/div><\/div><\/main><!-- close content main element --><\/div><\/div><div id='av_section_2'  class='avia-section av-2y1yxq-b13c31668d9bd9f46b890e5a3c52e07c main_color avia-section-large avia-no-border-styling  avia-builder-el-4  el_after_av_section  el_before_av_section  avia-bg-style-scroll container_wrap fullsize'  ><div class='container av-section-cont-open' ><div class='template-page content  av-content-full alpha units'><div class='post-entry post-entry-type-page post-entry-230'><div class='entry-content-wrapper clearfix'>\n\n<style type=\"text\/css\" data-created_by=\"avia_inline_auto\" id=\"style-css-av-2pbhy6-679ffb8a18ffd3679e6bb8310d38715a\">\n.flex_column.av-2pbhy6-679ffb8a18ffd3679e6bb8310d38715a{\npadding:0 80px 0 0;\n}\n<\/style>\n<div  id=\"content-blok\"  class='flex_column av-2pbhy6-679ffb8a18ffd3679e6bb8310d38715a av_two_third  avia-builder-el-5  el_before_av_one_third  avia-builder-el-first  first no_margin flex_column_div'     ><p>\n<style type=\"text\/css\" data-created_by=\"avia_inline_auto\" id=\"style-css-av-kznv3zdu-3fdb43f537fb639bbf481b77385008bf\">\n#top .av-special-heading.av-kznv3zdu-3fdb43f537fb639bbf481b77385008bf{\npadding-bottom:10px;\n}\nbody .av-special-heading.av-kznv3zdu-3fdb43f537fb639bbf481b77385008bf .av-special-heading-tag .heading-char{\nfont-size:25px;\n}\n.av-special-heading.av-kznv3zdu-3fdb43f537fb639bbf481b77385008bf .av-subheading{\nfont-size:15px;\n}\n<\/style>\n<div  class='av-special-heading av-kznv3zdu-3fdb43f537fb639bbf481b77385008bf av-special-heading-h2 blockquote modern-quote  avia-builder-el-6  el_before_av_textblock  avia-builder-el-first'><div class='av-subheading av-subheading_above'><p>Il nostro<\/p>\n<\/div><h2 class='av-special-heading-tag'  itemprop=\"headline\"  >Ambiente <\/h2><div class=\"special-heading-border\"><div class=\"special-heading-inner-border\"><\/div><\/div><\/div><br \/>\n<section  class='av_textblock_section av-kznv4ujo-97f83bb79ef955b6440c0997e9d5a733'   itemscope=\"itemscope\" itemtype=\"https:\/\/schema.org\/CreativeWork\" ><div class='avia_textblock'  itemprop=\"text\" ><p>La nostra attivit\u00e0 principale consiste nell'acquistare e vendere residui secondari di zinco e piombo. Grazie a questo modello di business, riduciamo al minimo la dipendenza dal metallo di zinco e piombo prodotto dalle miniere, in modo da ridurre l'utilizzo delle risorse naturali e l'impronta di carbonio. Nella nostra attivit\u00e0 quotidiana siamo davvero impegnati a ridurre l'impatto sull'ambiente. Inoltre, diversi standard ambientali sono parte integrante della nostra politica di gestione.<\/p>\n<h2>ISO-14001<\/h2>\n<p>Ci sforziamo di preservare il pi\u00f9 possibile l'ambiente, miglioriamo continuamente il nostro sistema di gestione ambientale e lavoriamo costantemente per prevenire l'inquinamento ambientale. Il riciclaggio \u00e8 una parte importante delle risorse di materie prime per diversi metalli. In generale, le materie prime secondarie vengono utilizzate per gran parte della produzione, riducendo il fabbisogno di materie prime e di energia. In effetti, consigliamo ai nostri clienti, per quanto possibile, soluzioni che non sono dannose per l'ambiente o che possono addirittura alleggerirlo.<\/p>\n<p>Gestiamo le nostre attivit\u00e0 attraverso una solida struttura di governance. Abbiamo creato un sistema di gestione ambientale conforme alla certificazione ISO-14001. Questo ci garantisce il rispetto degli obblighi di legge.<\/p>\n<p><a href=\"https:\/\/www.metalschemicalsgroup.com\/wp-content\/uploads\/2024\/01\/14274-10ISO-14001-Certificaat-Metals-Chemicals-PDF-Engels.pdf\" target=\"_blank\" rel=\"noopener\">Scarica il nostro certificato ISO 14001<\/a><\/p>\n<h3>Permessi ambientali<\/h3>\n<p>Per quanto riguarda lo sfruttamento in generale e il nostro cantiere in particolare, MCM \u00e8 in possesso di tutti i permessi necessari rilasciati dal comune di Maastricht e dalla provincia di Limburgo. Questi permessi garantiscono che la gestione dei materiali di scarto (pericolosi) e dei rottami sia efficiente, sicura per l'ambiente e sostenibile.<\/p>\n<p>Durante il processo di acquisto e vendita, i materiali vengono analizzati in relazione a possibili contaminanti. La procedura di accettazione e lavorazione presso la nostra sede garantisce questo aspetto, perch\u00e9 \u00e8 incorporata nel permesso ambientale. L'attuale autorizzazione ambientale ci garantisce flessibilit\u00e0, possibilit\u00e0 di espansione e l'applicazione delle migliori tecniche disponibili.<\/p>\n<h3>Miglioramento continuo<em><br \/>\n<\/em><\/h3>\n<p>MCM ha gi\u00e0 messo in pratica diversi sforzi ambientali, come l'acquisto di 3 carrelli elevatori elettrici.<br \/>\nAnche il nostro edificio e il nostro magazzino sono conformi ai pi\u00f9 recenti standard ambientali.<br \/>\nInoltre, utilizziamo sempre di pi\u00f9 la ferrovia per le nostre spedizioni di merci.<\/p>\n<p>Miglioreremo e amplieremo continuamente la nostra politica ambientale. Inoltre, riconosciamo che l'impatto ambientale va al di l\u00e0 delle nostre operazioni e si estende ai nostri partner nella catena del valore. Li incoraggiamo a collaborare con noi nel nostro sforzo di ridurre le emissioni del settore e della nostra azienda.<\/p>\n<\/div><\/section><\/p><\/div><div  class='flex_column av-630fq-36bd1b09cf34ea2fbb8c54206e2d4ea5 av_one_third  avia-builder-el-8  el_after_av_two_third  avia-builder-el-last  no_margin flex_column_div'     ><div  class='avia-builder-widget-area clearfix  avia-builder-el-9  avia-builder-el-no-sibling'><section id=\"text-6\" class=\"widget clearfix widget_text\"><h3 class=\"widgettitle\">Contattateci<\/h3>\t\t\t<div class=\"textwidget\"><a class=\"mail\" href=\"mailto:info@metalschemicalsgroup.com\">info@metalschemicalsgroup.com<\/a>\r\n<a class=\"tel\" href=\"tel:+31(0)43 362 6500\">+31(0)43 362 6500<\/a><\/div>\n\t\t<span class=\"seperator extralight-border\"><\/span><\/section><\/div><\/div><\/div><\/div><\/div><!-- close content main div --><\/div><\/div><div id='av_section_3'  class='avia-section av-1jx3mm-fdc3e5a34c755cd18fb4f815773f1e91 alternate_color avia-section-large avia-no-border-styling  avia-builder-el-10  el_after_av_section  avia-builder-el-last  avia-bg-style-scroll container_wrap fullsize'  ><div class='container av-section-cont-open' ><div class='template-page content  av-content-full alpha units'><div class='post-entry post-entry-type-page post-entry-230'><div class='entry-content-wrapper clearfix'>\n<section  class='av_textblock_section av-17fn2m-f71c66752c7cbed8cfb47cb600e6649b'   itemscope=\"itemscope\" itemtype=\"https:\/\/schema.org\/CreativeWork\" ><div class='avia_textblock'  itemprop=\"text\" ><h2>Ci concentriamo sui seguenti argomenti<\/h2>\n<\/div><\/section>\n<div class='flex_column_table av-3zuf2-e4be16c6594b5dd2bb6a8d78544ed853 sc-av_one_fourth av-equal-height-column-flextable'>\n<style type=\"text\/css\" data-created_by=\"avia_inline_auto\" id=\"style-css-av-3zuf2-e4be16c6594b5dd2bb6a8d78544ed853\">\n.flex_column.av-3zuf2-e4be16c6594b5dd2bb6a8d78544ed853{\nwidth:24.625%;\nmargin-left:0;\nborder-radius:0px 0px 0px 0px;\npadding:240px 40px 60px 40px;\nbackground:url(https:\/\/www.metalschemicalsgroup.com\/wp-content\/uploads\/2022\/02\/Who-we-are-scaled.jpg) 50% 50% no-repeat scroll ;\n}\n#top .flex_column_table.av-equal-height-column-flextable.av-3zuf2-e4be16c6594b5dd2bb6a8d78544ed853 .av-flex-placeholder{\nwidth:0.5%;\n}\n<\/style>\n<div  class='flex_column av-3zuf2-e4be16c6594b5dd2bb6a8d78544ed853 av_one_fourth  avia-builder-el-12  el_after_av_textblock  el_before_av_one_fourth  first flex_column_table_cell av-equal-height-column av-align-top avia-full-stretch avia-link-column av-column-link avia-link-column-hover  column-top-margin'    data-link-column-url=\"https:\/\/www.metalschemicalsgroup.com\/it\/sustainability\/people\/\"   ><a class=\"av-screen-reader-only\" href=\"https:\/\/www.metalschemicalsgroup.com\/it\/sustainability\/people\/\" >Link a: Persone<\/a><style type=\"text\/css\" data-created_by=\"avia_inline_auto\" id=\"style-css-av-wxroe-71a16343f9d3ae1f890f8493643e34d0\">\n#top .av_textblock_section.av-wxroe-71a16343f9d3ae1f890f8493643e34d0 .avia_textblock{\ncolor:#ffffff;\n}\n<\/style>\n<section  class='av_textblock_section av-wxroe-71a16343f9d3ae1f890f8493643e34d0'   itemscope=\"itemscope\" itemtype=\"https:\/\/schema.org\/CreativeWork\" ><div class='avia_textblock categorie-blokken av_inherit_color'  itemprop=\"text\" ><p><span class=\"subtitel\">nostro<\/span><\/p>\n<h2>Persone<\/h2>\n<\/div><\/section><\/div><div class='av-flex-placeholder'><\/div>\n<style type=\"text\/css\" data-created_by=\"avia_inline_auto\" id=\"style-css-av-syp7q-52c75462fc4b7e8b6459201eb9280748\">\n.flex_column.av-syp7q-52c75462fc4b7e8b6459201eb9280748{\nwidth:24.625%;\nmargin-left:0;\nborder-radius:0px 0px 0px 0px;\npadding:240px 40px 60px 40px;\nbackground:url(https:\/\/www.metalschemicalsgroup.com\/wp-content\/uploads\/2022\/02\/Quality-scaled.jpg) 50% 50% no-repeat scroll ;\n}\n#top .flex_column_table.av-equal-height-column-flextable.av-syp7q-52c75462fc4b7e8b6459201eb9280748 .av-flex-placeholder{\nwidth:0.5%;\n}\n<\/style>\n<div  class='flex_column av-syp7q-52c75462fc4b7e8b6459201eb9280748 av_one_fourth  avia-builder-el-14  el_after_av_one_fourth  el_before_av_one_fourth  flex_column_table_cell av-equal-height-column av-align-top avia-full-stretch avia-link-column av-column-link avia-link-column-hover  column-top-margin'    data-link-column-url=\"https:\/\/www.metalschemicalsgroup.com\/it\/sustainability\/quality\/\"   ><a class=\"av-screen-reader-only\" href=\"https:\/\/www.metalschemicalsgroup.com\/it\/sustainability\/quality\/\" >Link a: Qualit\u00e0<\/a><style type=\"text\/css\" data-created_by=\"avia_inline_auto\" id=\"style-css-av-lrqom-29ffcbfa353cde923ea6c978cd64158d\">\n#top .av_textblock_section.av-lrqom-29ffcbfa353cde923ea6c978cd64158d .avia_textblock{\ncolor:#ffffff;\n}\n<\/style>\n<section  class='av_textblock_section av-lrqom-29ffcbfa353cde923ea6c978cd64158d'   itemscope=\"itemscope\" itemtype=\"https:\/\/schema.org\/CreativeWork\" ><div class='avia_textblock categorie-blokken av_inherit_color'  itemprop=\"text\" ><p><span class=\"subtitel\">Il nostro<\/span><\/p>\n<h2>Qualit\u00e0<\/h2>\n<\/div><\/section><\/div><div class='av-flex-placeholder'><\/div>\n<style type=\"text\/css\" data-created_by=\"avia_inline_auto\" id=\"style-css-av-cvv92-b89a92e590112bfc382fb7e590cc9cb4\">\n.flex_column.av-cvv92-b89a92e590112bfc382fb7e590cc9cb4{\nwidth:24.625%;\nmargin-left:0;\nborder-radius:0px 0px 0px 0px;\npadding:240px 40px 60px 40px;\nbackground:url(https:\/\/www.metalschemicalsgroup.com\/wp-content\/uploads\/2022\/02\/Safety.jpg) 50% 50% no-repeat scroll ;\n}\n#top .flex_column_table.av-equal-height-column-flextable.av-cvv92-b89a92e590112bfc382fb7e590cc9cb4 .av-flex-placeholder{\nwidth:0.5%;\n}\n<\/style>\n<div  class='flex_column av-cvv92-b89a92e590112bfc382fb7e590cc9cb4 av_one_fourth  avia-builder-el-16  el_after_av_one_fourth  el_before_av_one_fourth  categorie-blokken flex_column_table_cell av-equal-height-column av-align-top avia-full-stretch avia-link-column av-column-link avia-link-column-hover  column-top-margin'    data-link-column-url=\"https:\/\/www.metalschemicalsgroup.com\/it\/sustainability\/prevention-and-safety\/\"   ><a class=\"av-screen-reader-only\" href=\"https:\/\/www.metalschemicalsgroup.com\/it\/sustainability\/prevention-and-safety\/\" >Link a: Prevenzione e sicurezza<\/a><style type=\"text\/css\" data-created_by=\"avia_inline_auto\" id=\"style-css-av-br7im-8e1202ba3eef1a44493155bf255550f5\">\n#top .av_textblock_section.av-br7im-8e1202ba3eef1a44493155bf255550f5 .avia_textblock{\ncolor:#ffffff;\n}\n<\/style>\n<section  class='av_textblock_section av-br7im-8e1202ba3eef1a44493155bf255550f5'   itemscope=\"itemscope\" itemtype=\"https:\/\/schema.org\/CreativeWork\" ><div class='avia_textblock av_inherit_color'  itemprop=\"text\" ><p><span class=\"subtitel\">Il nostro<\/span><\/p>\n<h2>Prevenzione e sicurezza<\/h2>\n<\/div><\/section><\/div><div class='av-flex-placeholder'><\/div>\n<style type=\"text\/css\" data-created_by=\"avia_inline_auto\" id=\"style-css-av-lbm94dvb-97517e07ab07cb615f16fb798e691e11\">\n.flex_column.av-lbm94dvb-97517e07ab07cb615f16fb798e691e11{\nwidth:24.625%;\nmargin-left:0;\nborder-radius:0px 0px 0px 0px;\npadding:240px 40px 60px 40px;\nbackground:url(https:\/\/www.metalschemicalsgroup.com\/wp-content\/uploads\/2022\/12\/20210601-MCM-HQ-005-1-scaled.jpg) 50% 50% no-repeat scroll ;\n}\n#top .flex_column_table.av-equal-height-column-flextable.av-lbm94dvb-97517e07ab07cb615f16fb798e691e11 .av-flex-placeholder{\nwidth:0.5%;\n}\n<\/style>\n<div  class='flex_column av-lbm94dvb-97517e07ab07cb615f16fb798e691e11 av_one_fourth  avia-builder-el-18  el_after_av_one_fourth  avia-builder-el-last  categorie-blokken flex_column_table_cell av-equal-height-column av-align-top avia-full-stretch avia-link-column av-column-link avia-link-column-hover  column-top-margin'    data-link-column-url=\"https:\/\/www.metalschemicalsgroup.com\/it\/sustainability\/community-involvement\/\"   ><a class=\"av-screen-reader-only\" href=\"https:\/\/www.metalschemicalsgroup.com\/it\/sustainability\/community-involvement\/\" >Link a: Coinvolgimento della comunit\u00e0<\/a><style type=\"text\/css\" data-created_by=\"avia_inline_auto\" id=\"style-css-av-lbm93hwn-62392fd7b24b5427da78d493926057a3\">\n#top .av_textblock_section.av-lbm93hwn-62392fd7b24b5427da78d493926057a3 .avia_textblock{\ncolor:#ffffff;\n}\n<\/style>\n<section  class='av_textblock_section av-lbm93hwn-62392fd7b24b5427da78d493926057a3'   itemscope=\"itemscope\" itemtype=\"https:\/\/schema.org\/CreativeWork\" ><div class='avia_textblock av_inherit_color'  itemprop=\"text\" ><p><span class=\"subtitel\">Il nostro<\/span><\/p>\n<h2>Coinvolgimento della comunit\u00e0<\/h2>\n<\/div><\/section><\/div><\/div><!--close column table wrapper. Autoclose: 1 -->\n<\/p>","protected":false},"excerpt":{"rendered":"","protected":false},"author":1,"featured_media":0,"parent":71,"menu_order":0,"comment_status":"closed","ping_status":"closed","template":"","meta":{"_monsterinsights_skip_tracking":false,"_monsterinsights_sitenote_active":false,"_monsterinsights_sitenote_note":"","_monsterinsights_sitenote_category":0,"footnotes":""},"class_list":["post-230","page","type-page","status-publish","hentry"],"yoast_head":"<!-- This site is optimized with the Yoast SEO plugin v27.2 - https:\/\/yoast.com\/product\/yoast-seo-wordpress\/ -->\n<title>Environment - Metals Chemicals Maastricht<\/title>\n<meta name=\"description\" content=\"MCM put already various environmental efforts in practice like the purchase of 3 electric forklifts.Also our building and warehouse is...\" \/>\n<meta name=\"robots\" content=\"index, follow, max-snippet:-1, max-image-preview:large, max-video-preview:-1\" \/>\n<link rel=\"canonical\" href=\"https:\/\/www.metalschemicalsgroup.com\/it\/sostenibilita\/ambiente\/\" \/>\n<meta property=\"og:locale\" content=\"it_IT\" \/>\n<meta property=\"og:type\" content=\"article\" \/>\n<meta property=\"og:title\" content=\"Environment - Metals Chemicals Maastricht\" \/>\n<meta property=\"og:description\" content=\"MCM put already various environmental efforts in practice like the purchase of 3 electric forklifts.Also our building and warehouse is...\" \/>\n<meta property=\"og:url\" content=\"https:\/\/www.metalschemicalsgroup.com\/it\/sostenibilita\/ambiente\/\" \/>\n<meta property=\"og:site_name\" content=\"Metals Chemicals Maastricht\" \/>\n<meta property=\"article:modified_time\" content=\"2024-01-24T11:03:23+00:00\" \/>\n<meta name=\"twitter:card\" content=\"summary_large_image\" \/>\n<meta name=\"twitter:label1\" content=\"Tempo di lettura stimato\" \/>\n\t<meta name=\"twitter:data1\" content=\"2 minuti\" \/>\n<script type=\"application\/ld+json\" class=\"yoast-schema-graph\">{\"@context\":\"https:\/\/schema.org\",\"@graph\":[{\"@type\":\"WebPage\",\"@id\":\"https:\/\/www.metalschemicalsgroup.com\/sustainability\/environment\/\",\"url\":\"https:\/\/www.metalschemicalsgroup.com\/sustainability\/environment\/\",\"name\":\"Environment - Metals Chemicals Maastricht\",\"isPartOf\":{\"@id\":\"https:\/\/www.metalschemicalsgroup.com\/#website\"},\"datePublished\":\"2022-02-15T08:29:52+00:00\",\"dateModified\":\"2024-01-24T11:03:23+00:00\",\"description\":\"MCM put already various environmental efforts in practice like the purchase of 3 electric forklifts.Also our building and warehouse is...\",\"breadcrumb\":{\"@id\":\"https:\/\/www.metalschemicalsgroup.com\/sustainability\/environment\/#breadcrumb\"},\"inLanguage\":\"it-IT\",\"potentialAction\":[{\"@type\":\"ReadAction\",\"target\":[\"https:\/\/www.metalschemicalsgroup.com\/sustainability\/environment\/\"]}]},{\"@type\":\"BreadcrumbList\",\"@id\":\"https:\/\/www.metalschemicalsgroup.com\/sustainability\/environment\/#breadcrumb\",\"itemListElement\":[{\"@type\":\"ListItem\",\"position\":1,\"name\":\"Home\",\"item\":\"https:\/\/www.metalschemicalsgroup.com\/partner-in-zinc-lead-mining-chemicals\/\"},{\"@type\":\"ListItem\",\"position\":2,\"name\":\"Sustainability\",\"item\":\"https:\/\/www.metalschemicalsgroup.com\/sustainability\/\"},{\"@type\":\"ListItem\",\"position\":3,\"name\":\"Environment\"}]},{\"@type\":\"WebSite\",\"@id\":\"https:\/\/www.metalschemicalsgroup.com\/#website\",\"url\":\"https:\/\/www.metalschemicalsgroup.com\/\",\"name\":\"Metals Chemicals Maastricht\",\"description\":\"Strong in Zinc\",\"potentialAction\":[{\"@type\":\"SearchAction\",\"target\":{\"@type\":\"EntryPoint\",\"urlTemplate\":\"https:\/\/www.metalschemicalsgroup.com\/?s={search_term_string}\"},\"query-input\":{\"@type\":\"PropertyValueSpecification\",\"valueRequired\":true,\"valueName\":\"search_term_string\"}}],\"inLanguage\":\"it-IT\"}]}<\/script>\n<!-- \/ Yoast SEO plugin. -->","yoast_head_json":{"title":"Ambiente - Metalli Prodotti chimici Maastricht","description":"MCM ha gi\u00e0 messo in pratica diversi sforzi ambientali, come l'acquisto di 3 carrelli elevatori elettrici e il nostro edificio e magazzino...","robots":{"index":"index","follow":"follow","max-snippet":"max-snippet:-1","max-image-preview":"max-image-preview:large","max-video-preview":"max-video-preview:-1"},"canonical":"https:\/\/www.metalschemicalsgroup.com\/it\/sostenibilita\/ambiente\/","og_locale":"it_IT","og_type":"article","og_title":"Environment - Metals Chemicals Maastricht","og_description":"MCM put already various environmental efforts in practice like the purchase of 3 electric forklifts.Also our building and warehouse is...","og_url":"https:\/\/www.metalschemicalsgroup.com\/it\/sostenibilita\/ambiente\/","og_site_name":"Metals Chemicals Maastricht","article_modified_time":"2024-01-24T11:03:23+00:00","twitter_card":"summary_large_image","twitter_misc":{"Tempo di lettura stimato":"2 minuti"},"schema":{"@context":"https:\/\/schema.org","@graph":[{"@type":"WebPage","@id":"https:\/\/www.metalschemicalsgroup.com\/sustainability\/environment\/","url":"https:\/\/www.metalschemicalsgroup.com\/sustainability\/environment\/","name":"Ambiente - Metalli Prodotti chimici Maastricht","isPartOf":{"@id":"https:\/\/www.metalschemicalsgroup.com\/#website"},"datePublished":"2022-02-15T08:29:52+00:00","dateModified":"2024-01-24T11:03:23+00:00","description":"MCM ha gi\u00e0 messo in pratica diversi sforzi ambientali, come l'acquisto di 3 carrelli elevatori elettrici e il nostro edificio e magazzino...","breadcrumb":{"@id":"https:\/\/www.metalschemicalsgroup.com\/sustainability\/environment\/#breadcrumb"},"inLanguage":"it-IT","potentialAction":[{"@type":"ReadAction","target":["https:\/\/www.metalschemicalsgroup.com\/sustainability\/environment\/"]}]},{"@type":"BreadcrumbList","@id":"https:\/\/www.metalschemicalsgroup.com\/sustainability\/environment\/#breadcrumb","itemListElement":[{"@type":"ListItem","position":1,"name":"Home","item":"https:\/\/www.metalschemicalsgroup.com\/partner-in-zinc-lead-mining-chemicals\/"},{"@type":"ListItem","position":2,"name":"Sustainability","item":"https:\/\/www.metalschemicalsgroup.com\/sustainability\/"},{"@type":"ListItem","position":3,"name":"Environment"}]},{"@type":"WebSite","@id":"https:\/\/www.metalschemicalsgroup.com\/#website","url":"https:\/\/www.metalschemicalsgroup.com\/","name":"Metals Chemicals Maastricht","description":"Forte di zinco","potentialAction":[{"@type":"SearchAction","target":{"@type":"EntryPoint","urlTemplate":"https:\/\/www.metalschemicalsgroup.com\/?s={search_term_string}"},"query-input":{"@type":"PropertyValueSpecification","valueRequired":true,"valueName":"search_term_string"}}],"inLanguage":"it-IT"}]}},"_links":{"self":[{"href":"https:\/\/www.metalschemicalsgroup.com\/it\/wp-json\/wp\/v2\/pages\/230","targetHints":{"allow":["GET"]}}],"collection":[{"href":"https:\/\/www.metalschemicalsgroup.com\/it\/wp-json\/wp\/v2\/pages"}],"about":[{"href":"https:\/\/www.metalschemicalsgroup.com\/it\/wp-json\/wp\/v2\/types\/page"}],"author":[{"embeddable":true,"href":"https:\/\/www.metalschemicalsgroup.com\/it\/wp-json\/wp\/v2\/users\/1"}],"replies":[{"embeddable":true,"href":"https:\/\/www.metalschemicalsgroup.com\/it\/wp-json\/wp\/v2\/comments?post=230"}],"version-history":[{"count":19,"href":"https:\/\/www.metalschemicalsgroup.com\/it\/wp-json\/wp\/v2\/pages\/230\/revisions"}],"predecessor-version":[{"id":1517,"href":"https:\/\/www.metalschemicalsgroup.com\/it\/wp-json\/wp\/v2\/pages\/230\/revisions\/1517"}],"up":[{"embeddable":true,"href":"https:\/\/www.metalschemicalsgroup.com\/it\/wp-json\/wp\/v2\/pages\/71"}],"wp:attachment":[{"href":"https:\/\/www.metalschemicalsgroup.com\/it\/wp-json\/wp\/v2\/media?parent=230"}],"curies":[{"name":"wp","href":"https:\/\/api.w.org\/{rel}","templated":true}]}}