{"id":1466,"date":"2023-08-28T15:00:41","date_gmt":"2023-08-28T15:00:41","guid":{"rendered":"https:\/\/www.metalschemicalsgroup.com\/?page_id=1466"},"modified":"2025-02-13T14:18:02","modified_gmt":"2025-02-13T13:18:02","slug":"pasta-olowiowa","status":"publish","type":"page","link":"https:\/\/www.metalschemicalsgroup.com\/pl\/products\/lead-paste\/","title":{"rendered":"Pasta o\u0142owiowa"},"content":{"rendered":"<div id='av_section_1'  class='avia-section av-24gl5-d24183ed9fcfbb921d9547743fdb076d main_color avia-section-large avia-no-border-styling  avia-builder-el-0  el_before_av_section  avia-builder-el-first  avia-bg-style-scroll container_wrap fullsize'  ><div class='container av-section-cont-open' ><main  role=\"main\" itemprop=\"mainContentOfPage\"  class='template-page content  av-content-full alpha units'><div class='post-entry post-entry-type-page post-entry-1466'><div class='entry-content-wrapper clearfix'>\n\n<style type=\"text\/css\" data-created_by=\"avia_inline_auto\" id=\"style-css-av-kysp3mf8-f64afa02dc884ea4df276acc389d6cde\">\n.flex_column.av-kysp3mf8-f64afa02dc884ea4df276acc389d6cde{\npadding:0 80px 0 0;\n}\n<\/style>\n<div  id=\"content-blok\"  class='flex_column av-kysp3mf8-f64afa02dc884ea4df276acc389d6cde av_two_third  avia-builder-el-1  el_before_av_one_third  avia-builder-el-first  first no_margin flex_column_div'     ><p>\n<style type=\"text\/css\" data-created_by=\"avia_inline_auto\" id=\"style-css-av-4oi61-6e3abf6569cedd4f790b2a57a1c5f3f4\">\n#top .av-special-heading.av-4oi61-6e3abf6569cedd4f790b2a57a1c5f3f4{\npadding-bottom:10px;\n}\nbody .av-special-heading.av-4oi61-6e3abf6569cedd4f790b2a57a1c5f3f4 .av-special-heading-tag .heading-char{\nfont-size:25px;\n}\n.av-special-heading.av-4oi61-6e3abf6569cedd4f790b2a57a1c5f3f4 .av-subheading{\nfont-size:15px;\n}\n<\/style>\n<div  class='av-special-heading av-4oi61-6e3abf6569cedd4f790b2a57a1c5f3f4 av-special-heading-h2 blockquote modern-quote  avia-builder-el-2  el_before_av_textblock  avia-builder-el-first'><div class='av-subheading av-subheading_above'><p>Wspaniale w<\/p>\n<\/div><h2 class='av-special-heading-tag'  itemprop=\"headline\"  >Pasta o\u0142owiowa<\/h2><div class=\"special-heading-border\"><div class=\"special-heading-inner-border\"><\/div><\/div><\/div><br \/>\n<section  class='av_textblock_section av-3o5oh-36c37cee78ade81d116541e986e7f524'   itemscope=\"itemscope\" itemtype=\"https:\/\/schema.org\/CreativeWork\" ><div class='avia_textblock'  itemprop=\"text\" ><h3>MCM: Tw\u00f3j zr\u00f3wnowa\u017cony partner w recyklingu o\u0142owiu<\/h3>\n<p>MCM jest liderem w recyklingu, handlu i przetwarzaniu pozosta\u0142o\u015bci cynku i o\u0142owiu od 1993 roku. Nasze zaanga\u017cowanie w zr\u00f3wnowa\u017cony rozw\u00f3j rozpocz\u0119\u0142o si\u0119 od jasnej wizji pozytywnego wp\u0142ywu na \u015brodowisko i od tego czasu aktywnie d\u0105\u017cymy do tego celu poprzez recykling i dostarczanie <a href=\"https:\/\/www.metalschemicalsgroup.com\/pl\/produkty\/olow\/\">pozosta\u0142o\u015bci o\u0142owiu<\/a> naszym klientom.<\/p>\n<p>Specjalizujemy si\u0119 w przetwarzaniu r\u00f3\u017cnych pozosta\u0142o\u015bci o\u0142owiu, w szczeg\u00f3lno\u015bci pasty o\u0142owiowej. Pasta o\u0142owiowa jest kluczowym, ale cz\u0119sto pomijanym sk\u0142adnikiem w nowoczesnych ga\u0142\u0119ziach przemys\u0142u, w kt\u00f3rych innowacyjno\u015b\u0107 ma kluczowe znaczenie. Od magazynowania energii po produkcj\u0119 elektroniki, pasta o\u0142owiowa odgrywa istotn\u0105 rol\u0119 w tym, jak wykorzystujemy energi\u0119 i technologi\u0119. Dzi\u0119ki naszemu wieloletniemu do\u015bwiadczeniu zbudowali\u015bmy globaln\u0105 sie\u0107 dostawc\u00f3w i klient\u00f3w oraz handlujemy i\/lub przetwarzamy ponad 100 000 ton pozosta\u0142o\u015bci cynku i o\u0142owiu rocznie.<\/p>\n<h3>Co to jest pasta o\u0142owiowa?<\/h3>\n<p>Pasta o\u0142owiowa jest produktem wt\u00f3rnym pochodz\u0105cym z recyklingu akumulator\u00f3w kwasowo-o\u0142owiowych. Akumulatory te s\u0105 powszechnie stosowane w konwencjonalnych samochodach na paliwo i pojazdach elektrycznych (EV), odgrywaj\u0105c znacz\u0105c\u0105 rol\u0119 w dzisiejszym krajobrazie motoryzacyjnym. Ten produkt uboczny jest pozyskiwany ze wzgl\u0119du na zawarto\u015b\u0107 o\u0142owiu i sk\u0142ada si\u0119 g\u0142\u00f3wnie z tlenku o\u0142owiu, siarczanu o\u0142owiu, kwasu siarkowego i r\u00f3\u017cnych dodatk\u00f3w, co czyni go idealnym materia\u0142em do r\u00f3\u017cnych zastosowa\u0144. Jego w\u0142a\u015bciwo\u015bci sprawiaj\u0105, \u017ce idealnie nadaje si\u0119 do szerokiego zakresu zastosowa\u0144, zw\u0142aszcza w produkcji akumulator\u00f3w kwasowo-o\u0142owiowych. Jedn\u0105 z kluczowych cech s\u0105 jego w\u0142a\u015bciwo\u015bci elektrochemiczne, co czyni go niezb\u0119dnym sk\u0142adnikiem akumulator\u00f3w kwasowo-o\u0142owiowych. U\u0142atwia ona konwersj\u0119 energii chemicznej w energi\u0119 elektryczn\u0105, umo\u017cliwiaj\u0105c magazynowanie i p\u00f3\u017aniejsze uwalnianie energii. To sprawia, \u017ce pasta o\u0142owiowa jest istotnym sk\u0142adnikiem w sektorze magazynowania energii.<\/p>\n<h3>Odzyskiwanie i recykling pasty o\u0142owiowej<\/h3>\n<p>W MCM rozumiemy znaczenie odzyskiwania tej pozosta\u0142o\u015bci w celu zmniejszenia zapotrzebowania na wydobywany o\u0142\u00f3w. Zajmujemy si\u0119 recyklingiem pasty o\u0142owiowej, dzi\u0119ki czemu inne firmy w bran\u017cy mog\u0105 odzyskiwa\u0107 o\u0142\u00f3w w procesie recyklingu pirometalurgicznego. Metoda ta polega na poddawaniu pasty o\u0142owiowej dzia\u0142aniu wysokich temperatur w celu oddzielenia o\u0142owiu od innych komponent\u00f3w ze wzgl\u0119du na jego ni\u017csz\u0105 temperatur\u0119 topnienia. Proces ten pozwala nam odzyska\u0107 cenne materia\u0142y i wyd\u0142u\u017cy\u0107 ich \u017cywotno\u015b\u0107 w r\u00f3\u017cnych zastosowaniach.<\/p>\n<p>Pasta o\u0142owiowa jest wysoce toksyczna ze wzgl\u0119du na zawarto\u015b\u0107 o\u0142owiu i jest klasyfikowana jako materia\u0142 niebezpieczny. Je\u015bli planujesz eksport lub import odpad\u00f3w niebezpiecznych w pa\u0144stwie cz\u0142onkowskim UE, musisz przestrzega\u0107 Europejskiego rozporz\u0105dzenia w sprawie przemieszczania odpad\u00f3w (EWSR lub EVOA w j\u0119zyku niderlandzkim). Rozporz\u0105dzenie to wymaga zawarcia umowy z odbiorc\u0105 odpad\u00f3w i uzyskania pozwolenia od kraj\u00f3w tranzytowych przed rozpocz\u0119ciem transportu. W MCM jeste\u015bmy w pe\u0142ni przygotowani do zarz\u0105dzania transportem odpad\u00f3w niebezpiecznych zgodnie ze wszystkimi obowi\u0105zuj\u0105cymi przepisami i regulacjami.<\/p>\n<p>Pomagamy naszym partnerom biznesowym zapewni\u0107 zgodno\u015b\u0107 z przepisami dotycz\u0105cymi recyklingu. Nasze silne powi\u0105zania z w\u0142adzami pozwalaj\u0105 nam pomaga\u0107 w procesach raportowania i powiadamiania. W razie potrzeby zapewniamy niezb\u0119dne wsparcie w celu zapewnienia sprawnego dzia\u0142ania.<\/p>\n<h3>Wk\u0142ad w bardziej ekologiczn\u0105 przysz\u0142o\u015b\u0107<\/h3>\n<p>W MCM, <a href=\"https:\/\/www.metalschemicalsgroup.com\/pl\/o-nas\/misja-wizja\/\">nasza wizja<\/a> wykracza poza sukces biznesowy. Zdajemy sobie spraw\u0119 ze znaczenia ochrony planety i zmniejszania wp\u0142ywu przemys\u0142u na \u015brodowisko. Poprzez recykling pozosta\u0142o\u015bci o\u0142owiu, w tym pasty o\u0142owiowej, przyczyniamy si\u0119 do bardziej zr\u00f3wnowa\u017conej przysz\u0142o\u015bci. Naszym celem jest stworzenie \u015bwiata, w kt\u00f3rym odpowiedzialny recykling odgrywa kluczow\u0105 rol\u0119 w ochronie zasob\u00f3w i \u015brodowiska.<\/p>\n<\/div><\/section><br \/>\n\n<style type=\"text\/css\" data-created_by=\"avia_inline_auto\" id=\"style-css-av-35za5-fa134435a2156a768af248b6b273b12f\">\n#top .hr.hr-invisible.av-35za5-fa134435a2156a768af248b6b273b12f{\nheight:30px;\n}\n<\/style>\n<div  class='hr av-35za5-fa134435a2156a768af248b6b273b12f hr-invisible  avia-builder-el-4  el_after_av_textblock  avia-builder-el-last'><span class='hr-inner'><span class=\"hr-inner-style\"><\/span><\/span><\/div><\/p><\/div><div  class='flex_column av-yjel-e6681b510749e9931205b252c54b5626 av_one_third  avia-builder-el-5  el_after_av_two_third  avia-builder-el-last  no_margin flex_column_div'     ><div  class='avia-builder-widget-area clearfix  avia-builder-el-6  avia-builder-el-no-sibling'><section id=\"text-6\" class=\"widget clearfix widget_text\"><h3 class=\"widgettitle\">Skontaktuj si\u0119 z nami<\/h3>\t\t\t<div class=\"textwidget\"><a class=\"mail\" href=\"mailto:info@metalschemicalsgroup.com\">info@metalschemicalsgroup.com<\/a>\r\n<a class=\"tel\" href=\"tel:+31(0)43 362 6500\">+31(0)43 362 6500<\/a><\/div>\n\t\t<span class=\"seperator extralight-border\"><\/span><\/section><\/div><\/div><\/div><\/div><\/main><!-- close content main element --><\/div><\/div>\n<style type=\"text\/css\" data-created_by=\"avia_inline_auto\" id=\"style-css-av-5ge3p-b376b9efa53a205ceaf71312e277bd9c\">\n.avia-section.av-5ge3p-b376b9efa53a205ceaf71312e277bd9c{\nmargin-top:-160px;\nmargin-bottom:0px;\n}\n<\/style>\n<div id='av_section_2'  class='avia-section av-5ge3p-b376b9efa53a205ceaf71312e277bd9c alternate_color avia-section-large avia-no-border-styling  avia-builder-el-7  el_after_av_section  avia-builder-el-last  avia-bg-style-scroll container_wrap fullsize'  ><div class='container av-section-cont-open' ><div class='template-page content  av-content-full alpha units'><div class='post-entry post-entry-type-page post-entry-1466'><div class='entry-content-wrapper clearfix'>\n\n<style type=\"text\/css\" data-created_by=\"avia_inline_auto\" id=\"style-css-av-1vxx-f3ebf9433468321563a377b7ac1234be\">\n#top .hr.hr-invisible.av-1vxx-f3ebf9433468321563a377b7ac1234be{\nheight:50px;\n}\n<\/style>\n<div  class='hr av-1vxx-f3ebf9433468321563a377b7ac1234be hr-invisible  avia-builder-el-8  el_before_av_textblock  avia-builder-el-first'><span class='hr-inner'><span class=\"hr-inner-style\"><\/span><\/span><\/div>\n<section  class='av_textblock_section av-4de61-d2dd1f1388e70c12d89b0a4a22ffae15'   itemscope=\"itemscope\" itemtype=\"https:\/\/schema.org\/CreativeWork\" ><div class='avia_textblock'  itemprop=\"text\" ><h2>Nasze produkty<\/h2>\n<\/div><\/section>\n<div class='flex_column_table av-3uacx-7d94fd024b7a8aeaa9fb8570e6a93e06 sc-av_one_third av-equal-height-column-flextable'>\n<style type=\"text\/css\" data-created_by=\"avia_inline_auto\" id=\"style-css-av-3uacx-7d94fd024b7a8aeaa9fb8570e6a93e06\">\n.flex_column.av-3uacx-7d94fd024b7a8aeaa9fb8570e6a93e06{\nwidth:33%;\nmargin-left:0;\nborder-radius:0px 0px 0px 0px;\npadding:240px 40px 60px 40px;\nbackground:url(https:\/\/www.metalschemicalsgroup.com\/wp-content\/uploads\/2022\/02\/2015.148181-scaled.jpg) 50% 50% no-repeat scroll ;\n}\n#top .flex_column_table.av-equal-height-column-flextable.av-3uacx-7d94fd024b7a8aeaa9fb8570e6a93e06 .av-flex-placeholder{\nwidth:0.5%;\n}\n<\/style>\n<div  class='flex_column av-3uacx-7d94fd024b7a8aeaa9fb8570e6a93e06 av_one_third  avia-builder-el-10  el_after_av_textblock  el_before_av_one_third  first flex_column_table_cell av-equal-height-column av-align-top avia-full-stretch avia-link-column av-column-link avia-link-column-hover  column-top-margin'    data-link-column-url=\"https:\/\/www.metalschemicalsgroup.com\/pl\/products\/zinc\/\"   ><a class=\"av-screen-reader-only\" href=\"https:\/\/www.metalschemicalsgroup.com\/pl\/products\/zinc\/\" >Link do: Pozosta\u0142o\u015bci cynku<\/a><style type=\"text\/css\" data-created_by=\"avia_inline_auto\" id=\"style-css-av-cec5-b82bbc141197b311d2131146bf74b427\">\n#top .av_textblock_section.av-cec5-b82bbc141197b311d2131146bf74b427 .avia_textblock{\ncolor:#ffffff;\n}\n<\/style>\n<section  class='av_textblock_section av-cec5-b82bbc141197b311d2131146bf74b427'   itemscope=\"itemscope\" itemtype=\"https:\/\/schema.org\/CreativeWork\" ><div class='avia_textblock categorie-blokken av_inherit_color'  itemprop=\"text\" ><h2>Pozosta\u0142o\u015bci cynku<\/h2>\n<\/div><\/section><\/div><div class='av-flex-placeholder'><\/div>\n<style type=\"text\/css\" data-created_by=\"avia_inline_auto\" id=\"style-css-av-2wtt1-d2db53cc1fea5fed2d77d80e75ff9ce5\">\n.flex_column.av-2wtt1-d2db53cc1fea5fed2d77d80e75ff9ce5{\nwidth:33%;\nmargin-left:0;\nborder-radius:0px 0px 0px 0px;\npadding:240px 40px 60px 40px;\nbackground:url(https:\/\/www.metalschemicalsgroup.com\/wp-content\/uploads\/2022\/02\/Furnace-scaled.jpg) 50% 50% no-repeat scroll ;\n}\n#top .flex_column_table.av-equal-height-column-flextable.av-2wtt1-d2db53cc1fea5fed2d77d80e75ff9ce5 .av-flex-placeholder{\nwidth:0.5%;\n}\n<\/style>\n<div  class='flex_column av-2wtt1-d2db53cc1fea5fed2d77d80e75ff9ce5 av_one_third  avia-builder-el-12  el_after_av_one_third  el_before_av_one_third  flex_column_table_cell av-equal-height-column av-align-top avia-full-stretch avia-link-column av-column-link avia-link-column-hover  column-top-margin'    data-link-column-url=\"https:\/\/www.metalschemicalsgroup.com\/pl\/products\/lead-residues\/\"   ><a class=\"av-screen-reader-only\" href=\"https:\/\/www.metalschemicalsgroup.com\/pl\/products\/lead-residues\/\" >Link do: Pozosta\u0142o\u015bci o\u0142owiu<\/a><style type=\"text\/css\" data-created_by=\"avia_inline_auto\" id=\"style-css-av-1vo2p-febcfdcd7ffde1e568c4368b9c58721d\">\n#top .av_textblock_section.av-1vo2p-febcfdcd7ffde1e568c4368b9c58721d .avia_textblock{\ncolor:#ffffff;\n}\n<\/style>\n<section  class='av_textblock_section av-1vo2p-febcfdcd7ffde1e568c4368b9c58721d'   itemscope=\"itemscope\" itemtype=\"https:\/\/schema.org\/CreativeWork\" ><div class='avia_textblock categorie-blokken av_inherit_color'  itemprop=\"text\" ><h2>Pozosta\u0142o\u015bci o\u0142owiu<\/h2>\n<\/div><\/section><\/div><div class='av-flex-placeholder'><\/div>\n<style type=\"text\/css\" data-created_by=\"avia_inline_auto\" id=\"style-css-av-1lgy1-176ba9393538f9fe5bd23aaf2c1f5981\">\n.flex_column.av-1lgy1-176ba9393538f9fe5bd23aaf2c1f5981{\nwidth:33%;\nmargin-left:0;\nborder-radius:0px 0px 0px 0px;\npadding:240px 40px 60px 40px;\nbackground:url(https:\/\/www.metalschemicalsgroup.com\/wp-content\/uploads\/2022\/12\/Gold-ingot-scaled.jpg) 50% 50% no-repeat scroll ;\n}\n#top .flex_column_table.av-equal-height-column-flextable.av-1lgy1-176ba9393538f9fe5bd23aaf2c1f5981 .av-flex-placeholder{\nwidth:0.5%;\n}\n<\/style>\n<div  class='flex_column av-1lgy1-176ba9393538f9fe5bd23aaf2c1f5981 av_one_third  avia-builder-el-14  el_after_av_one_third  avia-builder-el-last  categorie-blokken flex_column_table_cell av-equal-height-column av-align-top avia-full-stretch avia-link-column av-column-link avia-link-column-hover  column-top-margin'    data-link-column-url=\"https:\/\/www.metalschemicalsgroup.com\/pl\/products\/mining-chemicals\/\"   ><a class=\"av-screen-reader-only\" href=\"https:\/\/www.metalschemicalsgroup.com\/pl\/products\/mining-chemicals\/\" >Link do: Chemikalia g\u00f3rnicze<\/a><style type=\"text\/css\" data-created_by=\"avia_inline_auto\" id=\"style-css-av-ymyd-395e60348be8ab78ac0e10ea53774cf7\">\n#top .av_textblock_section.av-ymyd-395e60348be8ab78ac0e10ea53774cf7 .avia_textblock{\ncolor:#ffffff;\n}\n<\/style>\n<section  class='av_textblock_section av-ymyd-395e60348be8ab78ac0e10ea53774cf7'   itemscope=\"itemscope\" itemtype=\"https:\/\/schema.org\/CreativeWork\" ><div class='avia_textblock av_inherit_color'  itemprop=\"text\" ><h2>Chemikalia g\u00f3rnicze<\/h2>\n<\/div><\/section><\/div><\/div><!--close column table wrapper. Autoclose: 1 -->\n<\/p>","protected":false},"excerpt":{"rendered":"","protected":false},"author":1,"featured_media":0,"parent":51,"menu_order":0,"comment_status":"closed","ping_status":"closed","template":"","meta":{"_monsterinsights_skip_tracking":false,"_monsterinsights_sitenote_active":false,"_monsterinsights_sitenote_note":"","_monsterinsights_sitenote_category":0,"footnotes":""},"class_list":["post-1466","page","type-page","status-publish","hentry"],"yoast_head":"<!-- This site is optimized with the Yoast SEO plugin v27.3 - https:\/\/yoast.com\/product\/yoast-seo-wordpress\/ -->\n<title>Lead Paste - Metals Chemicals Maastricht<\/title>\n<meta name=\"description\" content=\"MCM specializes in sustainable lead paste recycling, reducing environmental impact and contributing to a greener future.\" \/>\n<meta name=\"robots\" content=\"index, follow, max-snippet:-1, max-image-preview:large, max-video-preview:-1\" \/>\n<link rel=\"canonical\" href=\"https:\/\/www.metalschemicalsgroup.com\/pl\/produkty\/pasta-olowiowa\/\" \/>\n<meta property=\"og:locale\" content=\"pl_PL\" \/>\n<meta property=\"og:type\" content=\"article\" \/>\n<meta property=\"og:title\" content=\"Lead Paste - Metals Chemicals Maastricht\" \/>\n<meta property=\"og:description\" content=\"MCM specializes in sustainable lead paste recycling, reducing environmental impact and contributing to a greener future.\" \/>\n<meta property=\"og:url\" content=\"https:\/\/www.metalschemicalsgroup.com\/pl\/produkty\/pasta-olowiowa\/\" \/>\n<meta property=\"og:site_name\" content=\"Metals Chemicals Maastricht\" \/>\n<meta property=\"article:modified_time\" content=\"2025-02-13T13:18:02+00:00\" \/>\n<meta name=\"twitter:card\" content=\"summary_large_image\" \/>\n<meta name=\"twitter:label1\" content=\"Szacowany czas czytania\" \/>\n\t<meta name=\"twitter:data1\" content=\"3 minuty\" \/>\n<script type=\"application\/ld+json\" class=\"yoast-schema-graph\">{\"@context\":\"https:\\\/\\\/schema.org\",\"@graph\":[{\"@type\":\"WebPage\",\"@id\":\"https:\\\/\\\/www.metalschemicalsgroup.com\\\/products\\\/lead-paste\\\/\",\"url\":\"https:\\\/\\\/www.metalschemicalsgroup.com\\\/products\\\/lead-paste\\\/\",\"name\":\"Lead Paste - Metals Chemicals Maastricht\",\"isPartOf\":{\"@id\":\"https:\\\/\\\/www.metalschemicalsgroup.com\\\/#website\"},\"datePublished\":\"2023-08-28T15:00:41+00:00\",\"dateModified\":\"2025-02-13T13:18:02+00:00\",\"description\":\"MCM specializes in sustainable lead paste recycling, reducing environmental impact and contributing to a greener future.\",\"breadcrumb\":{\"@id\":\"https:\\\/\\\/www.metalschemicalsgroup.com\\\/products\\\/lead-paste\\\/#breadcrumb\"},\"inLanguage\":\"pl-PL\",\"potentialAction\":[{\"@type\":\"ReadAction\",\"target\":[\"https:\\\/\\\/www.metalschemicalsgroup.com\\\/products\\\/lead-paste\\\/\"]}]},{\"@type\":\"BreadcrumbList\",\"@id\":\"https:\\\/\\\/www.metalschemicalsgroup.com\\\/products\\\/lead-paste\\\/#breadcrumb\",\"itemListElement\":[{\"@type\":\"ListItem\",\"position\":1,\"name\":\"Home\",\"item\":\"https:\\\/\\\/www.metalschemicalsgroup.com\\\/partner-in-zinc-lead-mining-chemicals\\\/\"},{\"@type\":\"ListItem\",\"position\":2,\"name\":\"Products\",\"item\":\"https:\\\/\\\/www.metalschemicalsgroup.com\\\/products\\\/\"},{\"@type\":\"ListItem\",\"position\":3,\"name\":\"Lead Paste\"}]},{\"@type\":\"WebSite\",\"@id\":\"https:\\\/\\\/www.metalschemicalsgroup.com\\\/#website\",\"url\":\"https:\\\/\\\/www.metalschemicalsgroup.com\\\/\",\"name\":\"Metals Chemicals Maastricht\",\"description\":\"Strong in Zinc\",\"potentialAction\":[{\"@type\":\"SearchAction\",\"target\":{\"@type\":\"EntryPoint\",\"urlTemplate\":\"https:\\\/\\\/www.metalschemicalsgroup.com\\\/?s={search_term_string}\"},\"query-input\":{\"@type\":\"PropertyValueSpecification\",\"valueRequired\":true,\"valueName\":\"search_term_string\"}}],\"inLanguage\":\"pl-PL\"}]}<\/script>\n<!-- \/ Yoast SEO plugin. -->","yoast_head_json":{"title":"Pasta o\u0142owiowa - Metals Chemicals Maastricht","description":"MCM specjalizuje si\u0119 w zr\u00f3wnowa\u017conym recyklingu pasty o\u0142owiowej, zmniejszaj\u0105c wp\u0142yw na \u015brodowisko i przyczyniaj\u0105c si\u0119 do bardziej ekologicznej przysz\u0142o\u015bci.","robots":{"index":"index","follow":"follow","max-snippet":"max-snippet:-1","max-image-preview":"max-image-preview:large","max-video-preview":"max-video-preview:-1"},"canonical":"https:\/\/www.metalschemicalsgroup.com\/pl\/produkty\/pasta-olowiowa\/","og_locale":"pl_PL","og_type":"article","og_title":"Lead Paste - Metals Chemicals Maastricht","og_description":"MCM specializes in sustainable lead paste recycling, reducing environmental impact and contributing to a greener future.","og_url":"https:\/\/www.metalschemicalsgroup.com\/pl\/produkty\/pasta-olowiowa\/","og_site_name":"Metals Chemicals Maastricht","article_modified_time":"2025-02-13T13:18:02+00:00","twitter_card":"summary_large_image","twitter_misc":{"Szacowany czas czytania":"3 minuty"},"schema":{"@context":"https:\/\/schema.org","@graph":[{"@type":"WebPage","@id":"https:\/\/www.metalschemicalsgroup.com\/products\/lead-paste\/","url":"https:\/\/www.metalschemicalsgroup.com\/products\/lead-paste\/","name":"Pasta o\u0142owiowa - Metals Chemicals Maastricht","isPartOf":{"@id":"https:\/\/www.metalschemicalsgroup.com\/#website"},"datePublished":"2023-08-28T15:00:41+00:00","dateModified":"2025-02-13T13:18:02+00:00","description":"MCM specjalizuje si\u0119 w zr\u00f3wnowa\u017conym recyklingu pasty o\u0142owiowej, zmniejszaj\u0105c wp\u0142yw na \u015brodowisko i przyczyniaj\u0105c si\u0119 do bardziej ekologicznej przysz\u0142o\u015bci.","breadcrumb":{"@id":"https:\/\/www.metalschemicalsgroup.com\/products\/lead-paste\/#breadcrumb"},"inLanguage":"pl-PL","potentialAction":[{"@type":"ReadAction","target":["https:\/\/www.metalschemicalsgroup.com\/products\/lead-paste\/"]}]},{"@type":"BreadcrumbList","@id":"https:\/\/www.metalschemicalsgroup.com\/products\/lead-paste\/#breadcrumb","itemListElement":[{"@type":"ListItem","position":1,"name":"Home","item":"https:\/\/www.metalschemicalsgroup.com\/partner-in-zinc-lead-mining-chemicals\/"},{"@type":"ListItem","position":2,"name":"Products","item":"https:\/\/www.metalschemicalsgroup.com\/products\/"},{"@type":"ListItem","position":3,"name":"Lead Paste"}]},{"@type":"WebSite","@id":"https:\/\/www.metalschemicalsgroup.com\/#website","url":"https:\/\/www.metalschemicalsgroup.com\/","name":"Metals Chemicals Maastricht","description":"Silny w cynk","potentialAction":[{"@type":"SearchAction","target":{"@type":"EntryPoint","urlTemplate":"https:\/\/www.metalschemicalsgroup.com\/?s={search_term_string}"},"query-input":{"@type":"PropertyValueSpecification","valueRequired":true,"valueName":"search_term_string"}}],"inLanguage":"pl-PL"}]}},"_links":{"self":[{"href":"https:\/\/www.metalschemicalsgroup.com\/pl\/wp-json\/wp\/v2\/pages\/1466","targetHints":{"allow":["GET"]}}],"collection":[{"href":"https:\/\/www.metalschemicalsgroup.com\/pl\/wp-json\/wp\/v2\/pages"}],"about":[{"href":"https:\/\/www.metalschemicalsgroup.com\/pl\/wp-json\/wp\/v2\/types\/page"}],"author":[{"embeddable":true,"href":"https:\/\/www.metalschemicalsgroup.com\/pl\/wp-json\/wp\/v2\/users\/1"}],"replies":[{"embeddable":true,"href":"https:\/\/www.metalschemicalsgroup.com\/pl\/wp-json\/wp\/v2\/comments?post=1466"}],"version-history":[{"count":13,"href":"https:\/\/www.metalschemicalsgroup.com\/pl\/wp-json\/wp\/v2\/pages\/1466\/revisions"}],"predecessor-version":[{"id":1624,"href":"https:\/\/www.metalschemicalsgroup.com\/pl\/wp-json\/wp\/v2\/pages\/1466\/revisions\/1624"}],"up":[{"embeddable":true,"href":"https:\/\/www.metalschemicalsgroup.com\/pl\/wp-json\/wp\/v2\/pages\/51"}],"wp:attachment":[{"href":"https:\/\/www.metalschemicalsgroup.com\/pl\/wp-json\/wp\/v2\/media?parent=1466"}],"curies":[{"name":"wp","href":"https:\/\/api.w.org\/{rel}","templated":true}]}}