{"id":1474,"date":"2023-08-28T15:10:12","date_gmt":"2023-08-28T15:10:12","guid":{"rendered":"https:\/\/www.metalschemicalsgroup.com\/?page_id=1474"},"modified":"2025-02-13T15:12:29","modified_gmt":"2025-02-13T14:12:29","slug":"zamak","status":"publish","type":"page","link":"https:\/\/www.metalschemicalsgroup.com\/pl\/products\/zamak\/","title":{"rendered":"Zamak"},"content":{"rendered":"<style type=\"text\/css\" data-created_by=\"avia_inline_auto\" id=\"style-css-av-kyskoffo-baf9e3923d95a7d2d0cee0ed449d8617\">\n.avia-section.av-kyskoffo-baf9e3923d95a7d2d0cee0ed449d8617{\nbackground-repeat:no-repeat;\nbackground-image:url(https:\/\/www.metalschemicalsgroup.com\/wp-content\/uploads\/2023\/08\/zamak.jpg);\nbackground-position:50% 50%;\nbackground-attachment:scroll;\n}\n.avia-section.av-kyskoffo-baf9e3923d95a7d2d0cee0ed449d8617 .av-section-color-overlay{\nopacity:0.1;\nbackground-color:#000000;\n}\n<\/style>\n<div id='av_section_1'  class='avia-section av-kyskoffo-baf9e3923d95a7d2d0cee0ed449d8617 main_color avia-section-default avia-no-border-styling  avia-builder-el-0  el_before_av_section  avia-builder-el-first  avia-full-stretch avia-bg-style-scroll av-section-color-overlay-active av-minimum-height av-minimum-height-custom av-height-custom  container_wrap fullsize'  data-section-bg-repeat='stretch' data-av_minimum_height_px='580'><div class=\"av-section-color-overlay-wrap\"><div class=\"av-section-color-overlay\"><\/div><div class='container av-section-cont-open' style='height:580px'><main  role=\"main\" itemprop=\"mainContentOfPage\"  class='template-page content  av-content-full alpha units'><div class='post-entry post-entry-type-page post-entry-1474'><div class='entry-content-wrapper clearfix'>\n<div  class='flex_column av-1987d-2676d4e0325681cd7c2502aaf330ff5e av_two_fifth  avia-builder-el-1  el_before_av_one_third  avia-builder-el-first  first flex_column_div'     ><style type=\"text\/css\" data-created_by=\"avia_inline_auto\" id=\"style-css-av-kyskpsqo-542704b3df364376586ddbd1580c6e16\">\n#top .av_textblock_section.av-kyskpsqo-542704b3df364376586ddbd1580c6e16 .avia_textblock{\nfont-size:20px;\ncolor:#ffffff;\n}\n<\/style>\n<section  class='av_textblock_section av-kyskpsqo-542704b3df364376586ddbd1580c6e16'   itemscope=\"itemscope\" itemtype=\"https:\/\/schema.org\/CreativeWork\" ><div class='avia_textblock heading-content-intro av_inherit_color'  itemprop=\"text\" ><h1>Zamak<\/h1>\n<\/div><\/section><\/div><div  class='flex_column av-zsb9-016a8d25fbf13ea0faa4cbceca88048f av_one_third  avia-builder-el-3  el_after_av_two_fifth  avia-builder-el-last  flex_column_div'     ><\/div>\n\n<\/div><\/div><\/main><!-- close content main element --><\/div><\/div><\/div><div id='av_section_2'  class='avia-section av-24gl5-d24183ed9fcfbb921d9547743fdb076d main_color avia-section-large avia-no-border-styling  avia-builder-el-4  el_after_av_section  el_before_av_section  avia-bg-style-scroll container_wrap fullsize'  ><div class='container av-section-cont-open' ><div class='template-page content  av-content-full alpha units'><div class='post-entry post-entry-type-page post-entry-1474'><div class='entry-content-wrapper clearfix'>\n\n<style type=\"text\/css\" data-created_by=\"avia_inline_auto\" id=\"style-css-av-kysp3mf8-f64afa02dc884ea4df276acc389d6cde\">\n.flex_column.av-kysp3mf8-f64afa02dc884ea4df276acc389d6cde{\npadding:0 80px 0 0;\n}\n<\/style>\n<div  id=\"content-blok\"  class='flex_column av-kysp3mf8-f64afa02dc884ea4df276acc389d6cde av_two_third  avia-builder-el-5  el_before_av_one_third  avia-builder-el-first  first no_margin flex_column_div'     ><p>\n<style type=\"text\/css\" data-created_by=\"avia_inline_auto\" id=\"style-css-av-4oi61-83e055c2ddb54b9aa6b9d17682d03dd1\">\n#top .av-special-heading.av-4oi61-83e055c2ddb54b9aa6b9d17682d03dd1{\npadding-bottom:10px;\n}\nbody .av-special-heading.av-4oi61-83e055c2ddb54b9aa6b9d17682d03dd1 .av-special-heading-tag .heading-char{\nfont-size:25px;\n}\n.av-special-heading.av-4oi61-83e055c2ddb54b9aa6b9d17682d03dd1 .av-subheading{\nfont-size:15px;\n}\n<\/style>\n<div  class='av-special-heading av-4oi61-83e055c2ddb54b9aa6b9d17682d03dd1 av-special-heading-h2 blockquote modern-quote  avia-builder-el-6  el_before_av_textblock  avia-builder-el-first'><div class='av-subheading av-subheading_above'><p>Wspaniale w<\/p>\n<\/div><h2 class='av-special-heading-tag'  itemprop=\"headline\"  >Zamak<\/h2><div class=\"special-heading-border\"><div class=\"special-heading-inner-border\"><\/div><\/div><\/div><br \/>\n<section  class='av_textblock_section av-3o5oh-36c37cee78ade81d116541e986e7f524'   itemscope=\"itemscope\" itemtype=\"https:\/\/schema.org\/CreativeWork\" ><div class='avia_textblock'  itemprop=\"text\" ><h3>Witamy w MCM - partnerze w zakresie zr\u00f3wnowa\u017conego recyklingu<\/h3>\n<p>W MCM jeste\u015bmy dumni z bycia zaufanym partnerem w recyklingu cynku i o\u0142owiu. Jednym z naszych kluczowych obszar\u00f3w specjalizacji jest recykling stop\u00f3w na bazie cynku. W szczeg\u00f3lno\u015bci specjalizujemy si\u0119 w handlu, przetwarzaniu i recyklingu odpad\u00f3w metalowych ZAMAK, kt\u00f3re s\u0105 nast\u0119pnie wykorzystywane jako surowiec dla przemys\u0142u cynkowego. Nasz\u0105 misj\u0105 jest dostarczanie wiedzy eksperckiej i dostosowanych rozwi\u0105za\u0144 naszym partnerom biznesowym, zapewniaj\u0105c optymalny recykling pozosta\u0142o\u015bci z r\u00f3\u017cnych proces\u00f3w przemys\u0142owych. W MCM wierzymy, \u017ce odpady nie s\u0105 punktem ko\u0144cowym, ale raczej pocz\u0105tkiem nowego cyklu \u017cycia.<\/p>\n<h3>Czym jest ZAMAK?<\/h3>\n<p>Stopy ZAMAK to rodzina materia\u0142\u00f3w na bazie cynku, powszechnie znanych ze swojej wytrzyma\u0142o\u015bci, trwa\u0142o\u015bci i \u0142atwo\u015bci przetwarzania. Sk\u0142ad stop\u00f3w ZAMAK obejmuje podstawowe pierwiastki, takie jak Z (cynk), A (aluminium), MA (magnez) i K (mied\u017a). Opr\u00f3cz praktycznych korzy\u015bci, materia\u0142y te s\u0105 r\u00f3wnie\u017c przyjazne dla \u015brodowiska ze wzgl\u0119du na ich wysok\u0105 zdolno\u015b\u0107 do recyklingu. Potencja\u0142 recyklingu ZAMAK jest znaczny, co pomaga zmniejszy\u0107 wp\u0142yw tych materia\u0142\u00f3w na \u015brodowisko. Co wi\u0119cej, d\u0142uga \u017cywotno\u015b\u0107 ZAMAK zapewnia, \u017ce cz\u0119ste wymiany s\u0105 zminimalizowane, przyczyniaj\u0105c si\u0119 do bardziej zr\u00f3wnowa\u017conych praktyk przemys\u0142owych.<\/p>\n<p>W MCM naszym g\u0142\u00f3wnym celem jest redukcja odpad\u00f3w i ochrona zasob\u00f3w. Przetwarzaj\u0105c odpady ZAMAK, przyczyniamy si\u0119 do gospodarki o obiegu zamkni\u0119tym, ponownie wykorzystuj\u0105c odpady jako cenny surowiec. Proces ten znacznie zmniejsza zapotrzebowanie na surowce pierwotne. W rezultacie zu\u017cycie energii i wp\u0142yw wydobycia s\u0105 ni\u017csze, a \u015blad w\u0119glowy jest mniejszy. Dodatkowo, nasze przetworzone odpady ZAMAK stanowi\u0105 op\u0142acaln\u0105 alternatyw\u0119 dla surowc\u00f3w pierwotnych. W ten spos\u00f3b materia\u0142y wt\u00f3rne staj\u0105 si\u0119 strategicznym ekonomicznie wyborem, poniewa\u017c ich jako\u015b\u0107 jest niemal identyczna, a ceny s\u0105 bardziej przyst\u0119pne.<\/p>\n<h3>Sprzeda\u017c odpad\u00f3w ZAMAK do MCM<\/h3>\n<p>Nasz\u0105 g\u0142\u00f3wn\u0105 misj\u0105 jest kupowanie odpad\u00f3w metalowych od naszych cenionych partner\u00f3w, pomagaj\u0105c w tworzeniu bardziej zr\u00f3wnowa\u017conego krajobrazu przemys\u0142owego. Sprzedaj\u0105c odpady ZAMAK do MCM, mo\u017cesz usprawni\u0107 procesy zarz\u0105dzania odpadami i przyczyni\u0107 si\u0119 do czystszego \u015brodowiska, jednocze\u015bnie promuj\u0105c odpowiedzialne wykorzystanie zasob\u00f3w. Je\u015bli masz nadmiar odpad\u00f3w ZAMAK, zamiast je utylizowa\u0107, zach\u0119camy do rozwa\u017cenia korzy\u015bci p\u0142yn\u0105cych z ich sprzeda\u017cy do MCM. W ten spos\u00f3b materia\u0142 b\u0119dzie nadal mia\u0142 u\u017cyteczny cel, zapobiegaj\u0105c obci\u0105\u017ceniu \u015brodowiska. Jednocze\u015bnie dostarczasz cenne materia\u0142y dla przemys\u0142u.<\/p>\n<p>Aby rozpocz\u0105\u0107, wystarczy skontaktowa\u0107 si\u0119 z nami, podaj\u0105c szczeg\u00f3\u0142y dotycz\u0105ce odpad\u00f3w ZAMAK. Nasi eksperci oceni\u0105 materia\u0142 i zaoferuj\u0105 konkurencyjn\u0105 cen\u0119 w oparciu o jego jako\u015b\u0107 i ilo\u015b\u0107. W ten spos\u00f3b mo\u017cesz przekszta\u0142ci\u0107 to, co mo\u017ce by\u0107 uwa\u017cane za odpad, w cenny strumie\u0144 przychod\u00f3w dla Twojej firmy. Zapewniamy, \u017ce nasze konkurencyjne ceny gwarantuj\u0105, \u017ce odpady ZAMAK maj\u0105 znaczn\u0105 warto\u015b\u0107.<\/p>\n<h3>Nasze zaanga\u017cowanie w zr\u00f3wnowa\u017cony rozw\u00f3j<\/h3>\n<p>W MCM nasza wizja wykracza poza sukces biznesowy. Jeste\u015bmy g\u0142\u0119boko zaanga\u017cowani w ochron\u0119 naszej planety i zmniejszanie wp\u0142ywu dzia\u0142alno\u015bci przemys\u0142owej na \u015brodowisko. Wybieraj\u0105c nas na swojego partnera w zakresie recyklingu, aktywnie przyczyniasz si\u0119 do bardziej ekologicznej i zr\u00f3wnowa\u017conej przysz\u0142o\u015bci.<\/p>\n<\/div><\/section><br \/>\n\n<style type=\"text\/css\" data-created_by=\"avia_inline_auto\" id=\"style-css-av-35za5-fa134435a2156a768af248b6b273b12f\">\n#top .hr.hr-invisible.av-35za5-fa134435a2156a768af248b6b273b12f{\nheight:30px;\n}\n<\/style>\n<div  class='hr av-35za5-fa134435a2156a768af248b6b273b12f hr-invisible  avia-builder-el-8  el_after_av_textblock  el_before_av_slideshow'><span class='hr-inner'><span class=\"hr-inner-style\"><\/span><\/span><\/div><br \/>\n<div  class='avia-slideshow av-2ba9l-e24e4f4f7ae926bb87ee2e06eb8d3eb9 avia-slideshow-no scaling av_slideshow avia-slide-slider  avia-builder-el-9  el_after_av_hr  avia-builder-el-last  av-slideshow-ui av-control-default av-slideshow-autoplay av-loop-endless av-loop-manual-endless av-default-height-applied avia-slideshow-1' data-slideshow-options=\"{&quot;animation&quot;:&quot;slide&quot;,&quot;autoplay&quot;:true,&quot;loop_autoplay&quot;:&quot;endless&quot;,&quot;interval&quot;:5,&quot;loop_manual&quot;:&quot;manual-endless&quot;,&quot;autoplay_stopper&quot;:false,&quot;noNavigation&quot;:false,&quot;bg_slider&quot;:false,&quot;keep_padding&quot;:false,&quot;hoverpause&quot;:false,&quot;show_slide_delay&quot;:0}\"  itemprop=\"image\" itemscope=\"itemscope\" itemtype=\"https:\/\/schema.org\/ImageObject\" ><ul class='avia-slideshow-inner' style='padding-bottom: 123.37662337662%;'><li  class='avia-slideshow-slide av-2ba9l-e24e4f4f7ae926bb87ee2e06eb8d3eb9__0  av-single-slide slide-1 slide-odd'><div data-rel='slideshow-1' class='avia-slide-wrap'   ><img decoding=\"async\" fetchpriority=\"high\" class=\"wp-image-1476 avia-img-lazy-loading-not-1476\"  src=\"https:\/\/www.metalschemicalsgroup.com\/wp-content\/uploads\/2023\/08\/zamak.jpg\" width=\"1386\" height=\"1710\" title='zamak' alt=''  itemprop=\"thumbnailUrl\" srcset=\"https:\/\/www.metalschemicalsgroup.com\/wp-content\/uploads\/2023\/08\/zamak.jpg 1386w, https:\/\/www.metalschemicalsgroup.com\/wp-content\/uploads\/2023\/08\/zamak-243x300.jpg 243w, https:\/\/www.metalschemicalsgroup.com\/wp-content\/uploads\/2023\/08\/zamak-835x1030.jpg 835w, https:\/\/www.metalschemicalsgroup.com\/wp-content\/uploads\/2023\/08\/zamak-768x948.jpg 768w, https:\/\/www.metalschemicalsgroup.com\/wp-content\/uploads\/2023\/08\/zamak-1245x1536.jpg 1245w, https:\/\/www.metalschemicalsgroup.com\/wp-content\/uploads\/2023\/08\/zamak-10x12.jpg 10w, https:\/\/www.metalschemicalsgroup.com\/wp-content\/uploads\/2023\/08\/zamak-1216x1500.jpg 1216w, https:\/\/www.metalschemicalsgroup.com\/wp-content\/uploads\/2023\/08\/zamak-571x705.jpg 571w\" sizes=\"(max-width: 1386px) 100vw, 1386px\" \/><\/div><\/li><\/ul><\/div><\/p><\/div><div  class='flex_column av-yjel-e6681b510749e9931205b252c54b5626 av_one_third  avia-builder-el-10  el_after_av_two_third  avia-builder-el-last  no_margin flex_column_div'     ><div  class='avia-builder-widget-area clearfix  avia-builder-el-11  avia-builder-el-no-sibling'><section id=\"text-6\" class=\"widget clearfix widget_text\"><h3 class=\"widgettitle\">Skontaktuj si\u0119 z nami<\/h3>\t\t\t<div class=\"textwidget\"><a class=\"mail\" href=\"mailto:info@metalschemicalsgroup.com\">info@metalschemicalsgroup.com<\/a>\r\n<a class=\"tel\" href=\"tel:+31(0)43 362 6500\">+31(0)43 362 6500<\/a><\/div>\n\t\t<span class=\"seperator extralight-border\"><\/span><\/section><\/div><\/div><\/div><\/div><\/div><!-- close content main div --><\/div><\/div>\n<style type=\"text\/css\" data-created_by=\"avia_inline_auto\" id=\"style-css-av-5ge3p-b376b9efa53a205ceaf71312e277bd9c\">\n.avia-section.av-5ge3p-b376b9efa53a205ceaf71312e277bd9c{\nmargin-top:-160px;\nmargin-bottom:0px;\n}\n<\/style>\n<div id='av_section_3'  class='avia-section av-5ge3p-b376b9efa53a205ceaf71312e277bd9c alternate_color avia-section-large avia-no-border-styling  avia-builder-el-12  el_after_av_section  avia-builder-el-last  avia-bg-style-scroll container_wrap fullsize'  ><div class='container av-section-cont-open' ><div class='template-page content  av-content-full alpha units'><div class='post-entry post-entry-type-page post-entry-1474'><div class='entry-content-wrapper clearfix'>\n\n<style type=\"text\/css\" data-created_by=\"avia_inline_auto\" id=\"style-css-av-1vxx-f3ebf9433468321563a377b7ac1234be\">\n#top .hr.hr-invisible.av-1vxx-f3ebf9433468321563a377b7ac1234be{\nheight:50px;\n}\n<\/style>\n<div  class='hr av-1vxx-f3ebf9433468321563a377b7ac1234be hr-invisible  avia-builder-el-13  el_before_av_textblock  avia-builder-el-first'><span class='hr-inner'><span class=\"hr-inner-style\"><\/span><\/span><\/div>\n<section  class='av_textblock_section av-4de61-d2dd1f1388e70c12d89b0a4a22ffae15'   itemscope=\"itemscope\" itemtype=\"https:\/\/schema.org\/CreativeWork\" ><div class='avia_textblock'  itemprop=\"text\" ><h2>Nasze produkty<\/h2>\n<\/div><\/section>\n<div class='flex_column_table av-3uacx-7d94fd024b7a8aeaa9fb8570e6a93e06 sc-av_one_third av-equal-height-column-flextable'>\n<style type=\"text\/css\" data-created_by=\"avia_inline_auto\" id=\"style-css-av-3uacx-7d94fd024b7a8aeaa9fb8570e6a93e06\">\n.flex_column.av-3uacx-7d94fd024b7a8aeaa9fb8570e6a93e06{\nwidth:33%;\nmargin-left:0;\nborder-radius:0px 0px 0px 0px;\npadding:240px 40px 60px 40px;\nbackground:url(https:\/\/www.metalschemicalsgroup.com\/wp-content\/uploads\/2022\/02\/2015.148181-scaled.jpg) 50% 50% no-repeat scroll ;\n}\n#top .flex_column_table.av-equal-height-column-flextable.av-3uacx-7d94fd024b7a8aeaa9fb8570e6a93e06 .av-flex-placeholder{\nwidth:0.5%;\n}\n<\/style>\n<div  class='flex_column av-3uacx-7d94fd024b7a8aeaa9fb8570e6a93e06 av_one_third  avia-builder-el-15  el_after_av_textblock  el_before_av_one_third  first flex_column_table_cell av-equal-height-column av-align-top avia-full-stretch avia-link-column av-column-link avia-link-column-hover  column-top-margin'    data-link-column-url=\"https:\/\/www.metalschemicalsgroup.com\/pl\/products\/zinc\/\"   ><a class=\"av-screen-reader-only\" href=\"https:\/\/www.metalschemicalsgroup.com\/pl\/products\/zinc\/\" >Link do: Pozosta\u0142o\u015bci cynku<\/a><style type=\"text\/css\" data-created_by=\"avia_inline_auto\" id=\"style-css-av-cec5-b82bbc141197b311d2131146bf74b427\">\n#top .av_textblock_section.av-cec5-b82bbc141197b311d2131146bf74b427 .avia_textblock{\ncolor:#ffffff;\n}\n<\/style>\n<section  class='av_textblock_section av-cec5-b82bbc141197b311d2131146bf74b427'   itemscope=\"itemscope\" itemtype=\"https:\/\/schema.org\/CreativeWork\" ><div class='avia_textblock categorie-blokken av_inherit_color'  itemprop=\"text\" ><h2>Pozosta\u0142o\u015bci cynku<\/h2>\n<\/div><\/section><\/div><div class='av-flex-placeholder'><\/div>\n<style type=\"text\/css\" data-created_by=\"avia_inline_auto\" id=\"style-css-av-2wtt1-d2db53cc1fea5fed2d77d80e75ff9ce5\">\n.flex_column.av-2wtt1-d2db53cc1fea5fed2d77d80e75ff9ce5{\nwidth:33%;\nmargin-left:0;\nborder-radius:0px 0px 0px 0px;\npadding:240px 40px 60px 40px;\nbackground:url(https:\/\/www.metalschemicalsgroup.com\/wp-content\/uploads\/2022\/02\/Furnace-scaled.jpg) 50% 50% no-repeat scroll ;\n}\n#top .flex_column_table.av-equal-height-column-flextable.av-2wtt1-d2db53cc1fea5fed2d77d80e75ff9ce5 .av-flex-placeholder{\nwidth:0.5%;\n}\n<\/style>\n<div  class='flex_column av-2wtt1-d2db53cc1fea5fed2d77d80e75ff9ce5 av_one_third  avia-builder-el-17  el_after_av_one_third  el_before_av_one_third  flex_column_table_cell av-equal-height-column av-align-top avia-full-stretch avia-link-column av-column-link avia-link-column-hover  column-top-margin'    data-link-column-url=\"https:\/\/www.metalschemicalsgroup.com\/pl\/products\/lead-residues\/\"   ><a class=\"av-screen-reader-only\" href=\"https:\/\/www.metalschemicalsgroup.com\/pl\/products\/lead-residues\/\" >Link do: Pozosta\u0142o\u015bci o\u0142owiu<\/a><style type=\"text\/css\" data-created_by=\"avia_inline_auto\" id=\"style-css-av-1vo2p-febcfdcd7ffde1e568c4368b9c58721d\">\n#top .av_textblock_section.av-1vo2p-febcfdcd7ffde1e568c4368b9c58721d .avia_textblock{\ncolor:#ffffff;\n}\n<\/style>\n<section  class='av_textblock_section av-1vo2p-febcfdcd7ffde1e568c4368b9c58721d'   itemscope=\"itemscope\" itemtype=\"https:\/\/schema.org\/CreativeWork\" ><div class='avia_textblock categorie-blokken av_inherit_color'  itemprop=\"text\" ><h2>Pozosta\u0142o\u015bci o\u0142owiu<\/h2>\n<\/div><\/section><\/div><div class='av-flex-placeholder'><\/div>\n<style type=\"text\/css\" data-created_by=\"avia_inline_auto\" id=\"style-css-av-1lgy1-176ba9393538f9fe5bd23aaf2c1f5981\">\n.flex_column.av-1lgy1-176ba9393538f9fe5bd23aaf2c1f5981{\nwidth:33%;\nmargin-left:0;\nborder-radius:0px 0px 0px 0px;\npadding:240px 40px 60px 40px;\nbackground:url(https:\/\/www.metalschemicalsgroup.com\/wp-content\/uploads\/2022\/12\/Gold-ingot-scaled.jpg) 50% 50% no-repeat scroll ;\n}\n#top .flex_column_table.av-equal-height-column-flextable.av-1lgy1-176ba9393538f9fe5bd23aaf2c1f5981 .av-flex-placeholder{\nwidth:0.5%;\n}\n<\/style>\n<div  class='flex_column av-1lgy1-176ba9393538f9fe5bd23aaf2c1f5981 av_one_third  avia-builder-el-19  el_after_av_one_third  avia-builder-el-last  categorie-blokken flex_column_table_cell av-equal-height-column av-align-top avia-full-stretch avia-link-column av-column-link avia-link-column-hover  column-top-margin'    data-link-column-url=\"https:\/\/www.metalschemicalsgroup.com\/pl\/products\/mining-chemicals\/\"   ><a class=\"av-screen-reader-only\" href=\"https:\/\/www.metalschemicalsgroup.com\/pl\/products\/mining-chemicals\/\" >Link do: Chemikalia g\u00f3rnicze<\/a><style type=\"text\/css\" data-created_by=\"avia_inline_auto\" id=\"style-css-av-ymyd-395e60348be8ab78ac0e10ea53774cf7\">\n#top .av_textblock_section.av-ymyd-395e60348be8ab78ac0e10ea53774cf7 .avia_textblock{\ncolor:#ffffff;\n}\n<\/style>\n<section  class='av_textblock_section av-ymyd-395e60348be8ab78ac0e10ea53774cf7'   itemscope=\"itemscope\" itemtype=\"https:\/\/schema.org\/CreativeWork\" ><div class='avia_textblock av_inherit_color'  itemprop=\"text\" ><h2>Chemikalia g\u00f3rnicze<\/h2>\n<\/div><\/section><\/div><\/div><!--close column table wrapper. Autoclose: 1 -->\n<\/p>","protected":false},"excerpt":{"rendered":"","protected":false},"author":1,"featured_media":0,"parent":51,"menu_order":0,"comment_status":"closed","ping_status":"closed","template":"","meta":{"_monsterinsights_skip_tracking":false,"_monsterinsights_sitenote_active":false,"_monsterinsights_sitenote_note":"","_monsterinsights_sitenote_category":0,"footnotes":""},"class_list":["post-1474","page","type-page","status-publish","hentry"],"yoast_head":"<!-- This site is optimized with the Yoast SEO plugin v27.3 - https:\/\/yoast.com\/product\/yoast-seo-wordpress\/ -->\n<title>Zamak - Metals Chemicals Maastricht<\/title>\n<meta name=\"description\" content=\"We specialize in the processing, and recycling of ZAMAK waste materials, which afterward are used as raw components for the Zinc Industry.\" \/>\n<meta name=\"robots\" content=\"index, follow, max-snippet:-1, max-image-preview:large, max-video-preview:-1\" \/>\n<link rel=\"canonical\" href=\"https:\/\/www.metalschemicalsgroup.com\/pl\/produkty\/zamak\/\" \/>\n<meta property=\"og:locale\" content=\"pl_PL\" \/>\n<meta property=\"og:type\" content=\"article\" \/>\n<meta property=\"og:title\" content=\"Zamak - Metals Chemicals Maastricht\" \/>\n<meta property=\"og:description\" content=\"We specialize in the processing, and recycling of ZAMAK waste materials, which afterward are used as raw components for the Zinc Industry.\" \/>\n<meta property=\"og:url\" content=\"https:\/\/www.metalschemicalsgroup.com\/pl\/produkty\/zamak\/\" \/>\n<meta property=\"og:site_name\" content=\"Metals Chemicals Maastricht\" \/>\n<meta property=\"article:modified_time\" content=\"2025-02-13T14:12:29+00:00\" \/>\n<meta name=\"twitter:card\" content=\"summary_large_image\" \/>\n<meta name=\"twitter:label1\" content=\"Szacowany czas czytania\" \/>\n\t<meta name=\"twitter:data1\" content=\"3 minuty\" \/>\n<script type=\"application\/ld+json\" class=\"yoast-schema-graph\">{\"@context\":\"https:\\\/\\\/schema.org\",\"@graph\":[{\"@type\":\"WebPage\",\"@id\":\"https:\\\/\\\/www.metalschemicalsgroup.com\\\/products\\\/zamak\\\/\",\"url\":\"https:\\\/\\\/www.metalschemicalsgroup.com\\\/products\\\/zamak\\\/\",\"name\":\"Zamak - Metals Chemicals Maastricht\",\"isPartOf\":{\"@id\":\"https:\\\/\\\/www.metalschemicalsgroup.com\\\/#website\"},\"datePublished\":\"2023-08-28T15:10:12+00:00\",\"dateModified\":\"2025-02-13T14:12:29+00:00\",\"description\":\"We specialize in the processing, and recycling of ZAMAK waste materials, which afterward are used as raw components for the Zinc Industry.\",\"breadcrumb\":{\"@id\":\"https:\\\/\\\/www.metalschemicalsgroup.com\\\/products\\\/zamak\\\/#breadcrumb\"},\"inLanguage\":\"pl-PL\",\"potentialAction\":[{\"@type\":\"ReadAction\",\"target\":[\"https:\\\/\\\/www.metalschemicalsgroup.com\\\/products\\\/zamak\\\/\"]}]},{\"@type\":\"BreadcrumbList\",\"@id\":\"https:\\\/\\\/www.metalschemicalsgroup.com\\\/products\\\/zamak\\\/#breadcrumb\",\"itemListElement\":[{\"@type\":\"ListItem\",\"position\":1,\"name\":\"Home\",\"item\":\"https:\\\/\\\/www.metalschemicalsgroup.com\\\/partner-in-zinc-lead-mining-chemicals\\\/\"},{\"@type\":\"ListItem\",\"position\":2,\"name\":\"Products\",\"item\":\"https:\\\/\\\/www.metalschemicalsgroup.com\\\/products\\\/\"},{\"@type\":\"ListItem\",\"position\":3,\"name\":\"Zamak\"}]},{\"@type\":\"WebSite\",\"@id\":\"https:\\\/\\\/www.metalschemicalsgroup.com\\\/#website\",\"url\":\"https:\\\/\\\/www.metalschemicalsgroup.com\\\/\",\"name\":\"Metals Chemicals Maastricht\",\"description\":\"Strong in Zinc\",\"potentialAction\":[{\"@type\":\"SearchAction\",\"target\":{\"@type\":\"EntryPoint\",\"urlTemplate\":\"https:\\\/\\\/www.metalschemicalsgroup.com\\\/?s={search_term_string}\"},\"query-input\":{\"@type\":\"PropertyValueSpecification\",\"valueRequired\":true,\"valueName\":\"search_term_string\"}}],\"inLanguage\":\"pl-PL\"}]}<\/script>\n<!-- \/ Yoast SEO plugin. -->","yoast_head_json":{"title":"Zamak - Metals Chemicals Maastricht","description":"Specjalizujemy si\u0119 w przetwarzaniu i recyklingu materia\u0142\u00f3w odpadowych ZAMAK, kt\u00f3re s\u0105 nast\u0119pnie wykorzystywane jako surowce dla przemys\u0142u cynkowego.","robots":{"index":"index","follow":"follow","max-snippet":"max-snippet:-1","max-image-preview":"max-image-preview:large","max-video-preview":"max-video-preview:-1"},"canonical":"https:\/\/www.metalschemicalsgroup.com\/pl\/produkty\/zamak\/","og_locale":"pl_PL","og_type":"article","og_title":"Zamak - Metals Chemicals Maastricht","og_description":"We specialize in the processing, and recycling of ZAMAK waste materials, which afterward are used as raw components for the Zinc Industry.","og_url":"https:\/\/www.metalschemicalsgroup.com\/pl\/produkty\/zamak\/","og_site_name":"Metals Chemicals Maastricht","article_modified_time":"2025-02-13T14:12:29+00:00","twitter_card":"summary_large_image","twitter_misc":{"Szacowany czas czytania":"3 minuty"},"schema":{"@context":"https:\/\/schema.org","@graph":[{"@type":"WebPage","@id":"https:\/\/www.metalschemicalsgroup.com\/products\/zamak\/","url":"https:\/\/www.metalschemicalsgroup.com\/products\/zamak\/","name":"Zamak - Metals Chemicals Maastricht","isPartOf":{"@id":"https:\/\/www.metalschemicalsgroup.com\/#website"},"datePublished":"2023-08-28T15:10:12+00:00","dateModified":"2025-02-13T14:12:29+00:00","description":"Specjalizujemy si\u0119 w przetwarzaniu i recyklingu materia\u0142\u00f3w odpadowych ZAMAK, kt\u00f3re s\u0105 nast\u0119pnie wykorzystywane jako surowce dla przemys\u0142u cynkowego.","breadcrumb":{"@id":"https:\/\/www.metalschemicalsgroup.com\/products\/zamak\/#breadcrumb"},"inLanguage":"pl-PL","potentialAction":[{"@type":"ReadAction","target":["https:\/\/www.metalschemicalsgroup.com\/products\/zamak\/"]}]},{"@type":"BreadcrumbList","@id":"https:\/\/www.metalschemicalsgroup.com\/products\/zamak\/#breadcrumb","itemListElement":[{"@type":"ListItem","position":1,"name":"Home","item":"https:\/\/www.metalschemicalsgroup.com\/partner-in-zinc-lead-mining-chemicals\/"},{"@type":"ListItem","position":2,"name":"Products","item":"https:\/\/www.metalschemicalsgroup.com\/products\/"},{"@type":"ListItem","position":3,"name":"Zamak"}]},{"@type":"WebSite","@id":"https:\/\/www.metalschemicalsgroup.com\/#website","url":"https:\/\/www.metalschemicalsgroup.com\/","name":"Metals Chemicals Maastricht","description":"Silny w cynk","potentialAction":[{"@type":"SearchAction","target":{"@type":"EntryPoint","urlTemplate":"https:\/\/www.metalschemicalsgroup.com\/?s={search_term_string}"},"query-input":{"@type":"PropertyValueSpecification","valueRequired":true,"valueName":"search_term_string"}}],"inLanguage":"pl-PL"}]}},"_links":{"self":[{"href":"https:\/\/www.metalschemicalsgroup.com\/pl\/wp-json\/wp\/v2\/pages\/1474","targetHints":{"allow":["GET"]}}],"collection":[{"href":"https:\/\/www.metalschemicalsgroup.com\/pl\/wp-json\/wp\/v2\/pages"}],"about":[{"href":"https:\/\/www.metalschemicalsgroup.com\/pl\/wp-json\/wp\/v2\/types\/page"}],"author":[{"embeddable":true,"href":"https:\/\/www.metalschemicalsgroup.com\/pl\/wp-json\/wp\/v2\/users\/1"}],"replies":[{"embeddable":true,"href":"https:\/\/www.metalschemicalsgroup.com\/pl\/wp-json\/wp\/v2\/comments?post=1474"}],"version-history":[{"count":8,"href":"https:\/\/www.metalschemicalsgroup.com\/pl\/wp-json\/wp\/v2\/pages\/1474\/revisions"}],"predecessor-version":[{"id":1479,"href":"https:\/\/www.metalschemicalsgroup.com\/pl\/wp-json\/wp\/v2\/pages\/1474\/revisions\/1479"}],"up":[{"embeddable":true,"href":"https:\/\/www.metalschemicalsgroup.com\/pl\/wp-json\/wp\/v2\/pages\/51"}],"wp:attachment":[{"href":"https:\/\/www.metalschemicalsgroup.com\/pl\/wp-json\/wp\/v2\/media?parent=1474"}],"curies":[{"name":"wp","href":"https:\/\/api.w.org\/{rel}","templated":true}]}}