{"id":207,"date":"2022-02-14T12:19:53","date_gmt":"2022-02-14T12:19:53","guid":{"rendered":"https:\/\/metalschemicals.bonsaidev.nl\/?page_id=207"},"modified":"2022-06-24T11:13:56","modified_gmt":"2022-06-24T11:13:56","slug":"powiadomienie","status":"publish","type":"page","link":"https:\/\/www.metalschemicalsgroup.com\/pl\/services\/notification\/","title":{"rendered":"Powiadomienie"},"content":{"rendered":"<style type=\"text\/css\" data-created_by=\"avia_inline_auto\" id=\"style-css-av-3137sf-ba1c686e82409755276030e187bc549d\">\n.avia-section.av-3137sf-ba1c686e82409755276030e187bc549d{\nbackground-repeat:no-repeat;\nbackground-image:url(https:\/\/www.metalschemicalsgroup.com\/wp-content\/uploads\/2022\/04\/IMG_0949-scaled.jpg);\nbackground-position:50% 50%;\nbackground-attachment:scroll;\n}\n<\/style>\n<div id='av_section_1'  class='avia-section av-3137sf-ba1c686e82409755276030e187bc549d main_color avia-section-default avia-no-border-styling  avia-builder-el-0  el_before_av_section  avia-builder-el-first  avia-full-stretch avia-bg-style-scroll av-minimum-height av-minimum-height-custom av-height-custom  container_wrap fullsize'  data-section-bg-repeat='stretch' data-av_minimum_height_px='580'><div class='container av-section-cont-open' style='height:580px'><main  role=\"main\" itemprop=\"mainContentOfPage\"  class='template-page content  av-content-full alpha units'><div class='post-entry post-entry-type-page post-entry-207'><div class='entry-content-wrapper clearfix'>\n<div  class='flex_column av-2xt50n-1b1df7151feb0967182a16c719c816bf av_two_third  avia-builder-el-1  el_before_av_one_third  avia-builder-el-first  first flex_column_div'     ><style type=\"text\/css\" data-created_by=\"avia_inline_auto\" id=\"style-css-av-kzmnxtub-c08900c76dccc5ecbdde62922954e584\">\n#top .av_textblock_section.av-kzmnxtub-c08900c76dccc5ecbdde62922954e584 .avia_textblock{\nfont-size:20px;\ncolor:#ffffff;\n}\n<\/style>\n<section  class='av_textblock_section av-kzmnxtub-c08900c76dccc5ecbdde62922954e584'   itemscope=\"itemscope\" itemtype=\"https:\/\/schema.org\/CreativeWork\" ><div class='avia_textblock heading-content-intro av_inherit_color'  itemprop=\"text\" ><h1><strong>Powiadomienie <\/strong><\/h1>\n<\/div><\/section><\/div><div  class='flex_column av-2qxxbr-6b12094b93171d4e556bc590dc2ff875 av_one_third  avia-builder-el-3  el_after_av_two_third  avia-builder-el-last  flex_column_div'     ><\/div>\n\n<\/div><\/div><\/main><!-- close content main element --><\/div><\/div><div id='av_section_2'  class='avia-section av-2jq68v-a2e42b8ef22f64176fd8bd0564ce0db6 main_color avia-section-large avia-no-border-styling  avia-builder-el-4  el_after_av_section  el_before_av_section  avia-bg-style-scroll container_wrap fullsize'  ><div class='container av-section-cont-open' ><div class='template-page content  av-content-full alpha units'><div class='post-entry post-entry-type-page post-entry-207'><div class='entry-content-wrapper clearfix'>\n\n<style type=\"text\/css\" data-created_by=\"avia_inline_auto\" id=\"style-css-av-2ggftj-c6dec16df52d79529bb9ca2a633e4bee\">\n.flex_column.av-2ggftj-c6dec16df52d79529bb9ca2a633e4bee{\npadding:0 80px 0 0;\n}\n<\/style>\n<div  id=\"content-blok\"  class='flex_column av-2ggftj-c6dec16df52d79529bb9ca2a633e4bee av_two_third  avia-builder-el-5  el_before_av_one_third  avia-builder-el-first  first no_margin flex_column_div'     ><p>\n<style type=\"text\/css\" data-created_by=\"avia_inline_auto\" id=\"style-css-av-kzmnxwmt-a9a0690745db8d05bd132d02f00cf8bd\">\n#top .av-special-heading.av-kzmnxwmt-a9a0690745db8d05bd132d02f00cf8bd{\npadding-bottom:10px;\n}\nbody .av-special-heading.av-kzmnxwmt-a9a0690745db8d05bd132d02f00cf8bd .av-special-heading-tag .heading-char{\nfont-size:25px;\n}\n.av-special-heading.av-kzmnxwmt-a9a0690745db8d05bd132d02f00cf8bd .av-subheading{\nfont-size:15px;\n}\n<\/style>\n<div  class='av-special-heading av-kzmnxwmt-a9a0690745db8d05bd132d02f00cf8bd av-special-heading-h2 blockquote modern-quote  avia-builder-el-6  el_before_av_textblock  avia-builder-el-first'><div class='av-subheading av-subheading_above'><p>Wspaniale w<\/p>\n<\/div><h2 class='av-special-heading-tag'  itemprop=\"headline\"  >Powiadomienie <\/h2><div class=\"special-heading-border\"><div class=\"special-heading-inner-border\"><\/div><\/div><\/div><br \/>\n<section  class='av_textblock_section av-kzmnyz8n-5edae537842ec9f960ab345c423ca9e3'   itemscope=\"itemscope\" itemtype=\"https:\/\/schema.org\/CreativeWork\" ><div class='avia_textblock'  itemprop=\"text\" ><h3>Kod EWC i odpady niebezpieczne<\/h3>\n<p>Wszystkie wytworzone odpady b\u0119d\u0105 mia\u0142y odpowiadaj\u0105cy im Europejski Kod Odpad\u00f3w (EWC). Kody te mo\u017cna znale\u017a\u0107 w Europejskim Katalogu Odpad\u00f3w. Sam kod EWC sk\u0142ada si\u0119 z sze\u015bciu cyfr, natomiast gwiazdka obok kodu oznacza, \u017ce odpady s\u0105 uwa\u017cane za niebezpieczne. W tym momencie obowi\u0105zkowe jest rozpocz\u0119cie procesu notyfikacji za po\u015brednictwem rz\u0105du (rozporz\u0105dzenie UE nr 259\/93 i nr 1013\/2006).<\/p>\n<h3>Transport<\/h3>\n<p>Je\u015bli chcesz eksportowa\u0107 lub importowa\u0107 odpady niebezpieczne przez kraj cz\u0142onkowski UE, musisz przestrzega\u0107 Europejskiego Rozporz\u0105dzenia o Przemieszczaniu Odpad\u00f3w (EWSR, lub w j\u0119zyku holenderskim EVOA). Zanim przetransportujesz odpady niebezpieczne przez granic\u0119, musisz zawrze\u0107 umow\u0119 z odbiorc\u0105 odpad\u00f3w. Potrzebne jest r\u00f3wnie\u017c zezwolenie kraj\u00f3w tranzytowych.<\/p>\n<h3>Powiadomienie o wsparciu<\/h3>\n<p>Posiadamy wiedz\u0119, do\u015bwiadczenie i procedury pozwalaj\u0105ce na zorganizowanie transportu niebezpiecznych materia\u0142\u00f3w odpadowych zgodnie z obowi\u0105zuj\u0105cymi przepisami. Zg\u0142oszenia wykonujemy dla materia\u0142\u00f3w w\u0142asnych, ale tak\u017ce jako us\u0142ug\u0119 dla naszych dostawc\u00f3w i klient\u00f3w.<\/p>\n<p>Aby wspiera\u0107 naszych partner\u00f3w biznesowych w najlepszy mo\u017cliwy spos\u00f3b, mo\u017cemy pom\u00f3c w zapewnieniu zgodno\u015bci z przepisami dotycz\u0105cymi recyklingu odpad\u00f3w. Posiadamy odpowiednie kontakty z w\u0142adzami w zakresie tych proces\u00f3w sprawozdawczych.<\/p>\n<p>Je\u015bli istnieje taka potrzeba, mo\u017cemy zapewni\u0107 Pa\u0144stwu wszelkie wymagane wsparcie dotycz\u0105ce procesu zg\u0142oszenia.<\/p>\n<\/div><\/section><br \/>\n\n<style type=\"text\/css\" data-created_by=\"avia_inline_auto\" id=\"style-css-av-kzmnz5dx-e38d70eb0c358cf0b081eb55b9b2dbfc\">\n#top .hr.hr-invisible.av-kzmnz5dx-e38d70eb0c358cf0b081eb55b9b2dbfc{\nheight:20px;\n}\n<\/style>\n<div  class='hr av-kzmnz5dx-e38d70eb0c358cf0b081eb55b9b2dbfc hr-invisible  avia-builder-el-8  el_after_av_textblock  el_before_av_slideshow'><span class='hr-inner'><span class=\"hr-inner-style\"><\/span><\/span><\/div><br \/>\n<div  class='avia-slideshow av-7uvsv-fda7525412448c7d4f7cdfbeca311db6 avia-slideshow-no scaling av_slideshow avia-slide-slider  avia-builder-el-9  el_after_av_hr  avia-builder-el-last  av-slideshow-ui av-control-default av-slideshow-manual av-loop-once av-loop-manual-endless av-default-height-applied avia-slideshow-1' data-slideshow-options=\"{&quot;animation&quot;:&quot;slide&quot;,&quot;autoplay&quot;:false,&quot;loop_autoplay&quot;:&quot;once&quot;,&quot;interval&quot;:5,&quot;loop_manual&quot;:&quot;manual-endless&quot;,&quot;autoplay_stopper&quot;:false,&quot;noNavigation&quot;:false,&quot;bg_slider&quot;:false,&quot;keep_padding&quot;:false,&quot;hoverpause&quot;:false,&quot;show_slide_delay&quot;:0}\"  itemprop=\"image\" itemscope=\"itemscope\" itemtype=\"https:\/\/schema.org\/ImageObject\" ><ul class='avia-slideshow-inner' style='padding-bottom: 53.8671875%;'><li  class='avia-slideshow-slide av-7uvsv-fda7525412448c7d4f7cdfbeca311db6__0  av-single-slide slide-1 slide-odd'><div data-rel='slideshow-1' class='avia-slide-wrap'   ><img decoding=\"async\" fetchpriority=\"high\" class=\"wp-image-372 avia-img-lazy-loading-not-372\"  src=\"https:\/\/www.metalschemicalsgroup.com\/wp-content\/uploads\/2022\/02\/2015.148249-scaled.jpg\" width=\"2560\" height=\"1379\" title='Maastricht' alt='Maastricht'  itemprop=\"thumbnailUrl\" srcset=\"https:\/\/www.metalschemicalsgroup.com\/wp-content\/uploads\/2022\/02\/2015.148249-scaled.jpg 2560w, https:\/\/www.metalschemicalsgroup.com\/wp-content\/uploads\/2022\/02\/2015.148249-300x162.jpg 300w, https:\/\/www.metalschemicalsgroup.com\/wp-content\/uploads\/2022\/02\/2015.148249-1030x555.jpg 1030w, https:\/\/www.metalschemicalsgroup.com\/wp-content\/uploads\/2022\/02\/2015.148249-768x414.jpg 768w, https:\/\/www.metalschemicalsgroup.com\/wp-content\/uploads\/2022\/02\/2015.148249-1536x827.jpg 1536w, https:\/\/www.metalschemicalsgroup.com\/wp-content\/uploads\/2022\/02\/2015.148249-2048x1103.jpg 2048w, https:\/\/www.metalschemicalsgroup.com\/wp-content\/uploads\/2022\/02\/2015.148249-1500x808.jpg 1500w, https:\/\/www.metalschemicalsgroup.com\/wp-content\/uploads\/2022\/02\/2015.148249-705x380.jpg 705w\" sizes=\"(max-width: 2560px) 100vw, 2560px\" \/><\/div><\/li><\/ul><\/div><\/p><\/div><div  class='flex_column av-1otov3-a38fdc8c74456c6a3d055c5e29b1b2fc av_one_third  avia-builder-el-10  el_after_av_two_third  avia-builder-el-last  no_margin flex_column_div'     ><div  class='avia-builder-widget-area clearfix  avia-builder-el-11  avia-builder-el-no-sibling'><section id=\"text-6\" class=\"widget clearfix widget_text\"><h3 class=\"widgettitle\">Skontaktuj si\u0119 z nami<\/h3>\t\t\t<div class=\"textwidget\"><a class=\"mail\" href=\"mailto:info@metalschemicalsgroup.com\">info@metalschemicalsgroup.com<\/a>\r\n<a class=\"tel\" href=\"tel:+31(0)43 362 6500\">+31(0)43 362 6500<\/a><\/div>\n\t\t<span class=\"seperator extralight-border\"><\/span><\/section><\/div><\/div><\/div><\/div><\/div><!-- close content main div --><\/div><\/div>\n<style type=\"text\/css\" data-created_by=\"avia_inline_auto\" id=\"style-css-av-1uoc73-587543b798c1612435de7a111b5c1a76\">\n.avia-section.av-1uoc73-587543b798c1612435de7a111b5c1a76{\nmargin-top:-160px;\nmargin-bottom:0px;\n}\n<\/style>\n<div id='av_section_3'  class='avia-section av-1uoc73-587543b798c1612435de7a111b5c1a76 alternate_color avia-section-large avia-no-border-styling  avia-builder-el-12  el_after_av_section  avia-builder-el-last  avia-bg-style-scroll container_wrap fullsize'  ><div class='container av-section-cont-open' ><div class='template-page content  av-content-full alpha units'><div class='post-entry post-entry-type-page post-entry-207'><div class='entry-content-wrapper clearfix'>\n\n<style type=\"text\/css\" data-created_by=\"avia_inline_auto\" id=\"style-css-av-1qyyhz-a7c83278eb39edda4909df9a9dc3dc91\">\n#top .hr.hr-invisible.av-1qyyhz-a7c83278eb39edda4909df9a9dc3dc91{\nheight:50px;\n}\n<\/style>\n<div  class='hr av-1qyyhz-a7c83278eb39edda4909df9a9dc3dc91 hr-invisible  avia-builder-el-13  el_before_av_textblock  avia-builder-el-first'><span class='hr-inner'><span class=\"hr-inner-style\"><\/span><\/span><\/div>\n<section  class='av_textblock_section av-5qauv-4a80745f6db2007c91bab8dcd735056c'   itemscope=\"itemscope\" itemtype=\"https:\/\/schema.org\/CreativeWork\" ><div class='avia_textblock'  itemprop=\"text\" ><h2>Nasz <strong>Us\u0142ugi<\/strong><\/h2>\n<\/div><\/section>\n<div class='flex_column_table av-1eecin-e5195de04be49414e54692b4a9fd0a32 sc-av_one_fourth av-equal-height-column-flextable'>\n<style type=\"text\/css\" data-created_by=\"avia_inline_auto\" id=\"style-css-av-1eecin-e5195de04be49414e54692b4a9fd0a32\">\n.flex_column.av-1eecin-e5195de04be49414e54692b4a9fd0a32{\nwidth:24.625%;\nmargin-left:0;\nborder-radius:0px 0px 0px 0px;\npadding:240px 40px 60px 40px;\nbackground:url(https:\/\/www.metalschemicalsgroup.com\/wp-content\/uploads\/2022\/02\/Warehouse-banner-scaled.jpg) 50% 50% no-repeat scroll ;\n}\n#top .flex_column_table.av-equal-height-column-flextable.av-1eecin-e5195de04be49414e54692b4a9fd0a32 .av-flex-placeholder{\nwidth:0.5%;\n}\n<\/style>\n<div  class='flex_column av-1eecin-e5195de04be49414e54692b4a9fd0a32 av_one_fourth  avia-builder-el-15  el_after_av_textblock  el_before_av_one_fourth  first flex_column_table_cell av-equal-height-column av-align-top avia-full-stretch avia-link-column av-column-link avia-link-column-hover  column-top-margin'    data-link-column-url=\"https:\/\/www.metalschemicalsgroup.com\/pl\/services\/warehouse\/\"   ><a class=\"av-screen-reader-only\" href=\"https:\/\/www.metalschemicalsgroup.com\/pl\/services\/warehouse\/\" >Link do: Magazyn<\/a><style type=\"text\/css\" data-created_by=\"avia_inline_auto\" id=\"style-css-av-18e3sn-35707de309cecb5a61775a4ba3b9631d\">\n#top .av_textblock_section.av-18e3sn-35707de309cecb5a61775a4ba3b9631d .avia_textblock{\ncolor:#ffffff;\n}\n<\/style>\n<section  class='av_textblock_section av-18e3sn-35707de309cecb5a61775a4ba3b9631d'   itemscope=\"itemscope\" itemtype=\"https:\/\/schema.org\/CreativeWork\" ><div class='avia_textblock categorie-blokken av_inherit_color'  itemprop=\"text\" ><h2>Magazyn<\/h2>\n<\/div><\/section><\/div><div class='av-flex-placeholder'><\/div>\n<style type=\"text\/css\" data-created_by=\"avia_inline_auto\" id=\"style-css-av-3r4cv-be5536ab48509ffa4ebc8f0548fd050b\">\n.flex_column.av-3r4cv-be5536ab48509ffa4ebc8f0548fd050b{\nwidth:24.625%;\nmargin-left:0;\nborder-radius:0px 0px 0px 0px;\npadding:240px 40px 60px 40px;\nbackground:url(https:\/\/www.metalschemicalsgroup.com\/wp-content\/uploads\/2022\/02\/2015.148172-scaled.jpg) 50% 50% no-repeat scroll ;\n}\n#top .flex_column_table.av-equal-height-column-flextable.av-3r4cv-be5536ab48509ffa4ebc8f0548fd050b .av-flex-placeholder{\nwidth:0.5%;\n}\n<\/style>\n<div  class='flex_column av-3r4cv-be5536ab48509ffa4ebc8f0548fd050b av_one_fourth  avia-builder-el-17  el_after_av_one_fourth  el_before_av_one_fourth  flex_column_table_cell av-equal-height-column av-align-top avia-full-stretch avia-link-column av-column-link avia-link-column-hover  column-top-margin'    data-link-column-url=\"https:\/\/www.metalschemicalsgroup.com\/pl\/services\/treatments\/\"   ><a class=\"av-screen-reader-only\" href=\"https:\/\/www.metalschemicalsgroup.com\/pl\/services\/treatments\/\" >Link do: Zabiegi<\/a><style type=\"text\/css\" data-created_by=\"avia_inline_auto\" id=\"style-css-av-vnblb-8c9e5ec51da832a2994881fbe2157b91\">\n#top .av_textblock_section.av-vnblb-8c9e5ec51da832a2994881fbe2157b91 .avia_textblock{\ncolor:#ffffff;\n}\n<\/style>\n<section  class='av_textblock_section av-vnblb-8c9e5ec51da832a2994881fbe2157b91'   itemscope=\"itemscope\" itemtype=\"https:\/\/schema.org\/CreativeWork\" ><div class='avia_textblock categorie-blokken av_inherit_color'  itemprop=\"text\" ><h2>Zabiegi<\/h2>\n<\/div><\/section><\/div><div class='av-flex-placeholder'><\/div>\n<style type=\"text\/css\" data-created_by=\"avia_inline_auto\" id=\"style-css-av-q1hdz-474e0a360af8c523a52d2f6d79a5bb0c\">\n.flex_column.av-q1hdz-474e0a360af8c523a52d2f6d79a5bb0c{\nwidth:24.625%;\nmargin-left:0;\nborder-radius:0px 0px 0px 0px;\npadding:240px 40px 60px 40px;\nbackground:url(https:\/\/www.metalschemicalsgroup.com\/wp-content\/uploads\/2022\/02\/2015.148229-scaled.jpg) 50% 50% no-repeat scroll ;\n}\n#top .flex_column_table.av-equal-height-column-flextable.av-q1hdz-474e0a360af8c523a52d2f6d79a5bb0c .av-flex-placeholder{\nwidth:0.5%;\n}\n<\/style>\n<div  class='flex_column av-q1hdz-474e0a360af8c523a52d2f6d79a5bb0c av_one_fourth  avia-builder-el-19  el_after_av_one_fourth  el_before_av_one_fourth  categorie-blokken flex_column_table_cell av-equal-height-column av-align-top avia-full-stretch avia-link-column av-column-link avia-link-column-hover  column-top-margin'    data-link-column-url=\"https:\/\/www.metalschemicalsgroup.com\/pl\/services\/laboratory\/\"   ><a class=\"av-screen-reader-only\" href=\"https:\/\/www.metalschemicalsgroup.com\/pl\/services\/laboratory\/\" >Link do: Laboratorium<\/a><style type=\"text\/css\" data-created_by=\"avia_inline_auto\" id=\"style-css-av-lp9xj-219acd664022d0ba1006492ee93cced2\">\n#top .av_textblock_section.av-lp9xj-219acd664022d0ba1006492ee93cced2 .avia_textblock{\ncolor:#ffffff;\n}\n<\/style>\n<section  class='av_textblock_section av-lp9xj-219acd664022d0ba1006492ee93cced2'   itemscope=\"itemscope\" itemtype=\"https:\/\/schema.org\/CreativeWork\" ><div class='avia_textblock av_inherit_color'  itemprop=\"text\" ><h2>Laboratorium<\/h2>\n<\/div><\/section><\/div><div class='av-flex-placeholder'><\/div>\n<style type=\"text\/css\" data-created_by=\"avia_inline_auto\" id=\"style-css-av-dt2g7-55732d9a23b71be79c04c665d0e7b95f\">\n.flex_column.av-dt2g7-55732d9a23b71be79c04c665d0e7b95f{\nwidth:24.625%;\nmargin-left:0;\nborder-radius:0px 0px 0px 0px;\npadding:240px 40px 60px 40px;\nbackground:url(https:\/\/www.metalschemicalsgroup.com\/wp-content\/uploads\/2022\/02\/2015.148173-edit-scaled.jpg) 50% 50% no-repeat scroll ;\n}\n#top .flex_column_table.av-equal-height-column-flextable.av-dt2g7-55732d9a23b71be79c04c665d0e7b95f .av-flex-placeholder{\nwidth:0.5%;\n}\n<\/style>\n<div  class='flex_column av-dt2g7-55732d9a23b71be79c04c665d0e7b95f av_one_fourth  avia-builder-el-21  el_after_av_one_fourth  avia-builder-el-last  categorie-blokken flex_column_table_cell av-equal-height-column av-align-top avia-full-stretch avia-link-column av-column-link avia-link-column-hover  column-top-margin'    data-link-column-url=\"https:\/\/www.metalschemicalsgroup.com\/pl\/services\/logistics\/\"   ><a class=\"av-screen-reader-only\" href=\"https:\/\/www.metalschemicalsgroup.com\/pl\/services\/logistics\/\" >Link do: Logistyka<\/a><style type=\"text\/css\" data-created_by=\"avia_inline_auto\" id=\"style-css-av-skpj-77ac7d4ba89eb91ebc4064a0ecff56fb\">\n#top .av_textblock_section.av-skpj-77ac7d4ba89eb91ebc4064a0ecff56fb .avia_textblock{\ncolor:#ffffff;\n}\n<\/style>\n<section  class='av_textblock_section av-skpj-77ac7d4ba89eb91ebc4064a0ecff56fb'   itemscope=\"itemscope\" itemtype=\"https:\/\/schema.org\/CreativeWork\" ><div class='avia_textblock av_inherit_color'  itemprop=\"text\" ><h2>Logistyka<\/h2>\n<\/div><\/section><\/div><\/div><!--close column table wrapper. Autoclose: 1 -->\n<\/p>","protected":false},"excerpt":{"rendered":"","protected":false},"author":1,"featured_media":0,"parent":63,"menu_order":0,"comment_status":"closed","ping_status":"closed","template":"","meta":{"_monsterinsights_skip_tracking":false,"_monsterinsights_sitenote_active":false,"_monsterinsights_sitenote_note":"","_monsterinsights_sitenote_category":0,"footnotes":""},"class_list":["post-207","page","type-page","status-publish","hentry"],"yoast_head":"<!-- This site is optimized with the Yoast SEO plugin v27.3 - https:\/\/yoast.com\/product\/yoast-seo-wordpress\/ -->\n<title>Notification - Metals Chemicals Maastricht<\/title>\n<meta name=\"description\" content=\"All waste produced will have a corresponding European Waste Code (EWC). You can find these codes in the European Waste Catalogue.\" \/>\n<meta name=\"robots\" content=\"index, follow, max-snippet:-1, max-image-preview:large, max-video-preview:-1\" \/>\n<link rel=\"canonical\" href=\"https:\/\/www.metalschemicalsgroup.com\/pl\/uslugi\/powiadomienie\/\" \/>\n<meta property=\"og:locale\" content=\"pl_PL\" \/>\n<meta property=\"og:type\" content=\"article\" \/>\n<meta property=\"og:title\" content=\"Notification - Metals Chemicals Maastricht\" \/>\n<meta property=\"og:description\" content=\"All waste produced will have a corresponding European Waste Code (EWC). You can find these codes in the European Waste Catalogue.\" \/>\n<meta property=\"og:url\" content=\"https:\/\/www.metalschemicalsgroup.com\/pl\/uslugi\/powiadomienie\/\" \/>\n<meta property=\"og:site_name\" content=\"Metals Chemicals Maastricht\" \/>\n<meta property=\"article:modified_time\" content=\"2022-06-24T11:13:56+00:00\" \/>\n<meta name=\"twitter:card\" content=\"summary_large_image\" \/>\n<meta name=\"twitter:label1\" content=\"Szacowany czas czytania\" \/>\n\t<meta name=\"twitter:data1\" content=\"17 minut\" \/>\n<script type=\"application\/ld+json\" class=\"yoast-schema-graph\">{\"@context\":\"https:\\\/\\\/schema.org\",\"@graph\":[{\"@type\":\"WebPage\",\"@id\":\"https:\\\/\\\/www.metalschemicalsgroup.com\\\/services\\\/notification\\\/\",\"url\":\"https:\\\/\\\/www.metalschemicalsgroup.com\\\/services\\\/notification\\\/\",\"name\":\"Notification - Metals Chemicals Maastricht\",\"isPartOf\":{\"@id\":\"https:\\\/\\\/www.metalschemicalsgroup.com\\\/#website\"},\"datePublished\":\"2022-02-14T12:19:53+00:00\",\"dateModified\":\"2022-06-24T11:13:56+00:00\",\"description\":\"All waste produced will have a corresponding European Waste Code (EWC). You can find these codes in the European Waste Catalogue.\",\"breadcrumb\":{\"@id\":\"https:\\\/\\\/www.metalschemicalsgroup.com\\\/services\\\/notification\\\/#breadcrumb\"},\"inLanguage\":\"pl-PL\",\"potentialAction\":[{\"@type\":\"ReadAction\",\"target\":[\"https:\\\/\\\/www.metalschemicalsgroup.com\\\/services\\\/notification\\\/\"]}]},{\"@type\":\"BreadcrumbList\",\"@id\":\"https:\\\/\\\/www.metalschemicalsgroup.com\\\/services\\\/notification\\\/#breadcrumb\",\"itemListElement\":[{\"@type\":\"ListItem\",\"position\":1,\"name\":\"Home\",\"item\":\"https:\\\/\\\/www.metalschemicalsgroup.com\\\/partner-in-zinc-lead-mining-chemicals\\\/\"},{\"@type\":\"ListItem\",\"position\":2,\"name\":\"Services\",\"item\":\"https:\\\/\\\/www.metalschemicalsgroup.com\\\/services\\\/\"},{\"@type\":\"ListItem\",\"position\":3,\"name\":\"Notification\"}]},{\"@type\":\"WebSite\",\"@id\":\"https:\\\/\\\/www.metalschemicalsgroup.com\\\/#website\",\"url\":\"https:\\\/\\\/www.metalschemicalsgroup.com\\\/\",\"name\":\"Metals Chemicals Maastricht\",\"description\":\"Strong in Zinc\",\"potentialAction\":[{\"@type\":\"SearchAction\",\"target\":{\"@type\":\"EntryPoint\",\"urlTemplate\":\"https:\\\/\\\/www.metalschemicalsgroup.com\\\/?s={search_term_string}\"},\"query-input\":{\"@type\":\"PropertyValueSpecification\",\"valueRequired\":true,\"valueName\":\"search_term_string\"}}],\"inLanguage\":\"pl-PL\"}]}<\/script>\n<!-- \/ Yoast SEO plugin. -->","yoast_head_json":{"title":"Zg\u0142oszenie - Metale Chemia Maastricht","description":"Wszystkie wytworzone odpady b\u0119d\u0105 mia\u0142y odpowiadaj\u0105cy im Europejski Kod Odpad\u00f3w (EWC). Kody te mo\u017cna znale\u017a\u0107 w Europejskim Katalogu Odpad\u00f3w.","robots":{"index":"index","follow":"follow","max-snippet":"max-snippet:-1","max-image-preview":"max-image-preview:large","max-video-preview":"max-video-preview:-1"},"canonical":"https:\/\/www.metalschemicalsgroup.com\/pl\/uslugi\/powiadomienie\/","og_locale":"pl_PL","og_type":"article","og_title":"Notification - Metals Chemicals Maastricht","og_description":"All waste produced will have a corresponding European Waste Code (EWC). You can find these codes in the European Waste Catalogue.","og_url":"https:\/\/www.metalschemicalsgroup.com\/pl\/uslugi\/powiadomienie\/","og_site_name":"Metals Chemicals Maastricht","article_modified_time":"2022-06-24T11:13:56+00:00","twitter_card":"summary_large_image","twitter_misc":{"Szacowany czas czytania":"17 minut"},"schema":{"@context":"https:\/\/schema.org","@graph":[{"@type":"WebPage","@id":"https:\/\/www.metalschemicalsgroup.com\/services\/notification\/","url":"https:\/\/www.metalschemicalsgroup.com\/services\/notification\/","name":"Zg\u0142oszenie - Metale Chemia Maastricht","isPartOf":{"@id":"https:\/\/www.metalschemicalsgroup.com\/#website"},"datePublished":"2022-02-14T12:19:53+00:00","dateModified":"2022-06-24T11:13:56+00:00","description":"Wszystkie wytworzone odpady b\u0119d\u0105 mia\u0142y odpowiadaj\u0105cy im Europejski Kod Odpad\u00f3w (EWC). Kody te mo\u017cna znale\u017a\u0107 w Europejskim Katalogu Odpad\u00f3w.","breadcrumb":{"@id":"https:\/\/www.metalschemicalsgroup.com\/services\/notification\/#breadcrumb"},"inLanguage":"pl-PL","potentialAction":[{"@type":"ReadAction","target":["https:\/\/www.metalschemicalsgroup.com\/services\/notification\/"]}]},{"@type":"BreadcrumbList","@id":"https:\/\/www.metalschemicalsgroup.com\/services\/notification\/#breadcrumb","itemListElement":[{"@type":"ListItem","position":1,"name":"Home","item":"https:\/\/www.metalschemicalsgroup.com\/partner-in-zinc-lead-mining-chemicals\/"},{"@type":"ListItem","position":2,"name":"Services","item":"https:\/\/www.metalschemicalsgroup.com\/services\/"},{"@type":"ListItem","position":3,"name":"Notification"}]},{"@type":"WebSite","@id":"https:\/\/www.metalschemicalsgroup.com\/#website","url":"https:\/\/www.metalschemicalsgroup.com\/","name":"Metals Chemicals Maastricht","description":"Silny w cynk","potentialAction":[{"@type":"SearchAction","target":{"@type":"EntryPoint","urlTemplate":"https:\/\/www.metalschemicalsgroup.com\/?s={search_term_string}"},"query-input":{"@type":"PropertyValueSpecification","valueRequired":true,"valueName":"search_term_string"}}],"inLanguage":"pl-PL"}]}},"_links":{"self":[{"href":"https:\/\/www.metalschemicalsgroup.com\/pl\/wp-json\/wp\/v2\/pages\/207","targetHints":{"allow":["GET"]}}],"collection":[{"href":"https:\/\/www.metalschemicalsgroup.com\/pl\/wp-json\/wp\/v2\/pages"}],"about":[{"href":"https:\/\/www.metalschemicalsgroup.com\/pl\/wp-json\/wp\/v2\/types\/page"}],"author":[{"embeddable":true,"href":"https:\/\/www.metalschemicalsgroup.com\/pl\/wp-json\/wp\/v2\/users\/1"}],"replies":[{"embeddable":true,"href":"https:\/\/www.metalschemicalsgroup.com\/pl\/wp-json\/wp\/v2\/comments?post=207"}],"version-history":[{"count":13,"href":"https:\/\/www.metalschemicalsgroup.com\/pl\/wp-json\/wp\/v2\/pages\/207\/revisions"}],"predecessor-version":[{"id":1081,"href":"https:\/\/www.metalschemicalsgroup.com\/pl\/wp-json\/wp\/v2\/pages\/207\/revisions\/1081"}],"up":[{"embeddable":true,"href":"https:\/\/www.metalschemicalsgroup.com\/pl\/wp-json\/wp\/v2\/pages\/63"}],"wp:attachment":[{"href":"https:\/\/www.metalschemicalsgroup.com\/pl\/wp-json\/wp\/v2\/media?parent=207"}],"curies":[{"name":"wp","href":"https:\/\/api.w.org\/{rel}","templated":true}]}}