{"id":55,"date":"2022-01-24T10:43:47","date_gmt":"2022-01-24T10:43:47","guid":{"rendered":"https:\/\/metalschemicals.bonsaidev.nl\/?page_id=55"},"modified":"2025-03-07T13:56:16","modified_gmt":"2025-03-07T12:56:16","slug":"olow-2","status":"publish","type":"page","link":"https:\/\/www.metalschemicalsgroup.com\/pl\/products\/lead-residues\/","title":{"rendered":"Pozosta\u0142o\u015bci o\u0142owiu"},"content":{"rendered":"<style type=\"text\/css\" data-created_by=\"avia_inline_auto\" id=\"style-css-av-6qakn-9a72bd79fb3ba45cc6906d0ca2070dd7\">\n.avia-section.av-6qakn-9a72bd79fb3ba45cc6906d0ca2070dd7{\nbackground-repeat:no-repeat;\nbackground-image:url(https:\/\/www.metalschemicalsgroup.com\/wp-content\/uploads\/2022\/02\/Furnace-scaled.jpg);\nbackground-position:50% 50%;\nbackground-attachment:scroll;\n}\n<\/style>\n<div id='av_section_1'  class='avia-section av-6qakn-9a72bd79fb3ba45cc6906d0ca2070dd7 main_color avia-section-default avia-no-border-styling  avia-builder-el-0  el_before_av_section  avia-builder-el-first  avia-full-stretch avia-bg-style-scroll av-minimum-height av-minimum-height-custom av-height-custom  container_wrap fullsize'  data-section-bg-repeat='stretch' data-av_minimum_height_px='580'><div class='container av-section-cont-open' style='height:580px'><main  role=\"main\" itemprop=\"mainContentOfPage\"  class='template-page content  av-content-full alpha units'><div class='post-entry post-entry-type-page post-entry-55'><div class='entry-content-wrapper clearfix'>\n<div  class='flex_column av-68i2b-ab5f3843a51c8629c47f00af2f2edac8 av_two_third  avia-builder-el-1  el_before_av_one_third  avia-builder-el-first  first flex_column_div'     ><style type=\"text\/css\" data-created_by=\"avia_inline_auto\" id=\"style-css-av-kzmn9hib-490ea85127709bf443982544e95cd0dd\">\n#top .av_textblock_section.av-kzmn9hib-490ea85127709bf443982544e95cd0dd .avia_textblock{\nfont-size:20px;\ncolor:#ffffff;\n}\n<\/style>\n<section  class='av_textblock_section av-kzmn9hib-490ea85127709bf443982544e95cd0dd'   itemscope=\"itemscope\" itemtype=\"https:\/\/schema.org\/CreativeWork\" ><div class='avia_textblock heading-content-intro av_inherit_color'  itemprop=\"text\" ><h1><strong>Pozosta\u0142o\u015bci o\u0142owiu<\/strong><\/h1>\n<\/div><\/section><\/div><div  class='flex_column av-5mmhj-8ad9a34a29ad29a7301814fe23dec7e0 av_one_third  avia-builder-el-3  el_after_av_two_third  avia-builder-el-last  flex_column_div'     ><\/div>\n\n<\/div><\/div><\/main><!-- close content main element --><\/div><\/div><div id='av_section_2'  class='avia-section av-5cetf-7bd6339414319cc069e843966aacbeae main_color avia-section-large avia-no-border-styling  avia-builder-el-4  el_after_av_section  el_before_av_section  avia-bg-style-scroll container_wrap fullsize'  ><div class='container av-section-cont-open' ><div class='template-page content  av-content-full alpha units'><div class='post-entry post-entry-type-page post-entry-55'><div class='entry-content-wrapper clearfix'>\n\n<style type=\"text\/css\" data-created_by=\"avia_inline_auto\" id=\"style-css-av-4hc7z-35f18b8a4b7933b4fe59a76e44838faa\">\n.flex_column.av-4hc7z-35f18b8a4b7933b4fe59a76e44838faa{\npadding:0 80px 0 0;\n}\n<\/style>\n<div  id=\"content-blok\"  class='flex_column av-4hc7z-35f18b8a4b7933b4fe59a76e44838faa av_two_third  avia-builder-el-5  el_before_av_one_third  avia-builder-el-first  first no_margin flex_column_div'     ><p>\n<style type=\"text\/css\" data-created_by=\"avia_inline_auto\" id=\"style-css-av-kzmn9lhj-d7a63d6c32335a324f6b2eb086bc807b\">\n#top .av-special-heading.av-kzmn9lhj-d7a63d6c32335a324f6b2eb086bc807b{\npadding-bottom:10px;\n}\nbody .av-special-heading.av-kzmn9lhj-d7a63d6c32335a324f6b2eb086bc807b .av-special-heading-tag .heading-char{\nfont-size:25px;\n}\n.av-special-heading.av-kzmn9lhj-d7a63d6c32335a324f6b2eb086bc807b .av-subheading{\nfont-size:15px;\n}\n<\/style>\n<div  class='av-special-heading av-kzmn9lhj-d7a63d6c32335a324f6b2eb086bc807b av-special-heading-h2 blockquote modern-quote  avia-builder-el-6  el_before_av_textblock  avia-builder-el-first'><div class='av-subheading av-subheading_above'><p>Wspaniale w<\/p>\n<\/div><h2 class='av-special-heading-tag'  itemprop=\"headline\"  >Lead<\/h2><div class=\"special-heading-border\"><div class=\"special-heading-inner-border\"><\/div><\/div><\/div><br \/>\n<section  class='av_textblock_section av-kzmna5zr-a190e2aa6b24053f0e3f4866cfbeb0c2'   itemscope=\"itemscope\" itemtype=\"https:\/\/schema.org\/CreativeWork\" ><div class='avia_textblock'  itemprop=\"text\" ><p>Od samego pocz\u0105tku zajmujemy si\u0119 przetwarzaniem pozosta\u0142o\u015bci zawieraj\u0105cych o\u0142\u00f3w. Dysponuj\u0105c wszystkimi niezb\u0119dnymi pozwoleniami i urz\u0105dzeniami, zapewniamy bezpieczn\u0105 i wydajn\u0105 obr\u00f3bk\u0119 tych materia\u0142\u00f3w. Korzystaj\u0105c z procesu Top-Submerged Lance (TSL) Ausmelt, skutecznie wytapiamy pozosta\u0142o\u015bci o\u0142owiu wraz z koncentratami o\u0142owiu w wysokich temperaturach. Ta zaawansowana metoda wytapiania pozwala na optymalny odzysk metalu przy jednoczesnej minimalizacji odpad\u00f3w i emisji. Rezultatem tego procesu jest kruszec o\u0142owiu, p\u00f3\u0142czysta forma o\u0142owiu, kt\u00f3ra nadal zawiera pewne zanieczyszczenia. Aby osi\u0105gn\u0105\u0107 najwy\u017csz\u0105 jako\u015b\u0107, kruszec o\u0142owiu poddawany jest procesowi rafinacji, w kt\u00f3rym usuwane s\u0105 pozosta\u0142e zanieczyszczenia. W wyniku tego oczyszczania powstaj\u0105 wlewki o\u0142owiu o wysokim poziomie czysto\u015bci 99,99% i 99,97%. Wlewki te s\u0105 nast\u0119pnie gotowe do u\u017cycia w r\u00f3\u017cnych ga\u0142\u0119ziach przemys\u0142u.<\/p>\n<p>O\u0142\u00f3w jest bardzo cennym materia\u0142em do recyklingu ze wzgl\u0119du na \u0142atwo\u015b\u0107 ponownego wykorzystania w produkcji i wysoki wska\u017anik recyklingu. Odgrywa on kluczow\u0105 rol\u0119 w r\u00f3\u017cnych sektorach, w tym energii odnawialnej, motoryzacyjnym, obronnym i produkcji baterii. Te powszechne zastosowania sprawiaj\u0105, \u017ce recykling o\u0142owiu ma zasadnicze znaczenie dla zr\u00f3wnowa\u017conego rozwoju i efektywnego gospodarowania zasobami. Odzyskuj\u0105c i rafinuj\u0105c o\u0142\u00f3w, przyczyniamy si\u0119 do rozwoju gospodarki o obiegu zamkni\u0119tym i zmniejszamy zapotrzebowanie na pierwotne wydobycie o\u0142owiu.<\/p>\n<p>Bior\u0105c pod uwag\u0119 niebezpieczny charakter materia\u0142\u00f3w o\u0142owiowych, obchodzimy si\u0119 z nimi z najwy\u017csz\u0105 staranno\u015bci\u0105, przestrzegaj\u0105c surowych przepis\u00f3w bezpiecze\u0144stwa i ochrony \u015brodowiska, aby zapewni\u0107 odpowiedzialne i zr\u00f3wnowa\u017cone przetwarzanie. Aby zapewni\u0107 naszym klientom beztrosk\u0105 dostaw\u0119, mamy specjalny dzia\u0142 zajmuj\u0105cy si\u0119 zg\u0142aszaniem naszych materia\u0142\u00f3w zgodnie z Konwencj\u0105 Bazylejsk\u0105. W ci\u0105gu ostatnich 30 lat przyjmowali\u015bmy i przetwarzali\u015bmy ponad 30 000 ton pozosta\u0142o\u015bci o\u0142owiu rocznie.<\/p>\n<\/div><\/section><br \/>\n\n<style type=\"text\/css\" data-created_by=\"avia_inline_auto\" id=\"style-css-av-3tht7-6ce28acd27068d56e4623f344e532800\">\n#top .hr.hr-invisible.av-3tht7-6ce28acd27068d56e4623f344e532800{\nheight:30px;\n}\n<\/style>\n<div  class='hr av-3tht7-6ce28acd27068d56e4623f344e532800 hr-invisible  avia-builder-el-8  el_after_av_textblock  el_before_av_textblock'><span class='hr-inner'><span class=\"hr-inner-style\"><\/span><\/span><\/div><br \/>\n<section  class='av_textblock_section av-kzmnaw5m-4b9234aa19aaded428707b10d60589a9'   itemscope=\"itemscope\" itemtype=\"https:\/\/schema.org\/CreativeWork\" ><div class='avia_textblock'  itemprop=\"text\" ><h4>Na nasz portfel pozosta\u0142o\u015bci po o\u0142owiu sk\u0142adaj\u0105 si\u0119:<\/h4>\n<table class=\"portfolio-table\" style=\"border-collapse: collapse; width: 100%;\" border=\"1\">\n<tbody>\n<tr>\n<td style=\"width: 50%;\">\n<ul>\n<li>Pasta o\u0142owiowa<\/li>\n<li>Akumulatory o\u0142owiowe<\/li>\n<li>Tlenek o\u0142owiu<\/li>\n<li>Popio\u0142y o\u0142owiane<\/li>\n<\/ul>\n<\/td>\n<td style=\"width: 50%;\"><\/td>\n<\/tr>\n<\/tbody>\n<\/table>\n<\/div><\/section><br \/>\n<div  class='avia-slideshow av-354yj-5869fa1013e37bf55e0ef7be4cbc6e0b avia-slideshow-no scaling av_slideshow avia-slide-slider  avia-builder-el-10  el_after_av_textblock  avia-builder-el-last  av-slideshow-ui av-control-default av-slideshow-manual av-loop-once av-loop-manual-endless av-default-height-applied avia-slideshow-1' data-slideshow-options=\"{&quot;animation&quot;:&quot;slide&quot;,&quot;autoplay&quot;:false,&quot;loop_autoplay&quot;:&quot;once&quot;,&quot;interval&quot;:5,&quot;loop_manual&quot;:&quot;manual-endless&quot;,&quot;autoplay_stopper&quot;:false,&quot;noNavigation&quot;:false,&quot;bg_slider&quot;:false,&quot;keep_padding&quot;:false,&quot;hoverpause&quot;:false,&quot;show_slide_delay&quot;:0}\"  itemprop=\"image\" itemscope=\"itemscope\" itemtype=\"https:\/\/schema.org\/ImageObject\" ><ul class='avia-slideshow-inner' style='padding-bottom: 75.78125%;'><li  class='avia-slideshow-slide av-354yj-5869fa1013e37bf55e0ef7be4cbc6e0b__0  av-single-slide slide-1 slide-odd'><div data-rel='slideshow-1' class='avia-slide-wrap'   ><img decoding=\"async\" fetchpriority=\"high\" class=\"wp-image-276 avia-img-lazy-loading-not-276\"  src=\"https:\/\/www.metalschemicalsgroup.com\/wp-content\/uploads\/2022\/02\/Lead-Ingots-scaled.jpg\" width=\"2560\" height=\"1940\" title='O\u0142\u00f3w, sztabka' alt='Lead-Ingots'  itemprop=\"thumbnailUrl\" srcset=\"https:\/\/www.metalschemicalsgroup.com\/wp-content\/uploads\/2022\/02\/Lead-Ingots-scaled.jpg 2560w, https:\/\/www.metalschemicalsgroup.com\/wp-content\/uploads\/2022\/02\/Lead-Ingots-300x227.jpg 300w, https:\/\/www.metalschemicalsgroup.com\/wp-content\/uploads\/2022\/02\/Lead-Ingots-1030x781.jpg 1030w, https:\/\/www.metalschemicalsgroup.com\/wp-content\/uploads\/2022\/02\/Lead-Ingots-768x582.jpg 768w, https:\/\/www.metalschemicalsgroup.com\/wp-content\/uploads\/2022\/02\/Lead-Ingots-1536x1164.jpg 1536w, https:\/\/www.metalschemicalsgroup.com\/wp-content\/uploads\/2022\/02\/Lead-Ingots-2048x1552.jpg 2048w, https:\/\/www.metalschemicalsgroup.com\/wp-content\/uploads\/2022\/02\/Lead-Ingots-1500x1137.jpg 1500w, https:\/\/www.metalschemicalsgroup.com\/wp-content\/uploads\/2022\/02\/Lead-Ingots-705x534.jpg 705w\" sizes=\"(max-width: 2560px) 100vw, 2560px\" \/><\/div><\/li><\/ul><\/div><\/p><\/div><div  class='flex_column av-1mfij-4357e8012e45169f05f6fcd2cef5ccdd av_one_third  avia-builder-el-11  el_after_av_two_third  avia-builder-el-last  no_margin flex_column_div'     ><div  class='avia-builder-widget-area clearfix  avia-builder-el-12  avia-builder-el-no-sibling'><section id=\"text-6\" class=\"widget clearfix widget_text\"><h3 class=\"widgettitle\">Skontaktuj si\u0119 z nami<\/h3>\t\t\t<div class=\"textwidget\"><a class=\"mail\" href=\"mailto:info@metalschemicalsgroup.com\">info@metalschemicalsgroup.com<\/a>\r\n<a class=\"tel\" href=\"tel:+31(0)43 362 6500\">+31(0)43 362 6500<\/a><\/div>\n\t\t<span class=\"seperator extralight-border\"><\/span><\/section><\/div><\/div><\/div><\/div><\/div><!-- close content main div --><\/div><\/div>\n<style type=\"text\/css\" data-created_by=\"avia_inline_auto\" id=\"style-css-av-5xhjb-76ded3a530fea8d3485f8d71de401021\">\n.avia-section.av-5xhjb-76ded3a530fea8d3485f8d71de401021{\nmargin-top:-160px;\nmargin-bottom:0px;\n}\n<\/style>\n<div id='av_section_3'  class='avia-section av-5xhjb-76ded3a530fea8d3485f8d71de401021 alternate_color avia-section-large avia-no-border-styling  avia-builder-el-13  el_after_av_section  avia-builder-el-last  avia-bg-style-scroll container_wrap fullsize'  ><div class='container av-section-cont-open' ><div class='template-page content  av-content-full alpha units'><div class='post-entry post-entry-type-page post-entry-55'><div class='entry-content-wrapper clearfix'>\n\n<style type=\"text\/css\" data-created_by=\"avia_inline_auto\" id=\"style-css-av-50y8n-b4720a45e3e136b83f9b78e08120a0a3\">\n#top .hr.hr-invisible.av-50y8n-b4720a45e3e136b83f9b78e08120a0a3{\nheight:50px;\n}\n<\/style>\n<div  class='hr av-50y8n-b4720a45e3e136b83f9b78e08120a0a3 hr-invisible  avia-builder-el-14  el_before_av_textblock  avia-builder-el-first'><span class='hr-inner'><span class=\"hr-inner-style\"><\/span><\/span><\/div>\n<section  class='av_textblock_section av-4ortb-2748bc65beaef32e2d255b66904ef0e6'   itemscope=\"itemscope\" itemtype=\"https:\/\/schema.org\/CreativeWork\" ><div class='avia_textblock'  itemprop=\"text\" ><h2>Nasze produkty<\/h2>\n<\/div><\/section>\n<div class='flex_column_table av-3vlyv-3bb891de8c0420f7a0a3c021c19369a1 sc-av_one_third av-equal-height-column-flextable'>\n<style type=\"text\/css\" data-created_by=\"avia_inline_auto\" id=\"style-css-av-3vlyv-3bb891de8c0420f7a0a3c021c19369a1\">\n.flex_column.av-3vlyv-3bb891de8c0420f7a0a3c021c19369a1{\nwidth:33%;\nmargin-left:0;\nborder-radius:0px 0px 0px 0px;\npadding:240px 40px 60px 40px;\nbackground:url(https:\/\/www.metalschemicalsgroup.com\/wp-content\/uploads\/2022\/02\/2015.148181-scaled.jpg) 50% 50% no-repeat scroll ;\n}\n#top .flex_column_table.av-equal-height-column-flextable.av-3vlyv-3bb891de8c0420f7a0a3c021c19369a1 .av-flex-placeholder{\nwidth:0.5%;\n}\n<\/style>\n<div  class='flex_column av-3vlyv-3bb891de8c0420f7a0a3c021c19369a1 av_one_third  avia-builder-el-16  el_after_av_textblock  el_before_av_one_third  first flex_column_table_cell av-equal-height-column av-align-top avia-full-stretch avia-link-column av-column-link avia-link-column-hover  column-top-margin'    data-link-column-url=\"https:\/\/www.metalschemicalsgroup.com\/pl\/products\/zinc\/\"   ><a class=\"av-screen-reader-only\" href=\"https:\/\/www.metalschemicalsgroup.com\/pl\/products\/zinc\/\" >Link do: Pozosta\u0142o\u015bci cynku<\/a><style type=\"text\/css\" data-created_by=\"avia_inline_auto\" id=\"style-css-av-3dxmj-7aab1f12a85761e052f11f27ffe21eb6\">\n#top .av_textblock_section.av-3dxmj-7aab1f12a85761e052f11f27ffe21eb6 .avia_textblock{\ncolor:#ffffff;\n}\n<\/style>\n<section  class='av_textblock_section av-3dxmj-7aab1f12a85761e052f11f27ffe21eb6'   itemscope=\"itemscope\" itemtype=\"https:\/\/schema.org\/CreativeWork\" ><div class='avia_textblock categorie-blokken av_inherit_color'  itemprop=\"text\" ><h2>Pozosta\u0142o\u015bci cynku<\/h2>\n<\/div><\/section><\/div><div class='av-flex-placeholder'><\/div>\n<style type=\"text\/css\" data-created_by=\"avia_inline_auto\" id=\"style-css-av-2panz-05058acaa8ff193a70dbaf1f2a3cb7dc\">\n.flex_column.av-2panz-05058acaa8ff193a70dbaf1f2a3cb7dc{\nwidth:33%;\nmargin-left:0;\nborder-radius:0px 0px 0px 0px;\npadding:240px 40px 60px 40px;\nbackground:url(https:\/\/www.metalschemicalsgroup.com\/wp-content\/uploads\/2022\/02\/Furnace-scaled.jpg) 50% 50% no-repeat scroll ;\n}\n#top .flex_column_table.av-equal-height-column-flextable.av-2panz-05058acaa8ff193a70dbaf1f2a3cb7dc .av-flex-placeholder{\nwidth:0.5%;\n}\n<\/style>\n<div  class='flex_column av-2panz-05058acaa8ff193a70dbaf1f2a3cb7dc av_one_third  avia-builder-el-18  el_after_av_one_third  el_before_av_one_third  flex_column_table_cell av-equal-height-column av-align-top avia-full-stretch avia-link-column av-column-link avia-link-column-hover  column-top-margin'    data-link-column-url=\"https:\/\/www.metalschemicalsgroup.com\/pl\/products\/lead-residues\/\"   ><a class=\"av-screen-reader-only\" href=\"https:\/\/www.metalschemicalsgroup.com\/pl\/products\/lead-residues\/\" >Link do: Pozosta\u0142o\u015bci o\u0142owiu<\/a><style type=\"text\/css\" data-created_by=\"avia_inline_auto\" id=\"style-css-av-22263-99bf924d046804abca334e2a297b5fe9\">\n#top .av_textblock_section.av-22263-99bf924d046804abca334e2a297b5fe9 .avia_textblock{\ncolor:#ffffff;\n}\n<\/style>\n<section  class='av_textblock_section av-22263-99bf924d046804abca334e2a297b5fe9'   itemscope=\"itemscope\" itemtype=\"https:\/\/schema.org\/CreativeWork\" ><div class='avia_textblock categorie-blokken av_inherit_color'  itemprop=\"text\" ><h2>Pozosta\u0142o\u015bci o\u0142owiu<\/h2>\n<\/div><\/section><\/div><div class='av-flex-placeholder'><\/div>\n<style type=\"text\/css\" data-created_by=\"avia_inline_auto\" id=\"style-css-av-1mqbf-c7f488061a66960b09a43597ef1ed15a\">\n.flex_column.av-1mqbf-c7f488061a66960b09a43597ef1ed15a{\nwidth:33%;\nmargin-left:0;\nborder-radius:0px 0px 0px 0px;\npadding:240px 40px 60px 40px;\nbackground:url(https:\/\/www.metalschemicalsgroup.com\/wp-content\/uploads\/2022\/12\/Gold-ingot-scaled.jpg) 50% 50% no-repeat scroll ;\n}\n#top .flex_column_table.av-equal-height-column-flextable.av-1mqbf-c7f488061a66960b09a43597ef1ed15a .av-flex-placeholder{\nwidth:0.5%;\n}\n<\/style>\n<div  class='flex_column av-1mqbf-c7f488061a66960b09a43597ef1ed15a av_one_third  avia-builder-el-20  el_after_av_one_third  avia-builder-el-last  categorie-blokken flex_column_table_cell av-equal-height-column av-align-top avia-full-stretch avia-link-column av-column-link avia-link-column-hover  column-top-margin'    data-link-column-url=\"https:\/\/www.metalschemicalsgroup.com\/pl\/products\/mining-chemicals\/\"   ><a class=\"av-screen-reader-only\" href=\"https:\/\/www.metalschemicalsgroup.com\/pl\/products\/mining-chemicals\/\" >Link do: Chemikalia g\u00f3rnicze<\/a><style type=\"text\/css\" data-created_by=\"avia_inline_auto\" id=\"style-css-av-13k9r-84664dd8dec348a07f6d118e164705aa\">\n#top .av_textblock_section.av-13k9r-84664dd8dec348a07f6d118e164705aa .avia_textblock{\ncolor:#ffffff;\n}\n<\/style>\n<section  class='av_textblock_section av-13k9r-84664dd8dec348a07f6d118e164705aa'   itemscope=\"itemscope\" itemtype=\"https:\/\/schema.org\/CreativeWork\" ><div class='avia_textblock av_inherit_color'  itemprop=\"text\" ><h2>Chemikalia g\u00f3rnicze<\/h2>\n<\/div><\/section><\/div><\/div><!--close column table wrapper. Autoclose: 1 -->\n<\/p>","protected":false},"excerpt":{"rendered":"","protected":false},"author":1,"featured_media":0,"parent":51,"menu_order":0,"comment_status":"closed","ping_status":"closed","template":"","meta":{"_monsterinsights_skip_tracking":false,"_monsterinsights_sitenote_active":false,"_monsterinsights_sitenote_note":"","_monsterinsights_sitenote_category":0,"footnotes":""},"class_list":["post-55","page","type-page","status-publish","hentry"],"yoast_head":"<!-- This site is optimized with the Yoast SEO plugin v27.2 - https:\/\/yoast.com\/product\/yoast-seo-wordpress\/ -->\n<title>Lead Residues - Metals Chemicals Maastricht<\/title>\n<meta name=\"description\" content=\"We process lead residues with the required permits and facilities, ensuring safe trade and delivery. Handling 30,000+ tons yearly.\" \/>\n<meta name=\"robots\" content=\"index, follow, max-snippet:-1, max-image-preview:large, max-video-preview:-1\" \/>\n<link rel=\"canonical\" href=\"https:\/\/www.metalschemicalsgroup.com\/pl\/produkty\/olow-2\/\" \/>\n<meta property=\"og:locale\" content=\"pl_PL\" \/>\n<meta property=\"og:type\" content=\"article\" \/>\n<meta property=\"og:title\" content=\"Lead Residues - Metals Chemicals Maastricht\" \/>\n<meta property=\"og:description\" content=\"We process lead residues with the required permits and facilities, ensuring safe trade and delivery. Handling 30,000+ tons yearly.\" \/>\n<meta property=\"og:url\" content=\"https:\/\/www.metalschemicalsgroup.com\/pl\/produkty\/olow-2\/\" \/>\n<meta property=\"og:site_name\" content=\"Metals Chemicals Maastricht\" \/>\n<meta property=\"article:modified_time\" content=\"2025-03-07T12:56:16+00:00\" \/>\n<meta name=\"twitter:card\" content=\"summary_large_image\" \/>\n<meta name=\"twitter:label1\" content=\"Szacowany czas czytania\" \/>\n\t<meta name=\"twitter:data1\" content=\"2 minuty\" \/>\n<script type=\"application\/ld+json\" class=\"yoast-schema-graph\">{\"@context\":\"https:\/\/schema.org\",\"@graph\":[{\"@type\":\"WebPage\",\"@id\":\"https:\/\/www.metalschemicalsgroup.com\/products\/lead-residues\/\",\"url\":\"https:\/\/www.metalschemicalsgroup.com\/products\/lead-residues\/\",\"name\":\"Lead Residues - Metals Chemicals Maastricht\",\"isPartOf\":{\"@id\":\"https:\/\/www.metalschemicalsgroup.com\/#website\"},\"datePublished\":\"2022-01-24T10:43:47+00:00\",\"dateModified\":\"2025-03-07T12:56:16+00:00\",\"description\":\"We process lead residues with the required permits and facilities, ensuring safe trade and delivery. Handling 30,000+ tons yearly.\",\"breadcrumb\":{\"@id\":\"https:\/\/www.metalschemicalsgroup.com\/products\/lead-residues\/#breadcrumb\"},\"inLanguage\":\"pl-PL\",\"potentialAction\":[{\"@type\":\"ReadAction\",\"target\":[\"https:\/\/www.metalschemicalsgroup.com\/products\/lead-residues\/\"]}]},{\"@type\":\"BreadcrumbList\",\"@id\":\"https:\/\/www.metalschemicalsgroup.com\/products\/lead-residues\/#breadcrumb\",\"itemListElement\":[{\"@type\":\"ListItem\",\"position\":1,\"name\":\"Home\",\"item\":\"https:\/\/www.metalschemicalsgroup.com\/partner-in-zinc-lead-mining-chemicals\/\"},{\"@type\":\"ListItem\",\"position\":2,\"name\":\"Products\",\"item\":\"https:\/\/www.metalschemicalsgroup.com\/products\/\"},{\"@type\":\"ListItem\",\"position\":3,\"name\":\"Lead Residues\"}]},{\"@type\":\"WebSite\",\"@id\":\"https:\/\/www.metalschemicalsgroup.com\/#website\",\"url\":\"https:\/\/www.metalschemicalsgroup.com\/\",\"name\":\"Metals Chemicals Maastricht\",\"description\":\"Strong in Zinc\",\"potentialAction\":[{\"@type\":\"SearchAction\",\"target\":{\"@type\":\"EntryPoint\",\"urlTemplate\":\"https:\/\/www.metalschemicalsgroup.com\/?s={search_term_string}\"},\"query-input\":{\"@type\":\"PropertyValueSpecification\",\"valueRequired\":true,\"valueName\":\"search_term_string\"}}],\"inLanguage\":\"pl-PL\"}]}<\/script>\n<!-- \/ Yoast SEO plugin. -->","yoast_head_json":{"title":"Pozosta\u0142o\u015bci o\u0142owiu - Metale Chemia Maastricht","description":"Przetwarzamy pozosta\u0142o\u015bci o\u0142owiu z wymaganymi pozwoleniami i udogodnieniami, zapewniaj\u0105c bezpieczny handel i dostaw\u0119. Obs\u0142ugujemy ponad 30 000 ton rocznie.","robots":{"index":"index","follow":"follow","max-snippet":"max-snippet:-1","max-image-preview":"max-image-preview:large","max-video-preview":"max-video-preview:-1"},"canonical":"https:\/\/www.metalschemicalsgroup.com\/pl\/produkty\/olow-2\/","og_locale":"pl_PL","og_type":"article","og_title":"Lead Residues - Metals Chemicals Maastricht","og_description":"We process lead residues with the required permits and facilities, ensuring safe trade and delivery. Handling 30,000+ tons yearly.","og_url":"https:\/\/www.metalschemicalsgroup.com\/pl\/produkty\/olow-2\/","og_site_name":"Metals Chemicals Maastricht","article_modified_time":"2025-03-07T12:56:16+00:00","twitter_card":"summary_large_image","twitter_misc":{"Szacowany czas czytania":"2 minuty"},"schema":{"@context":"https:\/\/schema.org","@graph":[{"@type":"WebPage","@id":"https:\/\/www.metalschemicalsgroup.com\/products\/lead-residues\/","url":"https:\/\/www.metalschemicalsgroup.com\/products\/lead-residues\/","name":"Pozosta\u0142o\u015bci o\u0142owiu - Metale Chemia Maastricht","isPartOf":{"@id":"https:\/\/www.metalschemicalsgroup.com\/#website"},"datePublished":"2022-01-24T10:43:47+00:00","dateModified":"2025-03-07T12:56:16+00:00","description":"Przetwarzamy pozosta\u0142o\u015bci o\u0142owiu z wymaganymi pozwoleniami i udogodnieniami, zapewniaj\u0105c bezpieczny handel i dostaw\u0119. Obs\u0142ugujemy ponad 30 000 ton rocznie.","breadcrumb":{"@id":"https:\/\/www.metalschemicalsgroup.com\/products\/lead-residues\/#breadcrumb"},"inLanguage":"pl-PL","potentialAction":[{"@type":"ReadAction","target":["https:\/\/www.metalschemicalsgroup.com\/products\/lead-residues\/"]}]},{"@type":"BreadcrumbList","@id":"https:\/\/www.metalschemicalsgroup.com\/products\/lead-residues\/#breadcrumb","itemListElement":[{"@type":"ListItem","position":1,"name":"Home","item":"https:\/\/www.metalschemicalsgroup.com\/partner-in-zinc-lead-mining-chemicals\/"},{"@type":"ListItem","position":2,"name":"Products","item":"https:\/\/www.metalschemicalsgroup.com\/products\/"},{"@type":"ListItem","position":3,"name":"Lead Residues"}]},{"@type":"WebSite","@id":"https:\/\/www.metalschemicalsgroup.com\/#website","url":"https:\/\/www.metalschemicalsgroup.com\/","name":"Metals Chemicals Maastricht","description":"Silny w cynk","potentialAction":[{"@type":"SearchAction","target":{"@type":"EntryPoint","urlTemplate":"https:\/\/www.metalschemicalsgroup.com\/?s={search_term_string}"},"query-input":{"@type":"PropertyValueSpecification","valueRequired":true,"valueName":"search_term_string"}}],"inLanguage":"pl-PL"}]}},"_links":{"self":[{"href":"https:\/\/www.metalschemicalsgroup.com\/pl\/wp-json\/wp\/v2\/pages\/55","targetHints":{"allow":["GET"]}}],"collection":[{"href":"https:\/\/www.metalschemicalsgroup.com\/pl\/wp-json\/wp\/v2\/pages"}],"about":[{"href":"https:\/\/www.metalschemicalsgroup.com\/pl\/wp-json\/wp\/v2\/types\/page"}],"author":[{"embeddable":true,"href":"https:\/\/www.metalschemicalsgroup.com\/pl\/wp-json\/wp\/v2\/users\/1"}],"replies":[{"embeddable":true,"href":"https:\/\/www.metalschemicalsgroup.com\/pl\/wp-json\/wp\/v2\/comments?post=55"}],"version-history":[{"count":18,"href":"https:\/\/www.metalschemicalsgroup.com\/pl\/wp-json\/wp\/v2\/pages\/55\/revisions"}],"predecessor-version":[{"id":1659,"href":"https:\/\/www.metalschemicalsgroup.com\/pl\/wp-json\/wp\/v2\/pages\/55\/revisions\/1659"}],"up":[{"embeddable":true,"href":"https:\/\/www.metalschemicalsgroup.com\/pl\/wp-json\/wp\/v2\/pages\/51"}],"wp:attachment":[{"href":"https:\/\/www.metalschemicalsgroup.com\/pl\/wp-json\/wp\/v2\/media?parent=55"}],"curies":[{"name":"wp","href":"https:\/\/api.w.org\/{rel}","templated":true}]}}