{"id":595,"date":"2022-03-25T12:03:35","date_gmt":"2022-03-25T12:03:35","guid":{"rendered":"https:\/\/metalschemicals.bonsaidev.nl\/?page_id=595"},"modified":"2022-06-24T10:58:24","modified_gmt":"2022-06-24T10:58:24","slug":"misja-wizja","status":"publish","type":"page","link":"https:\/\/www.metalschemicalsgroup.com\/pl\/about-us\/mission-vision\/","title":{"rendered":"Misja i wizja"},"content":{"rendered":"<style type=\"text\/css\" data-created_by=\"avia_inline_auto\" id=\"style-css-av-12vnz-4d40be6102b0db5e1b0a62465c07a740\">\n.avia-section.av-12vnz-4d40be6102b0db5e1b0a62465c07a740{\nbackground-repeat:no-repeat;\nbackground-image:url(https:\/\/www.metalschemicalsgroup.com\/wp-content\/uploads\/2022\/04\/20210601-MCM-HQ-009-scaled.jpg);\nbackground-position:100% 50%;\nbackground-attachment:scroll;\n}\n<\/style>\n<div id='av_section_1'  class='avia-section av-12vnz-4d40be6102b0db5e1b0a62465c07a740 main_color avia-section-default avia-no-border-styling  avia-builder-el-0  el_before_av_section  avia-builder-el-first  avia-full-stretch avia-bg-style-scroll av-minimum-height av-minimum-height-custom av-height-custom  container_wrap fullsize'  data-section-bg-repeat='stretch' data-av_minimum_height_px='580'><div class='container av-section-cont-open' style='height:580px'><main  role=\"main\" itemprop=\"mainContentOfPage\"  class='template-page content  av-content-full alpha units'><div class='post-entry post-entry-type-page post-entry-595'><div class='entry-content-wrapper clearfix'>\n<div  class='flex_column av-aoxuf-62b6687164168097758f836dd8241366 av_two_third  avia-builder-el-1  el_before_av_one_third  avia-builder-el-first  first flex_column_div'     ><style type=\"text\/css\" data-created_by=\"avia_inline_auto\" id=\"style-css-av-kzmnt36k-2b38c0bce20a12448c12a75f9fb16939\">\n#top .av_textblock_section.av-kzmnt36k-2b38c0bce20a12448c12a75f9fb16939 .avia_textblock{\nfont-size:20px;\ncolor:#ffffff;\n}\n<\/style>\n<section  class='av_textblock_section av-kzmnt36k-2b38c0bce20a12448c12a75f9fb16939'   itemscope=\"itemscope\" itemtype=\"https:\/\/schema.org\/CreativeWork\" ><div class='avia_textblock heading-content-intro av_inherit_color'  itemprop=\"text\" ><h1><strong>Misja i wizja<br \/>\n<\/strong><\/h1>\n<\/div><\/section><\/div><div  class='flex_column av-9ynuv-24205aa4eac6492fc49274788ea5f304 av_one_third  avia-builder-el-3  el_after_av_two_third  avia-builder-el-last  flex_column_div'     ><\/div>\n\n<\/div><\/div><\/main><!-- close content main element --><\/div><\/div><div id='av_section_2'  class='avia-section av-9ddnj-6111036e7ea4a560d0fd6c20acee76e0 main_color avia-section-large avia-no-border-styling  avia-builder-el-4  el_after_av_section  el_before_av_section  avia-bg-style-scroll container_wrap fullsize'  ><div class='container av-section-cont-open' ><div class='template-page content  av-content-full alpha units'><div class='post-entry post-entry-type-page post-entry-595'><div class='entry-content-wrapper clearfix'>\n\n<style type=\"text\/css\" data-created_by=\"avia_inline_auto\" id=\"style-css-av-8wk3j-a2ee06b0dd6fd8bf70ae0285e5cc0916\">\n.flex_column.av-8wk3j-a2ee06b0dd6fd8bf70ae0285e5cc0916{\npadding:0 80px 0 0;\n}\n<\/style>\n<div  id=\"content-blok\"  class='flex_column av-8wk3j-a2ee06b0dd6fd8bf70ae0285e5cc0916 av_two_third  avia-builder-el-5  el_before_av_one_third  avia-builder-el-first  first no_margin flex_column_div'     ><p>\n<style type=\"text\/css\" data-created_by=\"avia_inline_auto\" id=\"style-css-av-kzmnthyi-9ba1feff74c8b65da125fe65a1522e34\">\n#top .av-special-heading.av-kzmnthyi-9ba1feff74c8b65da125fe65a1522e34{\npadding-bottom:10px;\n}\nbody .av-special-heading.av-kzmnthyi-9ba1feff74c8b65da125fe65a1522e34 .av-special-heading-tag .heading-char{\nfont-size:25px;\n}\n.av-special-heading.av-kzmnthyi-9ba1feff74c8b65da125fe65a1522e34 .av-subheading{\nfont-size:15px;\n}\n<\/style>\n<div  class='av-special-heading av-kzmnthyi-9ba1feff74c8b65da125fe65a1522e34 av-special-heading-h2 blockquote modern-quote  avia-builder-el-6  el_before_av_textblock  avia-builder-el-first'><div class='av-subheading av-subheading_above'><p>Wspaniale w<\/p>\n<\/div><h2 class='av-special-heading-tag'  itemprop=\"headline\"  >Misja i wizja<\/h2><div class=\"special-heading-border\"><div class=\"special-heading-inner-border\"><\/div><\/div><\/div><br \/>\n<section  class='av_textblock_section av-kzmntvzz-52289cf1523b0581cfb45fe915666669'   itemscope=\"itemscope\" itemtype=\"https:\/\/schema.org\/CreativeWork\" ><div class='avia_textblock'  itemprop=\"text\" ><p><strong>Wizja<br \/>\n<\/strong>By\u0107 globalnym zr\u00f3wnowa\u017conym partnerem w recyklingu pozosta\u0142o\u015bci cynku i o\u0142owiu, cenionym za swoje wyniki i d\u0142ugoterminowe relacje w dobrej harmonii ze wszystkimi interesariuszami.<\/p>\n<p><strong>Misja<br \/>\n<\/strong>Zapewniamy naszym partnerom biznesowym najlepsz\u0105 mo\u017cliw\u0105 wiedz\u0119, do\u015bwiadczenie i rozwi\u0105zania w celu optymalizacji wykorzystania pozosta\u0142o\u015bci do r\u00f3\u017cnego rodzaju proces\u00f3w i zastosowa\u0144 w spos\u00f3b zr\u00f3wnowa\u017cony.<\/p>\n<h3>Nasze warto\u015bci<\/h3>\n<p>Poni\u017csze warto\u015bci podstawowe okre\u015blaj\u0105, co jest wa\u017cne dla MCM:<\/p>\n<table class=\"icon-table\" style=\"width: 100%; border-style: none;\">\n<tbody>\n<tr>\n<td style=\"width: 80px;\"><img loading=\"lazy\" decoding=\"async\" class=\"wp-image-776 aligncenter\" src=\"https:\/\/www.metalschemicalsgroup.com\/wp-content\/uploads\/2022\/04\/people.png\" alt=\"ludzie\" width=\"80\" height=\"80\" srcset=\"https:\/\/www.metalschemicalsgroup.com\/wp-content\/uploads\/2022\/04\/people.png 160w, https:\/\/www.metalschemicalsgroup.com\/wp-content\/uploads\/2022\/04\/people-80x80.png 80w, https:\/\/www.metalschemicalsgroup.com\/wp-content\/uploads\/2022\/04\/people-36x36.png 36w\" sizes=\"auto, (max-width: 80px) 100vw, 80px\" \/><\/td>\n<td style=\"padding-left: 30px!important;\"><strong>Ludzie<\/strong><br \/>\nPrzestrzegamy zasad bezpiecznego, zdrowego i inspiruj\u0105cego miejsca pracy. Zach\u0119camy naszych pracownik\u00f3w do wykorzystywania swoich umiej\u0119tno\u015bci, do\u015bwiadczenia i wiedzy w codziennej pracy.<\/td>\n<\/tr>\n<tr>\n<td style=\"width: 80px;\"><img loading=\"lazy\" decoding=\"async\" class=\"wp-image-776 aligncenter\" src=\"https:\/\/www.metalschemicalsgroup.com\/wp-content\/uploads\/2022\/04\/partners.png\" alt=\"partnerzy\" width=\"80\" height=\"80\" \/><\/td>\n<td style=\"padding-left: 30px!important;\"><strong>Partnerstwo<\/strong><br \/>\nSkupiamy si\u0119 na budowaniu d\u0142ugoterminowych relacji ze wszystkimi naszymi interesariuszami.<\/td>\n<\/tr>\n<tr>\n<td style=\"width: 80px;\"><img loading=\"lazy\" decoding=\"async\" class=\"wp-image-776 aligncenter\" src=\"https:\/\/www.metalschemicalsgroup.com\/wp-content\/uploads\/2022\/04\/quality.png\" alt=\"jako\u015b\u0107\" width=\"80\" height=\"80\" \/><\/td>\n<td style=\"padding-left: 30px!important;\"><strong>Jako\u015b\u0107<\/strong><br \/>\nJeste\u015bmy zobowi\u0105zani do pracy wed\u0142ug najwy\u017cszych mi\u0119dzynarodowych (certyfikowanych) standard\u00f3w i stale doskonalimy nasze umiej\u0119tno\u015bci i wiedz\u0119, aby sprosta\u0107 wymaganiom naszych klient\u00f3w.<\/td>\n<\/tr>\n<tr>\n<td style=\"width: 80px;\"><img loading=\"lazy\" decoding=\"async\" class=\"wp-image-776 aligncenter\" src=\"https:\/\/www.metalschemicalsgroup.com\/wp-content\/uploads\/2022\/04\/sustainable.png\" alt=\"zr\u00f3wnowa\u017cony\" width=\"80\" height=\"80\" \/><\/td>\n<td style=\"padding-left: 30px!important;\"><strong>Zr\u00f3wnowa\u017cony rozw\u00f3j<\/strong><br \/>\nNaszym integralnym celem jest ci\u0105g\u0142e obni\u017canie \u015bladu w\u0119glowego we wszystkich naszych dzia\u0142aniach.<\/td>\n<\/tr>\n<tr>\n<td style=\"width: 80px;\"><img loading=\"lazy\" decoding=\"async\" class=\"wp-image-776 aligncenter\" src=\"https:\/\/www.metalschemicalsgroup.com\/wp-content\/uploads\/2022\/04\/innovation.png\" alt=\"innowacja\" width=\"80\" height=\"80\" \/><\/td>\n<td style=\"padding-left: 30px!important;\"><strong>Innowacja<\/strong><br \/>\nD\u0105\u017cymy do innowacji we wszystkich aspektach naszej dzia\u0142alno\u015bci, aby by\u0107 pionierem w naszej dyscyplinie.<\/td>\n<\/tr>\n<\/tbody>\n<\/table>\n<\/div><\/section><br \/>\n\n<style type=\"text\/css\" data-created_by=\"avia_inline_auto\" id=\"style-css-av-kzmnu168-ff59575315c2da0223b9dea518504824\">\n#top .hr.hr-invisible.av-kzmnu168-ff59575315c2da0223b9dea518504824{\nheight:20px;\n}\n<\/style>\n<div  class='hr av-kzmnu168-ff59575315c2da0223b9dea518504824 hr-invisible  avia-builder-el-8  el_after_av_textblock  el_before_av_slideshow'><span class='hr-inner'><span class=\"hr-inner-style\"><\/span><\/span><\/div><br \/>\n<\/p><\/div><div  class='flex_column av-60wgn-697acd5ed2e1600fed57d3f57afc3959 av_one_third  avia-builder-el-10  el_after_av_two_third  avia-builder-el-last  no_margin flex_column_div'     ><div  class='avia-builder-widget-area clearfix  avia-builder-el-11  avia-builder-el-no-sibling'><section id=\"text-6\" class=\"widget clearfix widget_text\"><h3 class=\"widgettitle\">Skontaktuj si\u0119 z nami<\/h3>\t\t\t<div class=\"textwidget\"><a class=\"mail\" href=\"mailto:info@metalschemicalsgroup.com\">info@metalschemicalsgroup.com<\/a>\r\n<a class=\"tel\" href=\"tel:+31(0)43 362 6500\">+31(0)43 362 6500<\/a><\/div>\n\t\t<span class=\"seperator extralight-border\"><\/span><\/section><\/div><\/div><\/div><\/div><\/div><!-- close content main div --><\/div><\/div>\n<style type=\"text\/css\" data-created_by=\"avia_inline_auto\" id=\"style-css-av-3zvgz-87c20c8c1f238c7717a384dbf30f50ae\">\n.avia-section.av-3zvgz-87c20c8c1f238c7717a384dbf30f50ae{\nmargin-top:-160px;\nmargin-bottom:0px;\n}\n<\/style>\n<div id='av_section_3'  class='avia-section av-3zvgz-87c20c8c1f238c7717a384dbf30f50ae alternate_color avia-section-default avia-no-border-styling  avia-builder-el-12  el_after_av_section  avia-builder-el-last  avia-bg-style-scroll container_wrap fullsize'  ><div class='container av-section-cont-open' ><div class='template-page content  av-content-full alpha units'><div class='post-entry post-entry-type-page post-entry-595'><div class='entry-content-wrapper clearfix'>\n\n<style type=\"text\/css\" data-created_by=\"avia_inline_auto\" id=\"style-css-av-uxoa3-d07e10fe27636cbfb59642f63eab70b9\">\n#top .hr.hr-invisible.av-uxoa3-d07e10fe27636cbfb59642f63eab70b9{\nheight:100px;\n}\n<\/style>\n<div  class='hr av-uxoa3-d07e10fe27636cbfb59642f63eab70b9 hr-invisible  avia-builder-el-13  el_before_av_one_third  avia-builder-el-first  av-small-hide av-mini-hide'><span class='hr-inner'><span class=\"hr-inner-style\"><\/span><\/span><\/div>\n<div class='flex_column_table av-l1dhk9t9-80b34a0c61da69a49e6d53e25f9fed7a sc-av_one_third av-equal-height-column-flextable'>\n<style type=\"text\/css\" data-created_by=\"avia_inline_auto\" id=\"style-css-av-l1dhk9t9-80b34a0c61da69a49e6d53e25f9fed7a\">\n.flex_column.av-l1dhk9t9-80b34a0c61da69a49e6d53e25f9fed7a{\nwidth:33%;\nmargin-left:0;\nborder-radius:0px 0px 0px 0px;\npadding:240px 40px 60px 40px;\nbackground:url(https:\/\/www.metalschemicalsgroup.com\/wp-content\/uploads\/2022\/02\/About-MCM.jpg) 50% 50% no-repeat scroll ;\n}\n#top .flex_column_table.av-equal-height-column-flextable.av-l1dhk9t9-80b34a0c61da69a49e6d53e25f9fed7a .av-flex-placeholder{\nwidth:0.5%;\n}\n<\/style>\n<div  class='flex_column av-l1dhk9t9-80b34a0c61da69a49e6d53e25f9fed7a av_one_third  avia-builder-el-14  el_after_av_hr  el_before_av_one_third  categorie-blokken first flex_column_table_cell av-equal-height-column av-align-top avia-full-stretch avia-link-column av-column-link avia-link-column-hover'    data-link-column-url=\"https:\/\/www.metalschemicalsgroup.com\/pl\/about-us\/\"   ><a class=\"av-screen-reader-only\" href=\"https:\/\/www.metalschemicalsgroup.com\/pl\/about-us\/\" >Link do: O nas<\/a><style type=\"text\/css\" data-created_by=\"avia_inline_auto\" id=\"style-css-av-or8kb-51368803b690b582394bf3d2cc2dac52\">\n#top .av_textblock_section.av-or8kb-51368803b690b582394bf3d2cc2dac52 .avia_textblock{\ncolor:#ffffff;\n}\n<\/style>\n<section  class='av_textblock_section av-or8kb-51368803b690b582394bf3d2cc2dac52'   itemscope=\"itemscope\" itemtype=\"https:\/\/schema.org\/CreativeWork\" ><div class='avia_textblock av_inherit_color'  itemprop=\"text\" ><h2><b><span lang=\"EN-GB\">O nas<br \/>\n<\/span><\/b><\/h2>\n<\/div><\/section><\/div><div class='av-flex-placeholder'><\/div>\n<style type=\"text\/css\" data-created_by=\"avia_inline_auto\" id=\"style-css-av-l1dhkgm6-fb8d9b7ba7427ecbbbb8b48d99dd85dc\">\n.flex_column.av-l1dhkgm6-fb8d9b7ba7427ecbbbb8b48d99dd85dc{\nwidth:33%;\nmargin-left:0;\nborder-radius:0px 0px 0px 0px;\npadding:240px 40px 60px 40px;\nbackground:url(https:\/\/www.metalschemicalsgroup.com\/wp-content\/uploads\/2022\/04\/20210601-MCM-HQ-009-scaled.jpg) 50% 50% no-repeat scroll ;\n}\n#top .flex_column_table.av-equal-height-column-flextable.av-l1dhkgm6-fb8d9b7ba7427ecbbbb8b48d99dd85dc .av-flex-placeholder{\nwidth:0.5%;\n}\n<\/style>\n<div  class='flex_column av-l1dhkgm6-fb8d9b7ba7427ecbbbb8b48d99dd85dc av_one_third  avia-builder-el-16  el_after_av_one_third  el_before_av_one_third  flex_column_table_cell av-equal-height-column av-align-top avia-full-stretch avia-link-column av-column-link avia-link-column-hover'    data-link-column-url=\"https:\/\/www.metalschemicalsgroup.com\/pl\/about-us\/mission-vision\/\"   ><a class=\"av-screen-reader-only\" href=\"https:\/\/www.metalschemicalsgroup.com\/pl\/about-us\/mission-vision\/\" >Link do: Misja i wizja<\/a><style type=\"text\/css\" data-created_by=\"avia_inline_auto\" id=\"style-css-av-l6m5v-e70cc5ac3d2286f36fc6448d26107121\">\n#top .av_textblock_section.av-l6m5v-e70cc5ac3d2286f36fc6448d26107121 .avia_textblock{\ncolor:#ffffff;\n}\n<\/style>\n<section  class='av_textblock_section av-l6m5v-e70cc5ac3d2286f36fc6448d26107121'   itemscope=\"itemscope\" itemtype=\"https:\/\/schema.org\/CreativeWork\" ><div class='avia_textblock categorie-blokken av_inherit_color'  itemprop=\"text\" ><h2>Misja i wizja<\/h2>\n<\/div><\/section><\/div><div class='av-flex-placeholder'><\/div>\n<style type=\"text\/css\" data-created_by=\"avia_inline_auto\" id=\"style-css-av-l1dhkl0i-977e2ee745d085cf39a4d0c9e616bbf2\">\n.flex_column.av-l1dhkl0i-977e2ee745d085cf39a4d0c9e616bbf2{\nwidth:33%;\nmargin-left:0;\nborder-radius:0px 0px 0px 0px;\npadding:240px 40px 60px 40px;\nbackground:url(https:\/\/www.metalschemicalsgroup.com\/wp-content\/uploads\/2022\/04\/2015.148178-scaled.jpg) 50% 50% no-repeat scroll ;\n}\n#top .flex_column_table.av-equal-height-column-flextable.av-l1dhkl0i-977e2ee745d085cf39a4d0c9e616bbf2 .av-flex-placeholder{\nwidth:0.5%;\n}\n<\/style>\n<div  class='flex_column av-l1dhkl0i-977e2ee745d085cf39a4d0c9e616bbf2 av_one_third  avia-builder-el-18  el_after_av_one_third  el_before_av_hr  flex_column_table_cell av-equal-height-column av-align-top avia-full-stretch avia-link-column av-column-link avia-link-column-hover'    data-link-column-url=\"https:\/\/www.metalschemicalsgroup.com\/pl\/about-us\/the-way-we-work\/\"   ><a class=\"av-screen-reader-only\" href=\"https:\/\/www.metalschemicalsgroup.com\/pl\/about-us\/the-way-we-work\/\" >Link do: Spos\u00f3b, w jaki pracujemy<\/a><style type=\"text\/css\" data-created_by=\"avia_inline_auto\" id=\"style-css-av-g7k6b-adfee6b148c4db946d26129fc2affd0d\">\n#top .av_textblock_section.av-g7k6b-adfee6b148c4db946d26129fc2affd0d .avia_textblock{\ncolor:#ffffff;\n}\n<\/style>\n<section  class='av_textblock_section av-g7k6b-adfee6b148c4db946d26129fc2affd0d'   itemscope=\"itemscope\" itemtype=\"https:\/\/schema.org\/CreativeWork\" ><div class='avia_textblock categorie-blokken av_inherit_color'  itemprop=\"text\" ><h2>Spos\u00f3b, w jaki pracujemy<\/h2>\n<\/div><\/section><\/div><\/div><!--close column table wrapper. Autoclose: 1 -->\n<style type=\"text\/css\" data-created_by=\"avia_inline_auto\" id=\"style-css-av-xta3-d3fc6f1b6bbad100ddc5d23a9bcc1537\">\n#top .hr.hr-invisible.av-xta3-d3fc6f1b6bbad100ddc5d23a9bcc1537{\nheight:90px;\n}\n<\/style>\n<div  class='hr av-xta3-d3fc6f1b6bbad100ddc5d23a9bcc1537 hr-invisible  avia-builder-el-20  el_after_av_one_third  avia-builder-el-last  av-small-hide av-mini-hide'><span class='hr-inner'><span class=\"hr-inner-style\"><\/span><\/span><\/div>\n<\/p>","protected":false},"excerpt":{"rendered":"","protected":false},"author":1,"featured_media":0,"parent":93,"menu_order":0,"comment_status":"closed","ping_status":"closed","template":"","meta":{"_monsterinsights_skip_tracking":false,"_monsterinsights_sitenote_active":false,"_monsterinsights_sitenote_note":"","_monsterinsights_sitenote_category":0,"footnotes":""},"class_list":["post-595","page","type-page","status-publish","hentry"],"yoast_head":"<!-- This site is optimized with the Yoast SEO plugin v27.3 - https:\/\/yoast.com\/product\/yoast-seo-wordpress\/ -->\n<title>Mission &amp; Vision - Metals Chemicals Maastricht<\/title>\n<meta name=\"description\" content=\"Metals Chemicals Maastricht has a Mission &amp; Vision and that is to be a sustainable business who provides amazing knowledge\" \/>\n<meta name=\"robots\" content=\"index, follow, max-snippet:-1, max-image-preview:large, max-video-preview:-1\" \/>\n<link rel=\"canonical\" href=\"https:\/\/www.metalschemicalsgroup.com\/pl\/o-nas\/misja-wizja\/\" \/>\n<meta property=\"og:locale\" content=\"pl_PL\" \/>\n<meta property=\"og:type\" content=\"article\" \/>\n<meta property=\"og:title\" content=\"Mission &amp; Vision - Metals Chemicals Maastricht\" \/>\n<meta property=\"og:description\" content=\"Metals Chemicals Maastricht has a Mission &amp; Vision and that is to be a sustainable business who provides amazing knowledge\" \/>\n<meta property=\"og:url\" content=\"https:\/\/www.metalschemicalsgroup.com\/pl\/o-nas\/misja-wizja\/\" \/>\n<meta property=\"og:site_name\" content=\"Metals Chemicals Maastricht\" \/>\n<meta property=\"article:modified_time\" content=\"2022-06-24T10:58:24+00:00\" \/>\n<meta property=\"og:image\" content=\"https:\/\/www.metalschemicalsgroup.com\/wp-content\/uploads\/2022\/04\/people.png\" \/>\n<meta name=\"twitter:card\" content=\"summary_large_image\" \/>\n<meta name=\"twitter:label1\" content=\"Szacowany czas czytania\" \/>\n\t<meta name=\"twitter:data1\" content=\"3 minuty\" \/>\n<script type=\"application\/ld+json\" class=\"yoast-schema-graph\">{\"@context\":\"https:\\\/\\\/schema.org\",\"@graph\":[{\"@type\":\"WebPage\",\"@id\":\"https:\\\/\\\/www.metalschemicalsgroup.com\\\/about-us\\\/mission-vision\\\/\",\"url\":\"https:\\\/\\\/www.metalschemicalsgroup.com\\\/about-us\\\/mission-vision\\\/\",\"name\":\"Mission & Vision - Metals Chemicals Maastricht\",\"isPartOf\":{\"@id\":\"https:\\\/\\\/www.metalschemicalsgroup.com\\\/#website\"},\"primaryImageOfPage\":{\"@id\":\"https:\\\/\\\/www.metalschemicalsgroup.com\\\/about-us\\\/mission-vision\\\/#primaryimage\"},\"image\":{\"@id\":\"https:\\\/\\\/www.metalschemicalsgroup.com\\\/about-us\\\/mission-vision\\\/#primaryimage\"},\"thumbnailUrl\":\"https:\\\/\\\/www.metalschemicalsgroup.com\\\/wp-content\\\/uploads\\\/2022\\\/04\\\/people.png\",\"datePublished\":\"2022-03-25T12:03:35+00:00\",\"dateModified\":\"2022-06-24T10:58:24+00:00\",\"description\":\"Metals Chemicals Maastricht has a Mission & Vision and that is to be a sustainable business who provides amazing knowledge\",\"breadcrumb\":{\"@id\":\"https:\\\/\\\/www.metalschemicalsgroup.com\\\/about-us\\\/mission-vision\\\/#breadcrumb\"},\"inLanguage\":\"pl-PL\",\"potentialAction\":[{\"@type\":\"ReadAction\",\"target\":[\"https:\\\/\\\/www.metalschemicalsgroup.com\\\/about-us\\\/mission-vision\\\/\"]}]},{\"@type\":\"ImageObject\",\"inLanguage\":\"pl-PL\",\"@id\":\"https:\\\/\\\/www.metalschemicalsgroup.com\\\/about-us\\\/mission-vision\\\/#primaryimage\",\"url\":\"https:\\\/\\\/www.metalschemicalsgroup.com\\\/wp-content\\\/uploads\\\/2022\\\/04\\\/people.png\",\"contentUrl\":\"https:\\\/\\\/www.metalschemicalsgroup.com\\\/wp-content\\\/uploads\\\/2022\\\/04\\\/people.png\"},{\"@type\":\"BreadcrumbList\",\"@id\":\"https:\\\/\\\/www.metalschemicalsgroup.com\\\/about-us\\\/mission-vision\\\/#breadcrumb\",\"itemListElement\":[{\"@type\":\"ListItem\",\"position\":1,\"name\":\"Home\",\"item\":\"https:\\\/\\\/www.metalschemicalsgroup.com\\\/partner-in-zinc-lead-mining-chemicals\\\/\"},{\"@type\":\"ListItem\",\"position\":2,\"name\":\"About us\",\"item\":\"https:\\\/\\\/www.metalschemicalsgroup.com\\\/about-us\\\/\"},{\"@type\":\"ListItem\",\"position\":3,\"name\":\"Mission &#038; Vision\"}]},{\"@type\":\"WebSite\",\"@id\":\"https:\\\/\\\/www.metalschemicalsgroup.com\\\/#website\",\"url\":\"https:\\\/\\\/www.metalschemicalsgroup.com\\\/\",\"name\":\"Metals Chemicals Maastricht\",\"description\":\"Strong in Zinc\",\"potentialAction\":[{\"@type\":\"SearchAction\",\"target\":{\"@type\":\"EntryPoint\",\"urlTemplate\":\"https:\\\/\\\/www.metalschemicalsgroup.com\\\/?s={search_term_string}\"},\"query-input\":{\"@type\":\"PropertyValueSpecification\",\"valueRequired\":true,\"valueName\":\"search_term_string\"}}],\"inLanguage\":\"pl-PL\"}]}<\/script>\n<!-- \/ Yoast SEO plugin. -->","yoast_head_json":{"title":"Misja i wizja - Metale Chemia Maastricht","description":"Metals Chemicals Maastricht ma misj\u0119 i wizj\u0119, a jest ni\u0105 bycie zr\u00f3wnowa\u017conym biznesem, kt\u00f3ry dostarcza niesamowitej wiedzy","robots":{"index":"index","follow":"follow","max-snippet":"max-snippet:-1","max-image-preview":"max-image-preview:large","max-video-preview":"max-video-preview:-1"},"canonical":"https:\/\/www.metalschemicalsgroup.com\/pl\/o-nas\/misja-wizja\/","og_locale":"pl_PL","og_type":"article","og_title":"Mission & Vision - Metals Chemicals Maastricht","og_description":"Metals Chemicals Maastricht has a Mission & Vision and that is to be a sustainable business who provides amazing knowledge","og_url":"https:\/\/www.metalschemicalsgroup.com\/pl\/o-nas\/misja-wizja\/","og_site_name":"Metals Chemicals Maastricht","article_modified_time":"2022-06-24T10:58:24+00:00","og_image":[{"url":"https:\/\/www.metalschemicalsgroup.com\/wp-content\/uploads\/2022\/04\/people.png","type":"","width":"","height":""}],"twitter_card":"summary_large_image","twitter_misc":{"Szacowany czas czytania":"3 minuty"},"schema":{"@context":"https:\/\/schema.org","@graph":[{"@type":"WebPage","@id":"https:\/\/www.metalschemicalsgroup.com\/about-us\/mission-vision\/","url":"https:\/\/www.metalschemicalsgroup.com\/about-us\/mission-vision\/","name":"Misja i wizja - Metale Chemia Maastricht","isPartOf":{"@id":"https:\/\/www.metalschemicalsgroup.com\/#website"},"primaryImageOfPage":{"@id":"https:\/\/www.metalschemicalsgroup.com\/about-us\/mission-vision\/#primaryimage"},"image":{"@id":"https:\/\/www.metalschemicalsgroup.com\/about-us\/mission-vision\/#primaryimage"},"thumbnailUrl":"https:\/\/www.metalschemicalsgroup.com\/wp-content\/uploads\/2022\/04\/people.png","datePublished":"2022-03-25T12:03:35+00:00","dateModified":"2022-06-24T10:58:24+00:00","description":"Metals Chemicals Maastricht ma misj\u0119 i wizj\u0119, a jest ni\u0105 bycie zr\u00f3wnowa\u017conym biznesem, kt\u00f3ry dostarcza niesamowitej wiedzy","breadcrumb":{"@id":"https:\/\/www.metalschemicalsgroup.com\/about-us\/mission-vision\/#breadcrumb"},"inLanguage":"pl-PL","potentialAction":[{"@type":"ReadAction","target":["https:\/\/www.metalschemicalsgroup.com\/about-us\/mission-vision\/"]}]},{"@type":"ImageObject","inLanguage":"pl-PL","@id":"https:\/\/www.metalschemicalsgroup.com\/about-us\/mission-vision\/#primaryimage","url":"https:\/\/www.metalschemicalsgroup.com\/wp-content\/uploads\/2022\/04\/people.png","contentUrl":"https:\/\/www.metalschemicalsgroup.com\/wp-content\/uploads\/2022\/04\/people.png"},{"@type":"BreadcrumbList","@id":"https:\/\/www.metalschemicalsgroup.com\/about-us\/mission-vision\/#breadcrumb","itemListElement":[{"@type":"ListItem","position":1,"name":"Home","item":"https:\/\/www.metalschemicalsgroup.com\/partner-in-zinc-lead-mining-chemicals\/"},{"@type":"ListItem","position":2,"name":"About us","item":"https:\/\/www.metalschemicalsgroup.com\/about-us\/"},{"@type":"ListItem","position":3,"name":"Mission &#038; Vision"}]},{"@type":"WebSite","@id":"https:\/\/www.metalschemicalsgroup.com\/#website","url":"https:\/\/www.metalschemicalsgroup.com\/","name":"Metals Chemicals Maastricht","description":"Silny w cynk","potentialAction":[{"@type":"SearchAction","target":{"@type":"EntryPoint","urlTemplate":"https:\/\/www.metalschemicalsgroup.com\/?s={search_term_string}"},"query-input":{"@type":"PropertyValueSpecification","valueRequired":true,"valueName":"search_term_string"}}],"inLanguage":"pl-PL"}]}},"_links":{"self":[{"href":"https:\/\/www.metalschemicalsgroup.com\/pl\/wp-json\/wp\/v2\/pages\/595","targetHints":{"allow":["GET"]}}],"collection":[{"href":"https:\/\/www.metalschemicalsgroup.com\/pl\/wp-json\/wp\/v2\/pages"}],"about":[{"href":"https:\/\/www.metalschemicalsgroup.com\/pl\/wp-json\/wp\/v2\/types\/page"}],"author":[{"embeddable":true,"href":"https:\/\/www.metalschemicalsgroup.com\/pl\/wp-json\/wp\/v2\/users\/1"}],"replies":[{"embeddable":true,"href":"https:\/\/www.metalschemicalsgroup.com\/pl\/wp-json\/wp\/v2\/comments?post=595"}],"version-history":[{"count":27,"href":"https:\/\/www.metalschemicalsgroup.com\/pl\/wp-json\/wp\/v2\/pages\/595\/revisions"}],"predecessor-version":[{"id":937,"href":"https:\/\/www.metalschemicalsgroup.com\/pl\/wp-json\/wp\/v2\/pages\/595\/revisions\/937"}],"up":[{"embeddable":true,"href":"https:\/\/www.metalschemicalsgroup.com\/pl\/wp-json\/wp\/v2\/pages\/93"}],"wp:attachment":[{"href":"https:\/\/www.metalschemicalsgroup.com\/pl\/wp-json\/wp\/v2\/media?parent=595"}],"curies":[{"name":"wp","href":"https:\/\/api.w.org\/{rel}","templated":true}]}}