{"id":63,"date":"2022-01-24T10:45:14","date_gmt":"2022-01-24T10:45:14","guid":{"rendered":"https:\/\/metalschemicals.bonsaidev.nl\/?page_id=63"},"modified":"2022-11-10T09:21:51","modified_gmt":"2022-11-10T09:21:51","slug":"uslugi","status":"publish","type":"page","link":"https:\/\/www.metalschemicalsgroup.com\/pl\/services\/","title":{"rendered":"Us\u0142ugi"},"content":{"rendered":"<style type=\"text\/css\" data-created_by=\"avia_inline_auto\" id=\"style-css-av-l0c9i8p5-9ffa49c78b761bbd289b47499fa9f893\">\n.avia-section.av-l0c9i8p5-9ffa49c78b761bbd289b47499fa9f893{\nbackground-repeat:no-repeat;\nbackground-image:url(https:\/\/www.metalschemicalsgroup.com\/wp-content\/uploads\/2022\/02\/People-scaled.jpg);\nbackground-position:50% 50%;\nbackground-attachment:scroll;\n}\n.avia-section.av-l0c9i8p5-9ffa49c78b761bbd289b47499fa9f893 .av-section-color-overlay{\nopacity:0.1;\nbackground-color:#000000;\n}\n<\/style>\n<div id='av_section_1'  class='avia-section av-l0c9i8p5-9ffa49c78b761bbd289b47499fa9f893 main_color avia-section-default avia-no-border-styling  avia-builder-el-0  el_before_av_section  avia-builder-el-first  avia-full-stretch avia-bg-style-scroll av-section-color-overlay-active av-minimum-height av-minimum-height-custom av-height-custom  container_wrap fullsize'  data-section-bg-repeat='stretch' data-av_minimum_height_px='580'><div class=\"av-section-color-overlay-wrap\"><div class=\"av-section-color-overlay\"><\/div><div class='container av-section-cont-open' style='height:580px'><main  role=\"main\" itemprop=\"mainContentOfPage\"  class='template-page content  av-content-full alpha units'><div class='post-entry post-entry-type-page post-entry-63'><div class='entry-content-wrapper clearfix'>\n<div  class='flex_column av-6jhab-1fa4fce14c8c217256c609b99307c9fe av_two_third  avia-builder-el-1  el_before_av_one_third  avia-builder-el-first  first flex_column_div'     ><style type=\"text\/css\" data-created_by=\"avia_inline_auto\" id=\"style-css-av-l0c9gpz8-9b307a3cda6fff5fd5366b9a5a8e4ec6\">\n#top .av_textblock_section.av-l0c9gpz8-9b307a3cda6fff5fd5366b9a5a8e4ec6 .avia_textblock{\nfont-size:20px;\ncolor:#ffffff;\n}\n<\/style>\n<section  class='av_textblock_section av-l0c9gpz8-9b307a3cda6fff5fd5366b9a5a8e4ec6'   itemscope=\"itemscope\" itemtype=\"https:\/\/schema.org\/CreativeWork\" ><div class='avia_textblock heading-content-intro av_inherit_color'  itemprop=\"text\" ><h1><strong>Us\u0142ugi<\/strong><\/h1>\n<p>Dzi\u0119ki naszym wewn\u0119trznym us\u0142ugom oferujemy naszym partnerom biznesowym kompleksowe rozwi\u0105zanie<\/p>\n<\/div><\/section><\/div><div  class='flex_column av-5krd3-f9c22b3a4653f1790500cf6eaaa382d0 av_one_third  avia-builder-el-3  el_after_av_two_third  avia-builder-el-last  flex_column_div'     ><\/div><\/div><\/div><\/main><!-- close content main element --><\/div><\/div><\/div><div id='av_section_2'  class='avia-section av-55pgr-e10e385499fd3a10b9bf0f59485d766c main_color avia-section-large avia-no-border-styling  avia-builder-el-4  el_after_av_section  el_before_av_section  avia-bg-style-scroll container_wrap fullsize'  ><div class='container av-section-cont-open' ><div class='template-page content  av-content-full alpha units'><div class='post-entry post-entry-type-page post-entry-63'><div class='entry-content-wrapper clearfix'>\n<div class='flex_column_table av-4ki9r-fa50d3a1a7d580f2e0504487e947b0cb sc-av_one_half av-equal-height-column-flextable'>\n<style type=\"text\/css\" data-created_by=\"avia_inline_auto\" id=\"style-css-av-4ki9r-fa50d3a1a7d580f2e0504487e947b0cb\">\n.flex_column.av-4ki9r-fa50d3a1a7d580f2e0504487e947b0cb{\npadding:0 80px 0 0;\n}\n<\/style>\n<div  id=\"content-blok\"  class='flex_column av-4ki9r-fa50d3a1a7d580f2e0504487e947b0cb av_one_half  avia-builder-el-5  el_before_av_one_half  avia-builder-el-first  first no_margin flex_column_table_cell av-equal-height-column av-align-bottom'     ><div  class='avia-slideshow av-l0c9ivt3-d8607659b9d7ceecb6b9e2beb3393408 avia-slideshow-no scaling av_slideshow avia-slide-slider  avia-builder-el-6  avia-builder-el-no-sibling  av-slideshow-ui av-control-default av-slideshow-manual av-loop-once av-loop-manual-endless av-default-height-applied avia-slideshow-1' data-slideshow-options=\"{&quot;animation&quot;:&quot;slide&quot;,&quot;autoplay&quot;:false,&quot;loop_autoplay&quot;:&quot;once&quot;,&quot;interval&quot;:5,&quot;loop_manual&quot;:&quot;manual-endless&quot;,&quot;autoplay_stopper&quot;:false,&quot;noNavigation&quot;:false,&quot;bg_slider&quot;:false,&quot;keep_padding&quot;:false,&quot;hoverpause&quot;:false,&quot;show_slide_delay&quot;:0}\"  itemprop=\"image\" itemscope=\"itemscope\" itemtype=\"https:\/\/schema.org\/ImageObject\" ><ul class='avia-slideshow-inner' style='padding-bottom: 64.21875%;'><li  class='avia-slideshow-slide av-l0c9ivt3-d8607659b9d7ceecb6b9e2beb3393408__0  av-single-slide slide-1 slide-odd'><div data-rel='slideshow-1' class='avia-slide-wrap'   ><img decoding=\"async\" fetchpriority=\"high\" class=\"wp-image-874 avia-img-lazy-loading-not-874\"  src=\"https:\/\/www.metalschemicalsgroup.com\/wp-content\/uploads\/2022\/04\/20210601-MCM-HQ-115-scaled.jpg\" width=\"2560\" height=\"1644\" title='20210601-MCM-HQ-115' alt='Pozosta\u0142o\u015bci cynku'  itemprop=\"thumbnailUrl\" srcset=\"https:\/\/www.metalschemicalsgroup.com\/wp-content\/uploads\/2022\/04\/20210601-MCM-HQ-115-scaled.jpg 2560w, https:\/\/www.metalschemicalsgroup.com\/wp-content\/uploads\/2022\/04\/20210601-MCM-HQ-115-300x193.jpg 300w, https:\/\/www.metalschemicalsgroup.com\/wp-content\/uploads\/2022\/04\/20210601-MCM-HQ-115-1030x661.jpg 1030w, https:\/\/www.metalschemicalsgroup.com\/wp-content\/uploads\/2022\/04\/20210601-MCM-HQ-115-768x493.jpg 768w, https:\/\/www.metalschemicalsgroup.com\/wp-content\/uploads\/2022\/04\/20210601-MCM-HQ-115-1536x986.jpg 1536w, https:\/\/www.metalschemicalsgroup.com\/wp-content\/uploads\/2022\/04\/20210601-MCM-HQ-115-2048x1315.jpg 2048w, https:\/\/www.metalschemicalsgroup.com\/wp-content\/uploads\/2022\/04\/20210601-MCM-HQ-115-1500x963.jpg 1500w, https:\/\/www.metalschemicalsgroup.com\/wp-content\/uploads\/2022\/04\/20210601-MCM-HQ-115-705x453.jpg 705w\" sizes=\"(max-width: 2560px) 100vw, 2560px\" \/><\/div><\/li><\/ul><\/div><\/div>\n<style type=\"text\/css\" data-created_by=\"avia_inline_auto\" id=\"style-css-av-71tv-2415252253ffb8a0b1cec7e2675d7c48\">\n.flex_column.av-71tv-2415252253ffb8a0b1cec7e2675d7c48{\npadding:0 80px 0 0;\n}\n<\/style>\n<div  id=\"content-blok\"  class='flex_column av-71tv-2415252253ffb8a0b1cec7e2675d7c48 av_one_half  avia-builder-el-7  el_after_av_one_half  avia-builder-el-last  no_margin flex_column_table_cell av-equal-height-column av-align-bottom'     ><p>\n<style type=\"text\/css\" data-created_by=\"avia_inline_auto\" id=\"style-css-av-l0c9h2u8-5461a8856c84030021a37db2326edb1f\">\n#top .av-special-heading.av-l0c9h2u8-5461a8856c84030021a37db2326edb1f{\npadding-bottom:10px;\n}\nbody .av-special-heading.av-l0c9h2u8-5461a8856c84030021a37db2326edb1f .av-special-heading-tag .heading-char{\nfont-size:25px;\n}\n.av-special-heading.av-l0c9h2u8-5461a8856c84030021a37db2326edb1f .av-subheading{\nfont-size:15px;\n}\n<\/style>\n<div  class='av-special-heading av-l0c9h2u8-5461a8856c84030021a37db2326edb1f av-special-heading-h2 blockquote modern-quote  avia-builder-el-8  el_before_av_textblock  avia-builder-el-first'><h2 class='av-special-heading-tag'  itemprop=\"headline\"  >Us\u0142ugi<\/h2><div class=\"special-heading-border\"><div class=\"special-heading-inner-border\"><\/div><\/div><\/div><br \/>\n\n<style type=\"text\/css\" data-created_by=\"avia_inline_auto\" id=\"style-css-av-l0c9gu0h-eeb81b76cc648adfbd6347b0e0f568ed\">\n#top .av_textblock_section.av-l0c9gu0h-eeb81b76cc648adfbd6347b0e0f568ed .avia_textblock{\nfont-size:16px;\n}\n<\/style>\n<section  class='av_textblock_section av-l0c9gu0h-eeb81b76cc648adfbd6347b0e0f568ed'   itemscope=\"itemscope\" itemtype=\"https:\/\/schema.org\/CreativeWork\" ><div class='avia_textblock'  itemprop=\"text\" ><p>Posiadamy w\u0142asn\u0105 stoczni\u0119 po\u0142o\u017con\u0105 przy Kanale Juliana wzd\u0142u\u017c rzeki Maas w Maastricht ze strategicznym bezpo\u015brednim po\u0142\u0105czeniem z portem w Antwerpii i Rotterdamie, co umo\u017cliwia nam dost\u0119p do wszystkich wa\u017cnych port\u00f3w mi\u0119dzynarodowych na \u015bwiecie.<\/p>\n<p>W naszym magazynie jeste\u015bmy w stanie wykona\u0107 kilka zabieg\u00f3w we w\u0142asnym zakresie, takich jak pobieranie pr\u00f3bek, przetwarzanie i przepakowywanie.<\/p>\n<\/div><\/section><br \/>\n\n<style type=\"text\/css\" data-created_by=\"avia_inline_auto\" id=\"style-css-av-l0tcar88-414921976dd2db7cdc8fbe61340c47f0\">\n#top .av_textblock_section.av-l0tcar88-414921976dd2db7cdc8fbe61340c47f0 .avia_textblock{\nfont-size:16px;\n}\n<\/style>\n<section  class='av_textblock_section av-l0tcar88-414921976dd2db7cdc8fbe61340c47f0'   itemscope=\"itemscope\" itemtype=\"https:\/\/schema.org\/CreativeWork\" ><div class='avia_textblock'  itemprop=\"text\" ><p><span style=\"font-weight: 400;\"><div class=\"show_more\"><p class=\"wpsm-show\" style=\"color: #cc0000; font-size: 100%; text-align: left;\"> Wi\u0119cej<\/p><div class=\"wpsm-content\"><\/span><\/p>\n<p>Dzi\u0119ki temu zatrudnianie zewn\u0119trznej firmy serwisowej nie jest konieczne. Pozwala to zaoszcz\u0119dzi\u0107 czas i koszty.<\/p>\n<p>Dzi\u0119ki w\u0142asnemu laboratorium mo\u017cemy zaoferowa\u0107 naszym dostawcom i klientom profesjonaln\u0105 i dok\u0142adn\u0105 analiz\u0119 r\u00f3\u017cnych wa\u017cnych element\u00f3w. Poniewa\u017c sami przeprowadzamy analizy, mo\u017cemy zagwarantowa\u0107 szybk\u0105 reakcj\u0119.<\/p>\n<p>Ponadto posiadamy rozszerzon\u0105 wiedz\u0119 na temat transportu mi\u0119dzynarodowego oraz procesu zg\u0142aszania materia\u0142\u00f3w odpadowych. Mo\u017cemy wi\u0119c udzieli\u0107 wszelkiego wsparcia logistycznego, kt\u00f3re jest potrzebne.<\/p>\n<p><span style=\"font-weight: 400;\"> <p class=\"wpsm-hide\" style=\"color: #cc0000; font-size: 100%; text-align: left;\"> Czytaj mniej<\/p><\/div><\/div><\/span><\/p>\n<\/div><\/section><br \/>\n\n<style type=\"text\/css\" data-created_by=\"avia_inline_auto\" id=\"style-css-av-12b27-c3e3f8c5740ce2500cb07b27d115a2ba\">\n#top .hr.hr-invisible.av-12b27-c3e3f8c5740ce2500cb07b27d115a2ba{\nheight:80px;\n}\n<\/style>\n<div  class='hr av-12b27-c3e3f8c5740ce2500cb07b27d115a2ba hr-invisible  avia-builder-el-11  el_after_av_textblock  avia-builder-el-last'><span class='hr-inner'><span class=\"hr-inner-style\"><\/span><\/span><\/div><\/p><\/div><\/div><!--close column table wrapper. Autoclose: 1 -->\n<\/p>\n<\/div><\/div><\/div><!-- close content main div --><\/div><\/div>\n<style type=\"text\/css\" data-created_by=\"avia_inline_auto\" id=\"style-css-av-1qr8b-d275ef6a9c82c73ac920a0a1682f819e\">\n.avia-section.av-1qr8b-d275ef6a9c82c73ac920a0a1682f819e{\nmargin-top:-160px;\nmargin-bottom:0px;\n}\n<\/style>\n<div id='av_section_3'  class='avia-section av-1qr8b-d275ef6a9c82c73ac920a0a1682f819e alternate_color avia-section-large avia-no-border-styling  avia-builder-el-12  el_after_av_section  avia-builder-el-last  avia-bg-style-scroll container_wrap fullsize'  ><div class='container av-section-cont-open' ><div class='template-page content  av-content-full alpha units'><div class='post-entry post-entry-type-page post-entry-63'><div class='entry-content-wrapper clearfix'>\n\n<style type=\"text\/css\" data-created_by=\"avia_inline_auto\" id=\"style-css-av-u0an-672ed2045b38bb7dd5ac3297cee1a532\">\n#top .hr.hr-invisible.av-u0an-672ed2045b38bb7dd5ac3297cee1a532{\nheight:50px;\n}\n<\/style>\n<div  class='hr av-u0an-672ed2045b38bb7dd5ac3297cee1a532 hr-invisible  avia-builder-el-13  el_before_av_textblock  avia-builder-el-first'><span class='hr-inner'><span class=\"hr-inner-style\"><\/span><\/span><\/div>\n<section  class='av_textblock_section av-l0c9he7r-fb8ac185a52b2baa7f47a4930b92fa2d'   itemscope=\"itemscope\" itemtype=\"https:\/\/schema.org\/CreativeWork\" ><div class='avia_textblock'  itemprop=\"text\" ><h2>Nasz <strong>Us\u0142ugi<\/strong><\/h2>\n<\/div><\/section>\n<div class='flex_column_table av-l0c9l8d8-8cb91e5b5179697d99f6a82e955e0ce6 sc-av_one_third av-equal-height-column-flextable'>\n<style type=\"text\/css\" data-created_by=\"avia_inline_auto\" id=\"style-css-av-l0c9l8d8-8cb91e5b5179697d99f6a82e955e0ce6\">\n.flex_column.av-l0c9l8d8-8cb91e5b5179697d99f6a82e955e0ce6{\nwidth:33%;\nmargin-left:0;\nborder-radius:0px 0px 0px 0px;\npadding:240px 40px 60px 40px;\nbackground:url(https:\/\/www.metalschemicalsgroup.com\/wp-content\/uploads\/2022\/02\/Warehouse-banner-scaled.jpg) 50% 50% no-repeat scroll ;\n}\n#top .flex_column_table.av-equal-height-column-flextable.av-l0c9l8d8-8cb91e5b5179697d99f6a82e955e0ce6 .av-flex-placeholder{\nwidth:0.5%;\n}\n<\/style>\n<div  class='flex_column av-l0c9l8d8-8cb91e5b5179697d99f6a82e955e0ce6 av_one_third  avia-builder-el-15  el_after_av_textblock  el_before_av_one_third  first flex_column_table_cell av-equal-height-column av-align-top avia-full-stretch avia-link-column av-column-link avia-link-column-hover  column-top-margin'    data-link-column-url=\"https:\/\/www.metalschemicalsgroup.com\/pl\/services\/warehouse\/\"   ><a class=\"av-screen-reader-only\" href=\"https:\/\/www.metalschemicalsgroup.com\/pl\/services\/warehouse\/\" >Link do: Magazyn<\/a><style type=\"text\/css\" data-created_by=\"avia_inline_auto\" id=\"style-css-av-l0c9jchl-f99b99598bf49e212b64cc4882f3c9b1\">\n#top .av_textblock_section.av-l0c9jchl-f99b99598bf49e212b64cc4882f3c9b1 .avia_textblock{\ncolor:#ffffff;\n}\n<\/style>\n<section  class='av_textblock_section av-l0c9jchl-f99b99598bf49e212b64cc4882f3c9b1'   itemscope=\"itemscope\" itemtype=\"https:\/\/schema.org\/CreativeWork\" ><div class='avia_textblock categorie-blokken av_inherit_color'  itemprop=\"text\" ><h2>Magazyn<\/h2>\n<\/div><\/section><\/div><div class='av-flex-placeholder'><\/div>\n<style type=\"text\/css\" data-created_by=\"avia_inline_auto\" id=\"style-css-av-l0c9m1zj-69da01121dcebd308e9445bfd7e498be\">\n.flex_column.av-l0c9m1zj-69da01121dcebd308e9445bfd7e498be{\nwidth:33%;\nmargin-left:0;\nborder-radius:0px 0px 0px 0px;\npadding:240px 40px 60px 40px;\nbackground:url(https:\/\/www.metalschemicalsgroup.com\/wp-content\/uploads\/2022\/02\/2015.148172-scaled.jpg) 50% 50% no-repeat scroll ;\n}\n#top .flex_column_table.av-equal-height-column-flextable.av-l0c9m1zj-69da01121dcebd308e9445bfd7e498be .av-flex-placeholder{\nwidth:0.5%;\n}\n<\/style>\n<div  class='flex_column av-l0c9m1zj-69da01121dcebd308e9445bfd7e498be av_one_third  avia-builder-el-17  el_after_av_one_third  el_before_av_one_third  flex_column_table_cell av-equal-height-column av-align-top avia-full-stretch avia-link-column av-column-link avia-link-column-hover  column-top-margin'    data-link-column-url=\"https:\/\/www.metalschemicalsgroup.com\/pl\/services\/treatments\/\"   ><a class=\"av-screen-reader-only\" href=\"https:\/\/www.metalschemicalsgroup.com\/pl\/services\/treatments\/\" >Link do: Zabiegi<\/a><style type=\"text\/css\" data-created_by=\"avia_inline_auto\" id=\"style-css-av-l0c9jn86-bd65ea640c4d47d248ef3048c6006456\">\n#top .av_textblock_section.av-l0c9jn86-bd65ea640c4d47d248ef3048c6006456 .avia_textblock{\ncolor:#ffffff;\n}\n<\/style>\n<section  class='av_textblock_section av-l0c9jn86-bd65ea640c4d47d248ef3048c6006456'   itemscope=\"itemscope\" itemtype=\"https:\/\/schema.org\/CreativeWork\" ><div class='avia_textblock categorie-blokken av_inherit_color'  itemprop=\"text\" ><h2>Zabiegi<\/h2>\n<\/div><\/section><\/div><div class='av-flex-placeholder'><\/div>\n<style type=\"text\/css\" data-created_by=\"avia_inline_auto\" id=\"style-css-av-l0c9n93j-e95c1511cf2cd9897750845ad816b8c5\">\n.flex_column.av-l0c9n93j-e95c1511cf2cd9897750845ad816b8c5{\nwidth:33%;\nmargin-left:0;\nborder-radius:0px 0px 0px 0px;\npadding:240px 40px 60px 40px;\nbackground:url(https:\/\/www.metalschemicalsgroup.com\/wp-content\/uploads\/2022\/02\/2015.148229-scaled.jpg) 50% 50% no-repeat scroll ;\n}\n#top .flex_column_table.av-equal-height-column-flextable.av-l0c9n93j-e95c1511cf2cd9897750845ad816b8c5 .av-flex-placeholder{\nwidth:0.5%;\n}\n<\/style>\n<div  class='flex_column av-l0c9n93j-e95c1511cf2cd9897750845ad816b8c5 av_one_third  avia-builder-el-19  el_after_av_one_third  el_before_av_one_third  categorie-blokken flex_column_table_cell av-equal-height-column av-align-top avia-full-stretch avia-link-column av-column-link avia-link-column-hover  column-top-margin'    data-link-column-url=\"https:\/\/www.metalschemicalsgroup.com\/pl\/services\/laboratory\/\"   ><a class=\"av-screen-reader-only\" href=\"https:\/\/www.metalschemicalsgroup.com\/pl\/services\/laboratory\/\" >Link do: Laboratorium<\/a><style type=\"text\/css\" data-created_by=\"avia_inline_auto\" id=\"style-css-av-l0c9jze5-170fe3615b64bdf92ed056d7024906f7\">\n#top .av_textblock_section.av-l0c9jze5-170fe3615b64bdf92ed056d7024906f7 .avia_textblock{\ncolor:#ffffff;\n}\n<\/style>\n<section  class='av_textblock_section av-l0c9jze5-170fe3615b64bdf92ed056d7024906f7'   itemscope=\"itemscope\" itemtype=\"https:\/\/schema.org\/CreativeWork\" ><div class='avia_textblock av_inherit_color'  itemprop=\"text\" ><h2>Laboratorium<\/h2>\n<\/div><\/section><\/div><\/div><!--close column table wrapper. Autoclose: 1 -->\n<style type=\"text\/css\" data-created_by=\"avia_inline_auto\" id=\"style-css-av-l0c9o0oy-c64de59a5612bc49001c3fac4df5d81a\">\n#top .flex_column.av-l0c9o0oy-c64de59a5612bc49001c3fac4df5d81a{\nmargin-top:10px;\nmargin-bottom:0px;\n}\n.flex_column.av-l0c9o0oy-c64de59a5612bc49001c3fac4df5d81a{\nwidth:33%;\nborder-radius:0px 0px 0px 0px;\npadding:240px 40px 60px 40px;\nbackground:url(https:\/\/www.metalschemicalsgroup.com\/wp-content\/uploads\/2022\/02\/2015.148173-edit-scaled.jpg) 50% 50% no-repeat scroll ;\n}\n.responsive #top #wrap_all .flex_column.av-l0c9o0oy-c64de59a5612bc49001c3fac4df5d81a{\nmargin-top:10px;\nmargin-bottom:0px;\n}\n<\/style>\n<div  class='flex_column av-l0c9o0oy-c64de59a5612bc49001c3fac4df5d81a av_one_third  avia-builder-el-21  el_after_av_one_third  el_before_av_one_third  categorie-blokken first flex_column_div avia-full-stretch avia-link-column av-column-link avia-link-column-hover  column-top-margin'    data-link-column-url=\"https:\/\/www.metalschemicalsgroup.com\/pl\/services\/logistics\/\"   ><a class=\"av-screen-reader-only\" href=\"https:\/\/www.metalschemicalsgroup.com\/pl\/services\/logistics\/\" >Link do: Logistyka<\/a><style type=\"text\/css\" data-created_by=\"avia_inline_auto\" id=\"style-css-av-l0c9kazr-cdd84adfa424ed9d5e2fd1d906a5ba8c\">\n#top .av_textblock_section.av-l0c9kazr-cdd84adfa424ed9d5e2fd1d906a5ba8c .avia_textblock{\ncolor:#ffffff;\n}\n<\/style>\n<section  class='av_textblock_section av-l0c9kazr-cdd84adfa424ed9d5e2fd1d906a5ba8c'   itemscope=\"itemscope\" itemtype=\"https:\/\/schema.org\/CreativeWork\" ><div class='avia_textblock av_inherit_color'  itemprop=\"text\" ><h2>Logistyka<\/h2>\n<\/div><\/section><\/div>\n<style type=\"text\/css\" data-created_by=\"avia_inline_auto\" id=\"style-css-av-l0c9ortx-aab2b45124fc9e21c37401d670f80668\">\n#top .flex_column.av-l0c9ortx-aab2b45124fc9e21c37401d670f80668{\nmargin-top:10px;\nmargin-bottom:0px;\n}\n.flex_column.av-l0c9ortx-aab2b45124fc9e21c37401d670f80668{\nwidth:33%;\nmargin-left:0.5%;\nborder-radius:0px 0px 0px 0px;\npadding:240px 40px 60px 40px;\nbackground:url(https:\/\/www.metalschemicalsgroup.com\/wp-content\/uploads\/2022\/04\/IMG_0949-scaled.jpg) 50% 50% no-repeat scroll ;\n}\n.responsive #top #wrap_all .flex_column.av-l0c9ortx-aab2b45124fc9e21c37401d670f80668{\nmargin-top:10px;\nmargin-bottom:0px;\n}\n<\/style>\n<div  class='flex_column av-l0c9ortx-aab2b45124fc9e21c37401d670f80668 av_one_third  avia-builder-el-23  el_after_av_one_third  avia-builder-el-last  categorie-blokken flex_column_div avia-full-stretch avia-link-column av-column-link avia-link-column-hover  column-top-margin'    data-link-column-url=\"https:\/\/www.metalschemicalsgroup.com\/pl\/services\/notification\/\"   ><a class=\"av-screen-reader-only\" href=\"https:\/\/www.metalschemicalsgroup.com\/pl\/services\/notification\/\" >Link do: Powiadomienie<\/a><style type=\"text\/css\" data-created_by=\"avia_inline_auto\" id=\"style-css-av-l0c9kmik-7f92e2985b9203318b83b2015eefa6f1\">\n#top .av_textblock_section.av-l0c9kmik-7f92e2985b9203318b83b2015eefa6f1 .avia_textblock{\ncolor:#ffffff;\n}\n<\/style>\n<section  class='av_textblock_section av-l0c9kmik-7f92e2985b9203318b83b2015eefa6f1'   itemscope=\"itemscope\" itemtype=\"https:\/\/schema.org\/CreativeWork\" ><div class='avia_textblock av_inherit_color'  itemprop=\"text\" ><h2>Powiadomienie<\/h2>\n<\/div><\/section><\/div>","protected":false},"excerpt":{"rendered":"","protected":false},"author":1,"featured_media":0,"parent":0,"menu_order":0,"comment_status":"closed","ping_status":"closed","template":"","meta":{"_monsterinsights_skip_tracking":false,"_monsterinsights_sitenote_active":false,"_monsterinsights_sitenote_note":"","_monsterinsights_sitenote_category":0,"footnotes":""},"class_list":["post-63","page","type-page","status-publish","hentry"],"yoast_head":"<!-- This site is optimized with the Yoast SEO plugin v27.2 - https:\/\/yoast.com\/product\/yoast-seo-wordpress\/ -->\n<title>Services - Metals Chemicals Maastricht<\/title>\n<meta name=\"description\" content=\"With our inhouse services we can offer our business partners an all-in solution. We have our own yard situated at the Juliana Canal\" \/>\n<meta name=\"robots\" content=\"index, follow, max-snippet:-1, max-image-preview:large, max-video-preview:-1\" \/>\n<link rel=\"canonical\" href=\"https:\/\/www.metalschemicalsgroup.com\/pl\/uslugi\/\" \/>\n<meta property=\"og:locale\" content=\"pl_PL\" \/>\n<meta property=\"og:type\" content=\"article\" \/>\n<meta property=\"og:title\" content=\"Services - Metals Chemicals Maastricht\" \/>\n<meta property=\"og:description\" content=\"With our inhouse services we can offer our business partners an all-in solution. We have our own yard situated at the Juliana Canal\" \/>\n<meta property=\"og:url\" content=\"https:\/\/www.metalschemicalsgroup.com\/pl\/uslugi\/\" \/>\n<meta property=\"og:site_name\" content=\"Metals Chemicals Maastricht\" \/>\n<meta property=\"article:modified_time\" content=\"2022-11-10T09:21:51+00:00\" \/>\n<meta name=\"twitter:card\" content=\"summary_large_image\" \/>\n<meta name=\"twitter:label1\" content=\"Szacowany czas czytania\" \/>\n\t<meta name=\"twitter:data1\" content=\"6 minut\" \/>\n<script type=\"application\/ld+json\" class=\"yoast-schema-graph\">{\"@context\":\"https:\/\/schema.org\",\"@graph\":[{\"@type\":\"WebPage\",\"@id\":\"https:\/\/www.metalschemicalsgroup.com\/services\/\",\"url\":\"https:\/\/www.metalschemicalsgroup.com\/services\/\",\"name\":\"Services - Metals Chemicals Maastricht\",\"isPartOf\":{\"@id\":\"https:\/\/www.metalschemicalsgroup.com\/#website\"},\"datePublished\":\"2022-01-24T10:45:14+00:00\",\"dateModified\":\"2022-11-10T09:21:51+00:00\",\"description\":\"With our inhouse services we can offer our business partners an all-in solution. We have our own yard situated at the Juliana Canal\",\"breadcrumb\":{\"@id\":\"https:\/\/www.metalschemicalsgroup.com\/services\/#breadcrumb\"},\"inLanguage\":\"pl-PL\",\"potentialAction\":[{\"@type\":\"ReadAction\",\"target\":[\"https:\/\/www.metalschemicalsgroup.com\/services\/\"]}]},{\"@type\":\"BreadcrumbList\",\"@id\":\"https:\/\/www.metalschemicalsgroup.com\/services\/#breadcrumb\",\"itemListElement\":[{\"@type\":\"ListItem\",\"position\":1,\"name\":\"Home\",\"item\":\"https:\/\/www.metalschemicalsgroup.com\/partner-in-zinc-lead-mining-chemicals\/\"},{\"@type\":\"ListItem\",\"position\":2,\"name\":\"Services\"}]},{\"@type\":\"WebSite\",\"@id\":\"https:\/\/www.metalschemicalsgroup.com\/#website\",\"url\":\"https:\/\/www.metalschemicalsgroup.com\/\",\"name\":\"Metals Chemicals Maastricht\",\"description\":\"Strong in Zinc\",\"potentialAction\":[{\"@type\":\"SearchAction\",\"target\":{\"@type\":\"EntryPoint\",\"urlTemplate\":\"https:\/\/www.metalschemicalsgroup.com\/?s={search_term_string}\"},\"query-input\":{\"@type\":\"PropertyValueSpecification\",\"valueRequired\":true,\"valueName\":\"search_term_string\"}}],\"inLanguage\":\"pl-PL\"}]}<\/script>\n<!-- \/ Yoast SEO plugin. -->","yoast_head_json":{"title":"Us\u0142ugi - Metale Chemia Maastricht","description":"Dzi\u0119ki naszym us\u0142ugom wewn\u0119trznym mo\u017cemy zaoferowa\u0107 naszym partnerom biznesowym kompleksowe rozwi\u0105zanie. Posiadamy w\u0142asn\u0105 stoczni\u0119 przy Kanale Juliana.","robots":{"index":"index","follow":"follow","max-snippet":"max-snippet:-1","max-image-preview":"max-image-preview:large","max-video-preview":"max-video-preview:-1"},"canonical":"https:\/\/www.metalschemicalsgroup.com\/pl\/uslugi\/","og_locale":"pl_PL","og_type":"article","og_title":"Services - Metals Chemicals Maastricht","og_description":"With our inhouse services we can offer our business partners an all-in solution. We have our own yard situated at the Juliana Canal","og_url":"https:\/\/www.metalschemicalsgroup.com\/pl\/uslugi\/","og_site_name":"Metals Chemicals Maastricht","article_modified_time":"2022-11-10T09:21:51+00:00","twitter_card":"summary_large_image","twitter_misc":{"Szacowany czas czytania":"6 minut"},"schema":{"@context":"https:\/\/schema.org","@graph":[{"@type":"WebPage","@id":"https:\/\/www.metalschemicalsgroup.com\/services\/","url":"https:\/\/www.metalschemicalsgroup.com\/services\/","name":"Us\u0142ugi - Metale Chemia Maastricht","isPartOf":{"@id":"https:\/\/www.metalschemicalsgroup.com\/#website"},"datePublished":"2022-01-24T10:45:14+00:00","dateModified":"2022-11-10T09:21:51+00:00","description":"Dzi\u0119ki naszym us\u0142ugom wewn\u0119trznym mo\u017cemy zaoferowa\u0107 naszym partnerom biznesowym kompleksowe rozwi\u0105zanie. Posiadamy w\u0142asn\u0105 stoczni\u0119 przy Kanale Juliana.","breadcrumb":{"@id":"https:\/\/www.metalschemicalsgroup.com\/services\/#breadcrumb"},"inLanguage":"pl-PL","potentialAction":[{"@type":"ReadAction","target":["https:\/\/www.metalschemicalsgroup.com\/services\/"]}]},{"@type":"BreadcrumbList","@id":"https:\/\/www.metalschemicalsgroup.com\/services\/#breadcrumb","itemListElement":[{"@type":"ListItem","position":1,"name":"Home","item":"https:\/\/www.metalschemicalsgroup.com\/partner-in-zinc-lead-mining-chemicals\/"},{"@type":"ListItem","position":2,"name":"Services"}]},{"@type":"WebSite","@id":"https:\/\/www.metalschemicalsgroup.com\/#website","url":"https:\/\/www.metalschemicalsgroup.com\/","name":"Metals Chemicals Maastricht","description":"Silny w cynk","potentialAction":[{"@type":"SearchAction","target":{"@type":"EntryPoint","urlTemplate":"https:\/\/www.metalschemicalsgroup.com\/?s={search_term_string}"},"query-input":{"@type":"PropertyValueSpecification","valueRequired":true,"valueName":"search_term_string"}}],"inLanguage":"pl-PL"}]}},"_links":{"self":[{"href":"https:\/\/www.metalschemicalsgroup.com\/pl\/wp-json\/wp\/v2\/pages\/63","targetHints":{"allow":["GET"]}}],"collection":[{"href":"https:\/\/www.metalschemicalsgroup.com\/pl\/wp-json\/wp\/v2\/pages"}],"about":[{"href":"https:\/\/www.metalschemicalsgroup.com\/pl\/wp-json\/wp\/v2\/types\/page"}],"author":[{"embeddable":true,"href":"https:\/\/www.metalschemicalsgroup.com\/pl\/wp-json\/wp\/v2\/users\/1"}],"replies":[{"embeddable":true,"href":"https:\/\/www.metalschemicalsgroup.com\/pl\/wp-json\/wp\/v2\/comments?post=63"}],"version-history":[{"count":31,"href":"https:\/\/www.metalschemicalsgroup.com\/pl\/wp-json\/wp\/v2\/pages\/63\/revisions"}],"predecessor-version":[{"id":1299,"href":"https:\/\/www.metalschemicalsgroup.com\/pl\/wp-json\/wp\/v2\/pages\/63\/revisions\/1299"}],"wp:attachment":[{"href":"https:\/\/www.metalschemicalsgroup.com\/pl\/wp-json\/wp\/v2\/media?parent=63"}],"curies":[{"name":"wp","href":"https:\/\/api.w.org\/{rel}","templated":true}]}}