{"id":93,"date":"2022-01-24T10:49:04","date_gmt":"2022-01-24T10:49:04","guid":{"rendered":"https:\/\/metalschemicals.bonsaidev.nl\/?page_id=93"},"modified":"2025-02-06T14:20:21","modified_gmt":"2025-02-06T13:20:21","slug":"o-nas","status":"publish","type":"page","link":"https:\/\/www.metalschemicalsgroup.com\/pl\/about-us\/","title":{"rendered":"O nas"},"content":{"rendered":"<style type=\"text\/css\" data-created_by=\"avia_inline_auto\" id=\"style-css-av-gmu5-cea1562ba6e148559aaa9e9d43bc6381\">\n.avia-section.av-gmu5-cea1562ba6e148559aaa9e9d43bc6381{\nbackground-repeat:no-repeat;\nbackground-image:url(https:\/\/www.metalschemicalsgroup.com\/wp-content\/uploads\/2022\/02\/About-MCM.jpg);\nbackground-position:50% 50%;\nbackground-attachment:scroll;\n}\n.avia-section.av-gmu5-cea1562ba6e148559aaa9e9d43bc6381 .av-section-color-overlay{\nopacity:0.1;\nbackground-color:#000000;\n}\n<\/style>\n<div id='av_section_1'  class='avia-section av-gmu5-cea1562ba6e148559aaa9e9d43bc6381 main_color avia-section-default avia-no-border-styling  avia-builder-el-0  el_before_av_section  avia-builder-el-first  avia-full-stretch avia-bg-style-scroll av-section-color-overlay-active av-minimum-height av-minimum-height-custom av-height-custom  container_wrap fullsize'  data-section-bg-repeat='stretch' data-av_minimum_height_px='580'><div class=\"av-section-color-overlay-wrap\"><div class=\"av-section-color-overlay\"><\/div><div class='container av-section-cont-open' style='height:580px'><main  role=\"main\" itemprop=\"mainContentOfPage\"  class='template-page content  av-content-full alpha units'><div class='post-entry post-entry-type-page post-entry-93'><div class='entry-content-wrapper clearfix'>\n<div  class='flex_column av-41x5p-2d26e2ba00f07a64a2835531b42173ae av_two_third  avia-builder-el-1  el_before_av_one_third  avia-builder-el-first  first flex_column_div'     ><style type=\"text\/css\" data-created_by=\"avia_inline_auto\" id=\"style-css-av-kzmjquul-616992a2f620428b789ba48e17046153\">\n#top .av_textblock_section.av-kzmjquul-616992a2f620428b789ba48e17046153 .avia_textblock{\nfont-size:20px;\ncolor:#ffffff;\n}\n<\/style>\n<section  class='av_textblock_section av-kzmjquul-616992a2f620428b789ba48e17046153'   itemscope=\"itemscope\" itemtype=\"https:\/\/schema.org\/CreativeWork\" ><div class='avia_textblock heading-content-intro av_inherit_color'  itemprop=\"text\" ><h1>O nas<\/h1>\n<p>Metals Chemicals Maastricht BV (MCM) zosta\u0142a za\u0142o\u017cona w 1993 roku i sta\u0142a si\u0119 jedn\u0105 z wiod\u0105cych firm zajmuj\u0105cych si\u0119 handlem i recyklingiem pozosta\u0142o\u015bci cynku i o\u0142owiu na \u015bwiecie.<\/p>\n<\/div><\/section><\/div><div  class='flex_column av-36mb1-48302f9756eef33045afcd5fa798040d av_one_third  avia-builder-el-3  el_after_av_two_third  avia-builder-el-last  flex_column_div'     ><\/div>\n\n<\/div><\/div><\/main><!-- close content main element --><\/div><\/div><\/div><div id='av_section_2'  class='avia-section av-6yud-4cc24c831b82a36fafab985e83910878 main_color avia-section-large avia-no-border-styling  avia-builder-el-4  el_after_av_section  el_before_av_section  avia-bg-style-scroll container_wrap fullsize'  ><div class='container av-section-cont-open' ><div class='template-page content  av-content-full alpha units'><div class='post-entry post-entry-type-page post-entry-93'><div class='entry-content-wrapper clearfix'>\n\n<style type=\"text\/css\" data-created_by=\"avia_inline_auto\" id=\"style-css-av-1hyth-03ccaef9a78fa23f846e1fe286e4144d\">\n.flex_column.av-1hyth-03ccaef9a78fa23f846e1fe286e4144d{\npadding:0 80px 0 0;\n}\n<\/style>\n<div  id=\"content-blok\"  class='flex_column av-1hyth-03ccaef9a78fa23f846e1fe286e4144d av_one_half  avia-builder-el-5  el_before_av_one_half  avia-builder-el-first  first no_margin flex_column_div'     ><div  class='avia-slideshow av-kzojv06o-bfb69ad18e890ad2bbe89216e4f84aa5 avia-slideshow-no scaling av_slideshow avia-slide-slider  avia-builder-el-6  avia-builder-el-no-sibling  av-slideshow-ui av-control-default av-slideshow-autoplay av-loop-endless av-loop-manual-endless av-default-height-applied avia-slideshow-1' data-slideshow-options=\"{&quot;animation&quot;:&quot;slide&quot;,&quot;autoplay&quot;:true,&quot;loop_autoplay&quot;:&quot;endless&quot;,&quot;interval&quot;:5,&quot;loop_manual&quot;:&quot;manual-endless&quot;,&quot;autoplay_stopper&quot;:false,&quot;noNavigation&quot;:false,&quot;bg_slider&quot;:false,&quot;keep_padding&quot;:false,&quot;hoverpause&quot;:false,&quot;show_slide_delay&quot;:0}\"  itemprop=\"image\" itemscope=\"itemscope\" itemtype=\"https:\/\/schema.org\/ImageObject\" ><ul class='avia-slideshow-inner' style='padding-bottom: 66.5234375%;'><li  class='avia-slideshow-slide av-kzojv06o-bfb69ad18e890ad2bbe89216e4f84aa5__0  av-single-slide slide-1 slide-odd'><div data-rel='slideshow-1' class='avia-slide-wrap'   ><img decoding=\"async\" fetchpriority=\"high\" class=\"wp-image-1608 avia-img-lazy-loading-not-1608\"  src=\"https:\/\/www.metalschemicalsgroup.com\/wp-content\/uploads\/2025\/02\/2015.148214-scaled.jpg\" width=\"2560\" height=\"1703\" title='Maastricht' alt=''  itemprop=\"thumbnailUrl\" srcset=\"https:\/\/www.metalschemicalsgroup.com\/wp-content\/uploads\/2025\/02\/2015.148214-scaled.jpg 2560w, https:\/\/www.metalschemicalsgroup.com\/wp-content\/uploads\/2025\/02\/2015.148214-300x200.jpg 300w, https:\/\/www.metalschemicalsgroup.com\/wp-content\/uploads\/2025\/02\/2015.148214-1030x685.jpg 1030w, https:\/\/www.metalschemicalsgroup.com\/wp-content\/uploads\/2025\/02\/2015.148214-768x511.jpg 768w, https:\/\/www.metalschemicalsgroup.com\/wp-content\/uploads\/2025\/02\/2015.148214-1536x1022.jpg 1536w, https:\/\/www.metalschemicalsgroup.com\/wp-content\/uploads\/2025\/02\/2015.148214-2048x1363.jpg 2048w, https:\/\/www.metalschemicalsgroup.com\/wp-content\/uploads\/2025\/02\/2015.148214-18x12.jpg 18w, https:\/\/www.metalschemicalsgroup.com\/wp-content\/uploads\/2025\/02\/2015.148214-1500x998.jpg 1500w, https:\/\/www.metalschemicalsgroup.com\/wp-content\/uploads\/2025\/02\/2015.148214-705x469.jpg 705w\" sizes=\"(max-width: 2560px) 100vw, 2560px\" \/><\/div><\/li><\/ul><\/div><\/div>\n<style type=\"text\/css\" data-created_by=\"avia_inline_auto\" id=\"style-css-av-t6dp-ccf98667740c400f27b82bfcbe72b1a6\">\n.flex_column.av-t6dp-ccf98667740c400f27b82bfcbe72b1a6{\npadding:0 80px 0 0;\n}\n<\/style>\n<div  id=\"content-blok\"  class='flex_column av-t6dp-ccf98667740c400f27b82bfcbe72b1a6 av_one_half  avia-builder-el-7  el_after_av_one_half  avia-builder-el-last  no_margin flex_column_div'     ><p>\n<style type=\"text\/css\" data-created_by=\"avia_inline_auto\" id=\"style-css-av-kzmjrn30-ff714dbd12e5931e45cb29b54090fa65\">\n#top .av-special-heading.av-kzmjrn30-ff714dbd12e5931e45cb29b54090fa65{\npadding-bottom:10px;\n}\nbody .av-special-heading.av-kzmjrn30-ff714dbd12e5931e45cb29b54090fa65 .av-special-heading-tag .heading-char{\nfont-size:25px;\n}\n.av-special-heading.av-kzmjrn30-ff714dbd12e5931e45cb29b54090fa65 .av-subheading{\nfont-size:15px;\n}\n<\/style>\n<div  class='av-special-heading av-kzmjrn30-ff714dbd12e5931e45cb29b54090fa65 av-special-heading-h2 blockquote modern-quote  avia-builder-el-8  el_before_av_textblock  avia-builder-el-first'><div class='av-subheading av-subheading_above'><p>Metals Chemicals Maastricht<\/p>\n<\/div><h2 class='av-special-heading-tag'  itemprop=\"headline\"  >kim jeste\u015bmy<\/h2><div class=\"special-heading-border\"><div class=\"special-heading-inner-border\"><\/div><\/div><\/div><br \/>\n\n<style type=\"text\/css\" data-created_by=\"avia_inline_auto\" id=\"style-css-av-kzmjrx16-a219cfd02ae5a4b823ef84f2a2bee147\">\n#top .av_textblock_section.av-kzmjrx16-a219cfd02ae5a4b823ef84f2a2bee147 .avia_textblock{\nfont-size:16px;\n}\n<\/style>\n<section  class='av_textblock_section av-kzmjrx16-a219cfd02ae5a4b823ef84f2a2bee147'   itemscope=\"itemscope\" itemtype=\"https:\/\/schema.org\/CreativeWork\" ><div class='avia_textblock'  itemprop=\"text\" ><p>Wszystko zacz\u0119\u0142o si\u0119 w 1993 roku, kiedy Ludi Berkhof (na zdj\u0119ciu po lewej) postanowi\u0142 za\u0142o\u017cy\u0107 now\u0105 firm\u0119 w bran\u017cy cynku: Metals Chemicals Maastricht BV (MCM). Zdoby\u0142 on wieloletnie do\u015bwiadczenie w bran\u017cy cynku i metali nie\u017celaznych w Maastrichtsche Zinkwit Maatschappij (NL) i Union Mini\u00e8re\/Umicore (BE).<\/p>\n<p>W po\u0142owie 1997 roku do MCM do\u0142\u0105czy\u0142 Ruud Stessen (na zdj\u0119ciu po prawej), kt\u00f3ry wcze\u015bniej pracowa\u0142 z Ludim w Zinkwit. Razem zdobyli bogate do\u015bwiadczenie w pracy z cynkiem i materia\u0142ami cynkopochodnymi. Gdy zbli\u017ca\u0142o si\u0119 nowe tysi\u0105clecie, Ruud zosta\u0142 partnerem, co pozwoli\u0142o obu w\u0142a\u015bcicielom wnie\u015b\u0107 sw\u00f3j wk\u0142ad w dalszy rozw\u00f3j firmy.<\/p>\n<p>Dzi\u015b z dum\u0105 mog\u0105 powiedzie\u0107, \u017ce dzia\u0142aj\u0105 na rynku od 30 lat i rozwin\u0119li si\u0119 w odnosz\u0105c\u0105 sukcesy firm\u0119, z kt\u00f3rej ca\u0142y zesp\u00f3\u0142 MCM jest naprawd\u0119 dumny.<\/p>\n<\/div><\/section><br \/>\n\n<style type=\"text\/css\" data-created_by=\"avia_inline_auto\" id=\"style-css-av-l16dviyy-c78246fdc24fb337aed1789bd66ca7f3\">\n#top .av_textblock_section.av-l16dviyy-c78246fdc24fb337aed1789bd66ca7f3 .avia_textblock{\nfont-size:16px;\n}\n<\/style>\n<section  class='av_textblock_section av-l16dviyy-c78246fdc24fb337aed1789bd66ca7f3'   itemscope=\"itemscope\" itemtype=\"https:\/\/schema.org\/CreativeWork\" ><div class='avia_textblock'  itemprop=\"text\" ><p><span style=\"font-weight: 400;\"><div class=\"show_more\"><p class=\"wpsm-show\" style=\"color: #cc0000; font-size: 100%; text-align: left;\"> Wi\u0119cej<\/p><div class=\"wpsm-content\"><\/span><\/p>\n<p>Obecnie MCM zajmuje si\u0119 przede wszystkim zbieraniem, przechowywaniem, przetwarzaniem i transportem odpad\u00f3w do naszych klient\u00f3w na ca\u0142ym \u015bwiecie.<\/p>\n<p>Pozosta\u0142o\u015bci te s\u0105 wykorzystywane jako surowce wt\u00f3rne do produkcji metalu cynkowego, tlenku cynku i innych surowc\u00f3w i p\u00f3\u0142produkt\u00f3w zawieraj\u0105cych cynk lub o\u0142\u00f3w.<\/p>\n<p>Ponadto, od 2015 roku MCM jest r\u00f3wnie\u017c dostawc\u0105 odczynnik\u00f3w g\u00f3rniczych. Nasze portfolio i do\u015bwiadczenie pomaga naszym klientom z bran\u017cy g\u00f3rniczej w odzyskiwaniu metali bazowych i szlachetnych, takich jak cynk, mied\u017a i z\u0142oto. Zapewniamy kopalniom wysokiej jako\u015bci chemikalia i konsekwentne dostawy, aby zapewni\u0107 ich ci\u0105g\u0142o\u015b\u0107 dzia\u0142ania.<\/p>\n<p>Dzi\u0119ki posiadaniu w\u0142asnego laboratorium i magazynu tworzymy warto\u015b\u0107 dodan\u0105 dla naszych partner\u00f3w biznesowych. R\u00f3wnie\u017c dzi\u0119ki naszej szerokiej wiedzy i do\u015bwiadczeniu w zakresie mi\u0119dzynarodowych proces\u00f3w logistycznych i notyfikacyjnych oferujemy naszym klientom wiele korzy\u015bci umo\u017cliwiaj\u0105cych efektywn\u0105 i profesjonaln\u0105 wsp\u00f3\u0142prac\u0119 biznesow\u0105.<\/p>\n<p><span style=\"font-weight: 400;\"> <p class=\"wpsm-hide\" style=\"color: #cc0000; font-size: 100%; text-align: left;\"> Czytaj mniej<\/p><\/div><\/div><\/span><\/p>\n<\/div><\/section><br \/>\n\n<style type=\"text\/css\" data-created_by=\"avia_inline_auto\" id=\"style-css-av-kzojwo51-3f1ebb085a8db5a09c01d471c209e283\">\n#top .hr.hr-invisible.av-kzojwo51-3f1ebb085a8db5a09c01d471c209e283{\nheight:80px;\n}\n<\/style>\n<div  class='hr av-kzojwo51-3f1ebb085a8db5a09c01d471c209e283 hr-invisible  avia-builder-el-11  el_after_av_textblock  avia-builder-el-last'><span class='hr-inner'><span class=\"hr-inner-style\"><\/span><\/span><\/div><\/p><\/div><\/div><\/div><\/div><!-- close content main div --><\/div><\/div>\n<style type=\"text\/css\" data-created_by=\"avia_inline_auto\" id=\"style-css-av-5j2l1-9c4657cd1b7fea49ae05e39cda2e5411\">\n.avia-section.av-5j2l1-9c4657cd1b7fea49ae05e39cda2e5411{\nmargin-top:-160px;\nmargin-bottom:0px;\n}\n<\/style>\n<div id='av_section_3'  class='avia-section av-5j2l1-9c4657cd1b7fea49ae05e39cda2e5411 alternate_color avia-section-default avia-no-border-styling  avia-builder-el-12  el_after_av_section  el_before_av_one_full  avia-bg-style-scroll container_wrap fullsize'  ><div class='container av-section-cont-open' ><div class='template-page content  av-content-full alpha units'><div class='post-entry post-entry-type-page post-entry-93'><div class='entry-content-wrapper clearfix'>\n\n<style type=\"text\/css\" data-created_by=\"avia_inline_auto\" id=\"style-css-av-4vl7p-481914fc3602c636dc44c57daa28d96c\">\n#top .hr.hr-invisible.av-4vl7p-481914fc3602c636dc44c57daa28d96c{\nheight:100px;\n}\n<\/style>\n<div  class='hr av-4vl7p-481914fc3602c636dc44c57daa28d96c hr-invisible  avia-builder-el-13  el_before_av_one_third  avia-builder-el-first  av-small-hide av-mini-hide'><span class='hr-inner'><span class=\"hr-inner-style\"><\/span><\/span><\/div>\n<div class='flex_column_table av-7b41-5d56a3ca09a9bdc91f98759d8db5b4b3 sc-av_one_third av-equal-height-column-flextable'>\n<style type=\"text\/css\" data-created_by=\"avia_inline_auto\" id=\"style-css-av-7b41-5d56a3ca09a9bdc91f98759d8db5b4b3\">\n.flex_column.av-7b41-5d56a3ca09a9bdc91f98759d8db5b4b3{\nwidth:33%;\nmargin-left:0;\nborder-radius:0px 0px 0px 0px;\npadding:240px 40px 60px 40px;\nbackground:url(https:\/\/www.metalschemicalsgroup.com\/wp-content\/uploads\/2022\/02\/Mission-V-scaled.jpg) 50% 50% no-repeat scroll ;\n}\n#top .flex_column_table.av-equal-height-column-flextable.av-7b41-5d56a3ca09a9bdc91f98759d8db5b4b3 .av-flex-placeholder{\nwidth:0.5%;\n}\n<\/style>\n<div  class='flex_column av-7b41-5d56a3ca09a9bdc91f98759d8db5b4b3 av_one_third  avia-builder-el-14  el_after_av_hr  el_before_av_one_third  categorie-blokken first flex_column_table_cell av-equal-height-column av-align-top avia-full-stretch avia-link-column av-column-link avia-link-column-hover'    data-link-column-url=\"https:\/\/www.metalschemicalsgroup.com\/pl\/about-us\/\"   ><a class=\"av-screen-reader-only\" href=\"https:\/\/www.metalschemicalsgroup.com\/pl\/about-us\/\" >Link do: O nas<\/a><style type=\"text\/css\" data-created_by=\"avia_inline_auto\" id=\"style-css-av-1gl4l-3eafe0f79e0d20018d3820d49c49f628\">\n#top .av_textblock_section.av-1gl4l-3eafe0f79e0d20018d3820d49c49f628 .avia_textblock{\ncolor:#ffffff;\n}\n<\/style>\n<section  class='av_textblock_section av-1gl4l-3eafe0f79e0d20018d3820d49c49f628'   itemscope=\"itemscope\" itemtype=\"https:\/\/schema.org\/CreativeWork\" ><div class='avia_textblock av_inherit_color'  itemprop=\"text\" ><h2><\/h2>\n<h2><\/h2>\n<h2><b><span lang=\"EN-GB\">O nas<br \/>\n<\/span><\/b><\/h2>\n<\/div><\/section><\/div><div class='av-flex-placeholder'><\/div>\n<style type=\"text\/css\" data-created_by=\"avia_inline_auto\" id=\"style-css-av-bsu9-2a14e023603e0e24992d7f8ace1a13b5\">\n.flex_column.av-bsu9-2a14e023603e0e24992d7f8ace1a13b5{\nwidth:33%;\nmargin-left:0;\nborder-radius:0px 0px 0px 0px;\npadding:240px 40px 60px 40px;\nbackground:url(https:\/\/www.metalschemicalsgroup.com\/wp-content\/uploads\/2022\/04\/20210601-MCM-HQ-009-scaled.jpg) 50% 50% no-repeat scroll ;\n}\n#top .flex_column_table.av-equal-height-column-flextable.av-bsu9-2a14e023603e0e24992d7f8ace1a13b5 .av-flex-placeholder{\nwidth:0.5%;\n}\n<\/style>\n<div  class='flex_column av-bsu9-2a14e023603e0e24992d7f8ace1a13b5 av_one_third  avia-builder-el-16  el_after_av_one_third  el_before_av_one_third  flex_column_table_cell av-equal-height-column av-align-top avia-full-stretch avia-link-column av-column-link avia-link-column-hover'    data-link-column-url=\"https:\/\/www.metalschemicalsgroup.com\/pl\/about-us\/mission-vision\/\"   ><a class=\"av-screen-reader-only\" href=\"https:\/\/www.metalschemicalsgroup.com\/pl\/about-us\/mission-vision\/\" >Link do: Misja i wizja<\/a><style type=\"text\/css\" data-created_by=\"avia_inline_auto\" id=\"style-css-av-2w351-97f800d5b95f7ed14cbbc7b09133f20f\">\n#top .av_textblock_section.av-2w351-97f800d5b95f7ed14cbbc7b09133f20f .avia_textblock{\ncolor:#ffffff;\n}\n<\/style>\n<section  class='av_textblock_section av-2w351-97f800d5b95f7ed14cbbc7b09133f20f'   itemscope=\"itemscope\" itemtype=\"https:\/\/schema.org\/CreativeWork\" ><div class='avia_textblock categorie-blokken av_inherit_color'  itemprop=\"text\" ><h2><\/h2>\n<h2><\/h2>\n<h2>Misja i wizja<\/h2>\n<\/div><\/section><\/div><div class='av-flex-placeholder'><\/div>\n<style type=\"text\/css\" data-created_by=\"avia_inline_auto\" id=\"style-css-av-4j2ad-a1d79c60b749de08600f871a71f4ea38\">\n.flex_column.av-4j2ad-a1d79c60b749de08600f871a71f4ea38{\nwidth:33%;\nmargin-left:0;\nborder-radius:0px 0px 0px 0px;\npadding:240px 40px 60px 40px;\nbackground:url(https:\/\/www.metalschemicalsgroup.com\/wp-content\/uploads\/2022\/04\/2015.148178-scaled.jpg) 50% 50% no-repeat scroll ;\n}\n#top .flex_column_table.av-equal-height-column-flextable.av-4j2ad-a1d79c60b749de08600f871a71f4ea38 .av-flex-placeholder{\nwidth:0.5%;\n}\n<\/style>\n<div  class='flex_column av-4j2ad-a1d79c60b749de08600f871a71f4ea38 av_one_third  avia-builder-el-18  el_after_av_one_third  el_before_av_hr  flex_column_table_cell av-equal-height-column av-align-top avia-full-stretch avia-link-column av-column-link avia-link-column-hover'    data-link-column-url=\"https:\/\/www.metalschemicalsgroup.com\/pl\/about-us\/the-way-we-work\/\"   ><a class=\"av-screen-reader-only\" href=\"https:\/\/www.metalschemicalsgroup.com\/pl\/about-us\/the-way-we-work\/\" >Link do: Spos\u00f3b, w jaki pracujemy<\/a><style type=\"text\/css\" data-created_by=\"avia_inline_auto\" id=\"style-css-av-3oq8h-98335fdc2e9fa4717e1910aa46f81d95\">\n#top .av_textblock_section.av-3oq8h-98335fdc2e9fa4717e1910aa46f81d95 .avia_textblock{\ncolor:#ffffff;\n}\n<\/style>\n<section  class='av_textblock_section av-3oq8h-98335fdc2e9fa4717e1910aa46f81d95'   itemscope=\"itemscope\" itemtype=\"https:\/\/schema.org\/CreativeWork\" ><div class='avia_textblock categorie-blokken av_inherit_color'  itemprop=\"text\" ><h2><\/h2>\n<h2><\/h2>\n<h2><\/h2>\n<h2>Spos\u00f3b, w jaki pracujemy<\/h2>\n<\/div><\/section><\/div><\/div><!--close column table wrapper. Autoclose: 1 -->\n<style type=\"text\/css\" data-created_by=\"avia_inline_auto\" id=\"style-css-av-phct-c2d362b0d9fc90a02dc47b6ad73450dc\">\n#top .hr.hr-invisible.av-phct-c2d362b0d9fc90a02dc47b6ad73450dc{\nheight:90px;\n}\n<\/style>\n<div  class='hr av-phct-c2d362b0d9fc90a02dc47b6ad73450dc hr-invisible  avia-builder-el-20  el_after_av_one_third  avia-builder-el-last  av-small-hide av-mini-hide'><span class='hr-inner'><span class=\"hr-inner-style\"><\/span><\/span><\/div>\n<\/div><\/div><\/div><!-- close content main div --><\/div><\/div><div id='after_section_3'  class='main_color av_default_container_wrap container_wrap fullsize'  ><div class='container av-section-cont-open' ><div class='template-page content  av-content-full alpha units'><div class='post-entry post-entry-type-page post-entry-93'><div class='entry-content-wrapper clearfix'><\/p>\n<div  class='flex_column av-246ct-146f0f1518be5ad80ee774932df92488 av_one_full  avia-builder-el-21  el_after_av_section  el_before_av_one_half  avia-builder-el-first  first flex_column_div'     ><\/div>\n<div  class='flex_column av-1lu65-5f38d719c18709b44b0cb1ec5941e203 av_one_half  avia-builder-el-22  el_after_av_one_full  el_before_av_one_full  first flex_column_div  column-top-margin'     ><\/div>\n<div  class='flex_column av-va89-10addc4e67e1606c52f615e15aadb693 av_one_full  avia-builder-el-23  el_after_av_one_half  avia-builder-el-last  first flex_column_div  column-top-margin'     ><\/div>","protected":false},"excerpt":{"rendered":"","protected":false},"author":1,"featured_media":0,"parent":0,"menu_order":0,"comment_status":"closed","ping_status":"closed","template":"","meta":{"_monsterinsights_skip_tracking":false,"_monsterinsights_sitenote_active":false,"_monsterinsights_sitenote_note":"","_monsterinsights_sitenote_category":0,"footnotes":""},"class_list":["post-93","page","type-page","status-publish","hentry"],"yoast_head":"<!-- This site is optimized with the Yoast SEO plugin v27.2 - https:\/\/yoast.com\/product\/yoast-seo-wordpress\/ -->\n<title>About us - Metals Chemicals Maastricht<\/title>\n<meta name=\"description\" content=\"Read all about us Metals Chemicals Maastricht on this page. How we became one of the leading companies in Zinc\" \/>\n<meta name=\"robots\" content=\"index, follow, max-snippet:-1, max-image-preview:large, max-video-preview:-1\" \/>\n<link rel=\"canonical\" href=\"https:\/\/www.metalschemicalsgroup.com\/pl\/o-nas\/\" \/>\n<meta property=\"og:locale\" content=\"pl_PL\" \/>\n<meta property=\"og:type\" content=\"article\" \/>\n<meta property=\"og:title\" content=\"About us - Metals Chemicals Maastricht\" \/>\n<meta property=\"og:description\" content=\"Read all about us Metals Chemicals Maastricht on this page. How we became one of the leading companies in Zinc\" \/>\n<meta property=\"og:url\" content=\"https:\/\/www.metalschemicalsgroup.com\/pl\/o-nas\/\" \/>\n<meta property=\"og:site_name\" content=\"Metals Chemicals Maastricht\" \/>\n<meta property=\"article:modified_time\" content=\"2025-02-06T13:20:21+00:00\" \/>\n<meta name=\"twitter:card\" content=\"summary_large_image\" \/>\n<meta name=\"twitter:label1\" content=\"Szacowany czas czytania\" \/>\n\t<meta name=\"twitter:data1\" content=\"2 minuty\" \/>\n<script type=\"application\/ld+json\" class=\"yoast-schema-graph\">{\"@context\":\"https:\/\/schema.org\",\"@graph\":[{\"@type\":\"WebPage\",\"@id\":\"https:\/\/www.metalschemicalsgroup.com\/about-us\/\",\"url\":\"https:\/\/www.metalschemicalsgroup.com\/about-us\/\",\"name\":\"About us - Metals Chemicals Maastricht\",\"isPartOf\":{\"@id\":\"https:\/\/www.metalschemicalsgroup.com\/#website\"},\"datePublished\":\"2022-01-24T10:49:04+00:00\",\"dateModified\":\"2025-02-06T13:20:21+00:00\",\"description\":\"Read all about us Metals Chemicals Maastricht on this page. How we became one of the leading companies in Zinc\",\"breadcrumb\":{\"@id\":\"https:\/\/www.metalschemicalsgroup.com\/about-us\/#breadcrumb\"},\"inLanguage\":\"pl-PL\",\"potentialAction\":[{\"@type\":\"ReadAction\",\"target\":[\"https:\/\/www.metalschemicalsgroup.com\/about-us\/\"]}]},{\"@type\":\"BreadcrumbList\",\"@id\":\"https:\/\/www.metalschemicalsgroup.com\/about-us\/#breadcrumb\",\"itemListElement\":[{\"@type\":\"ListItem\",\"position\":1,\"name\":\"Home\",\"item\":\"https:\/\/www.metalschemicalsgroup.com\/partner-in-zinc-lead-mining-chemicals\/\"},{\"@type\":\"ListItem\",\"position\":2,\"name\":\"About us\"}]},{\"@type\":\"WebSite\",\"@id\":\"https:\/\/www.metalschemicalsgroup.com\/#website\",\"url\":\"https:\/\/www.metalschemicalsgroup.com\/\",\"name\":\"Metals Chemicals Maastricht\",\"description\":\"Strong in Zinc\",\"potentialAction\":[{\"@type\":\"SearchAction\",\"target\":{\"@type\":\"EntryPoint\",\"urlTemplate\":\"https:\/\/www.metalschemicalsgroup.com\/?s={search_term_string}\"},\"query-input\":{\"@type\":\"PropertyValueSpecification\",\"valueRequired\":true,\"valueName\":\"search_term_string\"}}],\"inLanguage\":\"pl-PL\"}]}<\/script>\n<!-- \/ Yoast SEO plugin. -->","yoast_head_json":{"title":"O nas - Metale Chemia Maastricht","description":"Przeczytaj wszystko o nas Metale Chemia Maastricht na tej stronie. Jak stali\u015bmy si\u0119 jedn\u0105 z wiod\u0105cych firm w dziedzinie cynku","robots":{"index":"index","follow":"follow","max-snippet":"max-snippet:-1","max-image-preview":"max-image-preview:large","max-video-preview":"max-video-preview:-1"},"canonical":"https:\/\/www.metalschemicalsgroup.com\/pl\/o-nas\/","og_locale":"pl_PL","og_type":"article","og_title":"About us - Metals Chemicals Maastricht","og_description":"Read all about us Metals Chemicals Maastricht on this page. How we became one of the leading companies in Zinc","og_url":"https:\/\/www.metalschemicalsgroup.com\/pl\/o-nas\/","og_site_name":"Metals Chemicals Maastricht","article_modified_time":"2025-02-06T13:20:21+00:00","twitter_card":"summary_large_image","twitter_misc":{"Szacowany czas czytania":"2 minuty"},"schema":{"@context":"https:\/\/schema.org","@graph":[{"@type":"WebPage","@id":"https:\/\/www.metalschemicalsgroup.com\/about-us\/","url":"https:\/\/www.metalschemicalsgroup.com\/about-us\/","name":"O nas - Metale Chemia Maastricht","isPartOf":{"@id":"https:\/\/www.metalschemicalsgroup.com\/#website"},"datePublished":"2022-01-24T10:49:04+00:00","dateModified":"2025-02-06T13:20:21+00:00","description":"Przeczytaj wszystko o nas Metale Chemia Maastricht na tej stronie. Jak stali\u015bmy si\u0119 jedn\u0105 z wiod\u0105cych firm w dziedzinie cynku","breadcrumb":{"@id":"https:\/\/www.metalschemicalsgroup.com\/about-us\/#breadcrumb"},"inLanguage":"pl-PL","potentialAction":[{"@type":"ReadAction","target":["https:\/\/www.metalschemicalsgroup.com\/about-us\/"]}]},{"@type":"BreadcrumbList","@id":"https:\/\/www.metalschemicalsgroup.com\/about-us\/#breadcrumb","itemListElement":[{"@type":"ListItem","position":1,"name":"Home","item":"https:\/\/www.metalschemicalsgroup.com\/partner-in-zinc-lead-mining-chemicals\/"},{"@type":"ListItem","position":2,"name":"About us"}]},{"@type":"WebSite","@id":"https:\/\/www.metalschemicalsgroup.com\/#website","url":"https:\/\/www.metalschemicalsgroup.com\/","name":"Metals Chemicals Maastricht","description":"Silny w cynk","potentialAction":[{"@type":"SearchAction","target":{"@type":"EntryPoint","urlTemplate":"https:\/\/www.metalschemicalsgroup.com\/?s={search_term_string}"},"query-input":{"@type":"PropertyValueSpecification","valueRequired":true,"valueName":"search_term_string"}}],"inLanguage":"pl-PL"}]}},"_links":{"self":[{"href":"https:\/\/www.metalschemicalsgroup.com\/pl\/wp-json\/wp\/v2\/pages\/93","targetHints":{"allow":["GET"]}}],"collection":[{"href":"https:\/\/www.metalschemicalsgroup.com\/pl\/wp-json\/wp\/v2\/pages"}],"about":[{"href":"https:\/\/www.metalschemicalsgroup.com\/pl\/wp-json\/wp\/v2\/types\/page"}],"author":[{"embeddable":true,"href":"https:\/\/www.metalschemicalsgroup.com\/pl\/wp-json\/wp\/v2\/users\/1"}],"replies":[{"embeddable":true,"href":"https:\/\/www.metalschemicalsgroup.com\/pl\/wp-json\/wp\/v2\/comments?post=93"}],"version-history":[{"count":36,"href":"https:\/\/www.metalschemicalsgroup.com\/pl\/wp-json\/wp\/v2\/pages\/93\/revisions"}],"predecessor-version":[{"id":1610,"href":"https:\/\/www.metalschemicalsgroup.com\/pl\/wp-json\/wp\/v2\/pages\/93\/revisions\/1610"}],"wp:attachment":[{"href":"https:\/\/www.metalschemicalsgroup.com\/pl\/wp-json\/wp\/v2\/media?parent=93"}],"curies":[{"name":"wp","href":"https:\/\/api.w.org\/{rel}","templated":true}]}}