{"id":95,"date":"2022-01-24T10:49:18","date_gmt":"2022-01-24T10:49:18","guid":{"rendered":"https:\/\/metalschemicals.bonsaidev.nl\/?page_id=95"},"modified":"2025-07-09T14:35:03","modified_gmt":"2025-07-09T12:35:03","slug":"kontakt","status":"publish","type":"page","link":"https:\/\/www.metalschemicalsgroup.com\/pl\/contact\/","title":{"rendered":"Kontakt"},"content":{"rendered":"<div id='av-layout-grid-1'  class='av-layout-grid-container av-1gicn-d79ce816464cc145b4656b6579336127 entry-content-wrapper main_color av-flex-cells  avia-builder-el-0  el_before_av_section  avia-builder-el-first   container_wrap fullsize'  >\n\n<style type=\"text\/css\" data-created_by=\"avia_inline_auto\" id=\"style-css-av-l0qowind-07c93300278c2a3d72bb9a42113a9506\">\n.flex_cell.av-l0qowind-07c93300278c2a3d72bb9a42113a9506{\nvertical-align:top;\n}\n.responsive #top #wrap_all .flex_cell.av-l0qowind-07c93300278c2a3d72bb9a42113a9506{\npadding:0px 0px 0px 0px !important;\n}\n<\/style>\n<div class='flex_cell av-l0qowind-07c93300278c2a3d72bb9a42113a9506 av-gridrow-cell av_one_half no_margin  avia-builder-el-1  el_before_av_cell_one_half  avia-builder-el-first  content-align-top av-zero-padding'  ><div class='flex_cell_inner'><div  class='av_gmaps_sc_main_wrap av_gmaps_main_wrap'><div id='av_gmap_0' class='avia-google-map-container avia-google-map-sc av_gmaps_show_unconditionally av-no-fallback-img' data-mapid='av_gmap_0'  style='height: 680px;'><a class=\"av_gmaps_browser_disabled av_text_confirm_link av_text_confirm_link_visible\" href=\"https:\/\/www.google.com\/maps\/search\/?api=1&#038;query=Praamkade%201%206222%20NN%20Maastricht\" target=\"_blank\">Mapy zosta\u0142y wy\u0142\u0105czone przez go\u015bcia na tej stronie. Kliknij, aby otworzy\u0107 map\u0119 w nowym oknie.<\/a><\/div><\/div>\n<\/div><\/div>\n<style type=\"text\/css\" data-created_by=\"avia_inline_auto\" id=\"style-css-av-l0qoxwsx-b7ffe0a03572d99e11b0320c8dde4b9d\">\n.flex_cell.av-l0qoxwsx-b7ffe0a03572d99e11b0320c8dde4b9d{\nvertical-align:middle;\nbackground-color:#e5e5e5;\n}\n.responsive #top #wrap_all .flex_cell.av-l0qoxwsx-b7ffe0a03572d99e11b0320c8dde4b9d{\npadding:80px 80px 80px 80px !important;\n}\n<\/style>\n<div class='flex_cell av-l0qoxwsx-b7ffe0a03572d99e11b0320c8dde4b9d av-gridrow-cell av_one_half no_margin  avia-builder-el-3  el_after_av_cell_one_half  avia-builder-el-last  content-align-middle'  ><div class='flex_cell_inner'><p><div  class='flex_column av-204zj-3edf2e1e8c056149456fac2fbb397dff av_one_full  avia-builder-el-4  el_before_av_one_full  avia-builder-el-first  first flex_column_div'     ><section  class='av_textblock_section av-l0qrgrkz-68d611458a366c16134097172c76461a'   itemscope=\"itemscope\" itemtype=\"https:\/\/schema.org\/CreativeWork\" ><div class='avia_textblock'  itemprop=\"text\" ><h1 style=\"font-size: 30px;\">KONTAKT<\/h1>\n<p>Chcesz dowiedzie\u0107 si\u0119 wi\u0119cej o nas, naszych produktach lub us\u0142ugach? A mo\u017ce maj\u0105 Pa\u0144stwo inne pytania? Prosimy o kontakt. Mo\u017cna si\u0119 z nami skontaktowa\u0107 r\u00f3wnie\u017c telefonicznie. Mo\u017cna te\u017c oczywi\u015bcie wype\u0142ni\u0107 formularz kontaktowy.<\/p>\n<\/div><\/section><\/div><div  class='flex_column av-1mh0f-915c31868ef0ccbd57bb9c01be1f9f63 av_one_full  avia-builder-el-6  el_after_av_one_full  avia-builder-el-last  first flex_column_div  column-top-margin'     ><section  class='av_textblock_section av-l0qrgls6-63da5b60602876f1a054536968029827'   itemscope=\"itemscope\" itemtype=\"https:\/\/schema.org\/CreativeWork\" ><div class='avia_textblock'  itemprop=\"text\" ><h5 class=\"widgettitle\">Metals Chemicals Maastricht<\/h5>\n<div class=\"textwidget\">\n<p>Praamkade 1<br \/>\n6222 NN Maastricht<br \/>\nHolandia<\/p>\n<\/div>\n<p>Tel. <a href=\"tel:+31433626500\">+31 (0)43 - 362 65 00<\/a><br \/>\nFax +31 (0)43 - 362 67 27<br \/>\n<a href=\"mailto:info@metalschemicalsgroup.com\">info@metalschemicalsgroup.com<\/a><\/p>\n<\/div><\/section><\/div><\/p>\n<\/div><\/div><\/div><div id='av_section_1'  class='avia-section av-1dmsv-8c1d013f8440bd66dfb439ab6ae41ea0 main_color avia-section-large avia-no-border-styling  avia-builder-el-8  el_after_av_layout_row  avia-builder-el-last  avia-bg-style-scroll container_wrap fullsize'  ><div class='container av-section-cont-open' ><div class='template-page content  av-content-full alpha units'><div class='post-entry post-entry-type-page post-entry-95'><div class='entry-content-wrapper clearfix'>\n<div class='flex_column_table av-l0qox3b2-c34346d921e67f9cea844f11d4ae2fbf sc-av_one_fifth av-equal-height-column-flextable'><div  class='flex_column av-l0qox3b2-c34346d921e67f9cea844f11d4ae2fbf av_one_fifth  avia-builder-el-9  el_before_av_three_fifth  avia-builder-el-first  first no_margin flex_column_table_cell av-equal-height-column av-align-top'     ><\/div>\n<style type=\"text\/css\" data-created_by=\"avia_inline_auto\" id=\"style-css-av-l0c8a875-7cf29caa44117d3b00d260dbcd5b3619\">\n.flex_column.av-l0c8a875-7cf29caa44117d3b00d260dbcd5b3619{\npadding:0px 0px 0px 0px;\n}\n<\/style>\n<div  class='flex_column av-l0c8a875-7cf29caa44117d3b00d260dbcd5b3619 av_three_fifth  avia-builder-el-10  el_after_av_one_fifth  el_before_av_one_fifth  no_margin flex_column_table_cell av-equal-height-column av-align-top av-zero-column-padding'     ><p>\n<style type=\"text\/css\" data-created_by=\"avia_inline_auto\" id=\"style-css-av-l0qp1dmn-e7b6c37cbd75ac09393db57d13551bbd\">\n#top .av-special-heading.av-l0qp1dmn-e7b6c37cbd75ac09393db57d13551bbd{\npadding-bottom:10px;\n}\nbody .av-special-heading.av-l0qp1dmn-e7b6c37cbd75ac09393db57d13551bbd .av-special-heading-tag .heading-char{\nfont-size:25px;\n}\n.av-special-heading.av-l0qp1dmn-e7b6c37cbd75ac09393db57d13551bbd .av-subheading{\nfont-size:15px;\n}\n<\/style>\n<div  class='av-special-heading av-l0qp1dmn-e7b6c37cbd75ac09393db57d13551bbd av-special-heading-h2 blockquote modern-quote  avia-builder-el-11  el_before_av_hr  avia-builder-el-first'><div class='av-subheading av-subheading_above'><p>Metals Chemicals Maastricht<\/p>\n<\/div><h2 class='av-special-heading-tag'  itemprop=\"headline\"  >Skontaktuj si\u0119 z nami<\/h2><div class=\"special-heading-border\"><div class=\"special-heading-inner-border\"><\/div><\/div><\/div><br \/>\n\n<style type=\"text\/css\" data-created_by=\"avia_inline_auto\" id=\"style-css-av-l0qp1xtj-55749bcff0c5ff3efa8415fa06b3ec80\">\n#top .hr.hr-invisible.av-l0qp1xtj-55749bcff0c5ff3efa8415fa06b3ec80{\nheight:30px;\n}\n<\/style>\n<div  class='hr av-l0qp1xtj-55749bcff0c5ff3efa8415fa06b3ec80 hr-invisible  avia-builder-el-12  el_after_av_heading  el_before_av_codeblock'><span class='hr-inner'><span class=\"hr-inner-style\"><\/span><\/span><\/div><br \/>\n<\/p><\/div><div  class='flex_column av-104dr-523ba1669de1a7e8f2492aee0be81d92 av_one_fifth  avia-builder-el-14  el_after_av_three_fifth  avia-builder-el-last  no_margin flex_column_table_cell av-equal-height-column av-align-top'     ><\/div><\/div><!--close column table wrapper. Autoclose: 1 -->\n<\/p>","protected":false},"excerpt":{"rendered":"","protected":false},"author":1,"featured_media":0,"parent":0,"menu_order":0,"comment_status":"closed","ping_status":"closed","template":"","meta":{"_monsterinsights_skip_tracking":false,"_monsterinsights_sitenote_active":false,"_monsterinsights_sitenote_note":"","_monsterinsights_sitenote_category":0,"footnotes":""},"class_list":["post-95","page","type-page","status-publish","hentry"],"yoast_head":"<!-- This site is optimized with the Yoast SEO plugin v27.2 - https:\/\/yoast.com\/product\/yoast-seo-wordpress\/ -->\n<title>Contact - Metals Chemicals Maastricht<\/title>\n<meta name=\"description\" content=\"Would you like to know more about us, our products or services? Or do you have other questions? Please do not hesitate to contact us.\" \/>\n<meta name=\"robots\" content=\"index, follow, max-snippet:-1, max-image-preview:large, max-video-preview:-1\" \/>\n<link rel=\"canonical\" href=\"https:\/\/www.metalschemicalsgroup.com\/pl\/kontakt\/\" \/>\n<meta property=\"og:locale\" content=\"pl_PL\" \/>\n<meta property=\"og:type\" content=\"article\" \/>\n<meta property=\"og:title\" content=\"Contact - Metals Chemicals Maastricht\" \/>\n<meta property=\"og:description\" content=\"Would you like to know more about us, our products or services? Or do you have other questions? Please do not hesitate to contact us.\" \/>\n<meta property=\"og:url\" content=\"https:\/\/www.metalschemicalsgroup.com\/pl\/kontakt\/\" \/>\n<meta property=\"og:site_name\" content=\"Metals Chemicals Maastricht\" \/>\n<meta property=\"article:modified_time\" content=\"2025-07-09T12:35:03+00:00\" \/>\n<meta name=\"twitter:card\" content=\"summary_large_image\" \/>\n<meta name=\"twitter:label1\" content=\"Szacowany czas czytania\" \/>\n\t<meta name=\"twitter:data1\" content=\"1 minuta\" \/>\n<script type=\"application\/ld+json\" class=\"yoast-schema-graph\">{\"@context\":\"https:\/\/schema.org\",\"@graph\":[{\"@type\":\"WebPage\",\"@id\":\"https:\/\/www.metalschemicalsgroup.com\/contact\/\",\"url\":\"https:\/\/www.metalschemicalsgroup.com\/contact\/\",\"name\":\"Contact - Metals Chemicals Maastricht\",\"isPartOf\":{\"@id\":\"https:\/\/www.metalschemicalsgroup.com\/#website\"},\"datePublished\":\"2022-01-24T10:49:18+00:00\",\"dateModified\":\"2025-07-09T12:35:03+00:00\",\"description\":\"Would you like to know more about us, our products or services? Or do you have other questions? Please do not hesitate to contact us.\",\"breadcrumb\":{\"@id\":\"https:\/\/www.metalschemicalsgroup.com\/contact\/#breadcrumb\"},\"inLanguage\":\"pl-PL\",\"potentialAction\":[{\"@type\":\"ReadAction\",\"target\":[\"https:\/\/www.metalschemicalsgroup.com\/contact\/\"]}]},{\"@type\":\"BreadcrumbList\",\"@id\":\"https:\/\/www.metalschemicalsgroup.com\/contact\/#breadcrumb\",\"itemListElement\":[{\"@type\":\"ListItem\",\"position\":1,\"name\":\"Home\",\"item\":\"https:\/\/www.metalschemicalsgroup.com\/partner-in-zinc-lead-mining-chemicals\/\"},{\"@type\":\"ListItem\",\"position\":2,\"name\":\"Contact\"}]},{\"@type\":\"WebSite\",\"@id\":\"https:\/\/www.metalschemicalsgroup.com\/#website\",\"url\":\"https:\/\/www.metalschemicalsgroup.com\/\",\"name\":\"Metals Chemicals Maastricht\",\"description\":\"Strong in Zinc\",\"potentialAction\":[{\"@type\":\"SearchAction\",\"target\":{\"@type\":\"EntryPoint\",\"urlTemplate\":\"https:\/\/www.metalschemicalsgroup.com\/?s={search_term_string}\"},\"query-input\":{\"@type\":\"PropertyValueSpecification\",\"valueRequired\":true,\"valueName\":\"search_term_string\"}}],\"inLanguage\":\"pl-PL\"}]}<\/script>\n<!-- \/ Yoast SEO plugin. -->","yoast_head_json":{"title":"Kontakt - Metale Chemiczne Maastricht","description":"Chcesz dowiedzie\u0107 si\u0119 wi\u0119cej o nas, naszych produktach lub us\u0142ugach? A mo\u017ce maj\u0105 Pa\u0144stwo inne pytania? Prosimy o kontakt.","robots":{"index":"index","follow":"follow","max-snippet":"max-snippet:-1","max-image-preview":"max-image-preview:large","max-video-preview":"max-video-preview:-1"},"canonical":"https:\/\/www.metalschemicalsgroup.com\/pl\/kontakt\/","og_locale":"pl_PL","og_type":"article","og_title":"Contact - Metals Chemicals Maastricht","og_description":"Would you like to know more about us, our products or services? Or do you have other questions? Please do not hesitate to contact us.","og_url":"https:\/\/www.metalschemicalsgroup.com\/pl\/kontakt\/","og_site_name":"Metals Chemicals Maastricht","article_modified_time":"2025-07-09T12:35:03+00:00","twitter_card":"summary_large_image","twitter_misc":{"Szacowany czas czytania":"1 minuta"},"schema":{"@context":"https:\/\/schema.org","@graph":[{"@type":"WebPage","@id":"https:\/\/www.metalschemicalsgroup.com\/contact\/","url":"https:\/\/www.metalschemicalsgroup.com\/contact\/","name":"Kontakt - Metale Chemiczne Maastricht","isPartOf":{"@id":"https:\/\/www.metalschemicalsgroup.com\/#website"},"datePublished":"2022-01-24T10:49:18+00:00","dateModified":"2025-07-09T12:35:03+00:00","description":"Chcesz dowiedzie\u0107 si\u0119 wi\u0119cej o nas, naszych produktach lub us\u0142ugach? A mo\u017ce maj\u0105 Pa\u0144stwo inne pytania? Prosimy o kontakt.","breadcrumb":{"@id":"https:\/\/www.metalschemicalsgroup.com\/contact\/#breadcrumb"},"inLanguage":"pl-PL","potentialAction":[{"@type":"ReadAction","target":["https:\/\/www.metalschemicalsgroup.com\/contact\/"]}]},{"@type":"BreadcrumbList","@id":"https:\/\/www.metalschemicalsgroup.com\/contact\/#breadcrumb","itemListElement":[{"@type":"ListItem","position":1,"name":"Home","item":"https:\/\/www.metalschemicalsgroup.com\/partner-in-zinc-lead-mining-chemicals\/"},{"@type":"ListItem","position":2,"name":"Contact"}]},{"@type":"WebSite","@id":"https:\/\/www.metalschemicalsgroup.com\/#website","url":"https:\/\/www.metalschemicalsgroup.com\/","name":"Metals Chemicals Maastricht","description":"Silny w cynk","potentialAction":[{"@type":"SearchAction","target":{"@type":"EntryPoint","urlTemplate":"https:\/\/www.metalschemicalsgroup.com\/?s={search_term_string}"},"query-input":{"@type":"PropertyValueSpecification","valueRequired":true,"valueName":"search_term_string"}}],"inLanguage":"pl-PL"}]}},"_links":{"self":[{"href":"https:\/\/www.metalschemicalsgroup.com\/pl\/wp-json\/wp\/v2\/pages\/95","targetHints":{"allow":["GET"]}}],"collection":[{"href":"https:\/\/www.metalschemicalsgroup.com\/pl\/wp-json\/wp\/v2\/pages"}],"about":[{"href":"https:\/\/www.metalschemicalsgroup.com\/pl\/wp-json\/wp\/v2\/types\/page"}],"author":[{"embeddable":true,"href":"https:\/\/www.metalschemicalsgroup.com\/pl\/wp-json\/wp\/v2\/users\/1"}],"replies":[{"embeddable":true,"href":"https:\/\/www.metalschemicalsgroup.com\/pl\/wp-json\/wp\/v2\/comments?post=95"}],"version-history":[{"count":44,"href":"https:\/\/www.metalschemicalsgroup.com\/pl\/wp-json\/wp\/v2\/pages\/95\/revisions"}],"predecessor-version":[{"id":1665,"href":"https:\/\/www.metalschemicalsgroup.com\/pl\/wp-json\/wp\/v2\/pages\/95\/revisions\/1665"}],"wp:attachment":[{"href":"https:\/\/www.metalschemicalsgroup.com\/pl\/wp-json\/wp\/v2\/media?parent=95"}],"curies":[{"name":"wp","href":"https:\/\/api.w.org\/{rel}","templated":true}]}}